{"id":11567,"date":"2022-03-16T15:23:31","date_gmt":"2022-03-16T14:23:31","guid":{"rendered":"https:\/\/serveiseducatius.xtec.cat\/noguera\/?page_id=11567"},"modified":"2022-04-24T09:09:56","modified_gmt":"2022-04-24T07:09:56","slug":"videos-premiats-8a-edicicio-2020-2021","status":"publish","type":"page","link":"https:\/\/serveiseducatius.xtec.cat\/noguera\/dinamica\/experiments\/videos-premiats\/videos-premiats-8a-edicicio-2020-2021\/","title":{"rendered":"V\u00eddeos premiats 8a edici\u00f3 (2020-2021)"},"content":{"rendered":"<p><a href=\"https:\/\/drive.google.com\/file\/d\/1IY9yGYlgot0iEYCGDYBu2xVL_T1rG5vl\/preview\" target=\"_blank\" rel=\"noopener\">Acta del Jurat del Concurs d&#8217;Experiments de Pel\u00b7l\u00edcula 2020-2021<\/a><\/p>\n<p><iframe loading=\"lazy\" src=\"https:\/\/docs.google.com\/presentation\/d\/e\/2PACX-1vSUyUMUyIfNrBn9g6QuNJ0dLB3YdfoEnQ4jXUEe5-VLYVgEAUVwAo_VpdjY2muSda-NBZGSmU3y58zB\/embed?start=false&amp;loop=false&amp;delayms=3000\" width=\"800\" height=\"479\" frameborder=\"0\" allowfullscreen=\"allowfullscreen\"><\/iframe><\/p>\n<p>Podeu veure tots els v\u00eddeos presentats a la <a href=\"https:\/\/www.youtube.com\/playlist?list=PL1OXA7LIxC6qgBf75ULSvXtV-S3Hl9itR\" target=\"_blank\" rel=\"noopener\"><strong>Llista de Reproducci\u00f3 del Canal Youtube del CRP de la Noguera<\/strong><\/a>.<\/p>\n<p>&nbsp;<\/p>\n","protected":false},"excerpt":{"rendered":"<p>Acta del Jurat del Concurs d&#8217;Experiments de Pel\u00b7l\u00edcula 2020-2021 Podeu veure tots els v\u00eddeos presentats a la Llista de Reproducci\u00f3 del Canal Youtube del CRP de la Noguera. &nbsp;<\/p>\n","protected":false},"author":1,"featured_media":0,"parent":11013,"menu_order":92,"comment_status":"closed","ping_status":"closed","template":"page-templates\/side-menu.php","meta":{"_bbp_topic_count":0,"_bbp_reply_count":0,"_bbp_total_topic_count":0,"_bbp_total_reply_count":0,"_bbp_voice_count":0,"_bbp_anonymous_reply_count":0,"_bbp_topic_count_hidden":0,"_bbp_reply_count_hidden":0,"_bbp_forum_subforum_count":0,"site-sidebar-layout":"default","site-content-layout":"","ast-site-content-layout":"","site-content-style":"default","site-sidebar-style":"default","ast-global-header-display":"","ast-banner-title-visibility":"","ast-main-header-display":"","ast-hfb-above-header-display":"","ast-hfb-below-header-display":"","ast-hfb-mobile-header-display":"","site-post-title":"","ast-breadcrumbs-content":"","ast-featured-img":"","footer-sml-layout":"","theme-transparent-header-meta":"","adv-header-id-meta":"","stick-header-meta":"","header-above-stick-meta":"","header-main-stick-meta":"","header-below-stick-meta":"","astra-migrate-meta-layouts":"default","ast-page-background-enabled":"default","ast-page-background-meta":{"desktop":{"background-color":"var(--ast-global-color-4)","background-image":"","background-repeat":"repeat","background-position":"center center","background-size":"auto","background-attachment":"scroll","background-type":"","background-media":"","overlay-type":"","overlay-color":"","overlay-opacity":"","overlay-gradient":""},"tablet":{"background-color":"","background-image":"","background-repeat":"repeat","background-position":"center center","background-size":"auto","background-attachment":"scroll","background-type":"","background-media":"","overlay-type":"","overlay-color":"","overlay-opacity":"","overlay-gradient":""},"mobile":{"background-color":"","background-image":"","background-repeat":"repeat","background-position":"center center","background-size":"auto","background-attachment":"scroll","background-type":"","background-media":"","overlay-type":"","overlay-color":"","overlay-opacity":"","overlay-gradient":""}},"ast-content-background-meta":{"desktop":{"background-color":"var(--ast-global-color-5)","background-image":"","background-repeat":"repeat","background-position":"center center","background-size":"auto","background-attachment":"scroll","background-type":"","background-media":"","overlay-type":"","overlay-color":"","overlay-opacity":"","overlay-gradient":""},"tablet":{"background-color":"var(--ast-global-color-5)","background-image":"","background-repeat":"repeat","background-position":"center center","background-size":"auto","background-attachment":"scroll","background-type":"","background-media":"","overlay-type":"","overlay-color":"","overlay-opacity":"","overlay-gradient":""},"mobile":{"background-color":"var(--ast-global-color-5)","background-image":"","background-repeat":"repeat","background-position":"center center","background-size":"auto","background-attachment":"scroll","background-type":"","background-media":"","overlay-type":"","overlay-color":"","overlay-opacity":"","overlay-gradient":""}},"footnotes":""},"class_list":["post-11567","page","type-page","status-publish","hentry"],"post_mailing_queue_ids":[],"_links":{"self":[{"href":"https:\/\/serveiseducatius.xtec.cat\/noguera\/wp-json\/wp\/v2\/pages\/11567","targetHints":{"allow":["GET"]}}],"collection":[{"href":"https:\/\/serveiseducatius.xtec.cat\/noguera\/wp-json\/wp\/v2\/pages"}],"about":[{"href":"https:\/\/serveiseducatius.xtec.cat\/noguera\/wp-json\/wp\/v2\/types\/page"}],"author":[{"embeddable":true,"href":"https:\/\/serveiseducatius.xtec.cat\/noguera\/wp-json\/wp\/v2\/users\/1"}],"replies":[{"embeddable":true,"href":"https:\/\/serveiseducatius.xtec.cat\/noguera\/wp-json\/wp\/v2\/comments?post=11567"}],"version-history":[{"count":3,"href":"https:\/\/serveiseducatius.xtec.cat\/noguera\/wp-json\/wp\/v2\/pages\/11567\/revisions"}],"predecessor-version":[{"id":11771,"href":"https:\/\/serveiseducatius.xtec.cat\/noguera\/wp-json\/wp\/v2\/pages\/11567\/revisions\/11771"}],"up":[{"embeddable":true,"href":"https:\/\/serveiseducatius.xtec.cat\/noguera\/wp-json\/wp\/v2\/pages\/11013"}],"wp:attachment":[{"href":"https:\/\/serveiseducatius.xtec.cat\/noguera\/wp-json\/wp\/v2\/media?parent=11567"}],"curies":[{"name":"wp","href":"https:\/\/api.w.org\/{rel}","templated":true}]}}