{"id":11534,"date":"2022-03-11T14:32:46","date_gmt":"2022-03-11T13:32:46","guid":{"rendered":"https:\/\/serveiseducatius.xtec.cat\/noguera\/?page_id=11534"},"modified":"2022-06-14T18:45:55","modified_gmt":"2022-06-14T16:45:55","slug":"recursos-i-models","status":"publish","type":"page","link":"https:\/\/serveiseducatius.xtec.cat\/noguera\/servei-comunitari\/recursos-i-models\/","title":{"rendered":"Recursos i models Aprenentatge Servei"},"content":{"rendered":"<h3>Propostes i recursos per a projectes basats en l&#8217;aprenentatge servei<\/h3>\n<p>&nbsp;<\/p>\n<table style=\"border-collapse: collapse; width: 100%; height: 582px;\">\n<tbody>\n<tr style=\"height: 157px;\">\n<td style=\"width: 18.3636%; height: 157px;\"><img loading=\"lazy\" decoding=\"async\" class=\"alignnone size-large\" src=\"https:\/\/www.miteco.gob.es\/es\/ceneam\/recursos\/materiales\/100-practicas-aprendizaje-servicio_tcm30-506567.png\" width=\"105\" height=\"131\" \/><\/td>\n<td style=\"width: 81.6364%; height: 157px;\"><a href=\"https:\/\/www.miteco.gob.es\/es\/ceneam\/recursos\/materiales\/100-buenas-practicas-aprendizaje-servicio.aspx\" target=\"_blank\" rel=\"noopener\"><strong>100 buenas pr\u00e1cticas de aprendizaje-servicio. Inventario de experiencias educativas con finalidad social<\/strong><\/a><\/p>\n<div><strong>Autores:<\/strong>\u00a0Roser Batlle y Esther Escoda (Coordinaci\u00f3n); M.\u00aa Jes\u00fas Cu\u00f1ado, Ana Garc\u00eda Laso, Domingo A. Mart\u00edn, Dolors Prats (Recopilaci\u00f3n)<\/div>\n<div><strong>Edita:\u00a0<\/strong>Santillana, 2019<\/div>\n<div><strong>Formato:<\/strong>\u00a0Papel y PDF &#8211;\u00a0<a href=\"https:\/\/redaps.files.wordpress.com\/2019\/12\/100-buenas-prc3a1cticas-de-aprendizaje-servicio-102342.pdf\" target=\"_blank\" rel=\"noopener\">Descargar<\/a><\/div>\n<div><strong>Idioma:<\/strong>\u00a0Espa\u00f1ol<\/div>\n<\/td>\n<\/tr>\n<tr style=\"height: 229px;\">\n<td style=\"width: 18.3636%; height: 229px;\"><img loading=\"lazy\" decoding=\"async\" class=\"alignnone \" src=\"https:\/\/blogs.iec.cat\/scp\/wp-content\/uploads\/sites\/13\/2021\/10\/unnamed-1-1-300x300.png\" width=\"300\" height=\"300\" \/><\/td>\n<td style=\"width: 81.6364%; height: 229px;\"><a href=\"https:\/\/blogs.iec.cat\/scp\/2021\/10\/20\/eina-per-al-diagnosi-del-treball-dels-ods-en-centres-educatius\/\" target=\"_blank\" rel=\"noopener\"><strong>Eina per al diagnosi del treball dels ODS en centres educatius<\/strong><\/a><\/p>\n<div>La Societat Catalana de Pedagogia de l\u2019Institut d\u2019Estudis Catalans dona suport al treball educatiu per assolir els Objectius de Desenvolupament sostenible de l\u2019Agenda 2030 de les Nacions Unides. El passat 22 de setembre 2021,\u00a0<a href=\"https:\/\/vedrunacatalunya.cat\/educacio\/#projecte-educatiu\" target=\"_blank\" rel=\"noopener\"><u>la\u00a0<\/u><u>Xarxa d\u2019escoles Vedrunes<\/u><\/a> va presentar a la Junta de la SCP-IEC la seva\u00a0EINA PER LA DIAGNOSI DEL TREBALL DELS ODS EN CENTRES EDUCATIUS,\u00a0que posen generosament a disposici\u00f3 de totes les escoles que la vulguin utilitzar.<\/div>\n<div>Amb aquesta eina, des de la SCP-IEC\u00a0iniciem un\u00a0<a href=\"https:\/\/blogs.iec.cat\/scp\/lagenda-2030-i-els-ods\/\"><i><u>espai de formaci\u00f3 i reflexi\u00f3 sobre els ODS<\/u><\/i>\u00a0<\/a>amb diverses iniciatives pedag\u00f2giques\u00a0realitzades als pa\u00efsos catalans.<\/div>\n<div><\/div>\n<div><a href=\"https:\/\/sites.google.com\/xtec.cat\/ods-centres\/formulari\" target=\"_blank\" rel=\"noopener\"><u>[+]\u00a0<\/u><u>Visiteu el Formulari d\u2019Avaluaci\u00f3\u00a0<\/u><\/a><\/div>\n<div>\n<div><a href=\"https:\/\/sites.google.com\/xtec.cat\/ods-centres\/materials?authuser=0\" target=\"_blank\" rel=\"noopener\"><span class=\"gmail_default\"><u>[+] Visiteu els documents d\u2019orientaci\u00f3<\/u><\/span><\/a><\/div>\n<div><a href=\"https:\/\/sites.google.com\/xtec.cat\/ods-centres\/pautes-per-a-la-reflexi%C3%B3\" target=\"_blank\" rel=\"noopener\"><u>[+] Visiteu els documents\u00a0de reflexi\u00f3<\/u><\/a><\/div>\n<\/div>\n<\/td>\n<\/tr>\n<tr style=\"height: 107px;\">\n<td style=\"width: 18.3636%; height: 107px;\"><a href=\"https:\/\/serveiseducatius.xtec.cat\/noguera\/wp-content\/uploads\/usu1149\/2022\/06\/SC-ODS.jpg\"><img loading=\"lazy\" decoding=\"async\" class=\"aligncenter wp-image-11915 size-full\" src=\"https:\/\/serveiseducatius.xtec.cat\/noguera\/wp-content\/uploads\/usu1149\/2022\/06\/SC-ODS.jpg\" alt=\"\" width=\"768\" height=\"431\" srcset=\"https:\/\/serveiseducatius.xtec.cat\/noguera\/wp-content\/uploads\/usu1149\/2022\/06\/SC-ODS.jpg 768w, https:\/\/serveiseducatius.xtec.cat\/noguera\/wp-content\/uploads\/usu1149\/2022\/06\/SC-ODS-300x168.jpg 300w\" sizes=\"auto, (max-width: 768px) 100vw, 768px\" \/><\/a><\/td>\n<td style=\"width: 81.6364%; height: 107px;\"><a href=\"https:\/\/blocs.xtec.cat\/implicatsecundaria\/2022\/05\/17\/servei-comunitari-i-ods\/\" target=\"_blank\" rel=\"noopener\"><strong>Propostes did\u00e0ctiques per treballar els ODS en el marc del SC i l&#8217;ApS<\/strong><\/a><\/p>\n<div><span style=\"font-family: inherit;\">Sessi\u00f3 de formaci\u00f3 de Servei Comunitari a c\u00e0rrec de M. del Mar Lluelles. Coordinadora del <a href=\"https:\/\/blocs.xtec.cat\/implicatsecundaria\/\" target=\"_blank\" rel=\"noopener\"><strong>Projecte Implica&#8217;t+<\/strong><\/a><\/span><span style=\"font-family: inherit; font-size: 0.875em;\">.<\/span><\/div>\n<\/td>\n<\/tr>\n<tr style=\"height: 89px;\">\n<td style=\"width: 18.3636%; height: 89px; text-align: center;\"><a href=\"https:\/\/projectes.xtec.cat\/pee\/materials-formacions-sc\/\" target=\"_blank\" rel=\"noopener\"><img loading=\"lazy\" decoding=\"async\" class=\"aligncenter size-large wp-image-11993\" src=\"https:\/\/serveiseducatius.xtec.cat\/noguera\/wp-content\/uploads\/usu1149\/2022\/06\/Servei-Comunitari_2022_page-0001-527x1024.jpg\" alt=\"\" width=\"527\" height=\"1024\" srcset=\"https:\/\/serveiseducatius.xtec.cat\/noguera\/wp-content\/uploads\/usu1149\/2022\/06\/Servei-Comunitari_2022_page-0001-527x1024.jpg 527w, https:\/\/serveiseducatius.xtec.cat\/noguera\/wp-content\/uploads\/usu1149\/2022\/06\/Servei-Comunitari_2022_page-0001-154x300.jpg 154w, https:\/\/serveiseducatius.xtec.cat\/noguera\/wp-content\/uploads\/usu1149\/2022\/06\/Servei-Comunitari_2022_page-0001-768x1493.jpg 768w, https:\/\/serveiseducatius.xtec.cat\/noguera\/wp-content\/uploads\/usu1149\/2022\/06\/Servei-Comunitari_2022_page-0001-790x1536.jpg 790w, https:\/\/serveiseducatius.xtec.cat\/noguera\/wp-content\/uploads\/usu1149\/2022\/06\/Servei-Comunitari_2022_page-0001-1053x2048.jpg 1053w, https:\/\/serveiseducatius.xtec.cat\/noguera\/wp-content\/uploads\/usu1149\/2022\/06\/Servei-Comunitari_2022_page-0001.jpg 1063w\" sizes=\"auto, (max-width: 527px) 100vw, 527px\" \/><\/a><\/td>\n<td style=\"width: 81.6364%; height: 89px;\"><a href=\"https:\/\/projectes.xtec.cat\/pee\/materials-formacions-sc\/\" target=\"_blank\" rel=\"noopener\"><strong>Formaci\u00f3 de Servei Comunitari 2022-2023<\/strong><\/a><br \/>\n<a href=\"https:\/\/blocs.xtec.cat\/implicatsecundaria\/2022\/05\/17\/servei-comunitari-i-ods\/\" target=\"_blank\" rel=\"noopener\"><strong>Cicle de confer\u00e8ncies en l\u00ednia<\/strong><\/a><\/p>\n<p>Sessi\u00f3 1. Servei comunitari en el nou curr\u00edculum de secund\u00e0ria<br \/>\nSessi\u00f3 2. Constru\u00efm comunitats emocionalment saludables<br \/>\nSessi\u00f3 3. La veu de l\u2019alumnat en els projectes de Servei comunitari<br \/>\nSessi\u00f3 4. Servei comunitari i Objectius de desenvolupament sostenible<br \/>\nSessi\u00f3 5. Opcions d\u2019organitzaci\u00f3 de Servei comunitari al centre<br \/>\nSessi\u00f3 6. Impuls del SC en l&#8217;\u00e0mbit local<\/td>\n<\/tr>\n<\/tbody>\n<\/table>\n","protected":false},"excerpt":{"rendered":"<p>Propostes i recursos per a projectes basats en l&#8217;aprenentatge servei &nbsp; 100 buenas pr\u00e1cticas de aprendizaje-servicio. Inventario de experiencias educativas con finalidad social Autores:\u00a0Roser Batlle y Esther Escoda (Coordinaci\u00f3n); M.\u00aa Jes\u00fas Cu\u00f1ado, Ana Garc\u00eda Laso, Domingo A. Mart\u00edn, Dolors Prats (Recopilaci\u00f3n) Edita:\u00a0Santillana, 2019 Formato:\u00a0Papel y PDF &#8211;\u00a0Descargar Idioma:\u00a0Espa\u00f1ol Eina per al diagnosi del treball dels [&hellip;]<\/p>\n","protected":false},"author":1,"featured_media":0,"parent":8095,"menu_order":40,"comment_status":"closed","ping_status":"closed","template":"page-templates\/side-menu.php","meta":{"_bbp_topic_count":0,"_bbp_reply_count":0,"_bbp_total_topic_count":0,"_bbp_total_reply_count":0,"_bbp_voice_count":0,"_bbp_anonymous_reply_count":0,"_bbp_topic_count_hidden":0,"_bbp_reply_count_hidden":0,"_bbp_forum_subforum_count":0,"site-sidebar-layout":"default","site-content-layout":"","ast-site-content-layout":"","site-content-style":"default","site-sidebar-style":"default","ast-global-header-display":"","ast-banner-title-visibility":"","ast-main-header-display":"","ast-hfb-above-header-display":"","ast-hfb-below-header-display":"","ast-hfb-mobile-header-display":"","site-post-title":"","ast-breadcrumbs-content":"","ast-featured-img":"","footer-sml-layout":"","theme-transparent-header-meta":"","adv-header-id-meta":"","stick-header-meta":"","header-above-stick-meta":"","header-main-stick-meta":"","header-below-stick-meta":"","astra-migrate-meta-layouts":"default","ast-page-background-enabled":"default","ast-page-background-meta":{"desktop":{"background-color":"var(--ast-global-color-4)","background-image":"","background-repeat":"repeat","background-position":"center center","background-size":"auto","background-attachment":"scroll","background-type":"","background-media":"","overlay-type":"","overlay-color":"","overlay-opacity":"","overlay-gradient":""},"tablet":{"background-color":"","background-image":"","background-repeat":"repeat","background-position":"center center","background-size":"auto","background-attachment":"scroll","background-type":"","background-media":"","overlay-type":"","overlay-color":"","overlay-opacity":"","overlay-gradient":""},"mobile":{"background-color":"","background-image":"","background-repeat":"repeat","background-position":"center center","background-size":"auto","background-attachment":"scroll","background-type":"","background-media":"","overlay-type":"","overlay-color":"","overlay-opacity":"","overlay-gradient":""}},"ast-content-background-meta":{"desktop":{"background-color":"var(--ast-global-color-5)","background-image":"","background-repeat":"repeat","background-position":"center center","background-size":"auto","background-attachment":"scroll","background-type":"","background-media":"","overlay-type":"","overlay-color":"","overlay-opacity":"","overlay-gradient":""},"tablet":{"background-color":"var(--ast-global-color-5)","background-image":"","background-repeat":"repeat","background-position":"center center","background-size":"auto","background-attachment":"scroll","background-type":"","background-media":"","overlay-type":"","overlay-color":"","overlay-opacity":"","overlay-gradient":""},"mobile":{"background-color":"var(--ast-global-color-5)","background-image":"","background-repeat":"repeat","background-position":"center center","background-size":"auto","background-attachment":"scroll","background-type":"","background-media":"","overlay-type":"","overlay-color":"","overlay-opacity":"","overlay-gradient":""}},"footnotes":""},"class_list":["post-11534","page","type-page","status-publish","hentry"],"post_mailing_queue_ids":[],"_links":{"self":[{"href":"https:\/\/serveiseducatius.xtec.cat\/noguera\/wp-json\/wp\/v2\/pages\/11534","targetHints":{"allow":["GET"]}}],"collection":[{"href":"https:\/\/serveiseducatius.xtec.cat\/noguera\/wp-json\/wp\/v2\/pages"}],"about":[{"href":"https:\/\/serveiseducatius.xtec.cat\/noguera\/wp-json\/wp\/v2\/types\/page"}],"author":[{"embeddable":true,"href":"https:\/\/serveiseducatius.xtec.cat\/noguera\/wp-json\/wp\/v2\/users\/1"}],"replies":[{"embeddable":true,"href":"https:\/\/serveiseducatius.xtec.cat\/noguera\/wp-json\/wp\/v2\/comments?post=11534"}],"version-history":[{"count":3,"href":"https:\/\/serveiseducatius.xtec.cat\/noguera\/wp-json\/wp\/v2\/pages\/11534\/revisions"}],"predecessor-version":[{"id":11996,"href":"https:\/\/serveiseducatius.xtec.cat\/noguera\/wp-json\/wp\/v2\/pages\/11534\/revisions\/11996"}],"up":[{"embeddable":true,"href":"https:\/\/serveiseducatius.xtec.cat\/noguera\/wp-json\/wp\/v2\/pages\/8095"}],"wp:attachment":[{"href":"https:\/\/serveiseducatius.xtec.cat\/noguera\/wp-json\/wp\/v2\/media?parent=11534"}],"curies":[{"name":"wp","href":"https:\/\/api.w.org\/{rel}","templated":true}]}}