{"id":11013,"date":"2021-10-25T10:51:26","date_gmt":"2021-10-25T08:51:26","guid":{"rendered":"https:\/\/serveiseducatius.xtec.cat\/noguera\/?page_id=11013"},"modified":"2022-04-25T17:55:00","modified_gmt":"2022-04-25T15:55:00","slug":"videos-premiats","status":"publish","type":"page","link":"https:\/\/serveiseducatius.xtec.cat\/noguera\/dinamica\/experiments\/videos-premiats\/","title":{"rendered":"V\u00eddeos premiats"},"content":{"rendered":"<p><img loading=\"lazy\" decoding=\"async\" class=\"wp-image-488 aligncenter\" src=\"https:\/\/serveiseducatius.xtec.cat\/noguera\/wp-content\/uploads\/usu1149\/2020\/03\/cinta-experiments.png\" alt=\"\" width=\"749\" height=\"301\" \/><\/p>\n<p>&nbsp;<\/p>\n<p style=\"text-align: center;\">Benvinguts a la <strong>Galeria de v\u00eddeos guanyadors d&#8217;Experiments de pel\u00b7l\u00edcula:\u00a0<\/strong><\/p>\n<table class=\" aligncenter\" style=\"width: 26.7681%;\">\n<tbody>\n<tr>\n<td style=\"width: 100%;\">\n<p style=\"text-align: right;\"><a style=\"font-family: inherit; font-size: 0.875em; color: #2795b6;\" href=\"https:\/\/serveiseducatius.xtec.cat\/noguera\/experiments\/videos-premiats\/videos-premiats-9a-edicio-2021-2022\/\" target=\"_blank\" rel=\"noopener noreferrer\"><img loading=\"lazy\" decoding=\"async\" class=\"alignleft\" src=\"https:\/\/cdn.pixabay.com\/photo\/2013\/07\/13\/09\/36\/test-tubes-155769_960_720.png\" alt=\"Tubos De Ensayo, Reactivos, Qu\u00edmica, Experimentar\" width=\"71\" height=\"59\" \/><\/a><a title=\"V\u00eddeos premiats 9a edici\u00f3 (2021-2022)\" href=\"https:\/\/serveiseducatius.xtec.cat\/noguera\/experiments\/videos-premiats\/videos-premiats-9a-edicio-2021-2022\/\">V\u00eddeos premiats 9a edici\u00f3 <\/a><\/p>\n<p style=\"text-align: right;\"><a title=\"V\u00eddeos premiats 9a edici\u00f3 (2021-2022)\" href=\"https:\/\/serveiseducatius.xtec.cat\/noguera\/experiments\/videos-premiats\/videos-premiats-9a-edicio-2021-2022\/\">(2021-2022)<\/a><\/p>\n<\/td>\n<\/tr>\n<tr>\n<td style=\"width: 100%; text-align: right;\"><a href=\"https:\/\/serveiseducatius.xtec.cat\/noguera\/experiments\/videos-premiats\/videos-premiats-8a-edicicio-2020-2021\/\" target=\"_blank\" rel=\"noopener noreferrer\"><img loading=\"lazy\" decoding=\"async\" class=\"alignleft\" src=\"https:\/\/cdn.pixabay.com\/photo\/2020\/05\/01\/18\/59\/magnify-5118694_960_720.png\" alt=\"Aumentar, Lupa, Investigaci\u00f3n, Investigar\" width=\"66\" height=\"66\" \/><\/a><a title=\"V\u00eddeos premiats 8a edici\u00f3 (2020-2021)\" href=\"https:\/\/serveiseducatius.xtec.cat\/noguera\/experiments\/videos-premiats\/videos-premiats-8a-edicicio-2020-2021\/\">V\u00eddeos premiats 8a edici\u00f3 <\/a><\/p>\n<p><a title=\"V\u00eddeos premiats 8a edici\u00f3 (2020-2021)\" href=\"https:\/\/serveiseducatius.xtec.cat\/noguera\/experiments\/videos-premiats\/videos-premiats-8a-edicicio-2020-2021\/\">(2020-2021)<\/a><a href=\"https:\/\/serveiseducatius.xtec.cat\/noguera\/experiments\/videos-premiats\/videos-premiats-8a-edicicio-2020-2021\/\" target=\"_blank\" rel=\"noopener noreferrer\"><br \/>\n<\/a><\/td>\n<\/tr>\n<tr>\n<td style=\"width: 100%; text-align: right;\"><img loading=\"lazy\" decoding=\"async\" class=\"wp-image-511 alignleft\" src=\"https:\/\/serveiseducatius.xtec.cat\/noguera\/wp-content\/uploads\/usu1149\/2020\/03\/1920.png\" alt=\"\" width=\"66\" height=\"70\" srcset=\"https:\/\/serveiseducatius.xtec.cat\/noguera\/wp-content\/uploads\/usu1149\/2020\/03\/1920.png 363w, https:\/\/serveiseducatius.xtec.cat\/noguera\/wp-content\/uploads\/usu1149\/2020\/03\/1920-283x300.png 283w\" sizes=\"auto, (max-width: 66px) 100vw, 66px\" \/><a title=\"V\u00eddeos premiats 7a edici\u00f3 (2019-2020)\" href=\"https:\/\/serveiseducatius.xtec.cat\/noguera\/experiments\/videos-premiats\/7aedicio\/\">V\u00eddeos premiats 7a edici\u00f3 <\/a><\/p>\n<p><a title=\"V\u00eddeos premiats 7a edici\u00f3 (2019-2020)\" href=\"https:\/\/serveiseducatius.xtec.cat\/noguera\/experiments\/videos-premiats\/7aedicio\/\">(2019-2020)<\/a><\/td>\n<\/tr>\n<tr>\n<td style=\"width: 100%; text-align: right;\"><img loading=\"lazy\" decoding=\"async\" class=\" alignleft\" src=\"https:\/\/upload.wikimedia.org\/wikipedia\/commons\/thumb\/7\/75\/Science-symbol-2.svg\/1024px-Science-symbol-2.svg.png\" width=\"70\" height=\"70\" \/><a title=\"V\u00eddeos premiats 6a edici\u00f3 (2018-2019)\" href=\"https:\/\/serveiseducatius.xtec.cat\/noguera\/experiments\/videos-premiats\/videos-premiats-en-la-6a-edicicio-2018-2019\/\">V\u00eddeos premiats 6a edici\u00f3 <\/a><\/p>\n<p><a title=\"V\u00eddeos premiats 6a edici\u00f3 (2018-2019)\" href=\"https:\/\/serveiseducatius.xtec.cat\/noguera\/experiments\/videos-premiats\/videos-premiats-en-la-6a-edicicio-2018-2019\/\">(2018-2019)<\/a><\/td>\n<\/tr>\n<tr>\n<td style=\"width: 100%; text-align: right;\"><img loading=\"lazy\" decoding=\"async\" class=\"alignleft\" src=\"https:\/\/upload.wikimedia.org\/wikipedia\/commons\/2\/25\/Niacin-3D-balls.png\" width=\"76\" height=\"52\" \/> <a title=\"V\u00eddeos premiats 5a edici\u00f3 (2017-2018)\" href=\"https:\/\/serveiseducatius.xtec.cat\/noguera\/experiments\/videos-premiats\/videos-premiats-en-la-5a-edicio-2017-2018\/\">V\u00eddeos premiats 5a edici\u00f3 <\/a><\/p>\n<p><a title=\"V\u00eddeos premiats 5a edici\u00f3 (2017-2018)\" href=\"https:\/\/serveiseducatius.xtec.cat\/noguera\/experiments\/videos-premiats\/videos-premiats-en-la-5a-edicio-2017-2018\/\">(2017-2018)<\/a><\/td>\n<\/tr>\n<tr>\n<td style=\"width: 100%; text-align: right;\"><img loading=\"lazy\" decoding=\"async\" class=\"alignleft\" src=\"https:\/\/iconbug.com\/download\/size\/256\/icon\/101\/glass-beaker\/\" width=\"70\" height=\"70\" \/> <a title=\"V\u00eddeos premiats 4a edici\u00f3 (2016-2017)\" href=\"https:\/\/serveiseducatius.xtec.cat\/noguera\/experiments\/videos-premiats\/videos-premiats-en-la-4a-edicio-2016-2017\/\">V\u00eddeos premiats 4a edici\u00f3 <\/a><\/p>\n<p><a title=\"V\u00eddeos premiats 4a edici\u00f3 (2016-2017)\" href=\"https:\/\/serveiseducatius.xtec.cat\/noguera\/experiments\/videos-premiats\/videos-premiats-en-la-4a-edicio-2016-2017\/\">(2016-2017)<\/a><\/td>\n<\/tr>\n<tr>\n<td style=\"width: 100%; text-align: right;\"><img loading=\"lazy\" decoding=\"async\" class=\"alignleft\" src=\"https:\/\/freesvg.org\/img\/1396346292.png\" width=\"50\" height=\"70\" \/><a title=\"V\u00eddeos premiats 3a edici\u00f3 (2015-2016)\" href=\"https:\/\/serveiseducatius.xtec.cat\/noguera\/experiments\/videos-premiats\/videos-premiats-3a-edicio-2015-2016\/\">V\u00eddeos premiats 3a edici\u00f3 <\/a><\/p>\n<p><a title=\"V\u00eddeos premiats 3a edici\u00f3 (2015-2016)\" href=\"https:\/\/serveiseducatius.xtec.cat\/noguera\/experiments\/videos-premiats\/videos-premiats-3a-edicio-2015-2016\/\">(2015-2016)<\/a><\/td>\n<\/tr>\n<tr>\n<td style=\"text-align: right; width: 100%;\"><img loading=\"lazy\" decoding=\"async\" class=\" alignleft\" src=\"https:\/\/cdn.pixabay.com\/photo\/2013\/07\/13\/13\/35\/chemistry-161145_960_720.png\" width=\"56\" height=\"70\" \/> <a title=\"V\u00eddeos premiats 2a edici\u00f3 (2014-2015)\" href=\"https:\/\/serveiseducatius.xtec.cat\/noguera\/experiments\/videos-premiats\/videos-premiats-2a-edicio-2014-2015\/\">V\u00eddeos premiats 2a edici\u00f3<\/a><\/p>\n<p><a title=\"V\u00eddeos premiats 2a edici\u00f3 (2014-2015)\" href=\"https:\/\/serveiseducatius.xtec.cat\/noguera\/experiments\/videos-premiats\/videos-premiats-2a-edicio-2014-2015\/\"> (2014-2015)<\/a><\/td>\n<\/tr>\n<tr>\n<td style=\"width: 100%;\">\n<p style=\"text-align: right;\">\u00a0<img loading=\"lazy\" decoding=\"async\" class=\"alignleft\" src=\"https:\/\/cdn.pixabay.com\/photo\/2014\/04\/03\/10\/07\/beakers-309864_960_720.png\" width=\"70\" height=\"74\" \/><a style=\"font-family: inherit; font-size: 1em;\" title=\"V\u00eddeos premiats 1a edici\u00f3 (2013-2014)\" href=\"https:\/\/serveiseducatius.xtec.cat\/noguera\/experiments\/videos-premiats\/videos-premiats-de-la-1a-edicio-del-concurs-2013-2014\/\">V\u00eddeos premiats 1a edici\u00f3 <\/a><\/p>\n<p style=\"text-align: right;\"><a style=\"font-family: inherit; font-size: 1em;\" title=\"V\u00eddeos premiats 1a edici\u00f3 (2013-2014)\" href=\"https:\/\/serveiseducatius.xtec.cat\/noguera\/experiments\/videos-premiats\/videos-premiats-de-la-1a-edicio-del-concurs-2013-2014\/\">(2013-2014)<\/a><\/p>\n<\/td>\n<\/tr>\n<\/tbody>\n<\/table>\n<p>&nbsp;<\/p>\n","protected":false},"excerpt":{"rendered":"<p>&nbsp; Benvinguts a la Galeria de v\u00eddeos guanyadors d&#8217;Experiments de pel\u00b7l\u00edcula:\u00a0 V\u00eddeos premiats 9a edici\u00f3 (2021-2022) V\u00eddeos premiats 8a edici\u00f3 (2020-2021) V\u00eddeos premiats 7a edici\u00f3 (2019-2020) V\u00eddeos premiats 6a edici\u00f3 (2018-2019) V\u00eddeos premiats 5a edici\u00f3 (2017-2018) V\u00eddeos premiats 4a edici\u00f3 (2016-2017) V\u00eddeos premiats 3a edici\u00f3 (2015-2016) V\u00eddeos premiats 2a edici\u00f3 (2014-2015) \u00a0V\u00eddeos premiats 1a edici\u00f3 [&hellip;]<\/p>\n","protected":false},"author":1,"featured_media":0,"parent":10974,"menu_order":50,"comment_status":"closed","ping_status":"closed","template":"page-templates\/side-menu.php","meta":{"_bbp_topic_count":0,"_bbp_reply_count":0,"_bbp_total_topic_count":0,"_bbp_total_reply_count":0,"_bbp_voice_count":0,"_bbp_anonymous_reply_count":0,"_bbp_topic_count_hidden":0,"_bbp_reply_count_hidden":0,"_bbp_forum_subforum_count":0,"site-sidebar-layout":"default","site-content-layout":"","ast-site-content-layout":"","site-content-style":"default","site-sidebar-style":"default","ast-global-header-display":"","ast-banner-title-visibility":"","ast-main-header-display":"","ast-hfb-above-header-display":"","ast-hfb-below-header-display":"","ast-hfb-mobile-header-display":"","site-post-title":"","ast-breadcrumbs-content":"","ast-featured-img":"","footer-sml-layout":"","theme-transparent-header-meta":"","adv-header-id-meta":"","stick-header-meta":"","header-above-stick-meta":"","header-main-stick-meta":"","header-below-stick-meta":"","astra-migrate-meta-layouts":"default","ast-page-background-enabled":"default","ast-page-background-meta":{"desktop":{"background-color":"var(--ast-global-color-4)","background-image":"","background-repeat":"repeat","background-position":"center center","background-size":"auto","background-attachment":"scroll","background-type":"","background-media":"","overlay-type":"","overlay-color":"","overlay-opacity":"","overlay-gradient":""},"tablet":{"background-color":"","background-image":"","background-repeat":"repeat","background-position":"center center","background-size":"auto","background-attachment":"scroll","background-type":"","background-media":"","overlay-type":"","overlay-color":"","overlay-opacity":"","overlay-gradient":""},"mobile":{"background-color":"","background-image":"","background-repeat":"repeat","background-position":"center center","background-size":"auto","background-attachment":"scroll","background-type":"","background-media":"","overlay-type":"","overlay-color":"","overlay-opacity":"","overlay-gradient":""}},"ast-content-background-meta":{"desktop":{"background-color":"var(--ast-global-color-5)","background-image":"","background-repeat":"repeat","background-position":"center center","background-size":"auto","background-attachment":"scroll","background-type":"","background-media":"","overlay-type":"","overlay-color":"","overlay-opacity":"","overlay-gradient":""},"tablet":{"background-color":"var(--ast-global-color-5)","background-image":"","background-repeat":"repeat","background-position":"center center","background-size":"auto","background-attachment":"scroll","background-type":"","background-media":"","overlay-type":"","overlay-color":"","overlay-opacity":"","overlay-gradient":""},"mobile":{"background-color":"var(--ast-global-color-5)","background-image":"","background-repeat":"repeat","background-position":"center center","background-size":"auto","background-attachment":"scroll","background-type":"","background-media":"","overlay-type":"","overlay-color":"","overlay-opacity":"","overlay-gradient":""}},"footnotes":""},"class_list":["post-11013","page","type-page","status-publish","hentry"],"post_mailing_queue_ids":[],"_links":{"self":[{"href":"https:\/\/serveiseducatius.xtec.cat\/noguera\/wp-json\/wp\/v2\/pages\/11013","targetHints":{"allow":["GET"]}}],"collection":[{"href":"https:\/\/serveiseducatius.xtec.cat\/noguera\/wp-json\/wp\/v2\/pages"}],"about":[{"href":"https:\/\/serveiseducatius.xtec.cat\/noguera\/wp-json\/wp\/v2\/types\/page"}],"author":[{"embeddable":true,"href":"https:\/\/serveiseducatius.xtec.cat\/noguera\/wp-json\/wp\/v2\/users\/1"}],"replies":[{"embeddable":true,"href":"https:\/\/serveiseducatius.xtec.cat\/noguera\/wp-json\/wp\/v2\/comments?post=11013"}],"version-history":[{"count":3,"href":"https:\/\/serveiseducatius.xtec.cat\/noguera\/wp-json\/wp\/v2\/pages\/11013\/revisions"}],"predecessor-version":[{"id":11792,"href":"https:\/\/serveiseducatius.xtec.cat\/noguera\/wp-json\/wp\/v2\/pages\/11013\/revisions\/11792"}],"up":[{"embeddable":true,"href":"https:\/\/serveiseducatius.xtec.cat\/noguera\/wp-json\/wp\/v2\/pages\/10974"}],"wp:attachment":[{"href":"https:\/\/serveiseducatius.xtec.cat\/noguera\/wp-json\/wp\/v2\/media?parent=11013"}],"curies":[{"name":"wp","href":"https:\/\/api.w.org\/{rel}","templated":true}]}}