{"id":10974,"date":"2021-10-25T10:23:10","date_gmt":"2021-10-25T08:23:10","guid":{"rendered":"http:\/\/blocs.xtec.cat\/experimentsdepelicula\/?page_id=13"},"modified":"2026-01-22T10:30:58","modified_gmt":"2026-01-22T09:30:58","slug":"experiments","status":"publish","type":"page","link":"https:\/\/serveiseducatius.xtec.cat\/noguera\/dinamica\/experiments\/","title":{"rendered":"Experiments de pel\u00b7l\u00edcula"},"content":{"rendered":"<p><img loading=\"lazy\" decoding=\"async\" class=\"wp-image-15283 aligncenter\" src=\"https:\/\/serveiseducatius.xtec.cat\/noguera\/wp-content\/uploads\/usu1149\/2025\/10\/capcalera_experiments.png\" alt=\"\" width=\"1327\" height=\"415\" srcset=\"https:\/\/serveiseducatius.xtec.cat\/noguera\/wp-content\/uploads\/usu1149\/2025\/10\/capcalera_experiments.png 1920w, https:\/\/serveiseducatius.xtec.cat\/noguera\/wp-content\/uploads\/usu1149\/2025\/10\/capcalera_experiments-300x94.png 300w, https:\/\/serveiseducatius.xtec.cat\/noguera\/wp-content\/uploads\/usu1149\/2025\/10\/capcalera_experiments-1024x320.png 1024w, https:\/\/serveiseducatius.xtec.cat\/noguera\/wp-content\/uploads\/usu1149\/2025\/10\/capcalera_experiments-768x240.png 768w, https:\/\/serveiseducatius.xtec.cat\/noguera\/wp-content\/uploads\/usu1149\/2025\/10\/capcalera_experiments-1536x480.png 1536w\" sizes=\"auto, (max-width: 1327px) 100vw, 1327px\" \/><\/p>\n<h2 style=\"text-align: center;\"><\/h2>\n<h2 style=\"text-align: center;\"><span style=\"color: #0000ff;\"><em><strong>XIII edici\u00f3 del concurs &#8211; Curs 2025-2026<\/strong><\/em><\/span><\/h2>\n<p style=\"text-align: justify;\">En el marc de la promoci\u00f3 i difusi\u00f3 de les activitats <strong>STEAM<\/strong>\u00a0(<em>Science, Technology, Engineering, Arts and Maths<\/em>) dels centres educatius de la Noguera engeguem la 13a edici\u00f3 del concurs.<\/p>\n<p>Volem fer \u00e8mfasi en la <strong>import\u00e0ncia de cercar experiments in\u00e8dits i que donin resposta a situacions d&#8217;aprenentatge de l&#8217;aula i<\/strong> aportant noves idees. \u00c9s necessari evitar aquells experiments que apareixen peri\u00f2dicament en les diferents edicions del concurs. Recordeu que al men\u00fa de la banda esquerra podeu consultar l&#8217;arxiu de les edicions anteriors.<\/p>\n<p><strong>Dates clau: (pendents de confirmaci\u00f3)<\/strong><\/p>\n<ul>\n<li><strong>10 d\u2019abril de 2026<\/strong>: Data l\u00edmit d\u2019inscripci\u00f3 i tramesa de v\u00eddeos.<\/li>\n<li><strong>13 de maig de 2026: <\/strong>Entrega de premis. A les 17:30 h a la Sala d&#8217;actes de la Paeria de Balaguer.<\/li>\n<li><strong>14 de maig de 2026:<\/strong> Fira &#8220;Ci\u00e8ncia al Mercadal&#8221; a Balaguer.<\/li>\n<\/ul>\n<p>\u27a1 <a href=\"https:\/\/drive.google.com\/file\/d\/17j4QpzYCNHBznPd9s2lREdK-be4y0Lvl\/view?usp=sharing\"><strong>Bases concurs 2025-26<\/strong><\/a><\/p>\n<p><strong>\u27a1 <a href=\"https:\/\/forms.gle\/HTJEFJw33cTmBNXW9\">Formulari d&#8217;inscripci\u00f3\u00a0<\/a><\/strong><\/p>\n<p><strong>\u27a1 <a href=\"https:\/\/forms.gle\/aBLRjEy718uan6Ss5\">Formulari de tramesa de v\u00eddeos<\/a><\/strong><\/p>\n<p><strong>\u27a1 <a href=\"https:\/\/drive.google.com\/open?id=1yo4wIk1F7Kh9FwUlJfDkvkZmSnNHe7VU\" target=\"_blank\" rel=\"noopener\">Fitxa de l&#8217;experiment<\/a><\/strong><\/p>\n<p>Recordeu que totes les experi\u00e8ncies han de seguir el <em><strong>m\u00e8tode cient\u00edfic<\/strong><\/em>. Us deixem <a href=\"https:\/\/youtu.be\/dGnd9vF_s2A\">una presentaci\u00f3 de la Universitat de Barcelona<\/a> que ho explica de forma divertida perqu\u00e8 ho pugueu compartir amb els vostres alumnes.<\/p>\n<p><iframe loading=\"lazy\" title=\"Ciencia Animada. Episodio 1. El M\u00e9todo Cient\u00edfico\" src=\"https:\/\/www.youtube.com\/embed\/dGnd9vF_s2A\" width=\"800\" height=\"550\" frameborder=\"0\" allowfullscreen=\"allowfullscreen\"><\/iframe><\/p>\n","protected":false},"excerpt":{"rendered":"<p>XIII edici\u00f3 del concurs &#8211; Curs 2025-2026 En el marc de la promoci\u00f3 i difusi\u00f3 de les activitats STEAM\u00a0(Science, Technology, Engineering, Arts and Maths) dels centres educatius de la Noguera engeguem la 13a edici\u00f3 del concurs. Volem fer \u00e8mfasi en la import\u00e0ncia de cercar experiments in\u00e8dits i que donin resposta a situacions d&#8217;aprenentatge de l&#8217;aula [&hellip;]<\/p>\n","protected":false},"author":1,"featured_media":0,"parent":15205,"menu_order":10,"comment_status":"closed","ping_status":"open","template":"","meta":{"_bbp_topic_count":0,"_bbp_reply_count":0,"_bbp_total_topic_count":0,"_bbp_total_reply_count":0,"_bbp_voice_count":0,"_bbp_anonymous_reply_count":0,"_bbp_topic_count_hidden":0,"_bbp_reply_count_hidden":0,"_bbp_forum_subforum_count":0,"site-sidebar-layout":"default","site-content-layout":"","ast-site-content-layout":"default","site-content-style":"default","site-sidebar-style":"default","ast-global-header-display":"","ast-banner-title-visibility":"","ast-main-header-display":"","ast-hfb-above-header-display":"","ast-hfb-below-header-display":"","ast-hfb-mobile-header-display":"","site-post-title":"","ast-breadcrumbs-content":"","ast-featured-img":"","footer-sml-layout":"","theme-transparent-header-meta":"default","adv-header-id-meta":"","stick-header-meta":"","header-above-stick-meta":"","header-main-stick-meta":"","header-below-stick-meta":"","astra-migrate-meta-layouts":"set","ast-page-background-enabled":"default","ast-page-background-meta":{"desktop":{"background-color":"var(--ast-global-color-4)","background-image":"","background-repeat":"repeat","background-position":"center center","background-size":"auto","background-attachment":"scroll","background-type":"","background-media":"","overlay-type":"","overlay-color":"","overlay-opacity":"","overlay-gradient":""},"tablet":{"background-color":"","background-image":"","background-repeat":"repeat","background-position":"center center","background-size":"auto","background-attachment":"scroll","background-type":"","background-media":"","overlay-type":"","overlay-color":"","overlay-opacity":"","overlay-gradient":""},"mobile":{"background-color":"","background-image":"","background-repeat":"repeat","background-position":"center center","background-size":"auto","background-attachment":"scroll","background-type":"","background-media":"","overlay-type":"","overlay-color":"","overlay-opacity":"","overlay-gradient":""}},"ast-content-background-meta":{"desktop":{"background-color":"var(--ast-global-color-5)","background-image":"","background-repeat":"repeat","background-position":"center center","background-size":"auto","background-attachment":"scroll","background-type":"","background-media":"","overlay-type":"","overlay-color":"","overlay-opacity":"","overlay-gradient":""},"tablet":{"background-color":"var(--ast-global-color-5)","background-image":"","background-repeat":"repeat","background-position":"center center","background-size":"auto","background-attachment":"scroll","background-type":"","background-media":"","overlay-type":"","overlay-color":"","overlay-opacity":"","overlay-gradient":""},"mobile":{"background-color":"var(--ast-global-color-5)","background-image":"","background-repeat":"repeat","background-position":"center center","background-size":"auto","background-attachment":"scroll","background-type":"","background-media":"","overlay-type":"","overlay-color":"","overlay-opacity":"","overlay-gradient":""}},"footnotes":""},"class_list":["post-10974","page","type-page","status-publish","hentry"],"post_mailing_queue_ids":[],"_links":{"self":[{"href":"https:\/\/serveiseducatius.xtec.cat\/noguera\/wp-json\/wp\/v2\/pages\/10974","targetHints":{"allow":["GET"]}}],"collection":[{"href":"https:\/\/serveiseducatius.xtec.cat\/noguera\/wp-json\/wp\/v2\/pages"}],"about":[{"href":"https:\/\/serveiseducatius.xtec.cat\/noguera\/wp-json\/wp\/v2\/types\/page"}],"author":[{"embeddable":true,"href":"https:\/\/serveiseducatius.xtec.cat\/noguera\/wp-json\/wp\/v2\/users\/1"}],"replies":[{"embeddable":true,"href":"https:\/\/serveiseducatius.xtec.cat\/noguera\/wp-json\/wp\/v2\/comments?post=10974"}],"version-history":[{"count":9,"href":"https:\/\/serveiseducatius.xtec.cat\/noguera\/wp-json\/wp\/v2\/pages\/10974\/revisions"}],"predecessor-version":[{"id":16068,"href":"https:\/\/serveiseducatius.xtec.cat\/noguera\/wp-json\/wp\/v2\/pages\/10974\/revisions\/16068"}],"up":[{"embeddable":true,"href":"https:\/\/serveiseducatius.xtec.cat\/noguera\/wp-json\/wp\/v2\/pages\/15205"}],"wp:attachment":[{"href":"https:\/\/serveiseducatius.xtec.cat\/noguera\/wp-json\/wp\/v2\/media?parent=10974"}],"curies":[{"name":"wp","href":"https:\/\/api.w.org\/{rel}","templated":true}]}}