{"id":10878,"date":"2021-09-09T14:39:12","date_gmt":"2021-09-09T12:39:12","guid":{"rendered":"https:\/\/serveiseducatius.xtec.cat\/noguera\/?page_id=10878"},"modified":"2021-09-09T14:39:59","modified_gmt":"2021-09-09T12:39:59","slug":"curs-de-scratch-pas-a-pas","status":"publish","type":"page","link":"https:\/\/serveiseducatius.xtec.cat\/noguera\/robotica-educativa\/scratch\/curs-de-scratch-pas-a-pas\/","title":{"rendered":"Curs de Scratch PAS A PAS"},"content":{"rendered":"<p class=\"entry-title\" style=\"text-align: right;\"><span style=\"font-family: inherit; font-size: 1em; font-weight: normal;\">Aquest curs \u00e9s una iniciativa <a href=\"https:\/\/mschools.com\/\" target=\"_blank\" rel=\"noopener\">MSCHOOLS<\/a><\/span><\/p>\n<div class=\"entry-content\">\n<p><a href=\"https:\/\/projectes.xtec.cat\/programacioirobotica\/curs-scratch-primaria-0\/\" target=\"_blank\" rel=\"noopener\"><img loading=\"lazy\" decoding=\"async\" class=\"aligncenter wp-image-1253\" src=\"http:\/\/agora.xtec.cat\/demoinstitut\/wp-content\/uploads\/usu314\/2016\/06\/ScratchBlogLogo.jpg\" alt=\"ScratchBlogLogo\" width=\"691\" height=\"199\" \/><\/a><\/p>\n<p>Curs d\u2019Scratch per a professorat de prim\u00e0ria i primer cicle de secund\u00e0ria PAS A PAS.<\/p>\n<p>L\u2019objectiu del curs \u00e9s proporcionar al professorat els materials i els recursos necessaris per implementar a l\u2019aula aquest entorn de programaci\u00f3 seguint els m\u00f2duls desenvolupats.<\/p>\n<h3>DESCRIPCI\u00d3<\/h3>\n<p>Curs basat en materials modulars dirigits a l\u2019alumnat de Cicle Superior de Prim\u00e0ria. Tot i pensar en aquest nivell d\u2019ensenyament, tamb\u00e9 podrien ser emprats per l\u2019alumnat de 1r i 2n d\u2019ESO, tenint en compte que molts centres ho estan duent a terme i que el curr\u00edculum de 2n d\u2019ESO inclou programaci\u00f3. Aix\u00ed mateix, si el centre vol aplicar-ho\u00a0al Cicle Mitj\u00e0 de Prim\u00e0ria tamb\u00e9 pot emprar aquests materials. Cada m\u00f2dul correspon a un repte a solucionar amb una previsi\u00f3 de 12 hores de desenvolupament a l\u2019aula.<\/p>\n<p>El m\u00f2duls tenen una estructura seq\u00fcencial, de forma que la seva complexitat es va incrementant. Els centres, en funci\u00f3 de la seva experi\u00e8ncia pr\u00e8via, poden decidir a partir de quin m\u00f2dul comencen a treballar i fins a quin m\u00f2dul pretenen arribar.<\/p>\n<h3>OBJECTIUS<\/h3>\n<p>Introduir la programaci\u00f3 als nivells de prim\u00e0ria (cicle superior) i secund\u00e0ria (1r i 2n)<br \/>\nFomentar el pensament computacional i l\u2019assoliment de les compet\u00e8ncies digitals.<\/p>\n<h3>GUIA DOCENT<\/h3>\n<p><a href=\"https:\/\/docs.google.com\/document\/d\/1wY6HrW8udST52NRJiv8qDDrupqaduSgJtRw-xPtyJVI\/edit?usp=sharing\">GUIA DOCENT<\/a><\/p>\n<h3>SEGUEIX EL CURS<\/h3>\n<p>El curs es pot seguir directament des d\u2019aquest espai [<a href=\"https:\/\/projectes.xtec.cat\/programacioirobotica\/curs-scratch-primaria-0\/\" target=\"_blank\" rel=\"noopener\"><strong>accedir al curs<\/strong><\/a>]<\/p>\n<\/div>\n","protected":false},"excerpt":{"rendered":"<p>Aquest curs \u00e9s una iniciativa MSCHOOLS Curs d\u2019Scratch per a professorat de prim\u00e0ria i primer cicle de secund\u00e0ria PAS A PAS. L\u2019objectiu del curs \u00e9s proporcionar al professorat els materials i els recursos necessaris per implementar a l\u2019aula aquest entorn de programaci\u00f3 seguint els m\u00f2duls desenvolupats. DESCRIPCI\u00d3 Curs basat en materials modulars dirigits a l\u2019alumnat [&hellip;]<\/p>\n","protected":false},"author":1,"featured_media":0,"parent":8795,"menu_order":2,"comment_status":"closed","ping_status":"closed","template":"page-templates\/side-menu.php","meta":{"_bbp_topic_count":0,"_bbp_reply_count":0,"_bbp_total_topic_count":0,"_bbp_total_reply_count":0,"_bbp_voice_count":0,"_bbp_anonymous_reply_count":0,"_bbp_topic_count_hidden":0,"_bbp_reply_count_hidden":0,"_bbp_forum_subforum_count":0,"site-sidebar-layout":"default","site-content-layout":"","ast-site-content-layout":"","site-content-style":"default","site-sidebar-style":"default","ast-global-header-display":"","ast-banner-title-visibility":"","ast-main-header-display":"","ast-hfb-above-header-display":"","ast-hfb-below-header-display":"","ast-hfb-mobile-header-display":"","site-post-title":"","ast-breadcrumbs-content":"","ast-featured-img":"","footer-sml-layout":"","theme-transparent-header-meta":"","adv-header-id-meta":"","stick-header-meta":"","header-above-stick-meta":"","header-main-stick-meta":"","header-below-stick-meta":"","astra-migrate-meta-layouts":"default","ast-page-background-enabled":"default","ast-page-background-meta":{"desktop":{"background-color":"var(--ast-global-color-4)","background-image":"","background-repeat":"repeat","background-position":"center center","background-size":"auto","background-attachment":"scroll","background-type":"","background-media":"","overlay-type":"","overlay-color":"","overlay-opacity":"","overlay-gradient":""},"tablet":{"background-color":"","background-image":"","background-repeat":"repeat","background-position":"center center","background-size":"auto","background-attachment":"scroll","background-type":"","background-media":"","overlay-type":"","overlay-color":"","overlay-opacity":"","overlay-gradient":""},"mobile":{"background-color":"","background-image":"","background-repeat":"repeat","background-position":"center center","background-size":"auto","background-attachment":"scroll","background-type":"","background-media":"","overlay-type":"","overlay-color":"","overlay-opacity":"","overlay-gradient":""}},"ast-content-background-meta":{"desktop":{"background-color":"var(--ast-global-color-5)","background-image":"","background-repeat":"repeat","background-position":"center center","background-size":"auto","background-attachment":"scroll","background-type":"","background-media":"","overlay-type":"","overlay-color":"","overlay-opacity":"","overlay-gradient":""},"tablet":{"background-color":"var(--ast-global-color-5)","background-image":"","background-repeat":"repeat","background-position":"center center","background-size":"auto","background-attachment":"scroll","background-type":"","background-media":"","overlay-type":"","overlay-color":"","overlay-opacity":"","overlay-gradient":""},"mobile":{"background-color":"var(--ast-global-color-5)","background-image":"","background-repeat":"repeat","background-position":"center center","background-size":"auto","background-attachment":"scroll","background-type":"","background-media":"","overlay-type":"","overlay-color":"","overlay-opacity":"","overlay-gradient":""}},"footnotes":""},"class_list":["post-10878","page","type-page","status-publish","hentry"],"post_mailing_queue_ids":[],"_links":{"self":[{"href":"https:\/\/serveiseducatius.xtec.cat\/noguera\/wp-json\/wp\/v2\/pages\/10878","targetHints":{"allow":["GET"]}}],"collection":[{"href":"https:\/\/serveiseducatius.xtec.cat\/noguera\/wp-json\/wp\/v2\/pages"}],"about":[{"href":"https:\/\/serveiseducatius.xtec.cat\/noguera\/wp-json\/wp\/v2\/types\/page"}],"author":[{"embeddable":true,"href":"https:\/\/serveiseducatius.xtec.cat\/noguera\/wp-json\/wp\/v2\/users\/1"}],"replies":[{"embeddable":true,"href":"https:\/\/serveiseducatius.xtec.cat\/noguera\/wp-json\/wp\/v2\/comments?post=10878"}],"version-history":[{"count":2,"href":"https:\/\/serveiseducatius.xtec.cat\/noguera\/wp-json\/wp\/v2\/pages\/10878\/revisions"}],"predecessor-version":[{"id":10880,"href":"https:\/\/serveiseducatius.xtec.cat\/noguera\/wp-json\/wp\/v2\/pages\/10878\/revisions\/10880"}],"up":[{"embeddable":true,"href":"https:\/\/serveiseducatius.xtec.cat\/noguera\/wp-json\/wp\/v2\/pages\/8795"}],"wp:attachment":[{"href":"https:\/\/serveiseducatius.xtec.cat\/noguera\/wp-json\/wp\/v2\/media?parent=10878"}],"curies":[{"name":"wp","href":"https:\/\/api.w.org\/{rel}","templated":true}]}}