{"id":10859,"date":"2021-09-06T13:31:00","date_gmt":"2021-09-06T11:31:00","guid":{"rendered":"https:\/\/serveiseducatius.xtec.cat\/noguera\/?page_id=10859"},"modified":"2022-06-01T10:15:33","modified_gmt":"2022-06-01T08:15:33","slug":"refugi-2020-2021","status":"publish","type":"page","link":"https:\/\/serveiseducatius.xtec.cat\/noguera\/refugi-llavors-noguera\/refugi-2020-2021\/","title":{"rendered":"Refugi 2020-2021"},"content":{"rendered":"<table style=\"height: 29px; background-color: #121010;\" width=\"1090\">\n<tbody>\n<tr>\n<td style=\"width: 1084px;\">\n<h3><span style=\"color: #ffffff;\"><strong>Curs 2020-2021<\/strong><\/span><\/h3>\n<\/td>\n<\/tr>\n<\/tbody>\n<\/table>\n<h3><strong>Tornem a l&#8217;activitat<\/strong><\/h3>\n<p>La natura no s&#8217;atura mai. No sap de Coronavirus i s&#8217;adapta, a mesura que la maltractem, a les conseq\u00fc\u00e8ncies de la contaminaci\u00f3, el canvi clim\u00e0tic i l&#8217;escalfament global. Per\u00f2, i nosaltres ens adaptem tan b\u00e9? Us deixem aquesta reflexi\u00f3 per comen\u00e7ar aquest nou curs tan diferent, ple de reptes i noves situacions per a les quals, ni tan sols, sabem si estem preparats.<\/p>\n<h4>I com comencem aquest curs 2020-2021?<\/h4>\n<p>Ara que ja fa uns quants anys que dinamitzem els nostres horts escolars amb el <strong>Projecte del Refugi de Llavors de la Noguera<\/strong>, ja deveu estar al cas de qu\u00e8 tot just acabem la festa del Pilar que ens d\u00f3na el tret de sortida per a la sembra de l&#8217;hort d&#8217;hivern.<\/p>\n<p>En la darrera sessi\u00f3 del curs passat tothom v\u00e0reu manifestar la voluntat de continuar i mantenir viu un projecte basat en la sostenibilitat, la cura de l&#8217;entorn, l&#8217;autoabastiment amb la producci\u00f3 dels propis aliments i la lluita activa contra el canvi clim\u00e0tic. Aquest any per\u00f2, amb la Covid-19, hem de adaptar-nos a noves maneres de treballar i compartir per tal de complir amb totes les restriccions i mesures de seguretat, i per tant, reinventar la formaci\u00f3 i l&#8217;acompanyament que podrem fer d&#8217;aquesta i de moltes altres activitats de formaci\u00f3.<\/p>\n<p>En el vostre cas, no hi ha cap limitaci\u00f3 per poder continuar treballant en el projecte de l&#8217;hort en el vostre centre educatiu, ja que es tracta d&#8217;una activitat a l&#8217;aire lliure i que es pot dur a terme amb seguretat amb els grups bombolla de cada curs. Tot i aix\u00f2, hem vist la sobrec\u00e0rrega que esteu portant a sobre i la dificultat que suposaria convocar m\u00e9s trobades virtuals en horari de tarda, per la qual cosa, si us animeu a reprendre l&#8217;activitat de l&#8217;hort, aquesta \u00e9s la nostra proposta per a aquesta primera sessi\u00f3 del Refugi de Llavors 2020-2021:<\/p>\n<table style=\"height: 76px; background-color: #ffff80;\" width=\"860\">\n<tbody>\n<tr>\n<td style=\"width: 860px;\">\n<h5><strong>A partir del 14 d&#8217;octubre<\/strong> podeu passar pel CRP de La Noguera en horari de mat\u00ed a buscar llavors de la nostra col\u00b7lecci\u00f3 per posar en marxa el vostre hort. Al mateix temps, us farem tot l&#8217;assessorament personalitzat que necessiteu, aclarirem dubtes i us proposarem noves idees d&#8217;activitats i recursos que podeu treballar amb els cultius del vostre hort i en altres aspectes relacionats amb la sostenibilitat i els medi ambient. Com en tota la resta, farem la feina, per\u00f2 diferent!<\/h5>\n<\/td>\n<\/tr>\n<\/tbody>\n<\/table>\n<h4>L&#8217;hort del CRP<\/h4>\n<p>Arriba octubre i toca reactivar els horts escolars. Al Servei Educatiu ja hem comen\u00e7at. Us deixem unes imatges de com tenim ja els nostres palots.<\/p>\n<div class=\"row\" style=\"margin-bottom: 1em !important;\">\n<div class=\"small-12 large-3 text-center columns\"><img loading=\"lazy\" decoding=\"async\" class=\"aligncenter wp-image-10301\" src=\"https:\/\/serveiseducatius.xtec.cat\/noguera\/wp-content\/uploads\/usu1149\/2020\/10\/col-broquil.jpg\" alt=\"\" width=\"235\" height=\"132\" srcset=\"https:\/\/serveiseducatius.xtec.cat\/noguera\/wp-content\/uploads\/usu1149\/2020\/10\/col-broquil.jpg 1024w, https:\/\/serveiseducatius.xtec.cat\/noguera\/wp-content\/uploads\/usu1149\/2020\/10\/col-broquil-300x169.jpg 300w, https:\/\/serveiseducatius.xtec.cat\/noguera\/wp-content\/uploads\/usu1149\/2020\/10\/col-broquil-768x432.jpg 768w\" sizes=\"auto, (max-width: 235px) 100vw, 235px\" \/><\/div>\n<div class=\"small-12 large-3 text-center columns\"><img loading=\"lazy\" decoding=\"async\" class=\"aligncenter wp-image-10302\" src=\"https:\/\/serveiseducatius.xtec.cat\/noguera\/wp-content\/uploads\/usu1149\/2020\/10\/enciams.jpg\" alt=\"\" width=\"235\" height=\"132\" srcset=\"https:\/\/serveiseducatius.xtec.cat\/noguera\/wp-content\/uploads\/usu1149\/2020\/10\/enciams.jpg 1024w, https:\/\/serveiseducatius.xtec.cat\/noguera\/wp-content\/uploads\/usu1149\/2020\/10\/enciams-300x169.jpg 300w, https:\/\/serveiseducatius.xtec.cat\/noguera\/wp-content\/uploads\/usu1149\/2020\/10\/enciams-768x432.jpg 768w\" sizes=\"auto, (max-width: 235px) 100vw, 235px\" \/><\/div>\n<div class=\"small-12 large-3 text-center columns\"><img loading=\"lazy\" decoding=\"async\" class=\"aligncenter wp-image-10303\" src=\"https:\/\/serveiseducatius.xtec.cat\/noguera\/wp-content\/uploads\/usu1149\/2020\/10\/espinacs-cebes.jpg\" alt=\"\" width=\"235\" height=\"132\" srcset=\"https:\/\/serveiseducatius.xtec.cat\/noguera\/wp-content\/uploads\/usu1149\/2020\/10\/espinacs-cebes.jpg 1024w, https:\/\/serveiseducatius.xtec.cat\/noguera\/wp-content\/uploads\/usu1149\/2020\/10\/espinacs-cebes-300x169.jpg 300w, https:\/\/serveiseducatius.xtec.cat\/noguera\/wp-content\/uploads\/usu1149\/2020\/10\/espinacs-cebes-768x432.jpg 768w\" sizes=\"auto, (max-width: 235px) 100vw, 235px\" \/><\/div>\n<div class=\"small-12 large-3 text-center columns\"><img loading=\"lazy\" decoding=\"async\" class=\"aligncenter wp-image-10300\" src=\"https:\/\/serveiseducatius.xtec.cat\/noguera\/wp-content\/uploads\/usu1149\/2020\/10\/carxofes.jpg\" alt=\"\" width=\"235\" height=\"132\" srcset=\"https:\/\/serveiseducatius.xtec.cat\/noguera\/wp-content\/uploads\/usu1149\/2020\/10\/carxofes.jpg 1024w, https:\/\/serveiseducatius.xtec.cat\/noguera\/wp-content\/uploads\/usu1149\/2020\/10\/carxofes-300x169.jpg 300w, https:\/\/serveiseducatius.xtec.cat\/noguera\/wp-content\/uploads\/usu1149\/2020\/10\/carxofes-768x432.jpg 768w\" sizes=\"auto, (max-width: 235px) 100vw, 235px\" \/><\/div>\n<div class=\"row\" style=\"margin-bottom: 1em !important;\">\n<div class=\"small-12 large-3 text-center columns\">Cols i br\u00f2quils<\/div>\n<div class=\"small-12 large-3 text-center columns\">Enciams<\/div>\n<div class=\"small-12 large-3 text-center columns\">Espinacs i cebes<\/div>\n<div class=\"small-12 large-3 text-center columns\">Carxoferes<\/div>\n<\/div>\n<h4>Recursos:<\/h4>\n<p><a href=\"https:\/\/escoles.fundesplai.org\/blog\/educacio-ambiental\/com-vincular-lhort-escolar-al-curriculum\/\" target=\"_blank\" rel=\"noopener noreferrer\"><strong>Com vincular l&#8217;hort escolar al curriculum<\/strong><\/a>. Fundesplai<\/p>\n<h3><strong>Celebraci\u00f3 del Dia mundial del medi ambient<\/strong><\/h3>\n<p>Visiteu les activitats de la celebraci\u00f3 del <strong>DMMA 2021<\/strong><\/p>\n<\/div>\n","protected":false},"excerpt":{"rendered":"<p>Curs 2020-2021 Tornem a l&#8217;activitat La natura no s&#8217;atura mai. No sap de Coronavirus i s&#8217;adapta, a mesura que la maltractem, a les conseq\u00fc\u00e8ncies de la contaminaci\u00f3, el canvi clim\u00e0tic i l&#8217;escalfament global. Per\u00f2, i nosaltres ens adaptem tan b\u00e9? Us deixem aquesta reflexi\u00f3 per comen\u00e7ar aquest nou curs tan diferent, ple de reptes i [&hellip;]<\/p>\n","protected":false},"author":1,"featured_media":0,"parent":8991,"menu_order":19,"comment_status":"closed","ping_status":"closed","template":"page-templates\/side-menu.php","meta":{"_bbp_topic_count":0,"_bbp_reply_count":0,"_bbp_total_topic_count":0,"_bbp_total_reply_count":0,"_bbp_voice_count":0,"_bbp_anonymous_reply_count":0,"_bbp_topic_count_hidden":0,"_bbp_reply_count_hidden":0,"_bbp_forum_subforum_count":0,"site-sidebar-layout":"default","site-content-layout":"","ast-site-content-layout":"","site-content-style":"default","site-sidebar-style":"default","ast-global-header-display":"","ast-banner-title-visibility":"","ast-main-header-display":"","ast-hfb-above-header-display":"","ast-hfb-below-header-display":"","ast-hfb-mobile-header-display":"","site-post-title":"","ast-breadcrumbs-content":"","ast-featured-img":"","footer-sml-layout":"","theme-transparent-header-meta":"","adv-header-id-meta":"","stick-header-meta":"","header-above-stick-meta":"","header-main-stick-meta":"","header-below-stick-meta":"","astra-migrate-meta-layouts":"default","ast-page-background-enabled":"default","ast-page-background-meta":{"desktop":{"background-color":"var(--ast-global-color-4)","background-image":"","background-repeat":"repeat","background-position":"center center","background-size":"auto","background-attachment":"scroll","background-type":"","background-media":"","overlay-type":"","overlay-color":"","overlay-opacity":"","overlay-gradient":""},"tablet":{"background-color":"","background-image":"","background-repeat":"repeat","background-position":"center center","background-size":"auto","background-attachment":"scroll","background-type":"","background-media":"","overlay-type":"","overlay-color":"","overlay-opacity":"","overlay-gradient":""},"mobile":{"background-color":"","background-image":"","background-repeat":"repeat","background-position":"center center","background-size":"auto","background-attachment":"scroll","background-type":"","background-media":"","overlay-type":"","overlay-color":"","overlay-opacity":"","overlay-gradient":""}},"ast-content-background-meta":{"desktop":{"background-color":"var(--ast-global-color-5)","background-image":"","background-repeat":"repeat","background-position":"center center","background-size":"auto","background-attachment":"scroll","background-type":"","background-media":"","overlay-type":"","overlay-color":"","overlay-opacity":"","overlay-gradient":""},"tablet":{"background-color":"var(--ast-global-color-5)","background-image":"","background-repeat":"repeat","background-position":"center center","background-size":"auto","background-attachment":"scroll","background-type":"","background-media":"","overlay-type":"","overlay-color":"","overlay-opacity":"","overlay-gradient":""},"mobile":{"background-color":"var(--ast-global-color-5)","background-image":"","background-repeat":"repeat","background-position":"center center","background-size":"auto","background-attachment":"scroll","background-type":"","background-media":"","overlay-type":"","overlay-color":"","overlay-opacity":"","overlay-gradient":""}},"footnotes":""},"class_list":["post-10859","page","type-page","status-publish","hentry"],"post_mailing_queue_ids":[],"_links":{"self":[{"href":"https:\/\/serveiseducatius.xtec.cat\/noguera\/wp-json\/wp\/v2\/pages\/10859","targetHints":{"allow":["GET"]}}],"collection":[{"href":"https:\/\/serveiseducatius.xtec.cat\/noguera\/wp-json\/wp\/v2\/pages"}],"about":[{"href":"https:\/\/serveiseducatius.xtec.cat\/noguera\/wp-json\/wp\/v2\/types\/page"}],"author":[{"embeddable":true,"href":"https:\/\/serveiseducatius.xtec.cat\/noguera\/wp-json\/wp\/v2\/users\/1"}],"replies":[{"embeddable":true,"href":"https:\/\/serveiseducatius.xtec.cat\/noguera\/wp-json\/wp\/v2\/comments?post=10859"}],"version-history":[{"count":2,"href":"https:\/\/serveiseducatius.xtec.cat\/noguera\/wp-json\/wp\/v2\/pages\/10859\/revisions"}],"predecessor-version":[{"id":11931,"href":"https:\/\/serveiseducatius.xtec.cat\/noguera\/wp-json\/wp\/v2\/pages\/10859\/revisions\/11931"}],"up":[{"embeddable":true,"href":"https:\/\/serveiseducatius.xtec.cat\/noguera\/wp-json\/wp\/v2\/pages\/8991"}],"wp:attachment":[{"href":"https:\/\/serveiseducatius.xtec.cat\/noguera\/wp-json\/wp\/v2\/media?parent=10859"}],"curies":[{"name":"wp","href":"https:\/\/api.w.org\/{rel}","templated":true}]}}