{"id":10750,"date":"2021-06-07T12:19:23","date_gmt":"2021-06-07T10:19:23","guid":{"rendered":"http:\/\/serveiseducatius.xtec.cat\/noguera\/?page_id=10750"},"modified":"2022-11-25T13:39:23","modified_gmt":"2022-11-25T12:39:23","slug":"peeb","status":"publish","type":"page","link":"https:\/\/serveiseducatius.xtec.cat\/noguera\/comunitat\/peeb\/","title":{"rendered":"Pla Educatiu d&#8217;Entorn de Balaguer"},"content":{"rendered":"<h2><a href=\"https:\/\/serveiseducatius.xtec.cat\/noguera\/wp-content\/uploads\/usu1149\/2021\/11\/banner-PEEb.png\"><img loading=\"lazy\" decoding=\"async\" class=\"wp-image-11121 aligncenter\" src=\"https:\/\/serveiseducatius.xtec.cat\/noguera\/wp-content\/uploads\/usu1149\/2021\/11\/banner-PEEb.png\" alt=\"\" width=\"1326\" height=\"241\" srcset=\"https:\/\/serveiseducatius.xtec.cat\/noguera\/wp-content\/uploads\/usu1149\/2021\/11\/banner-PEEb.png 660w, https:\/\/serveiseducatius.xtec.cat\/noguera\/wp-content\/uploads\/usu1149\/2021\/11\/banner-PEEb-300x55.png 300w\" sizes=\"auto, (max-width: 1326px) 100vw, 1326px\" \/><\/a><\/h2>\n<p style=\"text-align: left;\">El Pla educatiu d&#8217;entorn \u00e9s un instrument que d\u00f3na una resposta integrada i comunit\u00e0ria a les necessitats educatives del alumnes m\u00e9s enll\u00e0 de l\u2019\u00e0mbit acad\u00e8mic.<\/p>\n<p style=\"text-align: left;\">Es tracta de construir una xarxa estable de suport a la comunitat educativa, que permeti un treball formatiu fora de l&#8217;entorn escolar amb la col\u00b7laboraci\u00f3 dels diferents serveis i recursos municipals i tamb\u00e9 de les altres institucions i entitats dels \u00e0mbits social, cultural i esportiu.<\/p>\n<h2><strong>Documents d&#8217;inter\u00e8s:<\/strong><\/h2>\n<p><a href=\"https:\/\/serveiseducatius.xtec.cat\/noguera\/portada\/conferencia-educacio-en-el-marc-comunitari-cohesio-i-exit-educatiu\/\"><img loading=\"lazy\" decoding=\"async\" class=\"alignnone wp-image-10468\" src=\"https:\/\/serveiseducatius.xtec.cat\/noguera\/wp-content\/uploads\/usu1149\/2021\/03\/icon_youtube.jpg\" alt=\"\" width=\"34\" height=\"34\" srcset=\"https:\/\/serveiseducatius.xtec.cat\/noguera\/wp-content\/uploads\/usu1149\/2021\/03\/icon_youtube.jpg 800w, https:\/\/serveiseducatius.xtec.cat\/noguera\/wp-content\/uploads\/usu1149\/2021\/03\/icon_youtube-150x150.jpg 150w, https:\/\/serveiseducatius.xtec.cat\/noguera\/wp-content\/uploads\/usu1149\/2021\/03\/icon_youtube-300x300.jpg 300w, https:\/\/serveiseducatius.xtec.cat\/noguera\/wp-content\/uploads\/usu1149\/2021\/03\/icon_youtube-768x768.jpg 768w\" sizes=\"auto, (max-width: 34px) 100vw, 34px\" \/><\/a><a href=\"https:\/\/serveiseducatius.xtec.cat\/noguera\/portada\/conferencia-educacio-en-el-marc-comunitari-cohesio-i-exit-educatiu\/\"> Confer\u00e8ncia d&#8217;en Jordi Collet: &#8220;Educaci\u00f3 en el marc comunitari&#8221;<\/a><\/p>\n<p>&nbsp;<\/p>\n<p><a href=\"https:\/\/serveiseducatius.xtec.cat\/noguera\/wp-content\/uploads\/usu1149\/2021\/11\/logo_PEE_fons_trans.png\"><img loading=\"lazy\" decoding=\"async\" class=\"wp-image-11123 aligncenter\" src=\"https:\/\/serveiseducatius.xtec.cat\/noguera\/wp-content\/uploads\/usu1149\/2021\/11\/logo_PEE_fons_trans.png\" alt=\"\" width=\"522\" height=\"522\" srcset=\"https:\/\/serveiseducatius.xtec.cat\/noguera\/wp-content\/uploads\/usu1149\/2021\/11\/logo_PEE_fons_trans.png 1654w, https:\/\/serveiseducatius.xtec.cat\/noguera\/wp-content\/uploads\/usu1149\/2021\/11\/logo_PEE_fons_trans-300x300.png 300w, https:\/\/serveiseducatius.xtec.cat\/noguera\/wp-content\/uploads\/usu1149\/2021\/11\/logo_PEE_fons_trans-1024x1024.png 1024w, https:\/\/serveiseducatius.xtec.cat\/noguera\/wp-content\/uploads\/usu1149\/2021\/11\/logo_PEE_fons_trans-150x150.png 150w, https:\/\/serveiseducatius.xtec.cat\/noguera\/wp-content\/uploads\/usu1149\/2021\/11\/logo_PEE_fons_trans-768x768.png 768w, https:\/\/serveiseducatius.xtec.cat\/noguera\/wp-content\/uploads\/usu1149\/2021\/11\/logo_PEE_fons_trans-1536x1536.png 1536w\" sizes=\"auto, (max-width: 522px) 100vw, 522px\" \/><\/a><\/p>\n","protected":false},"excerpt":{"rendered":"<p>El Pla educatiu d&#8217;entorn \u00e9s un instrument que d\u00f3na una resposta integrada i comunit\u00e0ria a les necessitats educatives del alumnes m\u00e9s enll\u00e0 de l\u2019\u00e0mbit acad\u00e8mic. Es tracta de construir una xarxa estable de suport a la comunitat educativa, que permeti un treball formatiu fora de l&#8217;entorn escolar amb la col\u00b7laboraci\u00f3 dels diferents serveis i recursos [&hellip;]<\/p>\n","protected":false},"author":28,"featured_media":0,"parent":341,"menu_order":1,"comment_status":"closed","ping_status":"closed","template":"","meta":{"_bbp_topic_count":0,"_bbp_reply_count":0,"_bbp_total_topic_count":0,"_bbp_total_reply_count":0,"_bbp_voice_count":0,"_bbp_anonymous_reply_count":0,"_bbp_topic_count_hidden":0,"_bbp_reply_count_hidden":0,"_bbp_forum_subforum_count":0,"site-sidebar-layout":"default","site-content-layout":"","ast-site-content-layout":"","site-content-style":"default","site-sidebar-style":"default","ast-global-header-display":"","ast-banner-title-visibility":"","ast-main-header-display":"","ast-hfb-above-header-display":"","ast-hfb-below-header-display":"","ast-hfb-mobile-header-display":"","site-post-title":"","ast-breadcrumbs-content":"","ast-featured-img":"","footer-sml-layout":"","theme-transparent-header-meta":"","adv-header-id-meta":"","stick-header-meta":"","header-above-stick-meta":"","header-main-stick-meta":"","header-below-stick-meta":"","astra-migrate-meta-layouts":"default","ast-page-background-enabled":"default","ast-page-background-meta":{"desktop":{"background-color":"var(--ast-global-color-4)","background-image":"","background-repeat":"repeat","background-position":"center center","background-size":"auto","background-attachment":"scroll","background-type":"","background-media":"","overlay-type":"","overlay-color":"","overlay-opacity":"","overlay-gradient":""},"tablet":{"background-color":"","background-image":"","background-repeat":"repeat","background-position":"center center","background-size":"auto","background-attachment":"scroll","background-type":"","background-media":"","overlay-type":"","overlay-color":"","overlay-opacity":"","overlay-gradient":""},"mobile":{"background-color":"","background-image":"","background-repeat":"repeat","background-position":"center center","background-size":"auto","background-attachment":"scroll","background-type":"","background-media":"","overlay-type":"","overlay-color":"","overlay-opacity":"","overlay-gradient":""}},"ast-content-background-meta":{"desktop":{"background-color":"var(--ast-global-color-5)","background-image":"","background-repeat":"repeat","background-position":"center center","background-size":"auto","background-attachment":"scroll","background-type":"","background-media":"","overlay-type":"","overlay-color":"","overlay-opacity":"","overlay-gradient":""},"tablet":{"background-color":"var(--ast-global-color-5)","background-image":"","background-repeat":"repeat","background-position":"center center","background-size":"auto","background-attachment":"scroll","background-type":"","background-media":"","overlay-type":"","overlay-color":"","overlay-opacity":"","overlay-gradient":""},"mobile":{"background-color":"var(--ast-global-color-5)","background-image":"","background-repeat":"repeat","background-position":"center center","background-size":"auto","background-attachment":"scroll","background-type":"","background-media":"","overlay-type":"","overlay-color":"","overlay-opacity":"","overlay-gradient":""}},"footnotes":""},"class_list":["post-10750","page","type-page","status-publish","hentry"],"post_mailing_queue_ids":[],"_links":{"self":[{"href":"https:\/\/serveiseducatius.xtec.cat\/noguera\/wp-json\/wp\/v2\/pages\/10750","targetHints":{"allow":["GET"]}}],"collection":[{"href":"https:\/\/serveiseducatius.xtec.cat\/noguera\/wp-json\/wp\/v2\/pages"}],"about":[{"href":"https:\/\/serveiseducatius.xtec.cat\/noguera\/wp-json\/wp\/v2\/types\/page"}],"author":[{"embeddable":true,"href":"https:\/\/serveiseducatius.xtec.cat\/noguera\/wp-json\/wp\/v2\/users\/28"}],"replies":[{"embeddable":true,"href":"https:\/\/serveiseducatius.xtec.cat\/noguera\/wp-json\/wp\/v2\/comments?post=10750"}],"version-history":[{"count":4,"href":"https:\/\/serveiseducatius.xtec.cat\/noguera\/wp-json\/wp\/v2\/pages\/10750\/revisions"}],"predecessor-version":[{"id":12353,"href":"https:\/\/serveiseducatius.xtec.cat\/noguera\/wp-json\/wp\/v2\/pages\/10750\/revisions\/12353"}],"up":[{"embeddable":true,"href":"https:\/\/serveiseducatius.xtec.cat\/noguera\/wp-json\/wp\/v2\/pages\/341"}],"wp:attachment":[{"href":"https:\/\/serveiseducatius.xtec.cat\/noguera\/wp-json\/wp\/v2\/media?parent=10750"}],"curies":[{"name":"wp","href":"https:\/\/api.w.org\/{rel}","templated":true}]}}