{"id":10496,"date":"2021-03-09T12:04:51","date_gmt":"2021-03-09T11:04:51","guid":{"rendered":"http:\/\/serveiseducatius.xtec.cat\/noguera\/?page_id=10496"},"modified":"2022-03-10T17:29:36","modified_gmt":"2022-03-10T16:29:36","slug":"proves-davaluacio-de-4t-eso","status":"publish","type":"page","link":"https:\/\/serveiseducatius.xtec.cat\/noguera\/recursos\/proves-davaluacio-de-4t-eso\/","title":{"rendered":"Proves d&#8217;avaluaci\u00f3 de 4t ESO"},"content":{"rendered":"<p><a href=\"https:\/\/serveiseducatius.xtec.cat\/noguera\/wp-content\/uploads\/usu1149\/2021\/03\/cap\u00e7alera-4t.png\"><img loading=\"lazy\" decoding=\"async\" class=\"alignnone wp-image-10503\" src=\"https:\/\/serveiseducatius.xtec.cat\/noguera\/wp-content\/uploads\/usu1149\/2021\/03\/cap\u00e7alera-4t.png\" alt=\"\" width=\"1328\" height=\"249\" srcset=\"https:\/\/serveiseducatius.xtec.cat\/noguera\/wp-content\/uploads\/usu1149\/2021\/03\/cap\u00e7alera-4t.png 1600w, https:\/\/serveiseducatius.xtec.cat\/noguera\/wp-content\/uploads\/usu1149\/2021\/03\/cap\u00e7alera-4t-300x56.png 300w, https:\/\/serveiseducatius.xtec.cat\/noguera\/wp-content\/uploads\/usu1149\/2021\/03\/cap\u00e7alera-4t-768x144.png 768w, https:\/\/serveiseducatius.xtec.cat\/noguera\/wp-content\/uploads\/usu1149\/2021\/03\/cap\u00e7alera-4t-1024x192.png 1024w\" sizes=\"auto, (max-width: 1328px) 100vw, 1328px\" \/><\/a><\/p>\n<p><em>(*) Per informacions actualitzades, \u00e9s recomanable consultar el <a href=\"http:\/\/csda.gencat.cat\/ca\/arees-actuacio\/avaluacions-consell\/avaluacio-quart-eso\/\">web oficial del Consell Superior d&#8217;Avaluaci\u00f3<\/a>. Aquesta p\u00e0gina no hi est\u00e0 directament vinculada i solament \u00e9s informativa.<\/em><\/p>\n<h1><span style=\"color: #0000ff;\">Proves 2022<\/span><\/h1>\n<h3>Aplicaci\u00f3<\/h3>\n<table style=\"border-collapse: collapse; width: 40.9617%; height: 258px;\">\n<tbody>\n<tr style=\"height: 31px;\">\n<td style=\"width: 50%; text-align: center; height: 10px;\">\n<h3>Data i hora<\/h3>\n<\/td>\n<td style=\"width: 82.5866%; text-align: center; height: 10px;\">\n<h3>Prova<\/h3>\n<\/td>\n<\/tr>\n<tr style=\"height: 31px;\">\n<td style=\"width: 50%; text-align: center; height: 31px;\">Dia 2 de 09.00 a 10.00h<\/td>\n<td style=\"width: 82.5866%; text-align: center; height: 31px;\">Llengua catalana<\/td>\n<\/tr>\n<tr style=\"height: 31px;\">\n<td style=\"width: 50%; text-align: center; height: 31px;\">Dia 2 de 10.00 a 11.00h<\/td>\n<td style=\"width: 82.5866%; text-align: center; height: 31px;\">Matem\u00e0tiques<\/td>\n<\/tr>\n<tr style=\"height: 31px;\">\n<td style=\"width: 50%; text-align: center; height: 31px;\">dia 2 de 11.00 a 11.30h<\/td>\n<td style=\"width: 82.5866%; text-align: center; height: 31px;\">Descans<\/td>\n<\/tr>\n<tr style=\"height: 31px;\">\n<td style=\"width: 50%; text-align: center; height: 31px;\">Dia 2 de 11.30 a 12.30h<\/td>\n<td style=\"width: 82.5866%; text-align: center; height: 31px;\">Llengua castellana<\/td>\n<\/tr>\n<tr style=\"height: 31px;\">\n<td style=\"width: 50%; text-align: center; height: 31px;\">Dia 3 de 9.00 a 10.00h<\/td>\n<td style=\"width: 82.5866%; text-align: center; height: 31px;\">Cient\u00edficotecnol\u00f2gica<\/td>\n<\/tr>\n<tr style=\"height: 31px;\">\n<td style=\"width: 50%; text-align: center; height: 31px;\">Dia 3 de 10.0 a 11.00<\/td>\n<td style=\"width: 82.5866%; text-align: center; height: 31px;\">Llengua estrangera<\/td>\n<\/tr>\n<tr style=\"height: 31px;\">\n<td style=\"width: 50%; text-align: center; height: 31px;\">Dia 3 de 11.00 a 11.30h<\/td>\n<td style=\"width: 82.5866%; text-align: center; height: 31px;\">Descans<\/td>\n<\/tr>\n<tr style=\"height: 31px;\">\n<td style=\"width: 50%; text-align: center; height: 31px;\">Dia 3 de 11.30 a 12.30h<\/td>\n<td style=\"width: 82.5866%; text-align: center; height: 31px;\">Aran\u00e8s (a l&#8217;Aran)<\/td>\n<\/tr>\n<\/tbody>\n<\/table>\n<p><img loading=\"lazy\" decoding=\"async\" class=\"alignnone wp-image-10460\" src=\"https:\/\/serveiseducatius.xtec.cat\/noguera\/wp-content\/uploads\/usu1149\/2021\/02\/pdf_icon-150x150.png\" alt=\"\" width=\"37\" height=\"37\" srcset=\"https:\/\/serveiseducatius.xtec.cat\/noguera\/wp-content\/uploads\/usu1149\/2021\/02\/pdf_icon-150x150.png 150w, https:\/\/serveiseducatius.xtec.cat\/noguera\/wp-content\/uploads\/usu1149\/2021\/02\/pdf_icon.png 225w\" sizes=\"auto, (max-width: 37px) 100vw, 37px\" \/><a href=\"https:\/\/drive.google.com\/file\/d\/1By1CsPzC3OrE-FWoiCud5kyk2n5BpjJT\/view?usp=sharing\">RESOLUCI\u00d3 EDU\/2986\/2021, de 29 de setembre, per la qual s&#8217;aproven les directrius per a la realitzaci\u00f3 de les proves de 4t ESO 2022<\/a><\/p>\n<p><a href=\"https:\/\/drive.google.com\/file\/d\/19Xg3CpQH3c5Ox-jv7-2bUaUGqTjeUmAL\/view?usp=sharing\"><img loading=\"lazy\" decoding=\"async\" class=\"alignnone wp-image-10460\" src=\"https:\/\/serveiseducatius.xtec.cat\/noguera\/wp-content\/uploads\/usu1149\/2021\/02\/pdf_icon-150x150.png\" alt=\"\" width=\"37\" height=\"37\" srcset=\"https:\/\/serveiseducatius.xtec.cat\/noguera\/wp-content\/uploads\/usu1149\/2021\/02\/pdf_icon-150x150.png 150w, https:\/\/serveiseducatius.xtec.cat\/noguera\/wp-content\/uploads\/usu1149\/2021\/02\/pdf_icon.png 225w\" sizes=\"auto, (max-width: 37px) 100vw, 37px\" \/><\/a><a href=\"https:\/\/drive.google.com\/file\/d\/19Xg3CpQH3c5Ox-jv7-2bUaUGqTjeUmAL\/view?usp=sharing\">Guia d&#8217;aplicaci\u00f3 de la prova<\/a><\/p>\n<p><a href=\"https:\/\/drive.google.com\/file\/d\/11IEVDKzc9slLLPkOQgmXw6025_Uij4rQ\/view?usp=sharing\"><img loading=\"lazy\" decoding=\"async\" class=\"alignnone wp-image-10460\" src=\"https:\/\/serveiseducatius.xtec.cat\/noguera\/wp-content\/uploads\/usu1149\/2021\/02\/pdf_icon-150x150.png\" alt=\"\" width=\"37\" height=\"37\" srcset=\"https:\/\/serveiseducatius.xtec.cat\/noguera\/wp-content\/uploads\/usu1149\/2021\/02\/pdf_icon-150x150.png 150w, https:\/\/serveiseducatius.xtec.cat\/noguera\/wp-content\/uploads\/usu1149\/2021\/02\/pdf_icon.png 225w\" sizes=\"auto, (max-width: 37px) 100vw, 37px\" \/><\/a><a href=\"https:\/\/drive.google.com\/file\/d\/11IEVDKzc9slLLPkOQgmXw6025_Uij4rQ\/view?usp=sharing\">Instruccions i reconeixement personal aplicador<\/a><\/p>\n<p style=\"font-family: 'Helvetica Neue', Helvetica, Helvetica, Arial, sans-serif; font-size: 16px;\"><a href=\"https:\/\/drive.google.com\/file\/d\/1BPv7oa9rWlyTwX8cFJnXLHtACuu83i9U\/view?usp=sharing\"><img loading=\"lazy\" decoding=\"async\" class=\"alignnone wp-image-10460\" src=\"https:\/\/serveiseducatius.xtec.cat\/noguera\/wp-content\/uploads\/usu1149\/2021\/02\/pdf_icon-150x150.png\" alt=\"\" width=\"37\" height=\"37\" srcset=\"https:\/\/serveiseducatius.xtec.cat\/noguera\/wp-content\/uploads\/usu1149\/2021\/02\/pdf_icon-150x150.png 150w, https:\/\/serveiseducatius.xtec.cat\/noguera\/wp-content\/uploads\/usu1149\/2021\/02\/pdf_icon.png 225w\" sizes=\"auto, (max-width: 37px) 100vw, 37px\" \/>Manual aplicaci\u00f3 inform\u00e0tica<\/a><\/p>\n<p style=\"font-family: 'Helvetica Neue', Helvetica, Helvetica, Arial, sans-serif; font-size: 16px;\"><a href=\"https:\/\/drive.google.com\/file\/d\/1W3EmZHtfXWtc8URQRc75YfpLIsBzo2lM\/view?usp=sharing\"><img loading=\"lazy\" decoding=\"async\" class=\"alignnone wp-image-10460\" src=\"https:\/\/serveiseducatius.xtec.cat\/noguera\/wp-content\/uploads\/usu1149\/2021\/02\/pdf_icon-150x150.png\" alt=\"\" width=\"37\" height=\"37\" srcset=\"https:\/\/serveiseducatius.xtec.cat\/noguera\/wp-content\/uploads\/usu1149\/2021\/02\/pdf_icon-150x150.png 150w, https:\/\/serveiseducatius.xtec.cat\/noguera\/wp-content\/uploads\/usu1149\/2021\/02\/pdf_icon.png 225w\" sizes=\"auto, (max-width: 37px) 100vw, 37px\" \/><\/a><a href=\"https:\/\/drive.google.com\/file\/d\/1d7KX_FriDteDlFc_xtf0m_MnkhmXCsMz\/view?usp=sharing\">Despla\u00e7ament dels secretaris de les comissions per entregar fulls<\/a><\/p>\n<p style=\"font-family: 'Helvetica Neue', Helvetica, Helvetica, Arial, sans-serif; font-size: 16px;\"><a href=\"https:\/\/drive.google.com\/file\/d\/1W3EmZHtfXWtc8URQRc75YfpLIsBzo2lM\/view?usp=sharing\"><img loading=\"lazy\" decoding=\"async\" class=\"alignnone wp-image-10460\" src=\"https:\/\/serveiseducatius.xtec.cat\/noguera\/wp-content\/uploads\/usu1149\/2021\/02\/pdf_icon-150x150.png\" alt=\"\" width=\"37\" height=\"37\" srcset=\"https:\/\/serveiseducatius.xtec.cat\/noguera\/wp-content\/uploads\/usu1149\/2021\/02\/pdf_icon-150x150.png 150w, https:\/\/serveiseducatius.xtec.cat\/noguera\/wp-content\/uploads\/usu1149\/2021\/02\/pdf_icon.png 225w\" sizes=\"auto, (max-width: 37px) 100vw, 37px\" \/><\/a><a href=\"https:\/\/drive.google.com\/file\/d\/1Cl7d0MgdGosKLJrRovP7T7kmeBPvjQEC\/view?usp=sharing\">Alumnes amb discapacitat visual<\/a><\/p>\n<p style=\"font-family: 'Helvetica Neue', Helvetica, Helvetica, Arial, sans-serif; font-size: 16px;\"><a href=\"https:\/\/drive.google.com\/file\/d\/1W3EmZHtfXWtc8URQRc75YfpLIsBzo2lM\/view?usp=sharing\"><img loading=\"lazy\" decoding=\"async\" class=\"alignnone wp-image-10460\" src=\"https:\/\/serveiseducatius.xtec.cat\/noguera\/wp-content\/uploads\/usu1149\/2021\/02\/pdf_icon-150x150.png\" alt=\"\" width=\"37\" height=\"37\" srcset=\"https:\/\/serveiseducatius.xtec.cat\/noguera\/wp-content\/uploads\/usu1149\/2021\/02\/pdf_icon-150x150.png 150w, https:\/\/serveiseducatius.xtec.cat\/noguera\/wp-content\/uploads\/usu1149\/2021\/02\/pdf_icon.png 225w\" sizes=\"auto, (max-width: 37px) 100vw, 37px\" \/><\/a><a href=\"https:\/\/drive.google.com\/file\/d\/1s6ZIwHpnLqPGMHW5uk0nw2O7176pb4us\/view?usp=sharing\">Alumnes amb discapacitat auditiva<\/a><\/p>\n<p style=\"font-family: 'Helvetica Neue', Helvetica, Helvetica, Arial, sans-serif; font-size: 16px;\"><a href=\"https:\/\/aplicacions.gestioeducativa.gencat.cat\/siteminderagent\/forms\/gicar2021\/loginCorpCmo2021v17.fcc?TYPE=33554433&amp;REALMOID=06-0008efb0-d968-1192-92c3-802b0a340000&amp;GUID=&amp;SMAUTHREASON=0&amp;METHOD=GET&amp;SMAGENTNAME=-SM-JQBOjQHFW32qhaFzfRxvjZBRwb35kvzx9Hh2XI9ZV%2bvTKy0PMQ2oZJVwbVTWDc9d&amp;TARGET=-SM-HTTPS%3a%2f%2faplicacions%2eensenyament%2egencat%2ecat%2fpls%2fapex%2fapex_authentication%2ecallback%3fp_session_id%3d416926037299092%26p_app_id%3d2011002%26p_ajax_identifier%3dMhIOlMs7Gmv--OoggL78PC4TcK1F0Bc1mU0ypvWm65gA%26p_page_id%3d1\"><img loading=\"lazy\" decoding=\"async\" class=\"alignnone wp-image-10508\" src=\"https:\/\/serveiseducatius.xtec.cat\/noguera\/wp-content\/uploads\/usu1149\/2021\/03\/icona_link-1-150x150.png\" alt=\"\" width=\"32\" height=\"32\" srcset=\"https:\/\/serveiseducatius.xtec.cat\/noguera\/wp-content\/uploads\/usu1149\/2021\/03\/icona_link-1-150x150.png 150w, https:\/\/serveiseducatius.xtec.cat\/noguera\/wp-content\/uploads\/usu1149\/2021\/03\/icona_link-1.png 225w\" sizes=\"auto, (max-width: 32px) 100vw, 32px\" \/>\u00a0<\/a><a href=\"https:\/\/aplicacions.gestioeducativa.gencat.cat\/siteminderagent\/forms\/gicar2021\/loginCorpCmo2021v17.fcc?TYPE=33554433&amp;REALMOID=06-0008efb0-d968-1192-92c3-802b0a340000&amp;GUID=&amp;SMAUTHREASON=0&amp;METHOD=GET&amp;SMAGENTNAME=-SM-JQBOjQHFW32qhaFzfRxvjZBRwb35kvzx9Hh2XI9ZV%2bvTKy0PMQ2oZJVwbVTWDc9d&amp;TARGET=-SM-HTTPS%3a%2f%2faplicacions%2eensenyament%2egencat%2ecat%2fpls%2fapex%2fapex_authentication%2ecallback%3fp_session_id%3d416926037299092%26p_app_id%3d2011002%26p_ajax_identifier%3dMhIOlMs7Gmv--OoggL78PC4TcK1F0Bc1mU0ypvWm65gA%26p_page_id%3d1\">Enlla\u00e7 a l&#8217;aplicaci\u00f3 (direccions de centres)<\/a><\/p>\n<p>&nbsp;<\/p>\n<h3>Correcci\u00f3<\/h3>\n<p><a href=\"https:\/\/drive.google.com\/file\/d\/1djpdrQkjUHLi4EiY6WKaOdRsgYzdqReA\/view?usp=sharing\"><img loading=\"lazy\" decoding=\"async\" class=\"alignnone wp-image-10460\" src=\"https:\/\/serveiseducatius.xtec.cat\/noguera\/wp-content\/uploads\/usu1149\/2021\/02\/pdf_icon-150x150.png\" alt=\"\" width=\"37\" height=\"37\" srcset=\"https:\/\/serveiseducatius.xtec.cat\/noguera\/wp-content\/uploads\/usu1149\/2021\/02\/pdf_icon-150x150.png 150w, https:\/\/serveiseducatius.xtec.cat\/noguera\/wp-content\/uploads\/usu1149\/2021\/02\/pdf_icon.png 225w\" sizes=\"auto, (max-width: 37px) 100vw, 37px\" \/><\/a><a href=\"https:\/\/drive.google.com\/file\/d\/1djpdrQkjUHLi4EiY6WKaOdRsgYzdqReA\/view?usp=sharing\">Instruccions i reconeixement personal corrector<\/a><\/p>\n<p><a href=\"https:\/\/drive.google.com\/file\/d\/1W3EmZHtfXWtc8URQRc75YfpLIsBzo2lM\/view?usp=sharing\"><img loading=\"lazy\" decoding=\"async\" class=\"alignnone wp-image-10460\" src=\"https:\/\/serveiseducatius.xtec.cat\/noguera\/wp-content\/uploads\/usu1149\/2021\/02\/pdf_icon-150x150.png\" alt=\"\" width=\"37\" height=\"37\" srcset=\"https:\/\/serveiseducatius.xtec.cat\/noguera\/wp-content\/uploads\/usu1149\/2021\/02\/pdf_icon-150x150.png 150w, https:\/\/serveiseducatius.xtec.cat\/noguera\/wp-content\/uploads\/usu1149\/2021\/02\/pdf_icon.png 225w\" sizes=\"auto, (max-width: 37px) 100vw, 37px\" \/><\/a><a href=\"https:\/\/drive.google.com\/file\/d\/1W3EmZHtfXWtc8URQRc75YfpLIsBzo2lM\/view?usp=sharing\">Pagament als docents correctors<\/a><\/p>\n<p><a href=\"https:\/\/aplicacions.gestioeducativa.gencat.cat\/siteminderagent\/forms\/gicar2021\/loginCorpCmo2021v17.fcc?TYPE=33554433&amp;REALMOID=06-0008efb0-d968-1192-92c3-802b0a340000&amp;GUID=&amp;SMAUTHREASON=0&amp;METHOD=GET&amp;SMAGENTNAME=-SM-JQBOjQHFW32qhaFzfRxvjZBRwb35kvzx9Hh2XI9ZV%2bvTKy0PMQ2oZJVwbVTWDc9d&amp;TARGET=-SM-HTTPS%3a%2f%2faplicacions%2eensenyament%2egencat%2ecat%2fpls%2fapex%2fapex_authentication%2ecallback%3fp_session_id%3d416926037299092%26p_app_id%3d2011002%26p_ajax_identifier%3dMhIOlMs7Gmv--OoggL78PC4TcK1F0Bc1mU0ypvWm65gA%26p_page_id%3d1\"><img loading=\"lazy\" decoding=\"async\" class=\"alignnone wp-image-10508\" src=\"https:\/\/serveiseducatius.xtec.cat\/noguera\/wp-content\/uploads\/usu1149\/2021\/03\/icona_link-1-150x150.png\" alt=\"\" width=\"32\" height=\"32\" srcset=\"https:\/\/serveiseducatius.xtec.cat\/noguera\/wp-content\/uploads\/usu1149\/2021\/03\/icona_link-1-150x150.png 150w, https:\/\/serveiseducatius.xtec.cat\/noguera\/wp-content\/uploads\/usu1149\/2021\/03\/icona_link-1.png 225w\" sizes=\"auto, (max-width: 32px) 100vw, 32px\" \/><\/a><a href=\"http:\/\/consaval.cat\/correctors\/\"> Informaci\u00f3 complement\u00e0ria per persones correctores<\/a><\/p>\n<p><a href=\"https:\/\/aplicacions.gestioeducativa.gencat.cat\/siteminderagent\/forms\/gicar2021\/loginCorpCmo2021v17.fcc?TYPE=33554433&amp;REALMOID=06-0008efb0-d968-1192-92c3-802b0a340000&amp;GUID=&amp;SMAUTHREASON=0&amp;METHOD=GET&amp;SMAGENTNAME=-SM-JQBOjQHFW32qhaFzfRxvjZBRwb35kvzx9Hh2XI9ZV%2bvTKy0PMQ2oZJVwbVTWDc9d&amp;TARGET=-SM-HTTPS%3a%2f%2faplicacions%2eensenyament%2egencat%2ecat%2fpls%2fapex%2fapex_authentication%2ecallback%3fp_session_id%3d416926037299092%26p_app_id%3d2011002%26p_ajax_identifier%3dMhIOlMs7Gmv--OoggL78PC4TcK1F0Bc1mU0ypvWm65gA%26p_page_id%3d1\"><img loading=\"lazy\" decoding=\"async\" class=\"alignnone wp-image-10508\" src=\"https:\/\/serveiseducatius.xtec.cat\/noguera\/wp-content\/uploads\/usu1149\/2021\/03\/icona_link-1-150x150.png\" alt=\"\" width=\"32\" height=\"32\" srcset=\"https:\/\/serveiseducatius.xtec.cat\/noguera\/wp-content\/uploads\/usu1149\/2021\/03\/icona_link-1-150x150.png 150w, https:\/\/serveiseducatius.xtec.cat\/noguera\/wp-content\/uploads\/usu1149\/2021\/03\/icona_link-1.png 225w\" sizes=\"auto, (max-width: 32px) 100vw, 32px\" \/> <\/a><a href=\"https:\/\/www2.complet.es\/engine\/P170062JRVY\">Enlla\u00e7 a l&#8217;aplicaci\u00f3 de correcci\u00f3 DEMO<\/a>\u00a0<em>(usuaris\/clau dANG, sCAS, dCAT, dMATR, dCIE)<\/em><\/p>\n<p><a href=\"https:\/\/drive.google.com\/file\/d\/1W3EmZHtfXWtc8URQRc75YfpLIsBzo2lM\/view?usp=sharing\"><img loading=\"lazy\" decoding=\"async\" class=\"alignnone wp-image-10460\" src=\"https:\/\/serveiseducatius.xtec.cat\/noguera\/wp-content\/uploads\/usu1149\/2021\/02\/pdf_icon-150x150.png\" alt=\"\" width=\"37\" height=\"37\" srcset=\"https:\/\/serveiseducatius.xtec.cat\/noguera\/wp-content\/uploads\/usu1149\/2021\/02\/pdf_icon-150x150.png 150w, https:\/\/serveiseducatius.xtec.cat\/noguera\/wp-content\/uploads\/usu1149\/2021\/02\/pdf_icon.png 225w\" sizes=\"auto, (max-width: 37px) 100vw, 37px\" \/><\/a><a href=\"https:\/\/drive.google.com\/file\/d\/1EBqaienIo5YtGvUppiH12BsCsl5kkTY9\/view?usp=sharing\">Criteris\u00a0 de correcci\u00f3 ANG<\/a><\/p>\n<p><a href=\"https:\/\/drive.google.com\/file\/d\/1W3EmZHtfXWtc8URQRc75YfpLIsBzo2lM\/view?usp=sharing\"><img loading=\"lazy\" decoding=\"async\" class=\"alignnone wp-image-10460\" src=\"https:\/\/serveiseducatius.xtec.cat\/noguera\/wp-content\/uploads\/usu1149\/2021\/02\/pdf_icon-150x150.png\" alt=\"\" width=\"37\" height=\"37\" srcset=\"https:\/\/serveiseducatius.xtec.cat\/noguera\/wp-content\/uploads\/usu1149\/2021\/02\/pdf_icon-150x150.png 150w, https:\/\/serveiseducatius.xtec.cat\/noguera\/wp-content\/uploads\/usu1149\/2021\/02\/pdf_icon.png 225w\" sizes=\"auto, (max-width: 37px) 100vw, 37px\" \/><\/a><a href=\"https:\/\/drive.google.com\/file\/d\/1b9ngaYRn9IPsMS6nfmG46zO5cQTBRXyo\/view?usp=sharing\">Criteris de correcci\u00f3 CAT-CAST<\/a><\/p>\n<p><a href=\"https:\/\/drive.google.com\/file\/d\/1W3EmZHtfXWtc8URQRc75YfpLIsBzo2lM\/view?usp=sharing\"><img loading=\"lazy\" decoding=\"async\" class=\"alignnone wp-image-10460\" src=\"https:\/\/serveiseducatius.xtec.cat\/noguera\/wp-content\/uploads\/usu1149\/2021\/02\/pdf_icon-150x150.png\" alt=\"\" width=\"37\" height=\"37\" srcset=\"https:\/\/serveiseducatius.xtec.cat\/noguera\/wp-content\/uploads\/usu1149\/2021\/02\/pdf_icon-150x150.png 150w, https:\/\/serveiseducatius.xtec.cat\/noguera\/wp-content\/uploads\/usu1149\/2021\/02\/pdf_icon.png 225w\" sizes=\"auto, (max-width: 37px) 100vw, 37px\" \/><\/a><a href=\"https:\/\/drive.google.com\/file\/d\/1vUH3ruYQ8vdviheFTJ1pY9DLCY3-K3EN\/view?usp=sharing\">Criteris de correcci\u00f3 MAT<\/a><\/p>\n<p><a href=\"https:\/\/drive.google.com\/file\/d\/1W3EmZHtfXWtc8URQRc75YfpLIsBzo2lM\/view?usp=sharing\"><img loading=\"lazy\" decoding=\"async\" class=\"alignnone wp-image-10460\" src=\"https:\/\/serveiseducatius.xtec.cat\/noguera\/wp-content\/uploads\/usu1149\/2021\/02\/pdf_icon-150x150.png\" alt=\"\" width=\"37\" height=\"37\" srcset=\"https:\/\/serveiseducatius.xtec.cat\/noguera\/wp-content\/uploads\/usu1149\/2021\/02\/pdf_icon-150x150.png 150w, https:\/\/serveiseducatius.xtec.cat\/noguera\/wp-content\/uploads\/usu1149\/2021\/02\/pdf_icon.png 225w\" sizes=\"auto, (max-width: 37px) 100vw, 37px\" \/><\/a><a href=\"https:\/\/drive.google.com\/file\/d\/1yZhVvYQmO8hz5wOkuic8N0PCROM8u_tE\/view?usp=sharing\">Criteris de correcci\u00f3 CIE<\/a><\/p>\n","protected":false},"excerpt":{"rendered":"<p>(*) Per informacions actualitzades, \u00e9s recomanable consultar el web oficial del Consell Superior d&#8217;Avaluaci\u00f3. Aquesta p\u00e0gina no hi est\u00e0 directament vinculada i solament \u00e9s informativa. Proves 2022 Aplicaci\u00f3 Data i hora Prova Dia 2 de 09.00 a 10.00h Llengua catalana Dia 2 de 10.00 a 11.00h Matem\u00e0tiques dia 2 de 11.00 a 11.30h Descans Dia [&hellip;]<\/p>\n","protected":false},"author":28,"featured_media":0,"parent":906,"menu_order":0,"comment_status":"closed","ping_status":"closed","template":"page-templates\/side-menu.php","meta":{"_bbp_topic_count":0,"_bbp_reply_count":0,"_bbp_total_topic_count":0,"_bbp_total_reply_count":0,"_bbp_voice_count":0,"_bbp_anonymous_reply_count":0,"_bbp_topic_count_hidden":0,"_bbp_reply_count_hidden":0,"_bbp_forum_subforum_count":0,"site-sidebar-layout":"default","site-content-layout":"","ast-site-content-layout":"","site-content-style":"default","site-sidebar-style":"default","ast-global-header-display":"","ast-banner-title-visibility":"","ast-main-header-display":"","ast-hfb-above-header-display":"","ast-hfb-below-header-display":"","ast-hfb-mobile-header-display":"","site-post-title":"","ast-breadcrumbs-content":"","ast-featured-img":"","footer-sml-layout":"","theme-transparent-header-meta":"","adv-header-id-meta":"","stick-header-meta":"","header-above-stick-meta":"","header-main-stick-meta":"","header-below-stick-meta":"","astra-migrate-meta-layouts":"default","ast-page-background-enabled":"default","ast-page-background-meta":{"desktop":{"background-color":"var(--ast-global-color-4)","background-image":"","background-repeat":"repeat","background-position":"center center","background-size":"auto","background-attachment":"scroll","background-type":"","background-media":"","overlay-type":"","overlay-color":"","overlay-opacity":"","overlay-gradient":""},"tablet":{"background-color":"","background-image":"","background-repeat":"repeat","background-position":"center center","background-size":"auto","background-attachment":"scroll","background-type":"","background-media":"","overlay-type":"","overlay-color":"","overlay-opacity":"","overlay-gradient":""},"mobile":{"background-color":"","background-image":"","background-repeat":"repeat","background-position":"center center","background-size":"auto","background-attachment":"scroll","background-type":"","background-media":"","overlay-type":"","overlay-color":"","overlay-opacity":"","overlay-gradient":""}},"ast-content-background-meta":{"desktop":{"background-color":"var(--ast-global-color-5)","background-image":"","background-repeat":"repeat","background-position":"center center","background-size":"auto","background-attachment":"scroll","background-type":"","background-media":"","overlay-type":"","overlay-color":"","overlay-opacity":"","overlay-gradient":""},"tablet":{"background-color":"var(--ast-global-color-5)","background-image":"","background-repeat":"repeat","background-position":"center center","background-size":"auto","background-attachment":"scroll","background-type":"","background-media":"","overlay-type":"","overlay-color":"","overlay-opacity":"","overlay-gradient":""},"mobile":{"background-color":"var(--ast-global-color-5)","background-image":"","background-repeat":"repeat","background-position":"center center","background-size":"auto","background-attachment":"scroll","background-type":"","background-media":"","overlay-type":"","overlay-color":"","overlay-opacity":"","overlay-gradient":""}},"footnotes":""},"class_list":["post-10496","page","type-page","status-publish","hentry"],"post_mailing_queue_ids":[],"_links":{"self":[{"href":"https:\/\/serveiseducatius.xtec.cat\/noguera\/wp-json\/wp\/v2\/pages\/10496","targetHints":{"allow":["GET"]}}],"collection":[{"href":"https:\/\/serveiseducatius.xtec.cat\/noguera\/wp-json\/wp\/v2\/pages"}],"about":[{"href":"https:\/\/serveiseducatius.xtec.cat\/noguera\/wp-json\/wp\/v2\/types\/page"}],"author":[{"embeddable":true,"href":"https:\/\/serveiseducatius.xtec.cat\/noguera\/wp-json\/wp\/v2\/users\/28"}],"replies":[{"embeddable":true,"href":"https:\/\/serveiseducatius.xtec.cat\/noguera\/wp-json\/wp\/v2\/comments?post=10496"}],"version-history":[{"count":4,"href":"https:\/\/serveiseducatius.xtec.cat\/noguera\/wp-json\/wp\/v2\/pages\/10496\/revisions"}],"predecessor-version":[{"id":11527,"href":"https:\/\/serveiseducatius.xtec.cat\/noguera\/wp-json\/wp\/v2\/pages\/10496\/revisions\/11527"}],"up":[{"embeddable":true,"href":"https:\/\/serveiseducatius.xtec.cat\/noguera\/wp-json\/wp\/v2\/pages\/906"}],"wp:attachment":[{"href":"https:\/\/serveiseducatius.xtec.cat\/noguera\/wp-json\/wp\/v2\/media?parent=10496"}],"curies":[{"name":"wp","href":"https:\/\/api.w.org\/{rel}","templated":true}]}}