{"id":10286,"date":"2020-10-26T08:22:49","date_gmt":"2020-10-26T07:22:49","guid":{"rendered":"http:\/\/serveiseducatius.xtec.cat\/noguera\/?page_id=10286"},"modified":"2020-10-26T17:51:24","modified_gmt":"2020-10-26T16:51:24","slug":"refugi-2018-2019-2","status":"publish","type":"page","link":"https:\/\/serveiseducatius.xtec.cat\/noguera\/refugi-llavors-noguera\/refugi-2018-2019-2\/","title":{"rendered":"Refugi 2018-2019"},"content":{"rendered":"<table style=\"height: 29px; background-color: #121010;\" width=\"1090\">\n<tbody>\n<tr>\n<td style=\"width: 1084px;\">\n<h3><span style=\"color: #ffffff;\"><strong>Curs 2018-2019<\/strong><\/span><\/h3>\n<\/td>\n<\/tr>\n<\/tbody>\n<\/table>\n<h5>Compartim l&#8217;experi\u00e8ncia amb els espinacs<\/h5>\n<p><iframe loading=\"lazy\" src=\"https:\/\/docs.google.com\/presentation\/d\/e\/2PACX-1vTL7gcZspYsnZRREePSEubbQPo3TQlzzJ_SVeEC0fP_eMCUcvBRWGZKNrAjUokY4_IQYDXo_PyNPSJJ\/embed?start=false&amp;loop=false&amp;delayms=3000\" width=\"600\" height=\"366\" frameborder=\"0\"><\/iframe><\/p>\n<h5>Cartell del Dia mundial del medi ambient 2019<\/h5>\n<p>Accediu al <a href=\"http:\/\/serveiseducatius.xtec.cat\/noguera\/general\/dia-mundial-del-medi-ambient\/\" target=\"_blank\" rel=\"noopener noreferrer\">resum d&#8217;activitats i a la galeria d&#8217;imatges<\/a> de la jornada.<\/p>\n<p><a href=\"https:\/\/photos.app.goo.gl\/PFk3RBiHi8PwSViB9\" target=\"_blank\" rel=\"noopener noreferrer\"><img loading=\"lazy\" decoding=\"async\" class=\"aligncenter\" src=\"https:\/\/serveiseducatius.xtec.cat\/noguera\/wp-content\/uploads\/usu1149\/2019\/05\/Cartell-refugi-llavors-2019.jpg\" alt=\"\" width=\"424\" height=\"598\" \/><\/a><\/p>\n<p><strong>SESSI\u00d3 2. Com va la feina i qu\u00e8 fem amb l&#8217;hort de primavera<\/strong><\/p>\n<p><iframe loading=\"lazy\" src=\"https:\/\/docs.google.com\/presentation\/d\/e\/2PACX-1vRWCMsu4CtO3pxB4sFGramn2d00Jgp-D2IqBEK9y4W5ONCGqMna3EBDF_n260PRYQ\/embed?start=false&amp;loop=false&amp;delayms=3000\" width=\"600\" height=\"366\" frameborder=\"0\"><\/iframe><\/p>\n<p>Per consultar:<\/p>\n<ul>\n<li><a href=\"https:\/\/www.fundaciocatalunya-lapedrera.com\/sites\/default\/files\/poster_remeieres_baixa_0.pdf\" target=\"_blank\" rel=\"noopener noreferrer\">Plantes arom\u00e0tiques i remeieres dels Pa\u00efsos Catalans<\/a> (L\u00e0mina PDF)<\/li>\n<li><a href=\"http:\/\/mediambient.gencat.cat\/ca\/05_ambits_dactuacio\/educacio_i_sostenibilitat\/educacio_per_a_la_sostenibilitat\/suport_educatiu\/recursos_educatius\/\" target=\"_blank\" rel=\"noopener noreferrer\">Recursos de suport educatiu en Educaci\u00f3 per a la sostenibilitat<\/a> (XTEC)<\/li>\n<\/ul>\n<p><strong>SESSI\u00d3 1. Reprenem l&#8217;activitat: <a title=\"Refugi de llavors de la Noguera 2017 2018\" href=\"https:\/\/www.slideshare.net\/secret\/1gotcmUdbVDsTP\" target=\"_blank\" rel=\"noopener noreferrer\">Refugi de llavors de la Noguera 2018 2019<\/a><\/strong><\/p>\n<p><iframe loading=\"lazy\" src=\"\/\/www.slideshare.net\/slideshow\/embed_code\/key\/1gotcmUdbVDsTP\" width=\"595\" height=\"485\" frameborder=\"0\"> <\/iframe><\/p>\n","protected":false},"excerpt":{"rendered":"<p>Curs 2018-2019 Compartim l&#8217;experi\u00e8ncia amb els espinacs Cartell del Dia mundial del medi ambient 2019 Accediu al resum d&#8217;activitats i a la galeria d&#8217;imatges de la jornada. SESSI\u00d3 2. Com va la feina i qu\u00e8 fem amb l&#8217;hort de primavera Per consultar: Plantes arom\u00e0tiques i remeieres dels Pa\u00efsos Catalans (L\u00e0mina PDF) Recursos de suport educatiu [&hellip;]<\/p>\n","protected":false},"author":1,"featured_media":0,"parent":8991,"menu_order":30,"comment_status":"closed","ping_status":"closed","template":"page-templates\/side-menu.php","meta":{"_bbp_topic_count":0,"_bbp_reply_count":0,"_bbp_total_topic_count":0,"_bbp_total_reply_count":0,"_bbp_voice_count":0,"_bbp_anonymous_reply_count":0,"_bbp_topic_count_hidden":0,"_bbp_reply_count_hidden":0,"_bbp_forum_subforum_count":0,"site-sidebar-layout":"default","site-content-layout":"","ast-site-content-layout":"","site-content-style":"default","site-sidebar-style":"default","ast-global-header-display":"","ast-banner-title-visibility":"","ast-main-header-display":"","ast-hfb-above-header-display":"","ast-hfb-below-header-display":"","ast-hfb-mobile-header-display":"","site-post-title":"","ast-breadcrumbs-content":"","ast-featured-img":"","footer-sml-layout":"","theme-transparent-header-meta":"","adv-header-id-meta":"","stick-header-meta":"","header-above-stick-meta":"","header-main-stick-meta":"","header-below-stick-meta":"","astra-migrate-meta-layouts":"default","ast-page-background-enabled":"default","ast-page-background-meta":{"desktop":{"background-color":"var(--ast-global-color-4)","background-image":"","background-repeat":"repeat","background-position":"center center","background-size":"auto","background-attachment":"scroll","background-type":"","background-media":"","overlay-type":"","overlay-color":"","overlay-opacity":"","overlay-gradient":""},"tablet":{"background-color":"","background-image":"","background-repeat":"repeat","background-position":"center center","background-size":"auto","background-attachment":"scroll","background-type":"","background-media":"","overlay-type":"","overlay-color":"","overlay-opacity":"","overlay-gradient":""},"mobile":{"background-color":"","background-image":"","background-repeat":"repeat","background-position":"center center","background-size":"auto","background-attachment":"scroll","background-type":"","background-media":"","overlay-type":"","overlay-color":"","overlay-opacity":"","overlay-gradient":""}},"ast-content-background-meta":{"desktop":{"background-color":"var(--ast-global-color-5)","background-image":"","background-repeat":"repeat","background-position":"center center","background-size":"auto","background-attachment":"scroll","background-type":"","background-media":"","overlay-type":"","overlay-color":"","overlay-opacity":"","overlay-gradient":""},"tablet":{"background-color":"var(--ast-global-color-5)","background-image":"","background-repeat":"repeat","background-position":"center center","background-size":"auto","background-attachment":"scroll","background-type":"","background-media":"","overlay-type":"","overlay-color":"","overlay-opacity":"","overlay-gradient":""},"mobile":{"background-color":"var(--ast-global-color-5)","background-image":"","background-repeat":"repeat","background-position":"center center","background-size":"auto","background-attachment":"scroll","background-type":"","background-media":"","overlay-type":"","overlay-color":"","overlay-opacity":"","overlay-gradient":""}},"footnotes":""},"class_list":["post-10286","page","type-page","status-publish","hentry"],"post_mailing_queue_ids":[],"_links":{"self":[{"href":"https:\/\/serveiseducatius.xtec.cat\/noguera\/wp-json\/wp\/v2\/pages\/10286","targetHints":{"allow":["GET"]}}],"collection":[{"href":"https:\/\/serveiseducatius.xtec.cat\/noguera\/wp-json\/wp\/v2\/pages"}],"about":[{"href":"https:\/\/serveiseducatius.xtec.cat\/noguera\/wp-json\/wp\/v2\/types\/page"}],"author":[{"embeddable":true,"href":"https:\/\/serveiseducatius.xtec.cat\/noguera\/wp-json\/wp\/v2\/users\/1"}],"replies":[{"embeddable":true,"href":"https:\/\/serveiseducatius.xtec.cat\/noguera\/wp-json\/wp\/v2\/comments?post=10286"}],"version-history":[{"count":2,"href":"https:\/\/serveiseducatius.xtec.cat\/noguera\/wp-json\/wp\/v2\/pages\/10286\/revisions"}],"predecessor-version":[{"id":10296,"href":"https:\/\/serveiseducatius.xtec.cat\/noguera\/wp-json\/wp\/v2\/pages\/10286\/revisions\/10296"}],"up":[{"embeddable":true,"href":"https:\/\/serveiseducatius.xtec.cat\/noguera\/wp-json\/wp\/v2\/pages\/8991"}],"wp:attachment":[{"href":"https:\/\/serveiseducatius.xtec.cat\/noguera\/wp-json\/wp\/v2\/media?parent=10286"}],"curies":[{"name":"wp","href":"https:\/\/api.w.org\/{rel}","templated":true}]}}