{"id":10263,"date":"2020-10-24T09:48:40","date_gmt":"2020-10-24T07:48:40","guid":{"rendered":"http:\/\/serveiseducatius.xtec.cat\/noguera\/?page_id=10263"},"modified":"2022-03-07T17:23:57","modified_gmt":"2022-03-07T16:23:57","slug":"refugi-2019-2020","status":"publish","type":"page","link":"https:\/\/serveiseducatius.xtec.cat\/noguera\/refugi-llavors-noguera\/refugi-2019-2020\/","title":{"rendered":"Refugi 2019-2020"},"content":{"rendered":"<table style=\"height: 29px; background-color: #121010;\" width=\"1090\">\n<tbody>\n<tr>\n<td style=\"width: 1084px;\">\n<h3><span style=\"color: #ffffff;\"><strong>Curs 2019-2020<\/strong><\/span><\/h3>\n<\/td>\n<\/tr>\n<\/tbody>\n<\/table>\n<p><strong>Compartim materials de tancament de curs<\/strong><\/p>\n<p><a href=\"https:\/\/showyourstripes.info\/\" target=\"_blank\" rel=\"noopener noreferrer\"><strong>La nostra banda d\u2019escalfament<\/strong><\/a>.\u00a0Aquests gr\u00e0fics de \u201cbanda d\u2019escalfament\u201d s\u00f3n representacions visuals del canvi de temperatura mesurat a cada pa\u00eds durant els darrers 100 anys. Cada banda representa la temperatura d&#8217;aquest pa\u00eds en una mitjana d&#8217;un any. Per a la majoria de pa\u00efsos, les ratlles comencen l\u2019any 1901 i acaben el 2019. Per a les conques oce\u00e0niques i per a diversos pa\u00efsos amb conjunts de dades m\u00e9s llargs, les ratlles comencen al segle XIX. Per a dues ciutats (Estocolm i Viena), les dades s\u2019inicien al segle XVIII.<\/p>\n<p><a href=\"https:\/\/showyourstripes.info\/\"><img loading=\"lazy\" decoding=\"async\" class=\"aligncenter wp-image-10200\" src=\"https:\/\/serveiseducatius.xtec.cat\/noguera\/wp-content\/uploads\/usu1149\/2020\/06\/stripes_EUROPE-Spain-1901-2019-BK-withlabels.png\" alt=\"\" width=\"521\" height=\"293\" srcset=\"https:\/\/serveiseducatius.xtec.cat\/noguera\/wp-content\/uploads\/usu1149\/2020\/06\/stripes_EUROPE-Spain-1901-2019-BK-withlabels.png 3780w, https:\/\/serveiseducatius.xtec.cat\/noguera\/wp-content\/uploads\/usu1149\/2020\/06\/stripes_EUROPE-Spain-1901-2019-BK-withlabels-300x169.png 300w, https:\/\/serveiseducatius.xtec.cat\/noguera\/wp-content\/uploads\/usu1149\/2020\/06\/stripes_EUROPE-Spain-1901-2019-BK-withlabels-768x432.png 768w, https:\/\/serveiseducatius.xtec.cat\/noguera\/wp-content\/uploads\/usu1149\/2020\/06\/stripes_EUROPE-Spain-1901-2019-BK-withlabels-1024x576.png 1024w\" sizes=\"auto, (max-width: 521px) 100vw, 521px\" \/><\/a><\/p>\n<p><a href=\"http:\/\/bit.ly\/climatechangeignorancetest\" target=\"_blank\" rel=\"noopener noreferrer\"><strong>Test d\u2019ignor\u00e0ncia en canvi clim\u00e0tic<\/strong><\/a>. Tes en angl\u00e8s amb les preguntes clau sobre els conceptes que podem tenir mal entesos pel que fa al canvi clim\u00e0tic i l&#8217;escalfament global.<\/p>\n<p><a href=\"https:\/\/climatekids.nasa.gov\/menu\/play\/\" target=\"_blank\" rel=\"noopener noreferrer\"><strong>Materials de la NASA<\/strong><\/a> (en angl\u00e8s). Materials, jocs i recursos de l&#8217;ag\u00e8ncia espacial americana referents al canvi clim\u00e0tic, recursos naturals i energies sostenibles.<\/p>\n<h3>Dia mundial del Medi ambient<\/h3>\n<p>Malgrat el m\u00f3n estigui confinat, el dia 5 de juny us proposem clebrar-lo com sempre, amb tallers creatius basats en el reciclatge, la sostenibilitat i la cura de l&#8217;entorn.<\/p>\n<p><a href=\"https:\/\/sites.google.com\/xtec.cat\/propostes-noguera\/medi-ambient\" target=\"_blank\" rel=\"noopener\"><img loading=\"lazy\" decoding=\"async\" class=\"aligncenter wp-image-11492\" src=\"https:\/\/serveiseducatius.xtec.cat\/noguera\/wp-content\/uploads\/usu1149\/2022\/03\/instagram_crpnoguera.jpg\" alt=\"\" width=\"336\" height=\"337\" srcset=\"https:\/\/serveiseducatius.xtec.cat\/noguera\/wp-content\/uploads\/usu1149\/2022\/03\/instagram_crpnoguera.jpg 844w, https:\/\/serveiseducatius.xtec.cat\/noguera\/wp-content\/uploads\/usu1149\/2022\/03\/instagram_crpnoguera-300x300.jpg 300w, https:\/\/serveiseducatius.xtec.cat\/noguera\/wp-content\/uploads\/usu1149\/2022\/03\/instagram_crpnoguera-150x150.jpg 150w, https:\/\/serveiseducatius.xtec.cat\/noguera\/wp-content\/uploads\/usu1149\/2022\/03\/instagram_crpnoguera-768x768.jpg 768w\" sizes=\"auto, (max-width: 336px) 100vw, 336px\" \/><\/a><\/p>\n<h3><strong>Presentaci\u00f3 de la segona sessi\u00f3<\/strong><br \/>\n<iframe loading=\"lazy\" src=\"https:\/\/docs.google.com\/presentation\/d\/e\/2PACX-1vQdsPFGk66QA9IRxw7_mDSThTA3H-Uk1LdHBpg9Lpec7ROePCnfZYTXsTw-kXhhkvlKQ14iJtZVANM9\/embed?start=false&amp;loop=false&amp;delayms=3000\" width=\"600\" height=\"366\" frameborder=\"0\"><\/iframe><\/h3>\n<p>Descarregueu la <a href=\"https:\/\/drive.google.com\/file\/d\/1K3S7MOGuXKKhcDYvR4DuSbd9k3kzP0Jj\/view?usp=sharing\" target=\"_blank\" rel=\"noopener noreferrer\">Plantilla per a la fitxa de cultiu<\/a> (per al dia mundial del media ambient 2020)<\/p>\n<h3><strong>Presentaci\u00f3 de la primera sessi\u00f3<\/strong><br \/>\n<iframe loading=\"lazy\" src=\"https:\/\/docs.google.com\/presentation\/d\/e\/2PACX-1vSdBP34qiaRALa1YgMtuO-5R1JISQB07SjTpD9NPvR3CuSLhqdZGpkSCaF1YczPMQ\/embed?start=false&amp;loop=false&amp;delayms=3000\" width=\"600\" height=\"366\" frameborder=\"0\"><\/iframe><\/h3>\n","protected":false},"excerpt":{"rendered":"<p>Curs 2019-2020 Compartim materials de tancament de curs La nostra banda d\u2019escalfament.\u00a0Aquests gr\u00e0fics de \u201cbanda d\u2019escalfament\u201d s\u00f3n representacions visuals del canvi de temperatura mesurat a cada pa\u00eds durant els darrers 100 anys. Cada banda representa la temperatura d&#8217;aquest pa\u00eds en una mitjana d&#8217;un any. Per a la majoria de pa\u00efsos, les ratlles comencen l\u2019any 1901 [&hellip;]<\/p>\n","protected":false},"author":1,"featured_media":0,"parent":8991,"menu_order":20,"comment_status":"closed","ping_status":"closed","template":"page-templates\/side-menu.php","meta":{"_bbp_topic_count":0,"_bbp_reply_count":0,"_bbp_total_topic_count":0,"_bbp_total_reply_count":0,"_bbp_voice_count":0,"_bbp_anonymous_reply_count":0,"_bbp_topic_count_hidden":0,"_bbp_reply_count_hidden":0,"_bbp_forum_subforum_count":0,"site-sidebar-layout":"default","site-content-layout":"","ast-site-content-layout":"","site-content-style":"default","site-sidebar-style":"default","ast-global-header-display":"","ast-banner-title-visibility":"","ast-main-header-display":"","ast-hfb-above-header-display":"","ast-hfb-below-header-display":"","ast-hfb-mobile-header-display":"","site-post-title":"","ast-breadcrumbs-content":"","ast-featured-img":"","footer-sml-layout":"","theme-transparent-header-meta":"","adv-header-id-meta":"","stick-header-meta":"","header-above-stick-meta":"","header-main-stick-meta":"","header-below-stick-meta":"","astra-migrate-meta-layouts":"default","ast-page-background-enabled":"default","ast-page-background-meta":{"desktop":{"background-color":"var(--ast-global-color-4)","background-image":"","background-repeat":"repeat","background-position":"center center","background-size":"auto","background-attachment":"scroll","background-type":"","background-media":"","overlay-type":"","overlay-color":"","overlay-opacity":"","overlay-gradient":""},"tablet":{"background-color":"","background-image":"","background-repeat":"repeat","background-position":"center center","background-size":"auto","background-attachment":"scroll","background-type":"","background-media":"","overlay-type":"","overlay-color":"","overlay-opacity":"","overlay-gradient":""},"mobile":{"background-color":"","background-image":"","background-repeat":"repeat","background-position":"center center","background-size":"auto","background-attachment":"scroll","background-type":"","background-media":"","overlay-type":"","overlay-color":"","overlay-opacity":"","overlay-gradient":""}},"ast-content-background-meta":{"desktop":{"background-color":"var(--ast-global-color-5)","background-image":"","background-repeat":"repeat","background-position":"center center","background-size":"auto","background-attachment":"scroll","background-type":"","background-media":"","overlay-type":"","overlay-color":"","overlay-opacity":"","overlay-gradient":""},"tablet":{"background-color":"var(--ast-global-color-5)","background-image":"","background-repeat":"repeat","background-position":"center center","background-size":"auto","background-attachment":"scroll","background-type":"","background-media":"","overlay-type":"","overlay-color":"","overlay-opacity":"","overlay-gradient":""},"mobile":{"background-color":"var(--ast-global-color-5)","background-image":"","background-repeat":"repeat","background-position":"center center","background-size":"auto","background-attachment":"scroll","background-type":"","background-media":"","overlay-type":"","overlay-color":"","overlay-opacity":"","overlay-gradient":""}},"footnotes":""},"class_list":["post-10263","page","type-page","status-publish","hentry"],"post_mailing_queue_ids":[],"_links":{"self":[{"href":"https:\/\/serveiseducatius.xtec.cat\/noguera\/wp-json\/wp\/v2\/pages\/10263","targetHints":{"allow":["GET"]}}],"collection":[{"href":"https:\/\/serveiseducatius.xtec.cat\/noguera\/wp-json\/wp\/v2\/pages"}],"about":[{"href":"https:\/\/serveiseducatius.xtec.cat\/noguera\/wp-json\/wp\/v2\/types\/page"}],"author":[{"embeddable":true,"href":"https:\/\/serveiseducatius.xtec.cat\/noguera\/wp-json\/wp\/v2\/users\/1"}],"replies":[{"embeddable":true,"href":"https:\/\/serveiseducatius.xtec.cat\/noguera\/wp-json\/wp\/v2\/comments?post=10263"}],"version-history":[{"count":3,"href":"https:\/\/serveiseducatius.xtec.cat\/noguera\/wp-json\/wp\/v2\/pages\/10263\/revisions"}],"predecessor-version":[{"id":11493,"href":"https:\/\/serveiseducatius.xtec.cat\/noguera\/wp-json\/wp\/v2\/pages\/10263\/revisions\/11493"}],"up":[{"embeddable":true,"href":"https:\/\/serveiseducatius.xtec.cat\/noguera\/wp-json\/wp\/v2\/pages\/8991"}],"wp:attachment":[{"href":"https:\/\/serveiseducatius.xtec.cat\/noguera\/wp-json\/wp\/v2\/media?parent=10263"}],"curies":[{"name":"wp","href":"https:\/\/api.w.org\/{rel}","templated":true}]}}