{"id":8545,"date":"2025-02-13T12:34:39","date_gmt":"2025-02-13T11:34:39","guid":{"rendered":"https:\/\/serveiseducatius.xtec.cat\/mvo\/?page_id=8545"},"modified":"2025-07-21T10:47:48","modified_gmt":"2025-07-21T08:47:48","slug":"programes-dinnovacio","status":"publish","type":"page","link":"https:\/\/serveiseducatius.xtec.cat\/mvo\/programes-dinnovacio\/","title":{"rendered":"Programes d&#8217;innovaci\u00f3"},"content":{"rendered":"<p><strong>Informaci\u00f3 dels programes d&#8217;innovaci\u00f3 impulsats pel Departament d&#8217;Educaci\u00f3 i Formaci\u00f3 Professional. Curs 2025-26.<\/strong><\/p>\n<ul>\n<li><a href=\"https:\/\/espai.educacio.gencat.cat\/Centres\/Innovacio-pedagogica\/Programes\/aquiproubullying\/Pagines\/default.aspx\" target=\"_blank\" rel=\"noopener\">#aquiprobullying<\/a><\/li>\n<li><a href=\"https:\/\/espai.educacio.gencat.cat\/Centres\/Innovacio-pedagogica\/Programes\/AraArt\/Pagines\/default.aspx\" target=\"_blank\" rel=\"noopener\">araArt<\/a><\/li>\n<li><a href=\"https:\/\/espai.educacio.gencat.cat\/Centres\/Innovacio-pedagogica\/Programes\/Centres-referents-educacio-inclusiva\/Pagines\/default.aspx\" target=\"_blank\" rel=\"noopener\">Centres Referents en Educaci\u00f3 Inclusiva<\/a><\/li>\n<li><a href=\"https:\/\/espai.educacio.gencat.cat\/Centres\/Innovacio-pedagogica\/Programes\/xarxa-comunitats\/Pagines\/default.aspx\" target=\"_blank\" rel=\"noopener\">Comunitats d&#8217;Aprenentatge<\/a><\/li>\n<li><a href=\"https:\/\/espai.educacio.gencat.cat\/Centres\/Innovacio-pedagogica\/Programes\/CEE-CEEPSIR\/Pagines\/default.aspx\" target=\"_blank\" rel=\"noopener\">De CEE a CEEPSIR<\/a><\/li>\n<li><a href=\"https:\/\/espai.educacio.gencat.cat\/Centres\/Innovacio-pedagogica\/Programes\/Enfocament-Restauratiu-Global\/Pagines\/default.aspx\" target=\"_blank\" rel=\"noopener\">Enfocament Restauratiu Global<\/a><\/li>\n<li><a href=\"https:\/\/espai.educacio.gencat.cat\/Centres\/Innovacio-pedagogica\/Programes\/Escoles-Tandem\/Pagines\/default.aspx\" target=\"_blank\" rel=\"noopener\">Escoles T\u00c0NDEM<\/a><\/li>\n<li><a href=\"https:\/\/espai.educacio.gencat.cat\/Centres\/Innovacio-pedagogica\/Programes\/Fes-el-clic\/Pagines\/default.aspx\" target=\"_blank\" rel=\"noopener\">Fes el Clic<\/a><\/li>\n<li><a href=\"https:\/\/espai.educacio.gencat.cat\/Centres\/Innovacio-pedagogica\/Programes\/magnet\/Pagines\/default.aspx\" target=\"_blank\" rel=\"noopener\">Magnet Aliances per a l&#8217;\u00e8xit educatiu<\/a><\/li>\n<li><a href=\"https:\/\/espai.educacio.gencat.cat\/Centres\/Innovacio-pedagogica\/Programes\/acceleracio\/Pagines\/default.aspx\" target=\"_blank\" rel=\"noopener\">PAcTE (Acceleraci\u00f3 de la transformaci\u00f3 educativa\/Eines per al canvi)<\/a><\/li>\n<li><a href=\"https:\/\/espai.educacio.gencat.cat\/Centres\/Innovacio-pedagogica\/Programes\/RecercAULA\/Pagines\/default.aspx\" target=\"_blank\" rel=\"noopener\">RecercAULA<\/a><\/li>\n<li><a href=\"https:\/\/espai.educacio.gencat.cat\/Centres\/Innovacio-pedagogica\/Programes\/xarxa-competencies\/Pagines\/default.aspx\" target=\"_blank\" rel=\"noopener\">Xarxa de Compet\u00e8ncies<\/a><\/li>\n<li><a href=\"https:\/\/espai.educacio.gencat.cat\/Centres\/Innovacio-pedagogica\/Programes\/Programa-STEAMcat\/Pagines\/default.aspx\" target=\"_blank\" rel=\"noopener\">STEAMcat<\/a><\/li>\n<\/ul>\n<p><strong>Sites dels programes d&#8217;innovaci\u00f3 impulsats pel Departament d&#8217;Educaci\u00f3 i Formaci\u00f3 Professional.<\/strong><\/p>\n<table style=\"height: 145px; width: 72.0789%; border-collapse: collapse;\">\n<tbody>\n<tr style=\"height: 30px;\">\n<td style=\"width: 20.5813%; height: 30px;\"><a href=\"https:\/\/projectes.xtec.cat\/recerca-educativa\/categoria\/programa-dinnovacio\/\" target=\"_blank\" rel=\"noopener\"><img loading=\"lazy\" decoding=\"async\" class=\"aligncenter\" title=\"recercAULA\" src=\"https:\/\/projectes.xtec.cat\/recerca-educativa\/wp-content\/uploads\/usu2355\/2024\/10\/Logo-GRAN_RecercAULA-color-sense-text-4-988x1024.png\" alt=\"recercAULA\" width=\"200\" height=\"200\" \/><\/a><\/td>\n<td style=\"width: 19.843%; height: 30px;\"><a href=\"https:\/\/projectes.xtec.cat\/convivenciapositiva\/categoria\/enfocament-restauratiu\/\" target=\"_blank\" rel=\"noopener\"><img loading=\"lazy\" decoding=\"async\" class=\"aligncenter\" title=\"Enfocament Global Restauratiu\" src=\"https:\/\/projectes.xtec.cat\/convivenciapositiva\/wp-content\/uploads\/usu2198\/2022\/05\/ERG.png\" alt=\"Enfocament Global Restauratiu\" width=\"200\" height=\"200\" \/><\/a><\/td>\n<td style=\"width: 18.6757%; height: 30px;\"><a href=\"https:\/\/xtec.gencat.cat\/ca\/innovacio\/programes_innovacio\/educacio-infantil-i-primaria\/aquiproubullying\/\" target=\"_blank\" rel=\"noopener\"><img loading=\"lazy\" decoding=\"async\" class=\"aligncenter\" title=\"#aquiproubullying\" src=\"https:\/\/xtec.gencat.cat\/web\/.content\/centres\/projeducatiu\/convivencia\/aquiproubullying\/299x299-aqui-prou-bullying.png_30133267.png\" alt=\"aquiproubullying\" width=\"200\" height=\"200\" \/><\/a><\/td>\n<td style=\"width: 20.3476%; height: 30px;\"><a style=\"color: #2795b6;\" href=\"https:\/\/www.fundaciocatalunya-lapedrera.com\/ca\/escoles-tandem\" target=\"_blank\" rel=\"noopener\"><img loading=\"lazy\" decoding=\"async\" class=\"aligncenter\" src=\"https:\/\/www.fundaciocatalunya-lapedrera.com\/themes\/custom\/fclp\/logo.svg\" alt=\"Home\" width=\"86\" height=\"80\" \/><\/a>T\u00c0NDEM<\/td>\n<td style=\"width: 91.3731%; height: 30px;\"><img loading=\"lazy\" decoding=\"async\" class=\"aligncenter\" src=\"https:\/\/magnet.cat\/wp-content\/themes\/magnet\/images\/logo-footer.png\" alt=\"magnet\" width=\"81\" height=\"119\" \/><\/td>\n<\/tr>\n<tr style=\"height: 115px;\">\n<td style=\"width: 20.5813%; text-align: center; height: 115px;\"><img loading=\"lazy\" decoding=\"async\" class=\"alignnone\" src=\"https:\/\/projectes.xtec.cat\/transformacioenxarxa\/\/wp-content\/uploads\/usu1468\/2020\/03\/Logo_Programa-e1583500099772.jpg\" alt=\"Laboratori de Transformaci\u00f3 Educativa | Transformaci\u00f3 Educativa en Xarxa\" width=\"317\" height=\"284\" \/><a href=\"https:\/\/xtec.gencat.cat\/ca\/innovacio\/programes_innovacio\/educacio-infantil-i-primaria\/pacte-programa-acceleracio-transformacio-educativa-eines-canvi\/\" target=\"_blank\" rel=\"noopener\"><strong>PACTE<\/strong><\/a><\/td>\n<td style=\"width: 19.843%; height: 115px;\"><a href=\"https:\/\/projectes.xtec.cat\/steamcat\/\" target=\"_blank\" rel=\"noopener\"><img loading=\"lazy\" decoding=\"async\" class=\"aligncenter\" title=\"steamcat\" src=\"https:\/\/projectes.xtec.cat\/steamcat\/wp-content\/uploads\/usu1760\/2019\/09\/logobo.png\" alt=\"steamcat\" width=\"200\" height=\"200\" \/><\/a><\/td>\n<td style=\"width: 18.6757%; height: 115px;\"><a href=\"https:\/\/xtec.gencat.cat\/ca\/innovacio\/programes_innovacio\/educacio-infantil-i-primaria\/araart\/\" target=\"_blank\" rel=\"noopener\"><img loading=\"lazy\" decoding=\"async\" class=\"aligncenter\" title=\"araArt\" src=\"https:\/\/xtec.gencat.cat\/web\/.content\/projectes\/ensenyaments-artistics\/araART\/553x553-grafic-destacat-araart-logo.jpg_1595044798.jpg\" alt=\"araArt\" width=\"200\" height=\"200\" \/><\/a><\/td>\n<td style=\"width: 20.3476%; height: 115px;\"><a href=\"https:\/\/xtec.gencat.cat\/ca\/projectes\/comunitats\/xarxa-comunitats-daprenentatge-de-catalunya\/\" target=\"_blank\" rel=\"noopener\"><img loading=\"lazy\" decoding=\"async\" class=\"alignnone\" src=\"https:\/\/agora.xtec.cat\/escjoanxxiiilleida\/wp-content\/uploads\/usu359\/2019\/02\/logo1.png\" alt=\"XARXA DE COMUNITATS D'APRENENTATGE | Escola Joan XXIII\" width=\"553\" height=\"553\" \/><\/a><\/td>\n<td style=\"width: 91.3731%; height: 115px;\"><a href=\"https:\/\/projectes.xtec.cat\/xarxacb\/\" target=\"_blank\" rel=\"noopener\"><img loading=\"lazy\" decoding=\"async\" class=\"alignnone\" src=\"https:\/\/projectes.xtec.cat\/secrp\/wp-content\/uploads\/usu2432\/2022\/06\/Nou-logo-cb.jpg\" alt=\"XARXA DE COMPET\u00c8NCIES (XdC) | Servei Educatiu del Baix Pened\u00e8s\" width=\"2048\" height=\"725\" \/><\/a><\/td>\n<\/tr>\n<\/tbody>\n<\/table>\n<p>&nbsp;<\/p>\n","protected":false},"excerpt":{"rendered":"<p>Informaci\u00f3 dels programes d&#8217;innovaci\u00f3 impulsats pel Departament d&#8217;Educaci\u00f3 i Formaci\u00f3 Professional. Curs 2025-26. #aquiprobullying araArt Centres Referents en Educaci\u00f3 Inclusiva Comunitats d&#8217;Aprenentatge De CEE a CEEPSIR Enfocament Restauratiu Global Escoles T\u00c0NDEM Fes el Clic Magnet Aliances per a l&#8217;\u00e8xit educatiu PAcTE (Acceleraci\u00f3 de la transformaci\u00f3 educativa\/Eines per al canvi) RecercAULA Xarxa de Compet\u00e8ncies STEAMcat Sites [&hellip;]<\/p>\n","protected":false},"author":1,"featured_media":0,"parent":0,"menu_order":0,"comment_status":"closed","ping_status":"closed","template":"","meta":{"_bbp_topic_count":0,"_bbp_reply_count":0,"_bbp_total_topic_count":0,"_bbp_total_reply_count":0,"_bbp_voice_count":0,"_bbp_anonymous_reply_count":0,"_bbp_topic_count_hidden":0,"_bbp_reply_count_hidden":0,"_bbp_forum_subforum_count":0,"site-sidebar-layout":"default","site-content-layout":"","ast-site-content-layout":"default","site-content-style":"default","site-sidebar-style":"default","ast-global-header-display":"","ast-banner-title-visibility":"","ast-main-header-display":"","ast-hfb-above-header-display":"","ast-hfb-below-header-display":"","ast-hfb-mobile-header-display":"","site-post-title":"","ast-breadcrumbs-content":"","ast-featured-img":"","footer-sml-layout":"","theme-transparent-header-meta":"default","adv-header-id-meta":"","stick-header-meta":"","header-above-stick-meta":"","header-main-stick-meta":"","header-below-stick-meta":"","astra-migrate-meta-layouts":"set","ast-page-background-enabled":"default","ast-page-background-meta":{"desktop":{"background-color":"var(--ast-global-color-4)","background-image":"","background-repeat":"repeat","background-position":"center center","background-size":"auto","background-attachment":"scroll","background-type":"","background-media":"","overlay-type":"","overlay-color":"","overlay-opacity":"","overlay-gradient":""},"tablet":{"background-color":"","background-image":"","background-repeat":"repeat","background-position":"center center","background-size":"auto","background-attachment":"scroll","background-type":"","background-media":"","overlay-type":"","overlay-color":"","overlay-opacity":"","overlay-gradient":""},"mobile":{"background-color":"","background-image":"","background-repeat":"repeat","background-position":"center center","background-size":"auto","background-attachment":"scroll","background-type":"","background-media":"","overlay-type":"","overlay-color":"","overlay-opacity":"","overlay-gradient":""}},"ast-content-background-meta":{"desktop":{"background-color":"var(--ast-global-color-5)","background-image":"","background-repeat":"repeat","background-position":"center center","background-size":"auto","background-attachment":"scroll","background-type":"","background-media":"","overlay-type":"","overlay-color":"","overlay-opacity":"","overlay-gradient":""},"tablet":{"background-color":"var(--ast-global-color-5)","background-image":"","background-repeat":"repeat","background-position":"center center","background-size":"auto","background-attachment":"scroll","background-type":"","background-media":"","overlay-type":"","overlay-color":"","overlay-opacity":"","overlay-gradient":""},"mobile":{"background-color":"var(--ast-global-color-5)","background-image":"","background-repeat":"repeat","background-position":"center center","background-size":"auto","background-attachment":"scroll","background-type":"","background-media":"","overlay-type":"","overlay-color":"","overlay-opacity":"","overlay-gradient":""}},"footnotes":""},"class_list":["post-8545","page","type-page","status-publish","hentry"],"post_mailing_queue_ids":[],"_links":{"self":[{"href":"https:\/\/serveiseducatius.xtec.cat\/mvo\/wp-json\/wp\/v2\/pages\/8545","targetHints":{"allow":["GET"]}}],"collection":[{"href":"https:\/\/serveiseducatius.xtec.cat\/mvo\/wp-json\/wp\/v2\/pages"}],"about":[{"href":"https:\/\/serveiseducatius.xtec.cat\/mvo\/wp-json\/wp\/v2\/types\/page"}],"author":[{"embeddable":true,"href":"https:\/\/serveiseducatius.xtec.cat\/mvo\/wp-json\/wp\/v2\/users\/1"}],"replies":[{"embeddable":true,"href":"https:\/\/serveiseducatius.xtec.cat\/mvo\/wp-json\/wp\/v2\/comments?post=8545"}],"version-history":[{"count":7,"href":"https:\/\/serveiseducatius.xtec.cat\/mvo\/wp-json\/wp\/v2\/pages\/8545\/revisions"}],"predecessor-version":[{"id":8754,"href":"https:\/\/serveiseducatius.xtec.cat\/mvo\/wp-json\/wp\/v2\/pages\/8545\/revisions\/8754"}],"wp:attachment":[{"href":"https:\/\/serveiseducatius.xtec.cat\/mvo\/wp-json\/wp\/v2\/media?parent=8545"}],"curies":[{"name":"wp","href":"https:\/\/api.w.org\/{rel}","templated":true}]}}