{"id":9511,"date":"2017-06-08T13:13:23","date_gmt":"2017-06-08T11:13:23","guid":{"rendered":"http:\/\/serveiseducatius.xtec.cat\/montsia\/?page_id=9511"},"modified":"2025-12-03T14:26:43","modified_gmt":"2025-12-03T13:26:43","slug":"pee-al-montsia","status":"publish","type":"page","link":"https:\/\/serveiseducatius.xtec.cat\/montsia\/entorn\/pee-al-montsia\/","title":{"rendered":"Plans Educatius d&#8217;Entorn al Montsi\u00e0"},"content":{"rendered":"\n<figure class=\"wp-block-embed is-type-video is-provider-youtube wp-block-embed-youtube wp-embed-aspect-16-9 wp-has-aspect-ratio\"><div class=\"wp-block-embed__wrapper\">\n<div class=\"ast-oembed-container \" style=\"height: 100%;\"><iframe loading=\"lazy\" title=\"Programa Plans Educatiu d&#039;Entorn\" width=\"500\" height=\"281\" src=\"https:\/\/www.youtube.com\/embed\/6wUOVi7zCuQ?feature=oembed\" frameborder=\"0\" allow=\"accelerometer; autoplay; clipboard-write; encrypted-media; gyroscope; picture-in-picture; web-share\" referrerpolicy=\"strict-origin-when-cross-origin\" allowfullscreen><\/iframe><\/div>\n<\/div><\/figure>\n\n\n\n<p><\/p>\n\n\n\n<p>Al Montsi\u00e0 hi ha sis municipis que tenen Pla Educatiu d\u2019Entorn (PEE). En tots ells es mant\u00e9 una estreta col\u00b7laboraci\u00f3 entre els serveis educatius, els centres educatius i els ajuntaments amb la finalitat de donar una resposta integrada a les necessitats de l\u2019alumnat, per\u00f2, a m\u00e9s a m\u00e9s, hi ha d\u2019altres entitats que col\u00b7laboren per a aconseguit la mateixa finalitat. Els municipis del Montsi\u00e0 que disposen d&#8217;un PEE s\u00f3n:<\/p>\n\n\n\n<ul class=\"wp-block-list\">\n<li><a href=\"https:\/\/www.alcanar.cat\/pla-educatiu-dentorn\">PEE d&#8217;Alcanar<\/a> (des del curs 2006-2007)<\/li>\n\n\n\n<li><a href=\"https:\/\/sites.google.com\/xtec.cat\/peeamposta?usp=sharing\">PEE d&#8217;Amposta<\/a> (des del curs 2005-2006)<\/li>\n\n\n\n<li><a href=\"https:\/\/lasenia.cat\/web\/pla-educatiu-dentorn\/\" data-type=\"link\" data-id=\"https:\/\/lasenia.cat\/web\/pla-educatiu-dentorn\/\" target=\"_blank\" rel=\"noreferrer noopener\">PEE de La S\u00e9nia<\/a> (des del curs 2024-2025)<\/li>\n\n\n\n<li><a href=\"https:\/\/sites.google.com\/xtec.cat\/pee-sant-jaume\/\" data-type=\"link\" data-id=\"https:\/\/sites.google.com\/xtec.cat\/pee-sant-jaume\/\" target=\"_blank\" rel=\"noreferrer noopener\">PEE de Sant Jaume<\/a> (des del curs 2023-2024)<\/li>\n\n\n\n<li><a href=\"https:\/\/santabarbara.cat\/servei-ensenyament\/\">PEE de Santa B\u00e0rbara<\/a> (des del curs 2023-2024)<\/li>\n\n\n\n<li><a href=\"https:\/\/ulldecona.cat\/peeulldecona\/\">PEE d&#8217;Ulldecona<\/a> (des del curs 2004-2005)<\/li>\n<\/ul>\n\n\n\n<p>Els PEE s&#8217;estructuren a partir de l&#8217;<em><span style=\"text-decoration: underline;\"><a href=\"https:\/\/dogc.gencat.cat\/ca\/document-del-dogc\/?documentId=958004\" target=\"_blank\" rel=\"noreferrer noopener\"><strong>ACORD GOV\/91\/2023, de 18 d&#8217;abril<\/strong><\/a>, pel qual s&#8217;estableixen les condicions m\u00ednimes per formalitzar els convenis que concretin els plans educatius d&#8217;entorn i el finan\u00e7ament de les actuacions relacionades<\/span><\/em>.<\/p>\n\n\n\n<p>Per tal d&#8217;ampliar informaci\u00f3, els espais m\u00e9s destacats, s\u00f3n:<\/p>\n\n\n\n<ul class=\"wp-block-list\">\n<li>Espai a XTEC amb tota la informaci\u00f3 relativa als Plans Educatius d&#8217;Entorn: <a href=\"https:\/\/xtec.gencat.cat\/ca\/comunitat\/entorn_pee\/\">https:\/\/xtec.gencat.cat\/ca\/comunitat\/entorn_pee\/<\/a><\/li>\n\n\n\n<li>Espai Nodes espec\u00edfic dedicat al Pla Educatiu d&#8217;Entorn: <a href=\"https:\/\/projectes.xtec.cat\/pee\/\">https:\/\/projectes.xtec.cat\/pee\/<\/a><\/li>\n\n\n\n<li>Espai a Portal de centre amb refer\u00e8ncies a diferents documents vinculats als Plans Educatius d&#8217;Entorn: <a href=\"https:\/\/espai.educacio.gencat.cat\/Departament\/Ambits-treball\/Serveis-educatius\/LIC\/Programes\/Pla-educatiu-entorn\/Pagines\/default.aspx\">https:\/\/espai.educacio.gencat.cat\/Departament\/Ambits-treball\/Serveis-educatius\/LIC\/Programes\/Pla-educatiu-entorn\/Pagines\/default.aspx<\/a><\/li>\n\n\n\n<li>Guia d&#8217;implementaci\u00f3 dels Plans Educatius d&#8217;Entorn (novembre, 2025): <a href=\"https:\/\/espai.educacio.gencat.cat\/Departament\/Ambits-treball\/Serveis-educatius\/LIC\/Programes\/Pla-educatiu-entorn\/Pagines\/default.aspx\">https:\/\/espai.educacio.gencat.cat\/Departament\/Ambits-treball\/Serveis-educatius\/LIC\/Programes\/Pla-educatiu-entorn\/Pagines\/default.aspx<\/a><\/li>\n<\/ul>\n\n\n\n<div class=\"wp-block-getwid-content-slider has-arrows-inside has-dots-inside\"><div class=\"wp-block-getwid-content-slider__wrapper\">\n<div class=\"wp-block-getwid-content-slider-slide\"><div class=\"wp-block-getwid-content-slider-slide__wrapper\">\n<figure class=\"wp-block-embed is-type-video is-provider-youtube wp-block-embed-youtube wp-embed-aspect-16-9 wp-has-aspect-ratio\"><div class=\"wp-block-embed__wrapper\">\n<div class=\"ast-oembed-container \" style=\"height: 100%;\"><iframe loading=\"lazy\" title=\"Pla Educatiu d&#039;Entorn | Un casal d&#039;acollida ling\u00fc\u00edstica a Cervera\" width=\"500\" height=\"281\" src=\"https:\/\/www.youtube.com\/embed\/TUcrvLhb9ps?feature=oembed\" frameborder=\"0\" allow=\"accelerometer; autoplay; clipboard-write; encrypted-media; gyroscope; picture-in-picture; web-share\" referrerpolicy=\"strict-origin-when-cross-origin\" allowfullscreen><\/iframe><\/div>\n<\/div><\/figure>\n<\/div><\/div>\n\n\n\n<div class=\"wp-block-getwid-content-slider-slide\"><div class=\"wp-block-getwid-content-slider-slide__wrapper\">\n<figure class=\"wp-block-embed is-type-video is-provider-youtube wp-block-embed-youtube wp-embed-aspect-16-9 wp-has-aspect-ratio\"><div class=\"wp-block-embed__wrapper\">\n<div class=\"ast-oembed-container \" style=\"height: 100%;\"><iframe loading=\"lazy\" title=\"Resum Jornada Plans Educatius d&#039;Entorn - 25 de novembre 2024\" width=\"500\" height=\"281\" src=\"https:\/\/www.youtube.com\/embed\/pVdBWNpqCbU?feature=oembed\" frameborder=\"0\" allow=\"accelerometer; autoplay; clipboard-write; encrypted-media; gyroscope; picture-in-picture; web-share\" referrerpolicy=\"strict-origin-when-cross-origin\" allowfullscreen><\/iframe><\/div>\n<\/div><\/figure>\n<\/div><\/div>\n\n\n\n<div class=\"wp-block-getwid-content-slider-slide\"><div class=\"wp-block-getwid-content-slider-slide__wrapper\">\n<figure class=\"wp-block-embed is-type-video is-provider-youtube wp-block-embed-youtube wp-embed-aspect-16-9 wp-has-aspect-ratio\"><div class=\"wp-block-embed__wrapper\">\n<div class=\"ast-oembed-container \" style=\"height: 100%;\"><iframe loading=\"lazy\" title=\"Projecte Bambu\u0301 - Plans Educatius d&#039;Entorn\" width=\"500\" height=\"281\" src=\"https:\/\/www.youtube.com\/embed\/FoIYMw1Bomk?feature=oembed\" frameborder=\"0\" allow=\"accelerometer; autoplay; clipboard-write; encrypted-media; gyroscope; picture-in-picture; web-share\" referrerpolicy=\"strict-origin-when-cross-origin\" allowfullscreen><\/iframe><\/div>\n<\/div><\/figure>\n<\/div><\/div>\n<\/div><\/div>\n","protected":false},"excerpt":{"rendered":"<p>Al Montsi\u00e0 hi ha sis municipis que tenen Pla Educatiu d\u2019Entorn (PEE). En tots ells es mant\u00e9 una estreta col\u00b7laboraci\u00f3 [&hellip;]<\/p>\n","protected":false},"author":1,"featured_media":0,"parent":10496,"menu_order":40,"comment_status":"closed","ping_status":"closed","template":"","meta":{"_bbp_topic_count":0,"_bbp_reply_count":0,"_bbp_total_topic_count":0,"_bbp_total_reply_count":0,"_bbp_voice_count":0,"_bbp_anonymous_reply_count":0,"_bbp_topic_count_hidden":0,"_bbp_reply_count_hidden":0,"_bbp_forum_subforum_count":0,"site-sidebar-layout":"default","site-content-layout":"","ast-site-content-layout":"default","site-content-style":"default","site-sidebar-style":"default","ast-global-header-display":"","ast-banner-title-visibility":"","ast-main-header-display":"","ast-hfb-above-header-display":"","ast-hfb-below-header-display":"","ast-hfb-mobile-header-display":"","site-post-title":"","ast-breadcrumbs-content":"","ast-featured-img":"","footer-sml-layout":"","theme-transparent-header-meta":"","adv-header-id-meta":"","stick-header-meta":"","header-above-stick-meta":"","header-main-stick-meta":"","header-below-stick-meta":"","astra-migrate-meta-layouts":"set","ast-page-background-enabled":"default","ast-page-background-meta":{"desktop":{"background-color":"var(--ast-global-color-4)","background-image":"","background-repeat":"repeat","background-position":"center center","background-size":"auto","background-attachment":"scroll","background-type":"","background-media":"","overlay-type":"","overlay-color":"","overlay-opacity":"","overlay-gradient":""},"tablet":{"background-color":"","background-image":"","background-repeat":"repeat","background-position":"center center","background-size":"auto","background-attachment":"scroll","background-type":"","background-media":"","overlay-type":"","overlay-color":"","overlay-opacity":"","overlay-gradient":""},"mobile":{"background-color":"","background-image":"","background-repeat":"repeat","background-position":"center center","background-size":"auto","background-attachment":"scroll","background-type":"","background-media":"","overlay-type":"","overlay-color":"","overlay-opacity":"","overlay-gradient":""}},"ast-content-background-meta":{"desktop":{"background-color":"var(--ast-global-color-5)","background-image":"","background-repeat":"repeat","background-position":"center center","background-size":"auto","background-attachment":"scroll","background-type":"","background-media":"","overlay-type":"","overlay-color":"","overlay-opacity":"","overlay-gradient":""},"tablet":{"background-color":"var(--ast-global-color-5)","background-image":"","background-repeat":"repeat","background-position":"center center","background-size":"auto","background-attachment":"scroll","background-type":"","background-media":"","overlay-type":"","overlay-color":"","overlay-opacity":"","overlay-gradient":""},"mobile":{"background-color":"var(--ast-global-color-5)","background-image":"","background-repeat":"repeat","background-position":"center center","background-size":"auto","background-attachment":"scroll","background-type":"","background-media":"","overlay-type":"","overlay-color":"","overlay-opacity":"","overlay-gradient":""}},"footnotes":""},"class_list":["post-9511","page","type-page","status-publish","hentry"],"post_mailing_queue_ids":[],"_links":{"self":[{"href":"https:\/\/serveiseducatius.xtec.cat\/montsia\/wp-json\/wp\/v2\/pages\/9511","targetHints":{"allow":["GET"]}}],"collection":[{"href":"https:\/\/serveiseducatius.xtec.cat\/montsia\/wp-json\/wp\/v2\/pages"}],"about":[{"href":"https:\/\/serveiseducatius.xtec.cat\/montsia\/wp-json\/wp\/v2\/types\/page"}],"author":[{"embeddable":true,"href":"https:\/\/serveiseducatius.xtec.cat\/montsia\/wp-json\/wp\/v2\/users\/1"}],"replies":[{"embeddable":true,"href":"https:\/\/serveiseducatius.xtec.cat\/montsia\/wp-json\/wp\/v2\/comments?post=9511"}],"version-history":[{"count":5,"href":"https:\/\/serveiseducatius.xtec.cat\/montsia\/wp-json\/wp\/v2\/pages\/9511\/revisions"}],"predecessor-version":[{"id":16930,"href":"https:\/\/serveiseducatius.xtec.cat\/montsia\/wp-json\/wp\/v2\/pages\/9511\/revisions\/16930"}],"up":[{"embeddable":true,"href":"https:\/\/serveiseducatius.xtec.cat\/montsia\/wp-json\/wp\/v2\/pages\/10496"}],"wp:attachment":[{"href":"https:\/\/serveiseducatius.xtec.cat\/montsia\/wp-json\/wp\/v2\/media?parent=9511"}],"curies":[{"name":"wp","href":"https:\/\/api.w.org\/{rel}","templated":true}]}}