{"id":9179,"date":"2016-10-11T16:10:42","date_gmt":"2016-10-11T15:10:42","guid":{"rendered":"http:\/\/serveiseducatius.xtec.cat\/montsia\/?page_id=9179"},"modified":"2021-03-18T10:14:28","modified_gmt":"2021-03-18T09:14:28","slug":"ciencia-en-primera-persona","status":"publish","type":"page","link":"https:\/\/serveiseducatius.xtec.cat\/montsia\/dinamitzacio\/ciencia-en-primera-persona\/","title":{"rendered":"100t\u00edfiques"},"content":{"rendered":"<p><img loading=\"lazy\" decoding=\"async\" class=\" wp-image-10847 aligncenter\" src=\"https:\/\/serveiseducatius.xtec.cat\/montsia\/wp-content\/uploads\/usu1125\/2020\/01\/cartell-100tifiques-collage-1024x565.png\" alt=\"\" width=\"596\" height=\"329\" srcset=\"https:\/\/serveiseducatius.xtec.cat\/montsia\/wp-content\/uploads\/usu1125\/2020\/01\/cartell-100tifiques-collage-1024x565.png 1024w, https:\/\/serveiseducatius.xtec.cat\/montsia\/wp-content\/uploads\/usu1125\/2020\/01\/cartell-100tifiques-collage-300x165.png 300w, https:\/\/serveiseducatius.xtec.cat\/montsia\/wp-content\/uploads\/usu1125\/2020\/01\/cartell-100tifiques-collage-768x424.png 768w, https:\/\/serveiseducatius.xtec.cat\/montsia\/wp-content\/uploads\/usu1125\/2020\/01\/cartell-100tifiques-collage.png 1137w\" sizes=\"auto, (max-width: 596px) 100vw, 596px\" \/><\/p>\n<p>La Fundaci\u00f3 Catalana per a la Recerca i la Innovaci\u00f3 (FCRI) i el Departament d\u2019Educaci\u00f3 organitzen, any rere any la <a href=\"https:\/\/setmanaciencia.fundaciorecerca.cat\/frontend\/\" target=\"_blank\" rel=\"noopener noreferrer\">Setmana de la ci\u00e8ncia<\/a> a les escoles (durant el mes de novembre), amb l&#8217;objectiu fonamental de despertar i potenciar l&#8217;inter\u00e8s del jovent vers la ci\u00e8ncia i la tecnologia, on tamb\u00e9 hi col\u00b7labora XTEC regularment.<\/p>\n<p style=\"text-align: justify;\">A m\u00e9s a m\u00e9s, per tercer any, tamb\u00e9 es promouen les vocacions cient\u00edfiques durant la setmana de l&#8217;<strong>11 de febrer (Dia Internacional de les Dones i les Nenes en la Ci\u00e8ncia)<\/strong>, oferint una gran quantitat de xerrades divulgatives simult\u00e0nies per part d&#8217;investigadores del m\u00f3n de l\u2019empresa i de centres de recerca i universitats (\u201c100t\u00edfiques\u201d) en centres educatius (escoles i instituts de tot Catalunya). Tota la informaci\u00f3 es pot consultar en el web <a href=\"https:\/\/100tifiques.cat\/\" target=\"_blank\" rel=\"noopener noreferrer\">https:\/\/100tifiques.cat\/<\/a> .<\/p>\n<p>A continuaci\u00f3, el recull dels centres participants i les confer\u00e8ncies que s&#8217;han realitzat al territori.<\/p>\n<p><span style=\"text-decoration: underline;\"><strong>Edici\u00f3 2021:<\/strong><\/span><\/p>\n<ul>\n<li><strong>INS de La S\u00e9nia (La S\u00e9nia).<\/strong> La cient\u00edfica<strong> Maite Nieto<\/strong>, de l&#8217;empresa multinacional <strong>farmac\u00e8utica<\/strong> B. Brawn, va fer una exposici\u00f3 al sobre la seva traject\u00f2ria professional i l&#8217;\u00e0mbit en el qual treballa. Actualment \u00e9s cap del departament encarregat de les <strong>sutures quir\u00fargiques<\/strong>. L&#8217;activitat es va realitzar als tres grups de 1r d&#8217;ESO. L&#8217;alumnat va preparar pr\u00e8viament l&#8217;entrevista i van tenir l&#8217;oportunitat de plantejar noves preguntes, en base a la seva exposici\u00f3 i segons la curiositat que els despertava.<\/li>\n<\/ul>\n<p><img loading=\"lazy\" decoding=\"async\" class=\"wp-image-12457 aligncenter\" src=\"https:\/\/serveiseducatius.xtec.cat\/montsia\/wp-content\/uploads\/usu1125\/2021\/03\/100tifiques-2021-ins-la-senia2-1024x539.png\" alt=\"\" width=\"594\" height=\"313\" srcset=\"https:\/\/serveiseducatius.xtec.cat\/montsia\/wp-content\/uploads\/usu1125\/2021\/03\/100tifiques-2021-ins-la-senia2-1024x539.png 1024w, https:\/\/serveiseducatius.xtec.cat\/montsia\/wp-content\/uploads\/usu1125\/2021\/03\/100tifiques-2021-ins-la-senia2-300x158.png 300w, https:\/\/serveiseducatius.xtec.cat\/montsia\/wp-content\/uploads\/usu1125\/2021\/03\/100tifiques-2021-ins-la-senia2-768x404.png 768w, https:\/\/serveiseducatius.xtec.cat\/montsia\/wp-content\/uploads\/usu1125\/2021\/03\/100tifiques-2021-ins-la-senia2.png 1273w\" sizes=\"auto, (max-width: 594px) 100vw, 594px\" \/><\/p>\n<ul>\n<li><strong>INS de Tecnificaci\u00f3 de Terres de l&#8217;Ebre (Amposta).<\/strong> La <strong>biotecn\u00f2loga Neus P\u00e9rez<\/strong> va impartir una xerrada relacionada amb els <strong>productes biodegradables i la seva relaci\u00f3 amb el medi ambient<\/strong>. Tamb\u00e9 va explicar com funciona el m\u00f3n de la Ci\u00e8ncia i l&#8217;acc\u00e9s de les dones a aquest \u00e0mbit.<\/li>\n<\/ul>\n<p><img loading=\"lazy\" decoding=\"async\" class=\" wp-image-12237 aligncenter\" src=\"https:\/\/serveiseducatius.xtec.cat\/montsia\/wp-content\/uploads\/usu1125\/2021\/02\/IMG-20210223-WA0028.jpg\" alt=\"\" width=\"597\" height=\"448\" srcset=\"https:\/\/serveiseducatius.xtec.cat\/montsia\/wp-content\/uploads\/usu1125\/2021\/02\/IMG-20210223-WA0028.jpg 1024w, https:\/\/serveiseducatius.xtec.cat\/montsia\/wp-content\/uploads\/usu1125\/2021\/02\/IMG-20210223-WA0028-300x225.jpg 300w, https:\/\/serveiseducatius.xtec.cat\/montsia\/wp-content\/uploads\/usu1125\/2021\/02\/IMG-20210223-WA0028-768x576.jpg 768w, https:\/\/serveiseducatius.xtec.cat\/montsia\/wp-content\/uploads\/usu1125\/2021\/02\/IMG-20210223-WA0028-200x150.jpg 200w\" sizes=\"auto, (max-width: 597px) 100vw, 597px\" \/><\/p>\n<p style=\"text-align: justify;\"><span style=\"text-decoration: underline;\"><strong>Edici\u00f3 2020:<\/strong><\/span><\/p>\n<ul>\n<li><strong>Les microalgues marines<\/strong>, a c\u00e0rrec de la Dra. Margarita Fern\u00e1ndez (IRTA), per als alumnes de 1r d&#8217;ESO de l&#8217;INS Les Planes (Santa B\u00e0rbara) i centres de Prim\u00e0ria de la zona.<\/li>\n<li><strong>Tu Youyou, la dona que va lluitar cient\u00edficament contra la mal\u00e0ria<\/strong>, a c\u00e0rrec de la Dra. N\u00faria Ruiz (URV), per als alumnes de 6\u00e8 de Prim\u00e0ria d&#8217;Amposta.<\/li>\n<li><strong>Esp\u00e8cies protegides i invasores: el cas de la nacra i del cranc blau al Delta de l\u2019Ebre<\/strong>, a c\u00e0rrec de la Dra. Patricia Prado (IRTA), per als alumnes de 6\u00e8 de Prim\u00e0ria de Sant Carles de la R\u00e0pita<\/li>\n<\/ul>\n<p>M\u00e9s informaci\u00f3 en els seg\u00fcents enlla\u00e7os:<\/p>\n<ul>\n<li><a href=\"https:\/\/www.fundaciorecerca.cat\/ca\/sala-de-premsa\/517-la-iniciativa-100tifiques-porta-100-investigadores-a-les-escoles-catalanes-per-fomentar-la-vocacio-cientifica-entre-les-nenes-i-els-nens-i-destacar-la-rellevancia-de-la-dona-a-la-ciencia\" target=\"_blank\" rel=\"noopener noreferrer\">La iniciativa \u201c100t\u00edfiques\u201d porta 100 investigadores a les escoles catalanes per fomentar la vocaci\u00f3 cient\u00edfica entre les nenes i els nens i destacar la rellev\u00e0ncia de la dona a la ci\u00e8ncia<\/a><\/li>\n<li><a href=\"https:\/\/www.donesiciencia.cat\/100tifiques\/\" target=\"_blank\" rel=\"noopener noreferrer\">Dones &amp; Ci\u00e8ncia &#8211; 100t\u00edfiques<\/a><\/li>\n<\/ul>\n<p>Tres moments de cada xerrada de l&#8217;edici\u00f3 2020 de 100t\u00edfiques<\/p>\n<p><img loading=\"lazy\" decoding=\"async\" class=\"size-full wp-image-10968 aligncenter\" src=\"https:\/\/serveiseducatius.xtec.cat\/montsia\/wp-content\/uploads\/usu1125\/2020\/02\/microalgues.jpg\" alt=\"\" width=\"600\" height=\"450\" srcset=\"https:\/\/serveiseducatius.xtec.cat\/montsia\/wp-content\/uploads\/usu1125\/2020\/02\/microalgues.jpg 600w, https:\/\/serveiseducatius.xtec.cat\/montsia\/wp-content\/uploads\/usu1125\/2020\/02\/microalgues-300x225.jpg 300w, https:\/\/serveiseducatius.xtec.cat\/montsia\/wp-content\/uploads\/usu1125\/2020\/02\/microalgues-200x150.jpg 200w\" sizes=\"auto, (max-width: 600px) 100vw, 600px\" \/><\/p>\n<p><img loading=\"lazy\" decoding=\"async\" class=\"size-large wp-image-10969 aligncenter\" src=\"https:\/\/serveiseducatius.xtec.cat\/montsia\/wp-content\/uploads\/usu1125\/2020\/02\/tuyouyou.jpg\" alt=\"\" width=\"600\" height=\"450\" srcset=\"https:\/\/serveiseducatius.xtec.cat\/montsia\/wp-content\/uploads\/usu1125\/2020\/02\/tuyouyou.jpg 600w, https:\/\/serveiseducatius.xtec.cat\/montsia\/wp-content\/uploads\/usu1125\/2020\/02\/tuyouyou-300x225.jpg 300w, https:\/\/serveiseducatius.xtec.cat\/montsia\/wp-content\/uploads\/usu1125\/2020\/02\/tuyouyou-200x150.jpg 200w\" sizes=\"auto, (max-width: 600px) 100vw, 600px\" \/><\/p>\n<p><img loading=\"lazy\" decoding=\"async\" class=\"size-large wp-image-10970 aligncenter\" src=\"https:\/\/serveiseducatius.xtec.cat\/montsia\/wp-content\/uploads\/usu1125\/2020\/02\/nacres.jpg\" alt=\"\" width=\"600\" height=\"450\" srcset=\"https:\/\/serveiseducatius.xtec.cat\/montsia\/wp-content\/uploads\/usu1125\/2020\/02\/nacres.jpg 600w, https:\/\/serveiseducatius.xtec.cat\/montsia\/wp-content\/uploads\/usu1125\/2020\/02\/nacres-300x225.jpg 300w, https:\/\/serveiseducatius.xtec.cat\/montsia\/wp-content\/uploads\/usu1125\/2020\/02\/nacres-200x150.jpg 200w\" sizes=\"auto, (max-width: 600px) 100vw, 600px\" \/><\/p>\n<hr \/>\n<ul>\n<li><a href=\"https:\/\/www.youtube.com\/watch?v=XALgwYUW32A&amp;list=PLxyLc6Orw5S0SmwcY8LnjC29qmGGpNngv\" target=\"_blank\" rel=\"noopener noreferrer\">Llista de reproducci\u00f3 de 100t\u00edfiques edici\u00f3 2021<\/a><\/li>\n<li><a href=\"https:\/\/www.youtube.com\/watch?v=I2l687qjvK4&amp;list=PLxyLc6Orw5S1HmHyDmVelWgRnEskN58GU\" target=\"_blank\" rel=\"noopener noreferrer\">Llista de reproducci\u00f3 de 100t\u00edfiques edici\u00f3 2020<\/a><\/li>\n<li><a href=\"https:\/\/www.youtube.com\/watch?v=FpcOgY5ALpk&amp;list=PLxyLc6Orw5S1EPWVcGM0ItsCmgcWzDX51\" target=\"_blank\" rel=\"noopener noreferrer\">Llista de reproducci\u00f3 de 100t\u00edfiques edici\u00f3 2019<\/a><\/li>\n<\/ul>\n","protected":false},"excerpt":{"rendered":"<p>La Fundaci\u00f3 Catalana per a la Recerca i la Innovaci\u00f3 (FCRI) i el Departament d\u2019Educaci\u00f3 organitzen, any rere any la [&hellip;]<\/p>\n","protected":false},"author":1,"featured_media":0,"parent":10443,"menu_order":10,"comment_status":"closed","ping_status":"closed","template":"page-templates\/side-menu.php","meta":{"_bbp_topic_count":0,"_bbp_reply_count":0,"_bbp_total_topic_count":0,"_bbp_total_reply_count":0,"_bbp_voice_count":0,"_bbp_anonymous_reply_count":0,"_bbp_topic_count_hidden":0,"_bbp_reply_count_hidden":0,"_bbp_forum_subforum_count":0,"site-sidebar-layout":"default","site-content-layout":"","ast-site-content-layout":"","site-content-style":"default","site-sidebar-style":"default","ast-global-header-display":"","ast-banner-title-visibility":"","ast-main-header-display":"","ast-hfb-above-header-display":"","ast-hfb-below-header-display":"","ast-hfb-mobile-header-display":"","site-post-title":"","ast-breadcrumbs-content":"","ast-featured-img":"","footer-sml-layout":"","theme-transparent-header-meta":"","adv-header-id-meta":"","stick-header-meta":"","header-above-stick-meta":"","header-main-stick-meta":"","header-below-stick-meta":"","astra-migrate-meta-layouts":"default","ast-page-background-enabled":"default","ast-page-background-meta":{"desktop":{"background-color":"var(--ast-global-color-4)","background-image":"","background-repeat":"repeat","background-position":"center center","background-size":"auto","background-attachment":"scroll","background-type":"","background-media":"","overlay-type":"","overlay-color":"","overlay-opacity":"","overlay-gradient":""},"tablet":{"background-color":"","background-image":"","background-repeat":"repeat","background-position":"center center","background-size":"auto","background-attachment":"scroll","background-type":"","background-media":"","overlay-type":"","overlay-color":"","overlay-opacity":"","overlay-gradient":""},"mobile":{"background-color":"","background-image":"","background-repeat":"repeat","background-position":"center center","background-size":"auto","background-attachment":"scroll","background-type":"","background-media":"","overlay-type":"","overlay-color":"","overlay-opacity":"","overlay-gradient":""}},"ast-content-background-meta":{"desktop":{"background-color":"var(--ast-global-color-5)","background-image":"","background-repeat":"repeat","background-position":"center center","background-size":"auto","background-attachment":"scroll","background-type":"","background-media":"","overlay-type":"","overlay-color":"","overlay-opacity":"","overlay-gradient":""},"tablet":{"background-color":"var(--ast-global-color-5)","background-image":"","background-repeat":"repeat","background-position":"center center","background-size":"auto","background-attachment":"scroll","background-type":"","background-media":"","overlay-type":"","overlay-color":"","overlay-opacity":"","overlay-gradient":""},"mobile":{"background-color":"var(--ast-global-color-5)","background-image":"","background-repeat":"repeat","background-position":"center center","background-size":"auto","background-attachment":"scroll","background-type":"","background-media":"","overlay-type":"","overlay-color":"","overlay-opacity":"","overlay-gradient":""}},"footnotes":""},"class_list":["post-9179","page","type-page","status-publish","hentry"],"post_mailing_queue_ids":[],"_links":{"self":[{"href":"https:\/\/serveiseducatius.xtec.cat\/montsia\/wp-json\/wp\/v2\/pages\/9179","targetHints":{"allow":["GET"]}}],"collection":[{"href":"https:\/\/serveiseducatius.xtec.cat\/montsia\/wp-json\/wp\/v2\/pages"}],"about":[{"href":"https:\/\/serveiseducatius.xtec.cat\/montsia\/wp-json\/wp\/v2\/types\/page"}],"author":[{"embeddable":true,"href":"https:\/\/serveiseducatius.xtec.cat\/montsia\/wp-json\/wp\/v2\/users\/1"}],"replies":[{"embeddable":true,"href":"https:\/\/serveiseducatius.xtec.cat\/montsia\/wp-json\/wp\/v2\/comments?post=9179"}],"version-history":[{"count":3,"href":"https:\/\/serveiseducatius.xtec.cat\/montsia\/wp-json\/wp\/v2\/pages\/9179\/revisions"}],"predecessor-version":[{"id":12458,"href":"https:\/\/serveiseducatius.xtec.cat\/montsia\/wp-json\/wp\/v2\/pages\/9179\/revisions\/12458"}],"up":[{"embeddable":true,"href":"https:\/\/serveiseducatius.xtec.cat\/montsia\/wp-json\/wp\/v2\/pages\/10443"}],"wp:attachment":[{"href":"https:\/\/serveiseducatius.xtec.cat\/montsia\/wp-json\/wp\/v2\/media?parent=9179"}],"curies":[{"name":"wp","href":"https:\/\/api.w.org\/{rel}","templated":true}]}}