{"id":9120,"date":"2016-09-29T15:00:45","date_gmt":"2016-09-29T14:00:45","guid":{"rendered":"http:\/\/serveiseducatius.xtec.cat\/montsia\/?page_id=9120"},"modified":"2025-01-08T14:57:03","modified_gmt":"2025-01-08T13:57:03","slug":"creda-montsia","status":"publish","type":"page","link":"https:\/\/serveiseducatius.xtec.cat\/montsia\/elserveieducatiu\/equip\/creda-montsia\/","title":{"rendered":"CREDA &#8211; Montsi\u00e0"},"content":{"rendered":"<p><strong>Centre de Recursos Educactius per a Deficients Auditius.<\/strong><\/p>\n<p>Els <strong><a href=\"http:\/\/xtec.gencat.cat\/ca\/serveis\/see\/creda\/\" target=\"_blank\" rel=\"noopener noreferrer\">CREDA<\/a><\/strong> s\u00f3n serveis de suport als centres educatius en l\u2019adequaci\u00f3 a les necessitats especials de l\u2019alumnat amb greus dificultats d\u2019audici\u00f3, llenguatge i\/o comunicaci\u00f3 que interfereixen en el seu desenvolupament personal, social i curricular. La seva intervenci\u00f3 es concreta en tres grans \u00e0mbits: alumnat i fam\u00edlies; centres i professorat; zona educativa.<\/p>\n<p>Es tracta d\u2019un model d\u2019atenci\u00f3 a l\u2019alumnat amb necessitats educatives especials i al seu entorn propi de Catalunya. Actualment hi ha 10 CREDA, cadascun amb una zona d\u2019actuaci\u00f3 \u00e0mplia, generalment coincideix amb un Servei Territorial.<\/p>\n<p>El CREDA Tarragona-Terres de l\u2019Ebre d\u00f3na resposta a tot l\u2019alumnat de la prov\u00edncia de Tarragona depenent en els aspectes educatius de la direcci\u00f3 del CREDA i dependent a nivell administratiu del Servei Territorial de Tarragona i del Servei Territorial de Terres de l\u2019Ebre.<\/p>\n<p><strong>Funcions:<\/strong><\/p>\n<ul>\n<li>Realitzar la valoraci\u00f3 i seguiment del proc\u00e9s evolutiu audiol\u00f2gic, comunicatiu i ling\u00fc\u00edstic de l\u2019infant amb sordesa.<\/li>\n<li>Realitzar la valoraci\u00f3 i seguiment de les necessitats psicoling\u00fc\u00edstiques i educatives de l\u2019alumnat amb greus trastorns de llenguatge i\/o comunicaci\u00f3.<\/li>\n<li>Proporcionar atenci\u00f3 logop\u00e8dica espec\u00edfica a l\u2019alumnat amb greus trastorns de l\u2019audici\u00f3, el llenguatge i\/o la comunicaci\u00f3.<\/li>\n<li>Orientar i assessorar a les fam\u00edlies de l\u2019alumnat amb greus trastorns de l\u2019audici\u00f3, el llenguatge i\/o la comunicaci\u00f3.<\/li>\n<li>Proporcionar suport i assessorament als centres i al professorat de l\u2019alumnat amb greus dificultats d\u2019audici\u00f3, llenguatge i\/o comunicaci\u00f3.<\/li>\n<li>Posar a disposici\u00f3 de la comunitat educativa materials, recursos, assessorament i formaci\u00f3 especialitzada per a l\u2019adequaci\u00f3 de la tasca docent a les necessitats especials de l\u2019alumnat amb dificultats d\u2019audici\u00f3, llenguatge i\/o comunicaci\u00f3.<\/li>\n<\/ul>\n<p><strong>Equip professional:<\/strong><\/p>\n<ul>\n<li>Pili Diaz Romero, Logopeda. <a href=\"mailto:pdiaz26@xtec.cat\">pdiaz26@xtec.cat<\/a><\/li>\n<li>Judit Villarroya Prime, Logopeda. <a href=\"mailto:jvilla24@xtec.cat\">jvilla24@xtec.cat<\/a><\/li>\n<li>Emili Cadenas Diego, Logopeda i Referent Zona Montsi\u00e0. <a href=\"mailto:ecadenas@xtec.cat\">ecadenas@xtec.cat<\/a><\/li>\n<li aria-level=\"1\">Rosana Vall\u00e8s, Logopeda. <a href=\"mailto:rvalle9@xtec.cat\">rvalle9@xtec.cat<\/a><\/li>\n<li aria-level=\"1\">Joana Casajust Ortoneda, Logopeda. <a href=\"mailto:jcasajust@xtec.cat\" target=\"_blank\" rel=\"noopener\">jcasajust<span class=\"atwho-query\">@xtec.cat<\/span><\/a><\/li>\n<\/ul>\n<p>Si necessiteu m\u00e9s informaci\u00f3 podeu entrar al web del CREDA Tarragona-Terres de l\u2019Ebre obrint el seg\u00fcent enlla\u00e7: <a href=\"https:\/\/serveiseducatius.xtec.cat\/creda-tarragona\/\">https:\/\/serveiseducatius.xtec.cat\/creda-tarragona\/<\/a><\/p>\n","protected":false},"excerpt":{"rendered":"<p>Centre de Recursos Educactius per a Deficients Auditius. Els CREDA s\u00f3n serveis de suport als centres educatius en l\u2019adequaci\u00f3 a [&hellip;]<\/p>\n","protected":false},"author":1,"featured_media":0,"parent":306,"menu_order":40,"comment_status":"closed","ping_status":"closed","template":"","meta":{"_bbp_topic_count":0,"_bbp_reply_count":0,"_bbp_total_topic_count":0,"_bbp_total_reply_count":0,"_bbp_voice_count":0,"_bbp_anonymous_reply_count":0,"_bbp_topic_count_hidden":0,"_bbp_reply_count_hidden":0,"_bbp_forum_subforum_count":0,"site-sidebar-layout":"default","site-content-layout":"","ast-site-content-layout":"default","site-content-style":"default","site-sidebar-style":"default","ast-global-header-display":"","ast-banner-title-visibility":"","ast-main-header-display":"","ast-hfb-above-header-display":"","ast-hfb-below-header-display":"","ast-hfb-mobile-header-display":"","site-post-title":"","ast-breadcrumbs-content":"","ast-featured-img":"","footer-sml-layout":"","theme-transparent-header-meta":"","adv-header-id-meta":"","stick-header-meta":"","header-above-stick-meta":"","header-main-stick-meta":"","header-below-stick-meta":"","astra-migrate-meta-layouts":"set","ast-page-background-enabled":"default","ast-page-background-meta":{"desktop":{"background-color":"var(--ast-global-color-4)","background-image":"","background-repeat":"repeat","background-position":"center center","background-size":"auto","background-attachment":"scroll","background-type":"","background-media":"","overlay-type":"","overlay-color":"","overlay-opacity":"","overlay-gradient":""},"tablet":{"background-color":"","background-image":"","background-repeat":"repeat","background-position":"center center","background-size":"auto","background-attachment":"scroll","background-type":"","background-media":"","overlay-type":"","overlay-color":"","overlay-opacity":"","overlay-gradient":""},"mobile":{"background-color":"","background-image":"","background-repeat":"repeat","background-position":"center center","background-size":"auto","background-attachment":"scroll","background-type":"","background-media":"","overlay-type":"","overlay-color":"","overlay-opacity":"","overlay-gradient":""}},"ast-content-background-meta":{"desktop":{"background-color":"var(--ast-global-color-5)","background-image":"","background-repeat":"repeat","background-position":"center center","background-size":"auto","background-attachment":"scroll","background-type":"","background-media":"","overlay-type":"","overlay-color":"","overlay-opacity":"","overlay-gradient":""},"tablet":{"background-color":"var(--ast-global-color-5)","background-image":"","background-repeat":"repeat","background-position":"center center","background-size":"auto","background-attachment":"scroll","background-type":"","background-media":"","overlay-type":"","overlay-color":"","overlay-opacity":"","overlay-gradient":""},"mobile":{"background-color":"var(--ast-global-color-5)","background-image":"","background-repeat":"repeat","background-position":"center center","background-size":"auto","background-attachment":"scroll","background-type":"","background-media":"","overlay-type":"","overlay-color":"","overlay-opacity":"","overlay-gradient":""}},"footnotes":""},"class_list":["post-9120","page","type-page","status-publish","hentry"],"post_mailing_queue_ids":[],"_links":{"self":[{"href":"https:\/\/serveiseducatius.xtec.cat\/montsia\/wp-json\/wp\/v2\/pages\/9120","targetHints":{"allow":["GET"]}}],"collection":[{"href":"https:\/\/serveiseducatius.xtec.cat\/montsia\/wp-json\/wp\/v2\/pages"}],"about":[{"href":"https:\/\/serveiseducatius.xtec.cat\/montsia\/wp-json\/wp\/v2\/types\/page"}],"author":[{"embeddable":true,"href":"https:\/\/serveiseducatius.xtec.cat\/montsia\/wp-json\/wp\/v2\/users\/1"}],"replies":[{"embeddable":true,"href":"https:\/\/serveiseducatius.xtec.cat\/montsia\/wp-json\/wp\/v2\/comments?post=9120"}],"version-history":[{"count":3,"href":"https:\/\/serveiseducatius.xtec.cat\/montsia\/wp-json\/wp\/v2\/pages\/9120\/revisions"}],"predecessor-version":[{"id":15599,"href":"https:\/\/serveiseducatius.xtec.cat\/montsia\/wp-json\/wp\/v2\/pages\/9120\/revisions\/15599"}],"up":[{"embeddable":true,"href":"https:\/\/serveiseducatius.xtec.cat\/montsia\/wp-json\/wp\/v2\/pages\/306"}],"wp:attachment":[{"href":"https:\/\/serveiseducatius.xtec.cat\/montsia\/wp-json\/wp\/v2\/media?parent=9120"}],"curies":[{"name":"wp","href":"https:\/\/api.w.org\/{rel}","templated":true}]}}