{"id":9111,"date":"2016-09-27T16:44:08","date_gmt":"2016-09-27T15:44:08","guid":{"rendered":"http:\/\/serveiseducatius.xtec.cat\/montsia\/?page_id=9111"},"modified":"2025-01-08T14:56:33","modified_gmt":"2025-01-08T13:56:33","slug":"elic-montsia","status":"publish","type":"page","link":"https:\/\/serveiseducatius.xtec.cat\/montsia\/elserveieducatiu\/equip\/elic-montsia\/","title":{"rendered":"ELIC &#8211; Montsi\u00e0"},"content":{"rendered":"<p style=\"text-align: left;\"><strong>Equip de llengua, d&#8217;interculturalitat i de cohesi\u00f3 social.<\/strong><\/p>\n<p>Els <strong><a href=\"http:\/\/xtec.gencat.cat\/ca\/serveis\/sez\/elic\/\" target=\"_blank\" rel=\"noopener noreferrer\">ELIC<\/a><\/strong> s\u00f3n equips d\u2019assessorament i orientaci\u00f3 en llengua, interculturalitat i cohesi\u00f3 social que donen suport al professorat en l\u2019atenci\u00f3 a la diversitat relacionada amb l\u2019alumnat, especialment procedent de la immigraci\u00f3 i\/o amb l\u2019alumnat amb risc d\u2019exclusi\u00f3 social, en l\u2019\u00e0mbit dels centres educatius i els plans educatius d\u2019entorn.<br \/>\nEls ELIC formen part dels serveis educatius de zona (SEZ) conjuntament amb els centres de recursos pedag\u00f2gics (CRP) i els equips de d\u2019assessorament psicopedag\u00f2gic (EAP).<\/p>\n<p><strong>Funcions:<\/strong><\/p>\n<ul>\n<li>Assessorar el professorat i els equips docents en la resposta educativa a l\u2019alumnat de cultures minorit\u00e0ries.<\/li>\n<li>Donar suport al professorat i equips docents en la millora de l\u2019atenci\u00f3 a la diversitat cultural i social i la inclusi\u00f3 de tot l\u2019alumnat.<\/li>\n<li>Col\u00b7laborar amb altres agents socials i educatius de l\u2019entorn municipal o territorial per tal d\u2019oferir una atenci\u00f3 integrada i comunit\u00e0ria.<\/li>\n<li>Col\u00b7laborar conjuntament amb el servei educatiu de zona per tal de promoure activitats d\u2019intercanvi i de formaci\u00f3 del professorat.<\/li>\n<\/ul>\n<p><strong>Equip professional:<\/strong><\/p>\n<ul>\n<li>\u00c0lex Brull Brull, llicenciat en traducci\u00f3 i interpretaci\u00f3 anglesa. <a href=\"mailto:abrull6@xtec.cat\" target=\"_blank\" rel=\"noopener noreferrer\">abrull6@xtec.cat<\/a><\/li>\n<li>Isaura Figueres Past\u00f3, professora de llengua i literatura catalanes. <a href=\"mailto:ifiguer4@xtec.cat\">ifiguer4@xtec.cat<\/a><\/li>\n<li>Jessica Miralles Bayarri, mestra d&#8217;educaci\u00f3 infantil i prim\u00e0ria. <a href=\"mailto:jmiral9@xtec.cat\">jmiral9@xtec.cat<\/a><\/li>\n<li>Mustapha Riyani Ben El Arbi, mestre d&#8217;educaci\u00f3 prim\u00e0ria. <a href=\"mailto:mriyani@xtec.cat\">mriyani@xtec.cat<\/a><\/li>\n<\/ul>\n","protected":false},"excerpt":{"rendered":"<p>Equip de llengua, d&#8217;interculturalitat i de cohesi\u00f3 social. Els ELIC s\u00f3n equips d\u2019assessorament i orientaci\u00f3 en llengua, interculturalitat i cohesi\u00f3 [&hellip;]<\/p>\n","protected":false},"author":1,"featured_media":0,"parent":306,"menu_order":30,"comment_status":"closed","ping_status":"closed","template":"","meta":{"_bbp_topic_count":0,"_bbp_reply_count":0,"_bbp_total_topic_count":0,"_bbp_total_reply_count":0,"_bbp_voice_count":0,"_bbp_anonymous_reply_count":0,"_bbp_topic_count_hidden":0,"_bbp_reply_count_hidden":0,"_bbp_forum_subforum_count":0,"site-sidebar-layout":"default","site-content-layout":"","ast-site-content-layout":"default","site-content-style":"default","site-sidebar-style":"default","ast-global-header-display":"","ast-banner-title-visibility":"","ast-main-header-display":"","ast-hfb-above-header-display":"","ast-hfb-below-header-display":"","ast-hfb-mobile-header-display":"","site-post-title":"","ast-breadcrumbs-content":"","ast-featured-img":"","footer-sml-layout":"","theme-transparent-header-meta":"","adv-header-id-meta":"","stick-header-meta":"","header-above-stick-meta":"","header-main-stick-meta":"","header-below-stick-meta":"","astra-migrate-meta-layouts":"set","ast-page-background-enabled":"default","ast-page-background-meta":{"desktop":{"background-color":"var(--ast-global-color-4)","background-image":"","background-repeat":"repeat","background-position":"center center","background-size":"auto","background-attachment":"scroll","background-type":"","background-media":"","overlay-type":"","overlay-color":"","overlay-opacity":"","overlay-gradient":""},"tablet":{"background-color":"","background-image":"","background-repeat":"repeat","background-position":"center center","background-size":"auto","background-attachment":"scroll","background-type":"","background-media":"","overlay-type":"","overlay-color":"","overlay-opacity":"","overlay-gradient":""},"mobile":{"background-color":"","background-image":"","background-repeat":"repeat","background-position":"center center","background-size":"auto","background-attachment":"scroll","background-type":"","background-media":"","overlay-type":"","overlay-color":"","overlay-opacity":"","overlay-gradient":""}},"ast-content-background-meta":{"desktop":{"background-color":"var(--ast-global-color-5)","background-image":"","background-repeat":"repeat","background-position":"center center","background-size":"auto","background-attachment":"scroll","background-type":"","background-media":"","overlay-type":"","overlay-color":"","overlay-opacity":"","overlay-gradient":""},"tablet":{"background-color":"var(--ast-global-color-5)","background-image":"","background-repeat":"repeat","background-position":"center center","background-size":"auto","background-attachment":"scroll","background-type":"","background-media":"","overlay-type":"","overlay-color":"","overlay-opacity":"","overlay-gradient":""},"mobile":{"background-color":"var(--ast-global-color-5)","background-image":"","background-repeat":"repeat","background-position":"center center","background-size":"auto","background-attachment":"scroll","background-type":"","background-media":"","overlay-type":"","overlay-color":"","overlay-opacity":"","overlay-gradient":""}},"footnotes":""},"class_list":["post-9111","page","type-page","status-publish","hentry"],"post_mailing_queue_ids":[],"_links":{"self":[{"href":"https:\/\/serveiseducatius.xtec.cat\/montsia\/wp-json\/wp\/v2\/pages\/9111","targetHints":{"allow":["GET"]}}],"collection":[{"href":"https:\/\/serveiseducatius.xtec.cat\/montsia\/wp-json\/wp\/v2\/pages"}],"about":[{"href":"https:\/\/serveiseducatius.xtec.cat\/montsia\/wp-json\/wp\/v2\/types\/page"}],"author":[{"embeddable":true,"href":"https:\/\/serveiseducatius.xtec.cat\/montsia\/wp-json\/wp\/v2\/users\/1"}],"replies":[{"embeddable":true,"href":"https:\/\/serveiseducatius.xtec.cat\/montsia\/wp-json\/wp\/v2\/comments?post=9111"}],"version-history":[{"count":5,"href":"https:\/\/serveiseducatius.xtec.cat\/montsia\/wp-json\/wp\/v2\/pages\/9111\/revisions"}],"predecessor-version":[{"id":15598,"href":"https:\/\/serveiseducatius.xtec.cat\/montsia\/wp-json\/wp\/v2\/pages\/9111\/revisions\/15598"}],"up":[{"embeddable":true,"href":"https:\/\/serveiseducatius.xtec.cat\/montsia\/wp-json\/wp\/v2\/pages\/306"}],"wp:attachment":[{"href":"https:\/\/serveiseducatius.xtec.cat\/montsia\/wp-json\/wp\/v2\/media?parent=9111"}],"curies":[{"name":"wp","href":"https:\/\/api.w.org\/{rel}","templated":true}]}}