{"id":9092,"date":"2016-09-27T15:26:08","date_gmt":"2016-09-27T14:26:08","guid":{"rendered":"http:\/\/serveiseducatius.xtec.cat\/montsia\/?page_id=9092"},"modified":"2025-01-08T14:56:09","modified_gmt":"2025-01-08T13:56:09","slug":"eap-montsia","status":"publish","type":"page","link":"https:\/\/serveiseducatius.xtec.cat\/montsia\/elserveieducatiu\/equip\/eap-montsia\/","title":{"rendered":"EAP &#8211; Montsi\u00e0"},"content":{"rendered":"<p><strong>Equip d&#8217;Assessorament i Orientaci\u00f3 Psicopedag\u00f2gica del Montsi\u00e0:<\/strong> <a href=\"mailto:e3907125@xtec.cat\">e3907125@xtec.cat<\/a><\/p>\n<p>Els equips d&#8217;assessorament i orientaci\u00f3 psicopedag\u00f2gica (EAP) s\u00f3n serveis educatius que donen suport al professorat dels centres docents per tal d&#8217;oferir la resposta educativa m\u00e9s adequada al conjunt de l&#8217;alumnat, especialment aquell que presenta disminucions o m\u00e9s dificultats en el proc\u00e9s d&#8217;aprenentatge i les seves fam\u00edlies.<\/p>\n<p><strong>Funcions:<\/strong><\/p>\n<ul>\n<li>Identificaci\u00f3\u00a0 i avaluaci\u00f3 de les necessitats educatives especials de l&#8217;alumnat, conjuntament amb el professorat i d&#8217;altres serveis espec\u00edfics per tal de trobar la resposta educativa m\u00e9s adequada en cada cas.<\/li>\n<li>Elaboraci\u00f3 i seguiment de les diferents adaptacions curriculars que puguin necessitar els alumnes, conjuntament amb el professorat i d&#8217;altres serveis espec\u00edfics.<\/li>\n<li>Assessorament als mestres i professors sobre els projectes curriculars dels centres educatius, concretament en aspectes psicopedag\u00f2gics i que millorin l&#8217;atenci\u00f3 a la diversitat de necessitats dels alumnes.<\/li>\n<li>Assessorament a l&#8217;alumnat, les fam\u00edlies i el professorat sobre aspectes relacionats amb l&#8217;orientaci\u00f3 personal, educativa i professional.<\/li>\n<li>Col\u00b7laboraci\u00f3 amb els serveis socials per tal d&#8217;oferir atenci\u00f3 als alumnes i les fam\u00edlies que ho necessitin. Oferta de recursos, infraestructura i de serveis als centres docents i al professorat per tal que disposin de material espec\u00edfic de les diferents \u00e0rees curriculars, de mitjans propis de la tecnologia educativa i de publicacions especialitzades, amb assessorament o instruccions d&#8217;utilitzaci\u00f3.<\/li>\n<\/ul>\n<p><strong>Equip professional:<\/strong><\/p>\n<ul>\n<li>Cinta Perolada Gisbert, Directora EAP i Psicopedagoga. <a href=\"mailto:mperolad@xtec.cat\">mperolad@xtec.cat<\/a><\/li>\n<li>Maria Dom\u00e8nech Roig, Psicopedagoga. <a href=\"mailto:mdomene5@xtec.cat\">mdomene5@xtec.cat<\/a><\/li>\n<li>N\u00faria Gaya Sol, Psicopedagoga. <a href=\"mailto:ngaya3@xtec.cat\">ngaya3@xtec.cat<\/a><\/li>\n<li>Llu\u00efsa Mu\u00f1oz Cid, Psicopedagoga. <a href=\"mailto:mmunoz15@xtec.cat\">mmunoz15@xtec.cat <\/a><\/li>\n<li>Francesca Mar\u00ed Sabater, Psicopedagoga. <a href=\"mailto:fmari2@xtec.cat\">fmari2@xtec.cat<\/a><\/li>\n<li>Cinta \u00c0lvaro Balagu\u00e9, Psicopedagoga. <a href=\"mailto:calvaro3@xtec.cat\">calvaro3@xtec.cat<\/a><\/li>\n<li>Amanda Auxachs Curto, Psicopedagoga. <a href=\"mailto:aauxachs@xtec.cat\">aauxachs@xtec.cat<\/a><\/li>\n<li>Carme Bergad\u00e0 Gasp\u00e0, Treballadora Social. <a href=\"mailto:mbergad1@xtec.cat\">mbergad1@xtec.cat<\/a><\/li>\n<li>Irene Albiol Zaragoza, Treballadora Social. <a href=\"mailto:ialbiol2@xtec.cat\" target=\"_blank\" rel=\"noopener\">ialbiol2@xtec.cat <\/a><\/li>\n<li>Manel Pujol Obiol, Fisioterapeuta. <a href=\"mailto:mpujo228@xtec.cat\">mpujo228@xtec.cat<\/a><\/li>\n<\/ul>\n","protected":false},"excerpt":{"rendered":"<p>Equip d&#8217;Assessorament i Orientaci\u00f3 Psicopedag\u00f2gica del Montsi\u00e0: e3907125@xtec.cat Els equips d&#8217;assessorament i orientaci\u00f3 psicopedag\u00f2gica (EAP) s\u00f3n serveis educatius que donen [&hellip;]<\/p>\n","protected":false},"author":1,"featured_media":0,"parent":306,"menu_order":20,"comment_status":"closed","ping_status":"closed","template":"","meta":{"_bbp_topic_count":0,"_bbp_reply_count":0,"_bbp_total_topic_count":0,"_bbp_total_reply_count":0,"_bbp_voice_count":0,"_bbp_anonymous_reply_count":0,"_bbp_topic_count_hidden":0,"_bbp_reply_count_hidden":0,"_bbp_forum_subforum_count":0,"site-sidebar-layout":"default","site-content-layout":"","ast-site-content-layout":"default","site-content-style":"default","site-sidebar-style":"default","ast-global-header-display":"","ast-banner-title-visibility":"","ast-main-header-display":"","ast-hfb-above-header-display":"","ast-hfb-below-header-display":"","ast-hfb-mobile-header-display":"","site-post-title":"","ast-breadcrumbs-content":"","ast-featured-img":"","footer-sml-layout":"","theme-transparent-header-meta":"","adv-header-id-meta":"","stick-header-meta":"","header-above-stick-meta":"","header-main-stick-meta":"","header-below-stick-meta":"","astra-migrate-meta-layouts":"set","ast-page-background-enabled":"default","ast-page-background-meta":{"desktop":{"background-color":"var(--ast-global-color-4)","background-image":"","background-repeat":"repeat","background-position":"center center","background-size":"auto","background-attachment":"scroll","background-type":"","background-media":"","overlay-type":"","overlay-color":"","overlay-opacity":"","overlay-gradient":""},"tablet":{"background-color":"","background-image":"","background-repeat":"repeat","background-position":"center center","background-size":"auto","background-attachment":"scroll","background-type":"","background-media":"","overlay-type":"","overlay-color":"","overlay-opacity":"","overlay-gradient":""},"mobile":{"background-color":"","background-image":"","background-repeat":"repeat","background-position":"center center","background-size":"auto","background-attachment":"scroll","background-type":"","background-media":"","overlay-type":"","overlay-color":"","overlay-opacity":"","overlay-gradient":""}},"ast-content-background-meta":{"desktop":{"background-color":"var(--ast-global-color-5)","background-image":"","background-repeat":"repeat","background-position":"center center","background-size":"auto","background-attachment":"scroll","background-type":"","background-media":"","overlay-type":"","overlay-color":"","overlay-opacity":"","overlay-gradient":""},"tablet":{"background-color":"var(--ast-global-color-5)","background-image":"","background-repeat":"repeat","background-position":"center center","background-size":"auto","background-attachment":"scroll","background-type":"","background-media":"","overlay-type":"","overlay-color":"","overlay-opacity":"","overlay-gradient":""},"mobile":{"background-color":"var(--ast-global-color-5)","background-image":"","background-repeat":"repeat","background-position":"center center","background-size":"auto","background-attachment":"scroll","background-type":"","background-media":"","overlay-type":"","overlay-color":"","overlay-opacity":"","overlay-gradient":""}},"footnotes":""},"class_list":["post-9092","page","type-page","status-publish","hentry"],"post_mailing_queue_ids":[],"_links":{"self":[{"href":"https:\/\/serveiseducatius.xtec.cat\/montsia\/wp-json\/wp\/v2\/pages\/9092","targetHints":{"allow":["GET"]}}],"collection":[{"href":"https:\/\/serveiseducatius.xtec.cat\/montsia\/wp-json\/wp\/v2\/pages"}],"about":[{"href":"https:\/\/serveiseducatius.xtec.cat\/montsia\/wp-json\/wp\/v2\/types\/page"}],"author":[{"embeddable":true,"href":"https:\/\/serveiseducatius.xtec.cat\/montsia\/wp-json\/wp\/v2\/users\/1"}],"replies":[{"embeddable":true,"href":"https:\/\/serveiseducatius.xtec.cat\/montsia\/wp-json\/wp\/v2\/comments?post=9092"}],"version-history":[{"count":6,"href":"https:\/\/serveiseducatius.xtec.cat\/montsia\/wp-json\/wp\/v2\/pages\/9092\/revisions"}],"predecessor-version":[{"id":15597,"href":"https:\/\/serveiseducatius.xtec.cat\/montsia\/wp-json\/wp\/v2\/pages\/9092\/revisions\/15597"}],"up":[{"embeddable":true,"href":"https:\/\/serveiseducatius.xtec.cat\/montsia\/wp-json\/wp\/v2\/pages\/306"}],"wp:attachment":[{"href":"https:\/\/serveiseducatius.xtec.cat\/montsia\/wp-json\/wp\/v2\/media?parent=9092"}],"curies":[{"name":"wp","href":"https:\/\/api.w.org\/{rel}","templated":true}]}}