{"id":8981,"date":"2016-06-29T09:01:52","date_gmt":"2016-06-29T08:01:52","guid":{"rendered":"http:\/\/serveiseducatius.xtec.cat\/montsia\/?page_id=8981"},"modified":"2016-06-30T10:04:48","modified_gmt":"2016-06-30T09:04:48","slug":"enllacos-dinteres","status":"publish","type":"page","link":"https:\/\/serveiseducatius.xtec.cat\/montsia\/assessoraments\/puntedu-2\/enllacos-dinteres\/","title":{"rendered":"Enlla\u00e7os d&#8217;inter\u00e8s"},"content":{"rendered":"<table>\n<tbody>\n<tr>\n<td><a href=\"http:\/\/www20.gencat.cat\/portal\/site\/Biblioteques\/menuitem.6ac196a374f5a5b009671410b0c0e1a0\/?vgnextoid=ded81e1f0f090110VgnVCM1000000b0c1e0aRCRD&amp;vgnextchannel=ded81e1f0f090110VgnVCM1000000b0c1e0aRCRD&amp;vgnextfmt=default\" target=\"_blank\" rel=\"attachment wp-att-8984\"><img loading=\"lazy\" decoding=\"async\" class=\"alignnone wp-image-8984 size-full\" src=\"http:\/\/serveiseducatius.xtec.cat\/montsia\/wp-content\/uploads\/usu1125\/2016\/06\/biblio-cata.jpg\" alt=\"biblio cata\" width=\"96\" height=\"90\" \/><\/a><\/td>\n<td>Biblioteques P\u00fabliques de Catalunya<\/td>\n<td>\u00a0<img loading=\"lazy\" decoding=\"async\" class=\"alignnone wp-image-8988 size-full\" src=\"http:\/\/serveiseducatius.xtec.cat\/montsia\/wp-content\/uploads\/usu1125\/2016\/06\/contes.jpg\" alt=\"contes\" width=\"96\" height=\"90\" \/><\/td>\n<td>Recull on line de contes infantils<\/td>\n<\/tr>\n<tr>\n<td>\u00a0<a href=\"http:\/\/xtec.gencat.cat\/ca\/projectes\/lectura\/gustperlalectura\/materialdidactic\" target=\"_blank\" rel=\"attachment wp-att-8990\"><img loading=\"lazy\" decoding=\"async\" class=\"alignnone wp-image-8990 size-full\" src=\"http:\/\/serveiseducatius.xtec.cat\/montsia\/wp-content\/uploads\/usu1125\/2016\/06\/gust-lectura.jpg\" alt=\"gust lectura\" width=\"96\" height=\"90\" \/><\/a><\/td>\n<td>Dossiers did\u00e0ctics<\/td>\n<td>\u00a0<a href=\"http:\/\/www.ciberoteca.com\/valenciano\/escolar\/\" target=\"_blank\" rel=\"attachment wp-att-8991\"><img loading=\"lazy\" decoding=\"async\" class=\"alignnone wp-image-8991 size-full\" src=\"http:\/\/serveiseducatius.xtec.cat\/montsia\/wp-content\/uploads\/usu1125\/2016\/06\/ciberoteca.jpg\" alt=\"ciberoteca\" width=\"96\" height=\"90\" \/><\/a><\/td>\n<td>Ciberoteca Escolar<\/td>\n<\/tr>\n<tr>\n<td>\u00a0<a href=\"http:\/\/bibliotecaescolarinfo.blogspot.com.es\" target=\"_blank\" rel=\"attachment wp-att-8992\"><img loading=\"lazy\" decoding=\"async\" class=\"alignnone wp-image-8992 size-full\" src=\"http:\/\/serveiseducatius.xtec.cat\/montsia\/wp-content\/uploads\/usu1125\/2016\/06\/biblio-escolar.jpg\" alt=\"biblio escolar\" width=\"96\" height=\"90\" \/><\/a><\/td>\n<td>Biblioteca Escolar. Gl\u00f2ria Durban<\/td>\n<td>\u00a0<a href=\"http:\/\/www.cervantesvirtual.com\/portales\/biblioteca_literatura_infantil_juvenil\/\" target=\"_blank\" rel=\"attachment wp-att-8993\"><img loading=\"lazy\" decoding=\"async\" class=\"alignnone wp-image-8993 size-full\" src=\"http:\/\/serveiseducatius.xtec.cat\/montsia\/wp-content\/uploads\/usu1125\/2016\/06\/biblio-cervantes.jpg\" alt=\"biblio cervantes\" width=\"96\" height=\"90\" \/><\/a><\/td>\n<td>Biblioteca virtual Miguel de Cervantes<\/td>\n<\/tr>\n<tr>\n<td>\u00a0<a href=\"http:\/\/web.educastur.princast.es\/proyectos\/abareque\/web\/\" target=\"_blank\" rel=\"attachment wp-att-8995\"><img loading=\"lazy\" decoding=\"async\" class=\"alignnone wp-image-8995 size-full\" src=\"http:\/\/serveiseducatius.xtec.cat\/montsia\/wp-content\/uploads\/usu1125\/2016\/06\/abareque.jpg\" alt=\"abareque\" width=\"96\" height=\"90\" \/><\/a><\/td>\n<td>Revista de Bibliotecas Escolares<\/td>\n<td>\u00a0<a href=\"http:\/\/www.lluisvives.com\" target=\"_blank\" rel=\"attachment wp-att-8996\"><img loading=\"lazy\" decoding=\"async\" class=\"alignnone wp-image-8996 size-full\" src=\"http:\/\/serveiseducatius.xtec.cat\/montsia\/wp-content\/uploads\/usu1125\/2016\/06\/lluis-vives.jpg\" alt=\"lluis vives\" width=\"96\" height=\"90\" \/><\/a><\/td>\n<td>Biblioteca virtual Joan Llu\u00eds Vives<\/td>\n<\/tr>\n<tr>\n<td>\u00a0<a href=\"http:\/\/www.bibliotecasjarbo.cat\" target=\"_blank\" rel=\"attachment wp-att-8997\"><img loading=\"lazy\" decoding=\"async\" class=\"alignnone wp-image-8997 size-full\" src=\"http:\/\/serveiseducatius.xtec.cat\/montsia\/wp-content\/uploads\/usu1125\/2016\/06\/bilio_joan-arbo.jpg\" alt=\"bilio_joan arbo\" width=\"96\" height=\"90\" \/><\/a><\/td>\n<td>Biblioteca comarcal Sebasti\u00e0 Joan Arb\u00f3<\/td>\n<td>\u00a0<a href=\"http:\/\/bibliotecamarcellidomingo.blogspot.com.es\" target=\"_blank\" rel=\"attachment wp-att-8998\"><img loading=\"lazy\" decoding=\"async\" class=\"alignnone wp-image-8998 size-full\" src=\"http:\/\/serveiseducatius.xtec.cat\/montsia\/wp-content\/uploads\/usu1125\/2016\/06\/marceli.jpg\" alt=\"marceli\" width=\"96\" height=\"90\" \/><\/a><\/td>\n<td>Biblioteca Marcel\u00b7li Domingo<\/td>\n<\/tr>\n<tr>\n<td>\u00a0<a href=\"http:\/\/www.lecturafacil.net\" target=\"_blank\" rel=\"attachment wp-att-8999\"><img loading=\"lazy\" decoding=\"async\" class=\"alignnone wp-image-8999 size-full\" src=\"http:\/\/serveiseducatius.xtec.cat\/montsia\/wp-content\/uploads\/usu1125\/2016\/06\/lect-facil.jpg\" alt=\"lect facil\" width=\"96\" height=\"90\" \/><\/a><\/td>\n<td>Associaci\u00f3 Lectura F\u00e0cil<\/td>\n<td><img loading=\"lazy\" decoding=\"async\" class=\"alignnone wp-image-9000 size-full\" src=\"http:\/\/serveiseducatius.xtec.cat\/montsia\/wp-content\/uploads\/usu1125\/2016\/06\/cataclic.jpg\" alt=\"cataclic\" width=\"96\" height=\"90\" \/><\/td>\n<td>CATAclic Llegir ens fa m\u00e9s grans<\/td>\n<\/tr>\n<tr>\n<td>\u00a0<a href=\"http:\/\/genius.diba.cat\" target=\"_blank\" rel=\"attachment wp-att-9002\"><img loading=\"lazy\" decoding=\"async\" class=\"alignnone wp-image-9002 size-full\" src=\"http:\/\/serveiseducatius.xtec.cat\/montsia\/wp-content\/uploads\/usu1125\/2016\/06\/genius.jpg\" alt=\"genius\" width=\"96\" height=\"90\" \/><\/a><\/td>\n<td>Genius. Biblioteca virtual<\/td>\n<td>\u00a0 <a href=\"http:\/\/www.super3.cat\/unamadecontes\/\" target=\"_blank\"><img loading=\"lazy\" decoding=\"async\" class=\"alignnone wp-image-9003 size-full\" src=\"http:\/\/serveiseducatius.xtec.cat\/montsia\/wp-content\/uploads\/usu1125\/2016\/06\/ma-contes.jpg\" alt=\"ma contes\" width=\"96\" height=\"90\" \/><\/a><\/td>\n<td>Super 3. Una m\u00e0 de contes<\/td>\n<\/tr>\n<tr>\n<td>\u00a0<a href=\"http:\/\/www.bibgirona.net\/salt\/escoles\/pla_local\/index.htm\" target=\"_blank\" rel=\"attachment wp-att-9005\"><img loading=\"lazy\" decoding=\"async\" class=\"alignnone wp-image-9005 size-full\" src=\"http:\/\/serveiseducatius.xtec.cat\/montsia\/wp-content\/uploads\/usu1125\/2016\/06\/pla-salt.jpg\" alt=\"pla salt\" width=\"96\" height=\"90\" \/><\/a><\/td>\n<td>Pla Local de Lectura P\u00fablica de Salt<\/td>\n<td>\u00a0<a href=\"https:\/\/jaumecentelles.cat\" target=\"_blank\" rel=\"attachment wp-att-9006\"><img loading=\"lazy\" decoding=\"async\" class=\"alignnone wp-image-9006 size-full\" src=\"http:\/\/serveiseducatius.xtec.cat\/montsia\/wp-content\/uploads\/usu1125\/2016\/06\/invi-lectura.jpg\" alt=\"invi lectura\" width=\"96\" height=\"90\" \/><\/a><\/td>\n<td>La invitaci\u00f3 a la lectura<\/td>\n<\/tr>\n<tr>\n<td>\u00a0<a href=\"http:\/\/fundaciongsr.org\" target=\"_blank\" rel=\"attachment wp-att-9008\"><img loading=\"lazy\" decoding=\"async\" class=\"alignnone wp-image-9008 size-full\" src=\"http:\/\/serveiseducatius.xtec.cat\/montsia\/wp-content\/uploads\/usu1125\/2016\/06\/esc-digital.jpg\" alt=\"esc digital\" width=\"96\" height=\"90\" \/><\/a><\/td>\n<td>Fundaci\u00f3n Germ\u00e1n S\u00e1nchez<\/td>\n<td>\u00a0<a href=\"http:\/\/bibliotecamiralvalle.blogspot.com.es\/\" target=\"_blank\" rel=\"attachment wp-att-9009\"><img loading=\"lazy\" decoding=\"async\" class=\"alignnone wp-image-9009 size-full\" src=\"http:\/\/serveiseducatius.xtec.cat\/montsia\/wp-content\/uploads\/usu1125\/2016\/06\/miralvalle.jpg\" alt=\"miralvalle\" width=\"96\" height=\"90\" \/><\/a><\/td>\n<td>Biblioteca Escolar Miralvalle<\/td>\n<\/tr>\n<tr>\n<td>\u00a0<a href=\"http:\/\/www.lamosqueta.cat\" target=\"_blank\" rel=\"attachment wp-att-9010\"><img loading=\"lazy\" decoding=\"async\" class=\"alignnone wp-image-9010 size-full\" src=\"http:\/\/serveiseducatius.xtec.cat\/montsia\/wp-content\/uploads\/usu1125\/2016\/06\/mosqueta.jpg\" alt=\"mosqueta\" width=\"96\" height=\"90\" \/><\/a><\/td>\n<td>La Mosqueta<\/td>\n<td>\u00a0<a href=\"http:\/\/blocs.xtec.cat\/gustperlalectura\/\" target=\"_blank\" rel=\"attachment wp-att-9012\"><img loading=\"lazy\" decoding=\"async\" class=\"alignnone wp-image-9012 size-full\" src=\"http:\/\/serveiseducatius.xtec.cat\/montsia\/wp-content\/uploads\/usu1125\/2016\/06\/bloc-gust-lectura.jpg\" alt=\"bloc gust lectura\" width=\"96\" height=\"90\" \/><\/a><\/td>\n<td>Bloc. El gust per la lectura<\/td>\n<\/tr>\n<tr>\n<td>\u00a0<a href=\"http:\/\/www.clijcat.cat\" target=\"_blank\" rel=\"attachment wp-att-9013\"><img loading=\"lazy\" decoding=\"async\" class=\"alignnone wp-image-9013 size-full\" src=\"http:\/\/serveiseducatius.xtec.cat\/montsia\/wp-content\/uploads\/usu1125\/2016\/06\/clijcat.jpg\" alt=\"clijcat\" width=\"96\" height=\"90\" \/><\/a><\/td>\n<td>Consell Catal\u00e0 del llibre infantil i juvenil<\/td>\n<td>\u00a0<a href=\"http:\/\/www.gretel.cat\" target=\"_blank\" rel=\"attachment wp-att-9014\"><img loading=\"lazy\" decoding=\"async\" class=\"alignnone wp-image-9014 size-full\" src=\"http:\/\/serveiseducatius.xtec.cat\/montsia\/wp-content\/uploads\/usu1125\/2016\/06\/gretel.jpg\" alt=\"gretel\" width=\"96\" height=\"90\" \/><\/a><\/td>\n<td>GRETEL. Grup de recerca de literatura infantil i juvenil<\/td>\n<\/tr>\n<tr>\n<td>\u00a0<a href=\"http:\/\/grupbibliomedia.blogspot.com.es\" target=\"_blank\" rel=\"attachment wp-att-9016\"><img loading=\"lazy\" decoding=\"async\" class=\"alignnone wp-image-9016 size-full\" src=\"http:\/\/serveiseducatius.xtec.cat\/montsia\/wp-content\/uploads\/usu1125\/2016\/06\/bibliomedia.jpg\" alt=\"bibliomedia\" width=\"96\" height=\"90\" \/><\/a><\/td>\n<td>Bibliomedia<\/td>\n<td>\u00a0<a href=\"https:\/\/www.quinsllibres.org\/serveis\/la-biblioteca-de-l-escola\" rel=\"attachment wp-att-9018\"><img loading=\"lazy\" decoding=\"async\" class=\"alignnone size-full wp-image-9018\" src=\"http:\/\/serveiseducatius.xtec.cat\/montsia\/wp-content\/uploads\/usu1125\/2016\/06\/quinsllibres.jpg\" alt=\"quinsllibres\" width=\"96\" height=\"90\" \/><\/a><\/td>\n<td>Quins llibres?<\/td>\n<\/tr>\n<tr>\n<td>\u00a0<a href=\"http:\/\/blocs.xtec.cat\/bibliotequesescolars\/\" target=\"_blank\" rel=\"attachment wp-att-9020\"><img loading=\"lazy\" decoding=\"async\" class=\"alignnone wp-image-9020 size-full\" src=\"http:\/\/serveiseducatius.xtec.cat\/montsia\/wp-content\/uploads\/usu1125\/2016\/06\/blocs.jpg\" alt=\"blocs\" width=\"96\" height=\"90\" \/><\/a><\/td>\n<td>Blocs i webs de les biblioteques escolars<\/td>\n<td><a href=\"http:\/\/leer.es\" target=\"_blank\" rel=\"attachment wp-att-9021\"><img loading=\"lazy\" decoding=\"async\" class=\"alignnone wp-image-9021 size-full\" src=\"http:\/\/serveiseducatius.xtec.cat\/montsia\/wp-content\/uploads\/usu1125\/2016\/06\/leer.jpg\" alt=\"leer\" width=\"96\" height=\"90\" \/><\/a><\/td>\n<td>Leer.es<\/td>\n<\/tr>\n<\/tbody>\n<\/table>\n","protected":false},"excerpt":{"rendered":"<p>Biblioteques P\u00fabliques de Catalunya \u00a0 Recull on line de contes infantils \u00a0 Dossiers did\u00e0ctics \u00a0 Ciberoteca Escolar \u00a0 Biblioteca Escolar. [&hellip;]<\/p>\n","protected":false},"author":1,"featured_media":0,"parent":8927,"menu_order":80,"comment_status":"closed","ping_status":"closed","template":"page-templates\/side-menu.php","meta":{"_bbp_topic_count":0,"_bbp_reply_count":0,"_bbp_total_topic_count":0,"_bbp_total_reply_count":0,"_bbp_voice_count":0,"_bbp_anonymous_reply_count":0,"_bbp_topic_count_hidden":0,"_bbp_reply_count_hidden":0,"_bbp_forum_subforum_count":0,"site-sidebar-layout":"default","site-content-layout":"","ast-site-content-layout":"","site-content-style":"default","site-sidebar-style":"default","ast-global-header-display":"","ast-banner-title-visibility":"","ast-main-header-display":"","ast-hfb-above-header-display":"","ast-hfb-below-header-display":"","ast-hfb-mobile-header-display":"","site-post-title":"","ast-breadcrumbs-content":"","ast-featured-img":"","footer-sml-layout":"","theme-transparent-header-meta":"","adv-header-id-meta":"","stick-header-meta":"","header-above-stick-meta":"","header-main-stick-meta":"","header-below-stick-meta":"","astra-migrate-meta-layouts":"default","ast-page-background-enabled":"default","ast-page-background-meta":{"desktop":{"background-color":"var(--ast-global-color-4)","background-image":"","background-repeat":"repeat","background-position":"center center","background-size":"auto","background-attachment":"scroll","background-type":"","background-media":"","overlay-type":"","overlay-color":"","overlay-opacity":"","overlay-gradient":""},"tablet":{"background-color":"","background-image":"","background-repeat":"repeat","background-position":"center center","background-size":"auto","background-attachment":"scroll","background-type":"","background-media":"","overlay-type":"","overlay-color":"","overlay-opacity":"","overlay-gradient":""},"mobile":{"background-color":"","background-image":"","background-repeat":"repeat","background-position":"center center","background-size":"auto","background-attachment":"scroll","background-type":"","background-media":"","overlay-type":"","overlay-color":"","overlay-opacity":"","overlay-gradient":""}},"ast-content-background-meta":{"desktop":{"background-color":"var(--ast-global-color-5)","background-image":"","background-repeat":"repeat","background-position":"center center","background-size":"auto","background-attachment":"scroll","background-type":"","background-media":"","overlay-type":"","overlay-color":"","overlay-opacity":"","overlay-gradient":""},"tablet":{"background-color":"var(--ast-global-color-5)","background-image":"","background-repeat":"repeat","background-position":"center center","background-size":"auto","background-attachment":"scroll","background-type":"","background-media":"","overlay-type":"","overlay-color":"","overlay-opacity":"","overlay-gradient":""},"mobile":{"background-color":"var(--ast-global-color-5)","background-image":"","background-repeat":"repeat","background-position":"center center","background-size":"auto","background-attachment":"scroll","background-type":"","background-media":"","overlay-type":"","overlay-color":"","overlay-opacity":"","overlay-gradient":""}},"footnotes":""},"class_list":["post-8981","page","type-page","status-publish","hentry"],"post_mailing_queue_ids":[],"_links":{"self":[{"href":"https:\/\/serveiseducatius.xtec.cat\/montsia\/wp-json\/wp\/v2\/pages\/8981","targetHints":{"allow":["GET"]}}],"collection":[{"href":"https:\/\/serveiseducatius.xtec.cat\/montsia\/wp-json\/wp\/v2\/pages"}],"about":[{"href":"https:\/\/serveiseducatius.xtec.cat\/montsia\/wp-json\/wp\/v2\/types\/page"}],"author":[{"embeddable":true,"href":"https:\/\/serveiseducatius.xtec.cat\/montsia\/wp-json\/wp\/v2\/users\/1"}],"replies":[{"embeddable":true,"href":"https:\/\/serveiseducatius.xtec.cat\/montsia\/wp-json\/wp\/v2\/comments?post=8981"}],"version-history":[{"count":4,"href":"https:\/\/serveiseducatius.xtec.cat\/montsia\/wp-json\/wp\/v2\/pages\/8981\/revisions"}],"predecessor-version":[{"id":9032,"href":"https:\/\/serveiseducatius.xtec.cat\/montsia\/wp-json\/wp\/v2\/pages\/8981\/revisions\/9032"}],"up":[{"embeddable":true,"href":"https:\/\/serveiseducatius.xtec.cat\/montsia\/wp-json\/wp\/v2\/pages\/8927"}],"wp:attachment":[{"href":"https:\/\/serveiseducatius.xtec.cat\/montsia\/wp-json\/wp\/v2\/media?parent=8981"}],"curies":[{"name":"wp","href":"https:\/\/api.w.org\/{rel}","templated":true}]}}