{"id":8972,"date":"2016-06-28T12:09:33","date_gmt":"2016-06-28T11:09:33","guid":{"rendered":"http:\/\/serveiseducatius.xtec.cat\/montsia\/?page_id=8972"},"modified":"2016-06-29T08:31:11","modified_gmt":"2016-06-29T07:31:11","slug":"club-de-lectura","status":"publish","type":"page","link":"https:\/\/serveiseducatius.xtec.cat\/montsia\/assessoraments\/puntedu-2\/club-de-lectura\/","title":{"rendered":"Club de Lectura"},"content":{"rendered":"<h6><a href=\"http:\/\/serveiseducatius.xtec.cat\/montsia\/wp-content\/uploads\/usu1125\/2016\/06\/Grup-1-fossat.jpg\" rel=\"attachment wp-att-8976\"><img loading=\"lazy\" decoding=\"async\" class=\"alignnone size-full wp-image-8976\" src=\"http:\/\/serveiseducatius.xtec.cat\/montsia\/wp-content\/uploads\/usu1125\/2016\/06\/Grup-1-fossat.jpg\" alt=\"Grup 1 fossat\" width=\"600\" height=\"200\" srcset=\"https:\/\/serveiseducatius.xtec.cat\/montsia\/wp-content\/uploads\/usu1125\/2016\/06\/Grup-1-fossat.jpg 600w, https:\/\/serveiseducatius.xtec.cat\/montsia\/wp-content\/uploads\/usu1125\/2016\/06\/Grup-1-fossat-300x100.jpg 300w\" sizes=\"auto, (max-width: 600px) 100vw, 600px\" \/><\/a><\/h6>\n<h5>Club de lectura juvenil d&#8217;Amposta.<\/h5>\n<p>El Club de Lectura Juvenil d\u2019Amposta es planteja des de la Biblioteca Comarcal Sebasti\u00e0 Juan Arb\u00f3 i les Biblioteques Escolars de diferents centres educatius de la localitat, de Prim\u00e0ria i Secund\u00e0ria; i amb el suport del CRP del Montsi\u00e0.<a href=\"https:\/\/drive.google.com\/file\/d\/0B7l3OPrnByqPejNJY3Q5MWRGbjg\/view?pref=2&amp;pli=1\" target=\"_blank\"> + INFO<\/a><\/p>\n<p>&nbsp;<\/p>\n<h5>Jornada Biblioteques Escolars a les Terres de l&#8217;Ebre 2015.<\/h5>\n<h5>&#8220;Projectes compartits: de la biblioteca escolar a la biblioteca p\u00fablica&#8221;<\/h5>\n<p>&nbsp;<\/p>\n<h6><a href=\"https:\/\/drive.google.com\/file\/d\/0B7l3OPrnByqPM1FKU3EzUTg4ZGM\/view?pref=2&amp;pli=1\" target=\"_blank\">Presentaci\u00f3 Jornada.<\/a><\/h6>\n<p>&nbsp;<\/p>\n<p>V\u00eddeo presentaci\u00f3.<\/p>\n<p><iframe loading=\"lazy\" src=\"https:\/\/www.youtube.com\/embed\/xQBZkzuAdNs\" width=\"640\" height=\"360\" frameborder=\"0\" allowfullscreen=\"allowfullscreen\"><\/iframe><\/p>\n<h5>Lectures 15\/16.<\/h5>\n<p><a href=\"https:\/\/drive.google.com\/file\/d\/0B7l3OPrnByqPaVg5TlB3dlNsWVk\/view?pref=2&amp;pli=1\" target=\"_blank\">Relaci\u00f3 de llibres<\/a> que es tractaran en les trobades del Club de lectura juvenil d&#8217;Amposta, durant el present curs.<\/p>\n<p><a href=\"http:\/\/serveiseducatius.xtec.cat\/montsia\/wp-content\/uploads\/usu1125\/2016\/06\/Emili-i-Ninesbis.jpg\" rel=\"attachment wp-att-8977\"><img loading=\"lazy\" decoding=\"async\" class=\"alignnone size-full wp-image-8977\" src=\"http:\/\/serveiseducatius.xtec.cat\/montsia\/wp-content\/uploads\/usu1125\/2016\/06\/Emili-i-Ninesbis.jpg\" alt=\"Emili i Ninesbis\" width=\"600\" height=\"200\" srcset=\"https:\/\/serveiseducatius.xtec.cat\/montsia\/wp-content\/uploads\/usu1125\/2016\/06\/Emili-i-Ninesbis.jpg 600w, https:\/\/serveiseducatius.xtec.cat\/montsia\/wp-content\/uploads\/usu1125\/2016\/06\/Emili-i-Ninesbis-300x100.jpg 300w\" sizes=\"auto, (max-width: 600px) 100vw, 600px\" \/><\/a><\/p>\n","protected":false},"excerpt":{"rendered":"<p>Club de lectura juvenil d&#8217;Amposta. El Club de Lectura Juvenil d\u2019Amposta es planteja des de la Biblioteca Comarcal Sebasti\u00e0 Juan [&hellip;]<\/p>\n","protected":false},"author":1,"featured_media":0,"parent":8927,"menu_order":60,"comment_status":"closed","ping_status":"closed","template":"page-templates\/side-menu.php","meta":{"_bbp_topic_count":0,"_bbp_reply_count":0,"_bbp_total_topic_count":0,"_bbp_total_reply_count":0,"_bbp_voice_count":0,"_bbp_anonymous_reply_count":0,"_bbp_topic_count_hidden":0,"_bbp_reply_count_hidden":0,"_bbp_forum_subforum_count":0,"site-sidebar-layout":"default","site-content-layout":"","ast-site-content-layout":"","site-content-style":"default","site-sidebar-style":"default","ast-global-header-display":"","ast-banner-title-visibility":"","ast-main-header-display":"","ast-hfb-above-header-display":"","ast-hfb-below-header-display":"","ast-hfb-mobile-header-display":"","site-post-title":"","ast-breadcrumbs-content":"","ast-featured-img":"","footer-sml-layout":"","theme-transparent-header-meta":"","adv-header-id-meta":"","stick-header-meta":"","header-above-stick-meta":"","header-main-stick-meta":"","header-below-stick-meta":"","astra-migrate-meta-layouts":"default","ast-page-background-enabled":"default","ast-page-background-meta":{"desktop":{"background-color":"var(--ast-global-color-4)","background-image":"","background-repeat":"repeat","background-position":"center center","background-size":"auto","background-attachment":"scroll","background-type":"","background-media":"","overlay-type":"","overlay-color":"","overlay-opacity":"","overlay-gradient":""},"tablet":{"background-color":"","background-image":"","background-repeat":"repeat","background-position":"center center","background-size":"auto","background-attachment":"scroll","background-type":"","background-media":"","overlay-type":"","overlay-color":"","overlay-opacity":"","overlay-gradient":""},"mobile":{"background-color":"","background-image":"","background-repeat":"repeat","background-position":"center center","background-size":"auto","background-attachment":"scroll","background-type":"","background-media":"","overlay-type":"","overlay-color":"","overlay-opacity":"","overlay-gradient":""}},"ast-content-background-meta":{"desktop":{"background-color":"var(--ast-global-color-5)","background-image":"","background-repeat":"repeat","background-position":"center center","background-size":"auto","background-attachment":"scroll","background-type":"","background-media":"","overlay-type":"","overlay-color":"","overlay-opacity":"","overlay-gradient":""},"tablet":{"background-color":"var(--ast-global-color-5)","background-image":"","background-repeat":"repeat","background-position":"center center","background-size":"auto","background-attachment":"scroll","background-type":"","background-media":"","overlay-type":"","overlay-color":"","overlay-opacity":"","overlay-gradient":""},"mobile":{"background-color":"var(--ast-global-color-5)","background-image":"","background-repeat":"repeat","background-position":"center center","background-size":"auto","background-attachment":"scroll","background-type":"","background-media":"","overlay-type":"","overlay-color":"","overlay-opacity":"","overlay-gradient":""}},"footnotes":""},"class_list":["post-8972","page","type-page","status-publish","hentry"],"post_mailing_queue_ids":[],"_links":{"self":[{"href":"https:\/\/serveiseducatius.xtec.cat\/montsia\/wp-json\/wp\/v2\/pages\/8972","targetHints":{"allow":["GET"]}}],"collection":[{"href":"https:\/\/serveiseducatius.xtec.cat\/montsia\/wp-json\/wp\/v2\/pages"}],"about":[{"href":"https:\/\/serveiseducatius.xtec.cat\/montsia\/wp-json\/wp\/v2\/types\/page"}],"author":[{"embeddable":true,"href":"https:\/\/serveiseducatius.xtec.cat\/montsia\/wp-json\/wp\/v2\/users\/1"}],"replies":[{"embeddable":true,"href":"https:\/\/serveiseducatius.xtec.cat\/montsia\/wp-json\/wp\/v2\/comments?post=8972"}],"version-history":[{"count":3,"href":"https:\/\/serveiseducatius.xtec.cat\/montsia\/wp-json\/wp\/v2\/pages\/8972\/revisions"}],"predecessor-version":[{"id":8979,"href":"https:\/\/serveiseducatius.xtec.cat\/montsia\/wp-json\/wp\/v2\/pages\/8972\/revisions\/8979"}],"up":[{"embeddable":true,"href":"https:\/\/serveiseducatius.xtec.cat\/montsia\/wp-json\/wp\/v2\/pages\/8927"}],"wp:attachment":[{"href":"https:\/\/serveiseducatius.xtec.cat\/montsia\/wp-json\/wp\/v2\/media?parent=8972"}],"curies":[{"name":"wp","href":"https:\/\/api.w.org\/{rel}","templated":true}]}}