{"id":8954,"date":"2016-06-28T11:07:56","date_gmt":"2016-06-28T10:07:56","guid":{"rendered":"http:\/\/serveiseducatius.xtec.cat\/montsia\/?page_id=8954"},"modified":"2016-06-28T12:02:31","modified_gmt":"2016-06-28T11:02:31","slug":"recursos","status":"publish","type":"page","link":"https:\/\/serveiseducatius.xtec.cat\/montsia\/assessoraments\/puntedu-2\/recursos\/","title":{"rendered":"Recursos"},"content":{"rendered":"<p><a href=\"http:\/\/xtec.gencat.cat\/web\/.content\/alfresco\/d\/d\/workspace\/SpacesStore\/0077\/b86cc0fe-bf6b-4081-a8b8-a6a234931f14\/esporgar.pdf\" target=\"_blank\">Criteris per esporgar documents de la biblioteca escolar en centres de prim\u00e0ria.<\/a><\/p>\n<p><a href=\"https:\/\/www.youtube.com\/user\/canalbib\" target=\"_blank\">CanalBib.<\/a> CanalBib Youtube ofereix una selecci\u00f3 de v\u00eddeos relacionats amb el m\u00f3n de les biblioteques.<\/p>\n<p><a href=\"http:\/\/serveiseducatius.xtec.cat\/montsia\/puntedu-2\/mediateca-del-crp-montsia\/\" target=\"_blank\">Mediateca del CRP del Montsi\u00e0.<\/a> Selecci\u00f3 de materials existents al CRP sobre biblioteques escolars.<\/p>\n<p><a href=\"https:\/\/sites.google.com\/a\/xtec.cat\/butlleti-bdr\/\" target=\"_blank\">Banc de recursos dels CRPs.<\/a> La lectura, font de plaer i de comunicaci\u00f3.<\/p>\n<p><a href=\"http:\/\/xtec.gencat.cat\/ca\/projectes\/biblioteca\/puntedu\/centres\" target=\"_blank\">Programes d&#8217;Innovaci\u00f3 Educativa.<\/a> Biblioteca Escolar PuntEdu del Departament.<\/p>\n<p><a href=\"http:\/\/www.contenedordeoceanos.com\" target=\"_blank\">Contenedor de Oc\u00e9anos.<\/a> Fundaci\u00f3n Germ\u00e1n Sanchez Ruip\u00e9rez. Blog del club de lectura de la Sala Juvenil del Centro Internacional del Libro Infantil y Juvenil.<\/p>\n<p><a href=\"https:\/\/docs.google.com\/a\/xtec.cat\/file\/d\/0B7l3OPrnByqPUU1SVjdCckVNbVU\/edit?pref=2&amp;pli=1\" target=\"_blank\">Proposta d\u2019indicadors coeducatius per analitzar la literatura infantil i juvenil.<\/a><\/p>\n<p><a href=\"https:\/\/docs.google.com\/a\/xtec.cat\/file\/d\/0B7l3OPrnByqPV2loWDVLLXFUdW8\/edit?pref=2&amp;pli=1\" target=\"_blank\">Recull de contes no sexistes infantils per edats.<\/a><\/p>\n<p><a href=\"http:\/\/blocs.xtec.cat\/lboix\/llegim-matematiques\/\" target=\"_blank\">Llegim matem\u00e0tiques.<\/a> Llibres relacionats amb el m\u00f3n de les matem\u00e0tiques a l&#8217;abast de l&#8217;alumnat de l&#8217;institut Ernest Lluch de Cunit.<\/p>\n<p><a href=\"http:\/\/www.edu3.cat\/Edu3tv\/Cerca?p_cp=1&amp;p_ex=biblioteca&amp;x=0&amp;y=0\" target=\"_blank\">Buscador Biblioteques Edu3.cat.<\/a> Recull d&#8217;experi\u00e8ncies de biblioteques al web Edu3.cat.<\/p>\n<p>Experi\u00e8ncies compartides:<\/p>\n<ul>\n<li>Projecte Biblioteca Mil\u00b7l\u00e8nium. CEIP La Farga, Salt, Girona.<\/li>\n<li>Descobreix el m\u00f3n del c\u00f2mic. SES Josep Comas i Sol\u00e0, Barcelona.<\/li>\n<\/ul>\n<p>Articles de revistes:<\/p>\n<ul>\n<li><a href=\"https:\/\/docs.google.com\/a\/xtec.cat\/file\/d\/0B7l3OPrnByqPclVYWGRjdWxjRWM\/edit?pref=2&amp;pli=1\" target=\"_blank\">Recursos per treballar la poesia.<\/a><\/li>\n<li><a href=\"https:\/\/docs.google.com\/a\/xtec.cat\/file\/d\/0B7l3OPrnByqPdzlqVENzVFdnVDQ\/edit?pref=2&amp;pli=1\" target=\"_blank\">Recull d&#8217;articles de revistes.<\/a><\/li>\n<\/ul>\n<p>Webquest: xtec | <a href=\"https:\/\/sites.google.com\/site\/webquestcathome\/\" target=\"_blank\">Comunitat catalana de webquest<\/a> | <a href=\"http:\/\/www.phpwebquest.org\/catala\/index.php\" target=\"_blank\">PHP webquest<\/a><\/p>\n<p><a href=\"https:\/\/issuu.com\/rosasensat\/docs\/el_garbell_1\" target=\"_blank\">El Garbell.<\/a> Nou butllet\u00ed que cont\u00e9 una tria de llibres que han arribat a l&#8217;esmentada Biblioteca i que han estat llegits i valorats pel Seminari de Bibliografia Infantil i Juvenil.<\/p>\n<p><a href=\"http:\/\/www.scoop.it\/t\/lectura-by-crp-montsia\/?\" target=\"_blank\">Scoop.it Lectura.<\/a> Curador de continguts del CRP Montsi\u00e0 sobre lectura.<a href=\"http:\/\/serveiseducatius.xtec.cat\/montsia\/wp-content\/uploads\/usu1125\/2016\/06\/recursosbiblio.jpg\" rel=\"attachment wp-att-8955\"><img loading=\"lazy\" decoding=\"async\" class=\"size-full wp-image-8955 alignright\" src=\"http:\/\/serveiseducatius.xtec.cat\/montsia\/wp-content\/uploads\/usu1125\/2016\/06\/recursosbiblio.jpg\" alt=\"recursosbiblio\" width=\"441\" height=\"114\" srcset=\"https:\/\/serveiseducatius.xtec.cat\/montsia\/wp-content\/uploads\/usu1125\/2016\/06\/recursosbiblio.jpg 441w, https:\/\/serveiseducatius.xtec.cat\/montsia\/wp-content\/uploads\/usu1125\/2016\/06\/recursosbiblio-300x78.jpg 300w\" sizes=\"auto, (max-width: 441px) 100vw, 441px\" \/><\/a><\/p>\n","protected":false},"excerpt":{"rendered":"<p>Criteris per esporgar documents de la biblioteca escolar en centres de prim\u00e0ria. CanalBib. CanalBib Youtube ofereix una selecci\u00f3 de v\u00eddeos [&hellip;]<\/p>\n","protected":false},"author":1,"featured_media":0,"parent":8927,"menu_order":40,"comment_status":"closed","ping_status":"closed","template":"page-templates\/side-menu.php","meta":{"_bbp_topic_count":0,"_bbp_reply_count":0,"_bbp_total_topic_count":0,"_bbp_total_reply_count":0,"_bbp_voice_count":0,"_bbp_anonymous_reply_count":0,"_bbp_topic_count_hidden":0,"_bbp_reply_count_hidden":0,"_bbp_forum_subforum_count":0,"site-sidebar-layout":"default","site-content-layout":"","ast-site-content-layout":"","site-content-style":"default","site-sidebar-style":"default","ast-global-header-display":"","ast-banner-title-visibility":"","ast-main-header-display":"","ast-hfb-above-header-display":"","ast-hfb-below-header-display":"","ast-hfb-mobile-header-display":"","site-post-title":"","ast-breadcrumbs-content":"","ast-featured-img":"","footer-sml-layout":"","theme-transparent-header-meta":"","adv-header-id-meta":"","stick-header-meta":"","header-above-stick-meta":"","header-main-stick-meta":"","header-below-stick-meta":"","astra-migrate-meta-layouts":"default","ast-page-background-enabled":"default","ast-page-background-meta":{"desktop":{"background-color":"var(--ast-global-color-4)","background-image":"","background-repeat":"repeat","background-position":"center center","background-size":"auto","background-attachment":"scroll","background-type":"","background-media":"","overlay-type":"","overlay-color":"","overlay-opacity":"","overlay-gradient":""},"tablet":{"background-color":"","background-image":"","background-repeat":"repeat","background-position":"center center","background-size":"auto","background-attachment":"scroll","background-type":"","background-media":"","overlay-type":"","overlay-color":"","overlay-opacity":"","overlay-gradient":""},"mobile":{"background-color":"","background-image":"","background-repeat":"repeat","background-position":"center center","background-size":"auto","background-attachment":"scroll","background-type":"","background-media":"","overlay-type":"","overlay-color":"","overlay-opacity":"","overlay-gradient":""}},"ast-content-background-meta":{"desktop":{"background-color":"var(--ast-global-color-5)","background-image":"","background-repeat":"repeat","background-position":"center center","background-size":"auto","background-attachment":"scroll","background-type":"","background-media":"","overlay-type":"","overlay-color":"","overlay-opacity":"","overlay-gradient":""},"tablet":{"background-color":"var(--ast-global-color-5)","background-image":"","background-repeat":"repeat","background-position":"center center","background-size":"auto","background-attachment":"scroll","background-type":"","background-media":"","overlay-type":"","overlay-color":"","overlay-opacity":"","overlay-gradient":""},"mobile":{"background-color":"var(--ast-global-color-5)","background-image":"","background-repeat":"repeat","background-position":"center center","background-size":"auto","background-attachment":"scroll","background-type":"","background-media":"","overlay-type":"","overlay-color":"","overlay-opacity":"","overlay-gradient":""}},"footnotes":""},"class_list":["post-8954","page","type-page","status-publish","hentry"],"post_mailing_queue_ids":[],"_links":{"self":[{"href":"https:\/\/serveiseducatius.xtec.cat\/montsia\/wp-json\/wp\/v2\/pages\/8954","targetHints":{"allow":["GET"]}}],"collection":[{"href":"https:\/\/serveiseducatius.xtec.cat\/montsia\/wp-json\/wp\/v2\/pages"}],"about":[{"href":"https:\/\/serveiseducatius.xtec.cat\/montsia\/wp-json\/wp\/v2\/types\/page"}],"author":[{"embeddable":true,"href":"https:\/\/serveiseducatius.xtec.cat\/montsia\/wp-json\/wp\/v2\/users\/1"}],"replies":[{"embeddable":true,"href":"https:\/\/serveiseducatius.xtec.cat\/montsia\/wp-json\/wp\/v2\/comments?post=8954"}],"version-history":[{"count":4,"href":"https:\/\/serveiseducatius.xtec.cat\/montsia\/wp-json\/wp\/v2\/pages\/8954\/revisions"}],"predecessor-version":[{"id":8971,"href":"https:\/\/serveiseducatius.xtec.cat\/montsia\/wp-json\/wp\/v2\/pages\/8954\/revisions\/8971"}],"up":[{"embeddable":true,"href":"https:\/\/serveiseducatius.xtec.cat\/montsia\/wp-json\/wp\/v2\/pages\/8927"}],"wp:attachment":[{"href":"https:\/\/serveiseducatius.xtec.cat\/montsia\/wp-json\/wp\/v2\/media?parent=8954"}],"curies":[{"name":"wp","href":"https:\/\/api.w.org\/{rel}","templated":true}]}}