{"id":8943,"date":"2016-06-28T10:42:04","date_gmt":"2016-06-28T09:42:04","guid":{"rendered":"http:\/\/serveiseducatius.xtec.cat\/montsia\/?page_id=8943"},"modified":"2016-06-28T11:03:10","modified_gmt":"2016-06-28T10:03:10","slug":"experiencies","status":"publish","type":"page","link":"https:\/\/serveiseducatius.xtec.cat\/montsia\/assessoraments\/puntedu-2\/experiencies\/","title":{"rendered":"Experi\u00e8ncies"},"content":{"rendered":"<p><a href=\"https:\/\/drive.google.com\/file\/d\/0B7l3OPrnByqPeTczd19iRG5Eb0U\/view?pref=2&amp;pli=1\" target=\"_blank\">Descobrim Vinyoli.<\/a><br \/>\nESC Horta Vella, Sant Carles de la R\u00e0pita.<\/p>\n<p><a href=\"https:\/\/drive.google.com\/file\/d\/0B7l3OPrnByqPU0pMYzJGNTZZV3M\/view?pref=2&amp;pli=1\" target=\"_blank\">La setmana de la llengua materna.<\/a><br \/>\nINS Tecnificaci\u00f3, Amposta.<\/p>\n<p><a href=\"https:\/\/drive.google.com\/file\/d\/0B7l3OPrnByqPVFZrX3FROWpZNVE\/view?pref=2&amp;pli=1\" target=\"_blank\">Diverticontes.<\/a><br \/>\nESC Carles III, Sant Carles de la R\u00e0pita.<\/p>\n<p><a href=\"https:\/\/drive.google.com\/file\/d\/0B7l3OPrnByqPWTlRS0cxdzIzbUk\/view?pref=2&amp;pli=1\" target=\"_blank\">Lectures per Sant Jordi.<\/a><br \/>\nINS Ramon Berenguer IV, Amposta.<\/p>\n<p><a href=\"https:\/\/drive.google.com\/file\/d\/0B7l3OPrnByqPUUx4Z2JQYVZaYnM\/view?pref=2&amp;pli=1\" target=\"_blank\">MAUS.<\/a><br \/>\nINS Ramon Berenguer IV, Amposta.<\/p>\n<p><a href=\"https:\/\/docs.google.com\/a\/xtec.cat\/file\/d\/0B7l3OPrnByqPZW12M0Y0NHRYT2s\/edit?pref=2&amp;pli=1\" target=\"_blank\">8 de mar\u00e7. Dia de la Dona Treballadora.<\/a><br \/>\nBiblioteca Comarcal Sebasti\u00e0 Juan Arb\u00f3, 5 de mar\u00e7 de 2009.<\/p>\n<p><a href=\"https:\/\/docs.google.com\/a\/xtec.cat\/file\/d\/0B7l3OPrnByqPRzBhbGEwV1FUOTA\/edit?pref=2&amp;pli=1\" target=\"_blank\">Paraules Dibuixades.<\/a><br \/>\nINS Ramon Berenguer IV, Amposta. Abril-maig de 2008.<\/p>\n<p><a href=\"http:\/\/www.xtec.cat\/crp-montsia\/puntedu\/SJordi-Montsia.htm\" target=\"_blank\">Sant Jordi a la biblioteca.<\/a><br \/>\nINS Montsi\u00e0 21, 22 i 23 d&#8217;abril de 2008.<\/p>\n<p><a href=\"http:\/\/www.xtec.cat\/crp-montsia\/Pagines\/Pau.htm\" target=\"_blank\">Lectures per a la no viol\u00e8ncia i la pau.<\/a><br \/>\nINS Montsi\u00e0 29 de gener.<\/p>\n<p><a href=\"https:\/\/docs.google.com\/a\/xtec.cat\/file\/d\/0B7l3OPrnByqPWGFEcVZWVGZJMnc\/edit?pref=2&amp;pli=1\" target=\"_blank\">Lectures terror\u00edfiques.<\/a><br \/>\nINS Ramon Berenguer IV 30 d&#8217;octubre.<a href=\"http:\/\/serveiseducatius.xtec.cat\/montsia\/wp-content\/uploads\/usu1125\/2016\/06\/experienciesteka.jpg\" rel=\"attachment wp-att-8944\"><img loading=\"lazy\" decoding=\"async\" class=\"size-full wp-image-8944 alignright\" src=\"http:\/\/serveiseducatius.xtec.cat\/montsia\/wp-content\/uploads\/usu1125\/2016\/06\/experienciesteka.jpg\" alt=\"experienciesteka\" width=\"450\" height=\"112\" srcset=\"https:\/\/serveiseducatius.xtec.cat\/montsia\/wp-content\/uploads\/usu1125\/2016\/06\/experienciesteka.jpg 450w, https:\/\/serveiseducatius.xtec.cat\/montsia\/wp-content\/uploads\/usu1125\/2016\/06\/experienciesteka-300x75.jpg 300w\" sizes=\"auto, (max-width: 450px) 100vw, 450px\" \/><\/a><\/p>\n","protected":false},"excerpt":{"rendered":"<p>Descobrim Vinyoli. ESC Horta Vella, Sant Carles de la R\u00e0pita. La setmana de la llengua materna. INS Tecnificaci\u00f3, Amposta. Diverticontes. [&hellip;]<\/p>\n","protected":false},"author":1,"featured_media":0,"parent":8927,"menu_order":20,"comment_status":"closed","ping_status":"closed","template":"page-templates\/side-menu.php","meta":{"_bbp_topic_count":0,"_bbp_reply_count":0,"_bbp_total_topic_count":0,"_bbp_total_reply_count":0,"_bbp_voice_count":0,"_bbp_anonymous_reply_count":0,"_bbp_topic_count_hidden":0,"_bbp_reply_count_hidden":0,"_bbp_forum_subforum_count":0,"site-sidebar-layout":"default","site-content-layout":"","ast-site-content-layout":"","site-content-style":"default","site-sidebar-style":"default","ast-global-header-display":"","ast-banner-title-visibility":"","ast-main-header-display":"","ast-hfb-above-header-display":"","ast-hfb-below-header-display":"","ast-hfb-mobile-header-display":"","site-post-title":"","ast-breadcrumbs-content":"","ast-featured-img":"","footer-sml-layout":"","theme-transparent-header-meta":"","adv-header-id-meta":"","stick-header-meta":"","header-above-stick-meta":"","header-main-stick-meta":"","header-below-stick-meta":"","astra-migrate-meta-layouts":"default","ast-page-background-enabled":"default","ast-page-background-meta":{"desktop":{"background-color":"var(--ast-global-color-4)","background-image":"","background-repeat":"repeat","background-position":"center center","background-size":"auto","background-attachment":"scroll","background-type":"","background-media":"","overlay-type":"","overlay-color":"","overlay-opacity":"","overlay-gradient":""},"tablet":{"background-color":"","background-image":"","background-repeat":"repeat","background-position":"center center","background-size":"auto","background-attachment":"scroll","background-type":"","background-media":"","overlay-type":"","overlay-color":"","overlay-opacity":"","overlay-gradient":""},"mobile":{"background-color":"","background-image":"","background-repeat":"repeat","background-position":"center center","background-size":"auto","background-attachment":"scroll","background-type":"","background-media":"","overlay-type":"","overlay-color":"","overlay-opacity":"","overlay-gradient":""}},"ast-content-background-meta":{"desktop":{"background-color":"var(--ast-global-color-5)","background-image":"","background-repeat":"repeat","background-position":"center center","background-size":"auto","background-attachment":"scroll","background-type":"","background-media":"","overlay-type":"","overlay-color":"","overlay-opacity":"","overlay-gradient":""},"tablet":{"background-color":"var(--ast-global-color-5)","background-image":"","background-repeat":"repeat","background-position":"center center","background-size":"auto","background-attachment":"scroll","background-type":"","background-media":"","overlay-type":"","overlay-color":"","overlay-opacity":"","overlay-gradient":""},"mobile":{"background-color":"var(--ast-global-color-5)","background-image":"","background-repeat":"repeat","background-position":"center center","background-size":"auto","background-attachment":"scroll","background-type":"","background-media":"","overlay-type":"","overlay-color":"","overlay-opacity":"","overlay-gradient":""}},"footnotes":""},"class_list":["post-8943","page","type-page","status-publish","hentry"],"post_mailing_queue_ids":[],"_links":{"self":[{"href":"https:\/\/serveiseducatius.xtec.cat\/montsia\/wp-json\/wp\/v2\/pages\/8943","targetHints":{"allow":["GET"]}}],"collection":[{"href":"https:\/\/serveiseducatius.xtec.cat\/montsia\/wp-json\/wp\/v2\/pages"}],"about":[{"href":"https:\/\/serveiseducatius.xtec.cat\/montsia\/wp-json\/wp\/v2\/types\/page"}],"author":[{"embeddable":true,"href":"https:\/\/serveiseducatius.xtec.cat\/montsia\/wp-json\/wp\/v2\/users\/1"}],"replies":[{"embeddable":true,"href":"https:\/\/serveiseducatius.xtec.cat\/montsia\/wp-json\/wp\/v2\/comments?post=8943"}],"version-history":[{"count":3,"href":"https:\/\/serveiseducatius.xtec.cat\/montsia\/wp-json\/wp\/v2\/pages\/8943\/revisions"}],"predecessor-version":[{"id":8953,"href":"https:\/\/serveiseducatius.xtec.cat\/montsia\/wp-json\/wp\/v2\/pages\/8943\/revisions\/8953"}],"up":[{"embeddable":true,"href":"https:\/\/serveiseducatius.xtec.cat\/montsia\/wp-json\/wp\/v2\/pages\/8927"}],"wp:attachment":[{"href":"https:\/\/serveiseducatius.xtec.cat\/montsia\/wp-json\/wp\/v2\/media?parent=8943"}],"curies":[{"name":"wp","href":"https:\/\/api.w.org\/{rel}","templated":true}]}}