{"id":8927,"date":"2016-06-28T07:59:08","date_gmt":"2016-06-28T06:59:08","guid":{"rendered":"http:\/\/serveiseducatius.xtec.cat\/montsia\/?page_id=8927"},"modified":"2025-01-08T13:19:34","modified_gmt":"2025-01-08T12:19:34","slug":"puntedu-2","status":"publish","type":"page","link":"https:\/\/serveiseducatius.xtec.cat\/montsia\/assessoraments\/puntedu-2\/","title":{"rendered":"Puntedu"},"content":{"rendered":"<p>Recursos per a la dinamitzaci\u00f3 de les biblioteques escolars de la comarca del Montsi\u00e0.<\/p>\n<p><a href=\"http:\/\/serveiseducatius.xtec.cat\/montsia\/blocs\/\" target=\"_blank\" rel=\"noopener\">Blocs<\/a><\/p>\n<p><a href=\"http:\/\/serveiseducatius.xtec.cat\/montsia\/puntedu-2\/experiencies\/\" target=\"_blank\" rel=\"noopener\">Experi\u00e8ncies<\/a><\/p>\n<p>Documents<\/p>\n<p><a href=\"http:\/\/serveiseducatius.xtec.cat\/montsia\/puntedu-2\/recursos\/\" target=\"_blank\" rel=\"noopener\">Recursos<\/a><\/p>\n<p><a href=\"http:\/\/serveiseducatius.xtec.cat\/montsia\/puntedu-2\/formacio\/\" target=\"_blank\" rel=\"noopener\">Formaci\u00f3<\/a><\/p>\n<p><a href=\"http:\/\/serveiseducatius.xtec.cat\/montsia\/puntedu-2\/club-de-lectura\/\" target=\"_blank\" rel=\"noopener\">Club de Lectura<\/a><\/p>\n<p><a href=\"http:\/\/xtec.gencat.cat\/ca\/projectes\/biblioteca\/epergam\" target=\"_blank\" rel=\"noopener\">Aplicatiu ePergam<\/a><\/p>\n<p><a href=\"http:\/\/serveiseducatius.xtec.cat\/montsia\/puntedu-2\/enllacos-dinteres\/\" target=\"_blank\" rel=\"noopener\">Enlla\u00e7os d&#8217;inter\u00e8s<\/a><a href=\"http:\/\/serveiseducatius.xtec.cat\/montsia\/wp-content\/uploads\/usu1125\/2016\/06\/puntedu.jpg\" rel=\"attachment wp-att-8928\"><img loading=\"lazy\" decoding=\"async\" class=\"size-full wp-image-8928 alignright\" src=\"http:\/\/serveiseducatius.xtec.cat\/montsia\/wp-content\/uploads\/usu1125\/2016\/06\/puntedu.jpg\" alt=\"puntedu\" width=\"484\" height=\"104\" srcset=\"https:\/\/serveiseducatius.xtec.cat\/montsia\/wp-content\/uploads\/usu1125\/2016\/06\/puntedu.jpg 484w, https:\/\/serveiseducatius.xtec.cat\/montsia\/wp-content\/uploads\/usu1125\/2016\/06\/puntedu-300x64.jpg 300w\" sizes=\"auto, (max-width: 484px) 100vw, 484px\" \/><\/a><\/p>\n","protected":false},"excerpt":{"rendered":"<p>Recursos per a la dinamitzaci\u00f3 de les biblioteques escolars de la comarca del Montsi\u00e0. Blocs Experi\u00e8ncies Documents Recursos Formaci\u00f3 Club [&hellip;]<\/p>\n","protected":false},"author":1,"featured_media":0,"parent":14965,"menu_order":100,"comment_status":"closed","ping_status":"closed","template":"","meta":{"_bbp_topic_count":0,"_bbp_reply_count":0,"_bbp_total_topic_count":0,"_bbp_total_reply_count":0,"_bbp_voice_count":0,"_bbp_anonymous_reply_count":0,"_bbp_topic_count_hidden":0,"_bbp_reply_count_hidden":0,"_bbp_forum_subforum_count":0,"site-sidebar-layout":"default","site-content-layout":"","ast-site-content-layout":"default","site-content-style":"default","site-sidebar-style":"default","ast-global-header-display":"","ast-banner-title-visibility":"","ast-main-header-display":"","ast-hfb-above-header-display":"","ast-hfb-below-header-display":"","ast-hfb-mobile-header-display":"","site-post-title":"","ast-breadcrumbs-content":"","ast-featured-img":"","footer-sml-layout":"","theme-transparent-header-meta":"","adv-header-id-meta":"","stick-header-meta":"","header-above-stick-meta":"","header-main-stick-meta":"","header-below-stick-meta":"","astra-migrate-meta-layouts":"set","ast-page-background-enabled":"default","ast-page-background-meta":{"desktop":{"background-color":"var(--ast-global-color-4)","background-image":"","background-repeat":"repeat","background-position":"center center","background-size":"auto","background-attachment":"scroll","background-type":"","background-media":"","overlay-type":"","overlay-color":"","overlay-opacity":"","overlay-gradient":""},"tablet":{"background-color":"","background-image":"","background-repeat":"repeat","background-position":"center center","background-size":"auto","background-attachment":"scroll","background-type":"","background-media":"","overlay-type":"","overlay-color":"","overlay-opacity":"","overlay-gradient":""},"mobile":{"background-color":"","background-image":"","background-repeat":"repeat","background-position":"center center","background-size":"auto","background-attachment":"scroll","background-type":"","background-media":"","overlay-type":"","overlay-color":"","overlay-opacity":"","overlay-gradient":""}},"ast-content-background-meta":{"desktop":{"background-color":"var(--ast-global-color-5)","background-image":"","background-repeat":"repeat","background-position":"center center","background-size":"auto","background-attachment":"scroll","background-type":"","background-media":"","overlay-type":"","overlay-color":"","overlay-opacity":"","overlay-gradient":""},"tablet":{"background-color":"var(--ast-global-color-5)","background-image":"","background-repeat":"repeat","background-position":"center center","background-size":"auto","background-attachment":"scroll","background-type":"","background-media":"","overlay-type":"","overlay-color":"","overlay-opacity":"","overlay-gradient":""},"mobile":{"background-color":"var(--ast-global-color-5)","background-image":"","background-repeat":"repeat","background-position":"center center","background-size":"auto","background-attachment":"scroll","background-type":"","background-media":"","overlay-type":"","overlay-color":"","overlay-opacity":"","overlay-gradient":""}},"footnotes":""},"class_list":["post-8927","page","type-page","status-publish","hentry"],"post_mailing_queue_ids":[],"_links":{"self":[{"href":"https:\/\/serveiseducatius.xtec.cat\/montsia\/wp-json\/wp\/v2\/pages\/8927","targetHints":{"allow":["GET"]}}],"collection":[{"href":"https:\/\/serveiseducatius.xtec.cat\/montsia\/wp-json\/wp\/v2\/pages"}],"about":[{"href":"https:\/\/serveiseducatius.xtec.cat\/montsia\/wp-json\/wp\/v2\/types\/page"}],"author":[{"embeddable":true,"href":"https:\/\/serveiseducatius.xtec.cat\/montsia\/wp-json\/wp\/v2\/users\/1"}],"replies":[{"embeddable":true,"href":"https:\/\/serveiseducatius.xtec.cat\/montsia\/wp-json\/wp\/v2\/comments?post=8927"}],"version-history":[{"count":4,"href":"https:\/\/serveiseducatius.xtec.cat\/montsia\/wp-json\/wp\/v2\/pages\/8927\/revisions"}],"predecessor-version":[{"id":15524,"href":"https:\/\/serveiseducatius.xtec.cat\/montsia\/wp-json\/wp\/v2\/pages\/8927\/revisions\/15524"}],"up":[{"embeddable":true,"href":"https:\/\/serveiseducatius.xtec.cat\/montsia\/wp-json\/wp\/v2\/pages\/14965"}],"wp:attachment":[{"href":"https:\/\/serveiseducatius.xtec.cat\/montsia\/wp-json\/wp\/v2\/media?parent=8927"}],"curies":[{"name":"wp","href":"https:\/\/api.w.org\/{rel}","templated":true}]}}