{"id":8795,"date":"2016-06-06T11:44:45","date_gmt":"2016-06-06T10:44:45","guid":{"rendered":"http:\/\/serveiseducatius.xtec.cat\/montsia\/?page_id=8795"},"modified":"2026-03-04T10:27:36","modified_gmt":"2026-03-04T09:27:36","slug":"crp-montsia","status":"publish","type":"page","link":"https:\/\/serveiseducatius.xtec.cat\/montsia\/elserveieducatiu\/equip\/crp-montsia\/","title":{"rendered":"CRP &#8211; Montsi\u00e0"},"content":{"rendered":"<p style=\"text-align: justify;\"><strong>Centre de Recursos Pedag\u00f2gics del Montsi\u00e0:<\/strong> <a href=\"mailto:crp-montsia@xtec.cat\">crp-montsia@xtec.cat<\/a><\/p>\n<p style=\"text-align: justify;\">Els Centres de Recursos Pedag\u00f2gics (CRP) s\u00f3n un servei educatiu del Departament d&#8217;Educaci\u00f3 de la Generalitat de Catalunya, creat per a donar suport a l&#8217;activitat pedag\u00f2gica dels centres i a la tasca docent del professorat de la comarca.<\/p>\n<p style=\"text-align: justify;\"><strong>Funcions:<\/strong><\/p>\n<ul style=\"list-style-type: disc;\">\n<li style=\"text-align: justify;\">Oferta de recursos, d&#8217;infraestructures, als centres docents i al professorat per tal que disposen de material espec\u00edfic de les diferents \u00e0rees curriculars, de mitjans propis de la tecnologia educativa i de publicacions especialitzades, amb assessorament o instruccions d&#8217;utilitzaci\u00f3.<\/li>\n<li style=\"text-align: justify;\">Catalogaci\u00f3 de recursos educatius del medi local i comarcal i elaboraci\u00f3 de pautes i informacions complement\u00e0ries per facilitar-ne l&#8217;\u00fas per part del professorat.<\/li>\n<li style=\"text-align: justify;\">Suport a les activitats docents i a l&#8217;intercanvi d&#8217;experi\u00e8ncies educatives, per tal de fomentar la reflexi\u00f3 del professorat sobre la pr\u00e0ctica docent.<\/li>\n<li style=\"text-align: justify;\">Coordinaci\u00f3 i organitzaci\u00f3 de l&#8217;execuci\u00f3 i del seguiment de les activitats de formaci\u00f3 permanent i col\u00b7laboraci\u00f3 en la detecci\u00f3 de les necessitats de formaci\u00f3 i en l&#8217;elaboraci\u00f3 de propostes per satisfer-les.<\/li>\n<\/ul>\n<p><strong>Equip professional:<\/strong><\/p>\n<ul>\n<li>Artur Tallada, Coordinador del SE Montsi\u00e0, Director del CRP i, responsable de Formaci\u00f3 i de Cultura Digital. <a href=\"mailto:atallada@xtec.cat\">atallada@xtec.cat<\/a><\/li>\n<li><span style=\"font-size: revert; background-color: rgba(0, 0, 0, 0); font-weight: inherit;\">Rosa Sol\u00e9, responsable de Coeducaci\u00f3 i Biblioteques Escolars. <\/span><a style=\"font-size: revert; background-color: rgba(0, 0, 0, 0); font-weight: inherit;\" href=\"mailto:rsole12@xtec.cat\" target=\"_blank\" rel=\"noopener noreferrer\">rsole12@xtec.cat<\/a><\/li>\n<li>Vanessa Ruiz, responsable de la Mediateca i Xarxa de Compet\u00e8ncies. <a href=\"mailto:vruiz9@xtec.cat\" target=\"_blank\" rel=\"noopener\">vruiz9@xtec.cat<\/a><\/li>\n<li>Raquel Marz\u00e0, Educadora Social referent del Projecte Reconnect-ES.\u00a0 <a href=\"mailto:rmarza@xtec.cat\">rmarza@xtec.cat<\/a><\/li>\n<li>M\u00f2nica Reche, auxiliar administrativa. <a href=\"mailto:mpadill3@xtec.cat\">mpadill3<span class=\"\">@xtec.cat<\/span><\/a><\/li>\n<\/ul>\n\n\n<figure class=\"wp-block-image aligncenter size-full is-resized\"><a href=\"https:\/\/serveiseducatius.xtec.cat\/montsia\/wp-content\/uploads\/usu1125\/2025\/10\/carta-serveis-22-23-1024x1020-1.png\"><img loading=\"lazy\" decoding=\"async\" width=\"1024\" height=\"1020\" src=\"https:\/\/serveiseducatius.xtec.cat\/montsia\/wp-content\/uploads\/usu1125\/2025\/10\/carta-serveis-22-23-1024x1020-1.png\" alt=\"\" class=\"wp-image-16720\" style=\"width:677px;height:auto\" srcset=\"https:\/\/serveiseducatius.xtec.cat\/montsia\/wp-content\/uploads\/usu1125\/2025\/10\/carta-serveis-22-23-1024x1020-1.png 1024w, https:\/\/serveiseducatius.xtec.cat\/montsia\/wp-content\/uploads\/usu1125\/2025\/10\/carta-serveis-22-23-1024x1020-1-300x300.png 300w, https:\/\/serveiseducatius.xtec.cat\/montsia\/wp-content\/uploads\/usu1125\/2025\/10\/carta-serveis-22-23-1024x1020-1-150x150.png 150w, https:\/\/serveiseducatius.xtec.cat\/montsia\/wp-content\/uploads\/usu1125\/2025\/10\/carta-serveis-22-23-1024x1020-1-768x765.png 768w\" sizes=\"auto, (max-width: 1024px) 100vw, 1024px\" \/><\/a><\/figure>\n","protected":false},"excerpt":{"rendered":"<p>Centre de Recursos Pedag\u00f2gics del Montsi\u00e0: crp-montsia@xtec.cat Els Centres de Recursos Pedag\u00f2gics (CRP) s\u00f3n un servei educatiu del Departament d&#8217;Educaci\u00f3 [&hellip;]<\/p>\n","protected":false},"author":1,"featured_media":0,"parent":306,"menu_order":10,"comment_status":"closed","ping_status":"closed","template":"","meta":{"_bbp_topic_count":0,"_bbp_reply_count":0,"_bbp_total_topic_count":0,"_bbp_total_reply_count":0,"_bbp_voice_count":0,"_bbp_anonymous_reply_count":0,"_bbp_topic_count_hidden":0,"_bbp_reply_count_hidden":0,"_bbp_forum_subforum_count":0,"site-sidebar-layout":"default","site-content-layout":"","ast-site-content-layout":"default","site-content-style":"default","site-sidebar-style":"default","ast-global-header-display":"","ast-banner-title-visibility":"","ast-main-header-display":"","ast-hfb-above-header-display":"","ast-hfb-below-header-display":"","ast-hfb-mobile-header-display":"","site-post-title":"","ast-breadcrumbs-content":"","ast-featured-img":"","footer-sml-layout":"","theme-transparent-header-meta":"","adv-header-id-meta":"","stick-header-meta":"","header-above-stick-meta":"","header-main-stick-meta":"","header-below-stick-meta":"","astra-migrate-meta-layouts":"set","ast-page-background-enabled":"default","ast-page-background-meta":{"desktop":{"background-color":"var(--ast-global-color-4)","background-image":"","background-repeat":"repeat","background-position":"center center","background-size":"auto","background-attachment":"scroll","background-type":"","background-media":"","overlay-type":"","overlay-color":"","overlay-opacity":"","overlay-gradient":""},"tablet":{"background-color":"","background-image":"","background-repeat":"repeat","background-position":"center center","background-size":"auto","background-attachment":"scroll","background-type":"","background-media":"","overlay-type":"","overlay-color":"","overlay-opacity":"","overlay-gradient":""},"mobile":{"background-color":"","background-image":"","background-repeat":"repeat","background-position":"center center","background-size":"auto","background-attachment":"scroll","background-type":"","background-media":"","overlay-type":"","overlay-color":"","overlay-opacity":"","overlay-gradient":""}},"ast-content-background-meta":{"desktop":{"background-color":"var(--ast-global-color-5)","background-image":"","background-repeat":"repeat","background-position":"center center","background-size":"auto","background-attachment":"scroll","background-type":"","background-media":"","overlay-type":"","overlay-color":"","overlay-opacity":"","overlay-gradient":""},"tablet":{"background-color":"var(--ast-global-color-5)","background-image":"","background-repeat":"repeat","background-position":"center center","background-size":"auto","background-attachment":"scroll","background-type":"","background-media":"","overlay-type":"","overlay-color":"","overlay-opacity":"","overlay-gradient":""},"mobile":{"background-color":"var(--ast-global-color-5)","background-image":"","background-repeat":"repeat","background-position":"center center","background-size":"auto","background-attachment":"scroll","background-type":"","background-media":"","overlay-type":"","overlay-color":"","overlay-opacity":"","overlay-gradient":""}},"footnotes":""},"class_list":["post-8795","page","type-page","status-publish","hentry"],"post_mailing_queue_ids":[],"_links":{"self":[{"href":"https:\/\/serveiseducatius.xtec.cat\/montsia\/wp-json\/wp\/v2\/pages\/8795","targetHints":{"allow":["GET"]}}],"collection":[{"href":"https:\/\/serveiseducatius.xtec.cat\/montsia\/wp-json\/wp\/v2\/pages"}],"about":[{"href":"https:\/\/serveiseducatius.xtec.cat\/montsia\/wp-json\/wp\/v2\/types\/page"}],"author":[{"embeddable":true,"href":"https:\/\/serveiseducatius.xtec.cat\/montsia\/wp-json\/wp\/v2\/users\/1"}],"replies":[{"embeddable":true,"href":"https:\/\/serveiseducatius.xtec.cat\/montsia\/wp-json\/wp\/v2\/comments?post=8795"}],"version-history":[{"count":6,"href":"https:\/\/serveiseducatius.xtec.cat\/montsia\/wp-json\/wp\/v2\/pages\/8795\/revisions"}],"predecessor-version":[{"id":17091,"href":"https:\/\/serveiseducatius.xtec.cat\/montsia\/wp-json\/wp\/v2\/pages\/8795\/revisions\/17091"}],"up":[{"embeddable":true,"href":"https:\/\/serveiseducatius.xtec.cat\/montsia\/wp-json\/wp\/v2\/pages\/306"}],"wp:attachment":[{"href":"https:\/\/serveiseducatius.xtec.cat\/montsia\/wp-json\/wp\/v2\/media?parent=8795"}],"curies":[{"name":"wp","href":"https:\/\/api.w.org\/{rel}","templated":true}]}}