{"id":8789,"date":"2016-06-06T10:28:54","date_gmt":"2016-06-06T09:28:54","guid":{"rendered":"http:\/\/serveiseducatius.xtec.cat\/montsia\/?page_id=8789"},"modified":"2024-11-15T14:09:24","modified_gmt":"2024-11-15T13:09:24","slug":"mostra-de-teatre","status":"publish","type":"page","link":"https:\/\/serveiseducatius.xtec.cat\/montsia\/dinamitzacio\/mostra-de-teatre\/","title":{"rendered":"Mostra de Teatre"},"content":{"rendered":"\n<figure class=\"wp-block-image aligncenter\"><a href=\"https:\/\/serveiseducatius.xtec.cat\/montsia\/categoria\/dinamitzacio\/mostra-de-teatre\/\"><img loading=\"lazy\" decoding=\"async\" width=\"525\" height=\"240\" src=\"https:\/\/serveiseducatius.xtec.cat\/montsia\/wp-content\/uploads\/usu1125\/2024\/11\/mostra-teatre-escolar.png\" alt=\"\" class=\"wp-image-15171\" srcset=\"https:\/\/serveiseducatius.xtec.cat\/montsia\/wp-content\/uploads\/usu1125\/2024\/11\/mostra-teatre-escolar.png 525w, https:\/\/serveiseducatius.xtec.cat\/montsia\/wp-content\/uploads\/usu1125\/2024\/11\/mostra-teatre-escolar-300x137.png 300w\" sizes=\"auto, (max-width: 525px) 100vw, 525px\" \/><\/a><\/figure>\n\n\n\n<p>Des de l\u2019any 1984, el CRP del Montsi\u00e0 organitza la Mostra de teatre infantil i juvenil del Montsi\u00e0, on es mobilitza un gran nombre de centres educatius, alumnat i docents de tota la comarca. Es du a terme durant l\u2019abril, maig a l\u2019auditori municipal d\u2019Amposta. Per participar s\u2019ha d\u2019omplir <a href=\"https:\/\/drive.google.com\/drive\/u\/1\/folders\/1x4UuLMF0hfnbUpwOGzsXNjgPcKJGmKYo?q=type:pdf%20parent:1x4UuLMF0hfnbUpwOGzsXNjgPcKJGmKYo\">el full d\u2019inscripci\u00f3<\/a>, aix\u00ed com <a href=\"https:\/\/drive.google.com\/drive\/u\/1\/folders\/1x4UuLMF0hfnbUpwOGzsXNjgPcKJGmKYo?q=type:pdf%20parent:1x4UuLMF0hfnbUpwOGzsXNjgPcKJGmKYo\">la fitxa t\u00e8cnica<\/a> de l\u2019obra a realitzar.<\/p>\n\n\n\n<p>Aquesta, no deixa de ser la realitzaci\u00f3 d\u2019un projecte transversal que t\u00e9 tot un seguit d\u2019objectius d\u2019aprenentatge:<\/p>\n\n\n\n<ul class=\"wp-block-list\">\n<li>Desenvolupament de la compet\u00e8ncia comunicativa (llenguatge verbal, expressi\u00f3 oral, expressi\u00f3 corporal, \u2026)<\/li>\n\n\n\n<li>Treball de les compet\u00e8ncies art\u00edstiques creatives (escenografia, vestuaris, \u2026)<\/li>\n\n\n\n<li>Promoci\u00f3 de la compet\u00e8ncia social i ciutadana, des de l\u2019exercici actiu de fer d\u2019actor\/actriu; i tamb\u00e9 d\u2019aprendre a ser espectador\/a de la resta de les obres.<\/li>\n\n\n\n<li>Potenciaci\u00f3 de la inclusi\u00f3 en el sentit que facilita l\u2019aprenentatge de la llengua als nouvinguts a trav\u00e9s del teatre.<\/li>\n<\/ul>\n\n\n\n<p>Des dels centres educatius es preparen diferents obres teatrals cl\u00e0ssiques i conegudes, se\u2019n representen altres d\u2019in\u00e8dites com tamb\u00e9 altres vinculades a les realitats de les nostres comarques de manera especial, treballant i adaptant obres de caire local i comarcal.<\/p>\n\n\n\n<p><a href=\"https:\/\/drive.google.com\/file\/d\/1HWwU0GDFxkuEBG7KKasS9T4ffGc6E0ma\/view?usp=sharing\">Bases Mostra Teatre Montsi\u00e0<\/a><\/p>\n\n\n\n<p><strong>El recull de not\u00edcies relacionades amb la Mostra de Teatre es troben a <a href=\"https:\/\/serveiseducatius.xtec.cat\/montsia\/categoria\/dinamitzacio\/mostra-de-teatre\/\">https:\/\/serveiseducatius.xtec.cat\/montsia\/categoria\/dinamitzacio\/mostra-de-teatre\/<\/a><\/strong><\/p>\n","protected":false},"excerpt":{"rendered":"<p>Des de l\u2019any 1984, el CRP del Montsi\u00e0 organitza la Mostra de teatre infantil i juvenil del Montsi\u00e0, on es [&hellip;]<\/p>\n","protected":false},"author":1,"featured_media":0,"parent":10443,"menu_order":40,"comment_status":"closed","ping_status":"closed","template":"page-templates\/side-menu.php","meta":{"_bbp_topic_count":0,"_bbp_reply_count":0,"_bbp_total_topic_count":0,"_bbp_total_reply_count":0,"_bbp_voice_count":0,"_bbp_anonymous_reply_count":0,"_bbp_topic_count_hidden":0,"_bbp_reply_count_hidden":0,"_bbp_forum_subforum_count":0,"site-sidebar-layout":"default","site-content-layout":"","ast-site-content-layout":"","site-content-style":"default","site-sidebar-style":"default","ast-global-header-display":"","ast-banner-title-visibility":"","ast-main-header-display":"","ast-hfb-above-header-display":"","ast-hfb-below-header-display":"","ast-hfb-mobile-header-display":"","site-post-title":"","ast-breadcrumbs-content":"","ast-featured-img":"","footer-sml-layout":"","theme-transparent-header-meta":"","adv-header-id-meta":"","stick-header-meta":"","header-above-stick-meta":"","header-main-stick-meta":"","header-below-stick-meta":"","astra-migrate-meta-layouts":"default","ast-page-background-enabled":"default","ast-page-background-meta":{"desktop":{"background-color":"var(--ast-global-color-4)","background-image":"","background-repeat":"repeat","background-position":"center center","background-size":"auto","background-attachment":"scroll","background-type":"","background-media":"","overlay-type":"","overlay-color":"","overlay-opacity":"","overlay-gradient":""},"tablet":{"background-color":"","background-image":"","background-repeat":"repeat","background-position":"center center","background-size":"auto","background-attachment":"scroll","background-type":"","background-media":"","overlay-type":"","overlay-color":"","overlay-opacity":"","overlay-gradient":""},"mobile":{"background-color":"","background-image":"","background-repeat":"repeat","background-position":"center center","background-size":"auto","background-attachment":"scroll","background-type":"","background-media":"","overlay-type":"","overlay-color":"","overlay-opacity":"","overlay-gradient":""}},"ast-content-background-meta":{"desktop":{"background-color":"var(--ast-global-color-5)","background-image":"","background-repeat":"repeat","background-position":"center center","background-size":"auto","background-attachment":"scroll","background-type":"","background-media":"","overlay-type":"","overlay-color":"","overlay-opacity":"","overlay-gradient":""},"tablet":{"background-color":"var(--ast-global-color-5)","background-image":"","background-repeat":"repeat","background-position":"center center","background-size":"auto","background-attachment":"scroll","background-type":"","background-media":"","overlay-type":"","overlay-color":"","overlay-opacity":"","overlay-gradient":""},"mobile":{"background-color":"var(--ast-global-color-5)","background-image":"","background-repeat":"repeat","background-position":"center center","background-size":"auto","background-attachment":"scroll","background-type":"","background-media":"","overlay-type":"","overlay-color":"","overlay-opacity":"","overlay-gradient":""}},"footnotes":""},"class_list":["post-8789","page","type-page","status-publish","hentry"],"post_mailing_queue_ids":[],"_links":{"self":[{"href":"https:\/\/serveiseducatius.xtec.cat\/montsia\/wp-json\/wp\/v2\/pages\/8789","targetHints":{"allow":["GET"]}}],"collection":[{"href":"https:\/\/serveiseducatius.xtec.cat\/montsia\/wp-json\/wp\/v2\/pages"}],"about":[{"href":"https:\/\/serveiseducatius.xtec.cat\/montsia\/wp-json\/wp\/v2\/types\/page"}],"author":[{"embeddable":true,"href":"https:\/\/serveiseducatius.xtec.cat\/montsia\/wp-json\/wp\/v2\/users\/1"}],"replies":[{"embeddable":true,"href":"https:\/\/serveiseducatius.xtec.cat\/montsia\/wp-json\/wp\/v2\/comments?post=8789"}],"version-history":[{"count":6,"href":"https:\/\/serveiseducatius.xtec.cat\/montsia\/wp-json\/wp\/v2\/pages\/8789\/revisions"}],"predecessor-version":[{"id":15174,"href":"https:\/\/serveiseducatius.xtec.cat\/montsia\/wp-json\/wp\/v2\/pages\/8789\/revisions\/15174"}],"up":[{"embeddable":true,"href":"https:\/\/serveiseducatius.xtec.cat\/montsia\/wp-json\/wp\/v2\/pages\/10443"}],"wp:attachment":[{"href":"https:\/\/serveiseducatius.xtec.cat\/montsia\/wp-json\/wp\/v2\/media?parent=8789"}],"curies":[{"name":"wp","href":"https:\/\/api.w.org\/{rel}","templated":true}]}}