{"id":8469,"date":"2016-05-18T09:13:44","date_gmt":"2016-05-18T08:13:44","guid":{"rendered":"http:\/\/serveiseducatius.xtec.cat\/montsia\/?page_id=8469"},"modified":"2025-01-08T13:36:08","modified_gmt":"2025-01-08T12:36:08","slug":"impuls-de-la-lectura-ilec","status":"publish","type":"page","link":"https:\/\/serveiseducatius.xtec.cat\/montsia\/assessoraments\/impuls-de-la-lectura-ilec\/","title":{"rendered":"Impuls de la Lectura (ILEC)"},"content":{"rendered":"<p style=\"text-align: justify;\">L&#8217;impuls a la lectura \u00e9s el projecte m\u00e9s ambici\u00f3s del Departament d&#8217;Ensenyament en els darrers anys. El seu objectiu \u00e9s millorar l&#8217;\u00e8xit escolar de tot l&#8217;alumnat a trav\u00e9s de l&#8217;increment quantitatiu i qualitatiu de la lectura al llarg de tot l&#8217;ensenyament obligatori, tot partint de la premissa que la compet\u00e8ncia lectora \u00e9s la base de qualsevol aprenentatge i que millorar-la ha d&#8217;incidir necess\u00e0riament en la comprensi\u00f3 de tot all\u00f2 que s&#8217;estudi\u00ef.<br \/>\nHa comen\u00e7at com un pilotatge per\u00f2 amb voluntat d&#8217;aplicar-lo, en pocs anys, a tots els centres p\u00fablics i concertats del Pa\u00eds.<br \/>\nActualment a la comarca del Montsi\u00e0, formen part d&#8217;aquest projecte els seg\u00fcents centres:<\/p>\n<ul style=\"list-style-type: circle;\">\n<li style=\"text-align: justify;\">Escola Miquel Granell, d&#8217;Amposta<\/li>\n<li style=\"text-align: justify;\">Escola Ram\u00f3n y Cajal, d&#8217;Ulldecona<\/li>\n<li style=\"text-align: justify;\">Col\u00b7legi Sagrat Cor, d&#8217;Amposta<\/li>\n<li style=\"text-align: justify;\">Institut S\u00f2l-de-Riu, d&#8217;Alcanar<\/li>\n<li style=\"text-align: justify;\">Escola Joan Baptista Serra, d&#8217;Alcanar<\/li>\n<li style=\"text-align: justify;\">Escola Horta Vella, de Sant Carles de la R\u00e0pita<\/li>\n<li style=\"text-align: justify;\">Institut Les Planes, de Santa B\u00e0rbara<\/li>\n<\/ul>\n<p style=\"text-align: justify;\"><a href=\"http:\/\/xtec.gencat.cat\/ca\/projectes\/lectura\/impulslectura\" target=\"_blank\" rel=\"noopener\">M\u00e9s informaci\u00f3<\/a>.<\/p>\n","protected":false},"excerpt":{"rendered":"<p>L&#8217;impuls a la lectura \u00e9s el projecte m\u00e9s ambici\u00f3s del Departament d&#8217;Ensenyament en els darrers anys. El seu objectiu \u00e9s [&hellip;]<\/p>\n","protected":false},"author":1,"featured_media":0,"parent":14965,"menu_order":120,"comment_status":"closed","ping_status":"closed","template":"","meta":{"_bbp_topic_count":0,"_bbp_reply_count":0,"_bbp_total_topic_count":0,"_bbp_total_reply_count":0,"_bbp_voice_count":0,"_bbp_anonymous_reply_count":0,"_bbp_topic_count_hidden":0,"_bbp_reply_count_hidden":0,"_bbp_forum_subforum_count":0,"site-sidebar-layout":"default","site-content-layout":"","ast-site-content-layout":"default","site-content-style":"default","site-sidebar-style":"default","ast-global-header-display":"","ast-banner-title-visibility":"","ast-main-header-display":"","ast-hfb-above-header-display":"","ast-hfb-below-header-display":"","ast-hfb-mobile-header-display":"","site-post-title":"","ast-breadcrumbs-content":"","ast-featured-img":"","footer-sml-layout":"","theme-transparent-header-meta":"","adv-header-id-meta":"","stick-header-meta":"","header-above-stick-meta":"","header-main-stick-meta":"","header-below-stick-meta":"","astra-migrate-meta-layouts":"set","ast-page-background-enabled":"default","ast-page-background-meta":{"desktop":{"background-color":"var(--ast-global-color-4)","background-image":"","background-repeat":"repeat","background-position":"center center","background-size":"auto","background-attachment":"scroll","background-type":"","background-media":"","overlay-type":"","overlay-color":"","overlay-opacity":"","overlay-gradient":""},"tablet":{"background-color":"","background-image":"","background-repeat":"repeat","background-position":"center center","background-size":"auto","background-attachment":"scroll","background-type":"","background-media":"","overlay-type":"","overlay-color":"","overlay-opacity":"","overlay-gradient":""},"mobile":{"background-color":"","background-image":"","background-repeat":"repeat","background-position":"center center","background-size":"auto","background-attachment":"scroll","background-type":"","background-media":"","overlay-type":"","overlay-color":"","overlay-opacity":"","overlay-gradient":""}},"ast-content-background-meta":{"desktop":{"background-color":"var(--ast-global-color-5)","background-image":"","background-repeat":"repeat","background-position":"center center","background-size":"auto","background-attachment":"scroll","background-type":"","background-media":"","overlay-type":"","overlay-color":"","overlay-opacity":"","overlay-gradient":""},"tablet":{"background-color":"var(--ast-global-color-5)","background-image":"","background-repeat":"repeat","background-position":"center center","background-size":"auto","background-attachment":"scroll","background-type":"","background-media":"","overlay-type":"","overlay-color":"","overlay-opacity":"","overlay-gradient":""},"mobile":{"background-color":"var(--ast-global-color-5)","background-image":"","background-repeat":"repeat","background-position":"center center","background-size":"auto","background-attachment":"scroll","background-type":"","background-media":"","overlay-type":"","overlay-color":"","overlay-opacity":"","overlay-gradient":""}},"footnotes":""},"class_list":["post-8469","page","type-page","status-publish","hentry"],"post_mailing_queue_ids":[],"_links":{"self":[{"href":"https:\/\/serveiseducatius.xtec.cat\/montsia\/wp-json\/wp\/v2\/pages\/8469","targetHints":{"allow":["GET"]}}],"collection":[{"href":"https:\/\/serveiseducatius.xtec.cat\/montsia\/wp-json\/wp\/v2\/pages"}],"about":[{"href":"https:\/\/serveiseducatius.xtec.cat\/montsia\/wp-json\/wp\/v2\/types\/page"}],"author":[{"embeddable":true,"href":"https:\/\/serveiseducatius.xtec.cat\/montsia\/wp-json\/wp\/v2\/users\/1"}],"replies":[{"embeddable":true,"href":"https:\/\/serveiseducatius.xtec.cat\/montsia\/wp-json\/wp\/v2\/comments?post=8469"}],"version-history":[{"count":4,"href":"https:\/\/serveiseducatius.xtec.cat\/montsia\/wp-json\/wp\/v2\/pages\/8469\/revisions"}],"predecessor-version":[{"id":15550,"href":"https:\/\/serveiseducatius.xtec.cat\/montsia\/wp-json\/wp\/v2\/pages\/8469\/revisions\/15550"}],"up":[{"embeddable":true,"href":"https:\/\/serveiseducatius.xtec.cat\/montsia\/wp-json\/wp\/v2\/pages\/14965"}],"wp:attachment":[{"href":"https:\/\/serveiseducatius.xtec.cat\/montsia\/wp-json\/wp\/v2\/media?parent=8469"}],"curies":[{"name":"wp","href":"https:\/\/api.w.org\/{rel}","templated":true}]}}