{"id":8460,"date":"2016-05-18T09:12:28","date_gmt":"2016-05-18T08:12:28","guid":{"rendered":"http:\/\/serveiseducatius.xtec.cat\/montsia\/?page_id=8460"},"modified":"2019-01-24T09:02:44","modified_gmt":"2019-01-24T08:02:44","slug":"mhm-mobile-history-map","status":"publish","type":"page","link":"https:\/\/serveiseducatius.xtec.cat\/montsia\/innovacio-2\/projectes-2\/mhm-mobile-history-map\/","title":{"rendered":"MHM (Mobile History Map)"},"content":{"rendered":"<p><a href=\"http:\/\/mhm.mobileworldcapital.com\" target=\"_blank\" rel=\"attachment noopener wp-att-9035\"><img loading=\"lazy\" decoding=\"async\" class=\"aligncenter wp-image-9035 size-full\" src=\"http:\/\/serveiseducatius.xtec.cat\/montsia\/wp-content\/uploads\/usu1125\/2016\/05\/mhm.jpeg\" alt=\"mhm\" width=\"600\" height=\"69\" srcset=\"https:\/\/serveiseducatius.xtec.cat\/montsia\/wp-content\/uploads\/usu1125\/2016\/05\/mhm.jpeg 600w, https:\/\/serveiseducatius.xtec.cat\/montsia\/wp-content\/uploads\/usu1125\/2016\/05\/mhm-300x35.jpeg 300w\" sizes=\"auto, (max-width: 600px) 100vw, 600px\" \/><\/a>El Projecte MHM forma part del programa<strong> mSchools<\/strong>,\u00a0\u00e9s un projecte de Georeferenciaci\u00f3 col\u00b7laborativa del Patrimoni (material i immaterial) recollit per l\u2019alumnat de les escoles de Catalunya, amb la finalitat que pugui \u00e9sser consultat per la ciutadania des d\u2019un dispositiu m\u00f2bil a trav\u00e8s d\u2019una APP espec\u00edfica.<\/p>\n<p>Els protagonistes del projecte s\u00f3n els alumnes del centres educatius, amb el suport dels seus professors i dels centres de recursos pedag\u00f2gics, que n\u2019asseguraran l\u2019acompanyament i la coordinaci\u00f3 territorial, conjuntament amb els serveis territorials i els serveis centrals del Departament d\u2019Ensenyament.<\/p>\n<p>MHM posa el punt de mira en l\u2019\u00fas del m\u00f2bil com a dispositiu d\u2019entrada de dades per\u00f2 sobretot com a instrument per a l\u2019explotaci\u00f3 de la informaci\u00f3 georeferenciada. En aquest sentit MHM permet crear escenaris\/projectes per georeferenciar qualsevol tem\u00e0tica, encara que totes tenen en com\u00fa l\u2019augment d\u2019informaci\u00f3 in situ del patrimoni.<\/p>\n<p>L\u2019APP \u00e9s multilingue i de molt f\u00e0cil \u00fas. Actualment est\u00e0 desenvolupada en 4 idiomes. Els continguts poden ser creats en catal\u00e0, castell\u00e0, aran\u00e8s i angl\u00e8s. En el futur es podran crear tamb\u00e9 en gallec, eusquera, franc\u00e8s,\u2026<\/p>\n<p>D\u2019altra banda, tamb\u00e9 est\u00e0 prevista la possibilitat d\u2019utilitzar els punts d\u2019inter\u00e8s que altres usuaris hagin creat per construir-se el seu propi itinerari com a preparaci\u00f3 d\u2019una visita a un espai desconegut.<\/p>\n<p>A l\u2019\u00e0mbit educatiu ofereix, a professors, un bon est\u00edmul per motivar als alumnes a fer cerques i generar continguts que puguin ser \u00fatils per a la ciutadania en general, seguint el model de projectes d\u2019aprenentatge-servei. Tamb\u00e9 a introduir el m\u00f2bil dins de l\u2019aula, m\u00e9s enll\u00e0 de mitj\u00e0 de comunicaci\u00f3, com a instrument d\u2019aprenentatge. La simplicitat de l\u2019\u00fas de l\u2019APP, permetr\u00e0 que pugui ser utilitzada per un ampli espectre d\u2019alumnes, prim\u00e0ria, secund\u00e0ria, universitat\u2026<\/p>\n<p><a href=\"http:\/\/serveiseducatius.xtec.cat\/montsia\/innovacio\/projectes-2\/escenari-mhm-elements-patrimonials-emblematics\/\" target=\"_blank\" rel=\"noopener\">Aportacions al projecte<\/a>, realitzades per alguns Centres educatius del Montsi\u00e0.<\/p>\n<p><a href=\"https:\/\/www.youtube.com\/channel\/UCXel-Ty9qgG9u11LW9BQB_Q\" target=\"_blank\" rel=\"noopener\">Acc\u00e9s al canal MHM.<\/a><\/p>\n","protected":false},"excerpt":{"rendered":"<p>El Projecte MHM forma part del programa mSchools,\u00a0\u00e9s un projecte de Georeferenciaci\u00f3 col\u00b7laborativa del Patrimoni (material i immaterial) recollit per [&hellip;]<\/p>\n","protected":false},"author":1,"featured_media":0,"parent":8448,"menu_order":50,"comment_status":"closed","ping_status":"closed","template":"page-templates\/side-menu.php","meta":{"_bbp_topic_count":0,"_bbp_reply_count":0,"_bbp_total_topic_count":0,"_bbp_total_reply_count":0,"_bbp_voice_count":0,"_bbp_anonymous_reply_count":0,"_bbp_topic_count_hidden":0,"_bbp_reply_count_hidden":0,"_bbp_forum_subforum_count":0,"site-sidebar-layout":"default","site-content-layout":"","ast-site-content-layout":"","site-content-style":"default","site-sidebar-style":"default","ast-global-header-display":"","ast-banner-title-visibility":"","ast-main-header-display":"","ast-hfb-above-header-display":"","ast-hfb-below-header-display":"","ast-hfb-mobile-header-display":"","site-post-title":"","ast-breadcrumbs-content":"","ast-featured-img":"","footer-sml-layout":"","theme-transparent-header-meta":"","adv-header-id-meta":"","stick-header-meta":"","header-above-stick-meta":"","header-main-stick-meta":"","header-below-stick-meta":"","astra-migrate-meta-layouts":"default","ast-page-background-enabled":"default","ast-page-background-meta":{"desktop":{"background-color":"var(--ast-global-color-4)","background-image":"","background-repeat":"repeat","background-position":"center center","background-size":"auto","background-attachment":"scroll","background-type":"","background-media":"","overlay-type":"","overlay-color":"","overlay-opacity":"","overlay-gradient":""},"tablet":{"background-color":"","background-image":"","background-repeat":"repeat","background-position":"center center","background-size":"auto","background-attachment":"scroll","background-type":"","background-media":"","overlay-type":"","overlay-color":"","overlay-opacity":"","overlay-gradient":""},"mobile":{"background-color":"","background-image":"","background-repeat":"repeat","background-position":"center center","background-size":"auto","background-attachment":"scroll","background-type":"","background-media":"","overlay-type":"","overlay-color":"","overlay-opacity":"","overlay-gradient":""}},"ast-content-background-meta":{"desktop":{"background-color":"var(--ast-global-color-5)","background-image":"","background-repeat":"repeat","background-position":"center center","background-size":"auto","background-attachment":"scroll","background-type":"","background-media":"","overlay-type":"","overlay-color":"","overlay-opacity":"","overlay-gradient":""},"tablet":{"background-color":"var(--ast-global-color-5)","background-image":"","background-repeat":"repeat","background-position":"center center","background-size":"auto","background-attachment":"scroll","background-type":"","background-media":"","overlay-type":"","overlay-color":"","overlay-opacity":"","overlay-gradient":""},"mobile":{"background-color":"var(--ast-global-color-5)","background-image":"","background-repeat":"repeat","background-position":"center center","background-size":"auto","background-attachment":"scroll","background-type":"","background-media":"","overlay-type":"","overlay-color":"","overlay-opacity":"","overlay-gradient":""}},"footnotes":""},"class_list":["post-8460","page","type-page","status-publish","hentry"],"post_mailing_queue_ids":[],"_links":{"self":[{"href":"https:\/\/serveiseducatius.xtec.cat\/montsia\/wp-json\/wp\/v2\/pages\/8460","targetHints":{"allow":["GET"]}}],"collection":[{"href":"https:\/\/serveiseducatius.xtec.cat\/montsia\/wp-json\/wp\/v2\/pages"}],"about":[{"href":"https:\/\/serveiseducatius.xtec.cat\/montsia\/wp-json\/wp\/v2\/types\/page"}],"author":[{"embeddable":true,"href":"https:\/\/serveiseducatius.xtec.cat\/montsia\/wp-json\/wp\/v2\/users\/1"}],"replies":[{"embeddable":true,"href":"https:\/\/serveiseducatius.xtec.cat\/montsia\/wp-json\/wp\/v2\/comments?post=8460"}],"version-history":[{"count":4,"href":"https:\/\/serveiseducatius.xtec.cat\/montsia\/wp-json\/wp\/v2\/pages\/8460\/revisions"}],"predecessor-version":[{"id":10106,"href":"https:\/\/serveiseducatius.xtec.cat\/montsia\/wp-json\/wp\/v2\/pages\/8460\/revisions\/10106"}],"up":[{"embeddable":true,"href":"https:\/\/serveiseducatius.xtec.cat\/montsia\/wp-json\/wp\/v2\/pages\/8448"}],"wp:attachment":[{"href":"https:\/\/serveiseducatius.xtec.cat\/montsia\/wp-json\/wp\/v2\/media?parent=8460"}],"curies":[{"name":"wp","href":"https:\/\/api.w.org\/{rel}","templated":true}]}}