{"id":8448,"date":"2016-05-18T08:57:10","date_gmt":"2016-05-18T07:57:10","guid":{"rendered":"http:\/\/serveiseducatius.xtec.cat\/montsia\/?page_id=8448"},"modified":"2025-01-09T09:06:35","modified_gmt":"2025-01-09T08:06:35","slug":"projectes-2","status":"publish","type":"page","link":"https:\/\/serveiseducatius.xtec.cat\/montsia\/innovacio-2\/projectes-2\/","title":{"rendered":"Projectes d&#8217;innovaci\u00f3"},"content":{"rendered":"<p>Els projectes d\u2019innovaci\u00f3 pedag\u00f2gica consisteixen en iniciatives d\u2019un centre educatiu, o d\u2019un grup de centres, que formen part de manera expl\u00edcita del projecte educatiu de centre, que responen a objectius de millora educativa pr\u00e8viament fixats en un pla d\u2019acci\u00f3 i que aporten evid\u00e8ncies del canvi que ha significat per al centre o centres pel que fa a les compet\u00e8ncies dels alumnes o a l\u2019organitzaci\u00f3 i gesti\u00f3. (Article 2 Ordre Ens\/303\/2015)<\/p>\n<p>El Departament d&#8217;Ensenyament vol promoure, recon\u00e8ixer i certificar els projectes d&#8217;innovaci\u00f3 pedag\u00f2gica impulsats des dels centres educatius per millorar la qualitat dels serveis que ofereixen contribuint a la millora del sistema educatiu.<\/p>\n<p>A la Resoluci\u00f3 <a href=\"https:\/\/dogc.gencat.cat\/ca\/document-del-dogc\/?documentId=941619\" target=\"_blank\" rel=\"noopener\">EDU\/3348\/2022, de 26 d&#8217;octubre de 2022<\/a>, s\u2019obre convocat\u00f2ria p\u00fablica per al reconeixement de projectes d\u2019innovaci\u00f3 pedag\u00f2gica de centres educatius, a trav\u00e9s d\u2019unes bases reguladores que estableixen, entre altres, els destinataris, els requisits de participaci\u00f3 i criteris de certificaci\u00f3, el procediment i els terminis.<\/p>\n<p>Els projectes d&#8217;innovaci\u00f3 de centres del Montsi\u00e0 que van obtenir el corresponent reconeixement d&#8217;innovaci\u00f3 a la convocat\u00f2ria 2022-2023 s\u00f3n els seg\u00fcents:<\/p>\n<p><em>(Resoluci\u00f3 per la qual es fa p\u00fablica la llista definitiva de centres amb dret a certificaci\u00f3 d\u2019innovaci\u00f3 pedag\u00f2gica reconeguts segons procediment establerts a la resoluci\u00f3 EDU\/3348\/2022, de 26 d\u2019octubre, per la qual s&#8217;obre convocat\u00f2ria p\u00fablica per al reconeixement de projectes d&#8217;innovaci\u00f3 pedag\u00f2gica de centres educatius.)<\/em><\/p>\n<ul>\n<li>Institut S\u00f2l de Riu (Alcanar): Programa d&#8217;Innovaci\u00f3 de pr\u00e0ctiques del MUFPS (2019-2022)<\/li>\n<li>Institut Manuel Sales i Ferr\u00e9 (Ulldecona): Pr\u00e0ctiques en centres educatius del m\u00e0ster universitari (MUPFS) (2019-2022)<\/li>\n<li>Institut Les Planes (Santa B\u00e0rbara): Descobrim el nostre entorn (2019-2022)<\/li>\n<li>Institut Els Alfacs (La R\u00e0pita): Treball per Projectes. Exemple &#8220;100 gavines&#8221; (2019-2022)<\/li>\n<li>Escola Ramon y Cajal (Ulldecona): El pati que volem (2019-2022)<\/li>\n<\/ul>\n<div class=\"gmail_default\">Els projectes d&#8217;innovaci\u00f3 de centres del Montsi\u00e0 que van obtenir el corresponent reconeixement d&#8217;innovaci\u00f3 a la convocat\u00f2ria 2018-2019 s\u00f3n els seg\u00fcents:<\/div>\n<ul>\n<li class=\"gmail_default\"><a href=\"https:\/\/agora.xtec.cat\/ies-la-senia\/\" target=\"_blank\" rel=\"noopener noreferrer\">Institut de La S\u00e9nia<\/a> (La S\u00e9nia): <i><a href=\"https:\/\/innovacio.xtec.gencat.cat\/projecte\/1001%7C43006681%7C0\">&#8220;Erasmus + A World of Harmony: Art and Science&#8221;<\/a>.<\/i> 2018-2019<\/li>\n<li class=\"gmail_default\"><a href=\"http:\/\/itecnificacio.cat\/\" target=\"_blank\" rel=\"noopener noreferrer\">Institut de Tecnificaci\u00f3<\/a> (Amposta): <i>&#8220;Programa de Suport Vital als centres educatius (PSVe)&#8221;<\/i>. 2018-2019<\/li>\n<li class=\"gmail_default\"><a href=\"https:\/\/agora.xtec.cat\/ies-manuel-sales\/\" target=\"_blank\" rel=\"noopener noreferrer\">Institut Manuel Sales i Ferr\u00e9<\/a> (Ulldecona): <i>&#8220;Sostenibilitat i medi ambient&#8221;.<\/i> 2018-2019<\/li>\n<li class=\"gmail_default\"><a href=\"https:\/\/agora.xtec.cat\/inssolderiu\/\" target=\"_blank\" rel=\"noopener noreferrer\">Institut S\u00f2l-de-Riu<\/a> (Alcanar): <i>&#8220;Cooperativa ecol\u00f2gica&#8221;.<\/i> 2018-2019<\/li>\n<\/ul>\n<p>Llista de centres del Montsi\u00e0 que formen part del programa d\u2019innovaci\u00f3 pedag\u00f2gica \u201cApadrinem el nostre patrimoni\u201d, a partir del curs 2022-2023, amb valoraci\u00f3 positiva i que tenen professorat amb dret a obtenir el certificat corresponent (convocat\u00f2ria ENS\/2037\/2018):<\/p>\n<ul>\n<li><a href=\"https:\/\/agora.xtec.cat\/ies-la-senia\/\" target=\"_blank\" rel=\"noopener noreferrer\">Institut de La S\u00e9nia<\/a> (La S\u00e9nia): <a href=\"https:\/\/agora.xtec.cat\/ies-la-senia\/categoria\/projecte-apadrina\/\" target=\"_blank\" rel=\"noopener\"><em>&#8220;Els camins de l&#8217;aigua&#8221;<\/em><\/a><i>.<\/i> 2019-2022<\/li>\n<\/ul>\n<p>Podeu consultar la relaci\u00f3 de tots els Projectes d&#8217;innovaci\u00f3 pedag\u00f2gica en centres reconeguts fins ara en aquesta adre\u00e7a <a href=\"https:\/\/innovacio.xtec.gencat.cat\/programa\/1001\">https:\/\/innovacio.xtec.gencat.cat\/programa\/1001<\/a> i tota la informaci\u00f3 relacionada amb innovaci\u00f3 educativa a la p\u00e0gina d&#8217;XTEC <a href=\"http:\/\/xtec.gencat.cat\/ca\/innovacio\/\" target=\"_blank\" rel=\"noopener noreferrer\">http:\/\/xtec.gencat.cat\/ca\/innovacio\/<\/a><\/p>\n","protected":false},"excerpt":{"rendered":"<p>Els projectes d\u2019innovaci\u00f3 pedag\u00f2gica consisteixen en iniciatives d\u2019un centre educatiu, o d\u2019un grup de centres, que formen part de manera [&hellip;]<\/p>\n","protected":false},"author":1,"featured_media":0,"parent":14952,"menu_order":40,"comment_status":"closed","ping_status":"closed","template":"","meta":{"_bbp_topic_count":0,"_bbp_reply_count":0,"_bbp_total_topic_count":0,"_bbp_total_reply_count":0,"_bbp_voice_count":0,"_bbp_anonymous_reply_count":0,"_bbp_topic_count_hidden":0,"_bbp_reply_count_hidden":0,"_bbp_forum_subforum_count":0,"site-sidebar-layout":"default","site-content-layout":"","ast-site-content-layout":"default","site-content-style":"default","site-sidebar-style":"default","ast-global-header-display":"","ast-banner-title-visibility":"","ast-main-header-display":"","ast-hfb-above-header-display":"","ast-hfb-below-header-display":"","ast-hfb-mobile-header-display":"","site-post-title":"","ast-breadcrumbs-content":"","ast-featured-img":"","footer-sml-layout":"","theme-transparent-header-meta":"","adv-header-id-meta":"","stick-header-meta":"","header-above-stick-meta":"","header-main-stick-meta":"","header-below-stick-meta":"","astra-migrate-meta-layouts":"set","ast-page-background-enabled":"default","ast-page-background-meta":{"desktop":{"background-color":"var(--ast-global-color-4)","background-image":"","background-repeat":"repeat","background-position":"center center","background-size":"auto","background-attachment":"scroll","background-type":"","background-media":"","overlay-type":"","overlay-color":"","overlay-opacity":"","overlay-gradient":""},"tablet":{"background-color":"","background-image":"","background-repeat":"repeat","background-position":"center center","background-size":"auto","background-attachment":"scroll","background-type":"","background-media":"","overlay-type":"","overlay-color":"","overlay-opacity":"","overlay-gradient":""},"mobile":{"background-color":"","background-image":"","background-repeat":"repeat","background-position":"center center","background-size":"auto","background-attachment":"scroll","background-type":"","background-media":"","overlay-type":"","overlay-color":"","overlay-opacity":"","overlay-gradient":""}},"ast-content-background-meta":{"desktop":{"background-color":"var(--ast-global-color-5)","background-image":"","background-repeat":"repeat","background-position":"center center","background-size":"auto","background-attachment":"scroll","background-type":"","background-media":"","overlay-type":"","overlay-color":"","overlay-opacity":"","overlay-gradient":""},"tablet":{"background-color":"var(--ast-global-color-5)","background-image":"","background-repeat":"repeat","background-position":"center center","background-size":"auto","background-attachment":"scroll","background-type":"","background-media":"","overlay-type":"","overlay-color":"","overlay-opacity":"","overlay-gradient":""},"mobile":{"background-color":"var(--ast-global-color-5)","background-image":"","background-repeat":"repeat","background-position":"center center","background-size":"auto","background-attachment":"scroll","background-type":"","background-media":"","overlay-type":"","overlay-color":"","overlay-opacity":"","overlay-gradient":""}},"footnotes":""},"class_list":["post-8448","page","type-page","status-publish","hentry"],"post_mailing_queue_ids":[],"_links":{"self":[{"href":"https:\/\/serveiseducatius.xtec.cat\/montsia\/wp-json\/wp\/v2\/pages\/8448","targetHints":{"allow":["GET"]}}],"collection":[{"href":"https:\/\/serveiseducatius.xtec.cat\/montsia\/wp-json\/wp\/v2\/pages"}],"about":[{"href":"https:\/\/serveiseducatius.xtec.cat\/montsia\/wp-json\/wp\/v2\/types\/page"}],"author":[{"embeddable":true,"href":"https:\/\/serveiseducatius.xtec.cat\/montsia\/wp-json\/wp\/v2\/users\/1"}],"replies":[{"embeddable":true,"href":"https:\/\/serveiseducatius.xtec.cat\/montsia\/wp-json\/wp\/v2\/comments?post=8448"}],"version-history":[{"count":3,"href":"https:\/\/serveiseducatius.xtec.cat\/montsia\/wp-json\/wp\/v2\/pages\/8448\/revisions"}],"predecessor-version":[{"id":15776,"href":"https:\/\/serveiseducatius.xtec.cat\/montsia\/wp-json\/wp\/v2\/pages\/8448\/revisions\/15776"}],"up":[{"embeddable":true,"href":"https:\/\/serveiseducatius.xtec.cat\/montsia\/wp-json\/wp\/v2\/pages\/14952"}],"wp:attachment":[{"href":"https:\/\/serveiseducatius.xtec.cat\/montsia\/wp-json\/wp\/v2\/media?parent=8448"}],"curies":[{"name":"wp","href":"https:\/\/api.w.org\/{rel}","templated":true}]}}