{"id":8443,"date":"2016-05-18T08:55:38","date_gmt":"2016-05-18T07:55:38","guid":{"rendered":"http:\/\/serveiseducatius.xtec.cat\/montsia\/?page_id=8443"},"modified":"2024-11-04T23:54:21","modified_gmt":"2024-11-04T22:54:21","slug":"projectes","status":"publish","type":"page","link":"https:\/\/serveiseducatius.xtec.cat\/montsia\/innovacio-2\/projectes\/","title":{"rendered":"Pr\u00e0ctiques educatives de refer\u00e8ncia"},"content":{"rendered":"<p>Consisteixen en iniciatives del professorat vinculades al projecte educatiu del centre que evidencien una millora educativa, aix\u00ed com els materials i recursos educatius elaborats pel professorat, un cop han estat implementats i sempre que aportin millores per a l\u2019aprenentatge. (Article 2 Ordre Ens\/303\/2015)<\/p>\n<div class=\"content\" data-section-content=\"\">\n<p><img loading=\"lazy\" decoding=\"async\" class=\"size-full wp-image-10623 aligncenter\" src=\"https:\/\/serveiseducatius.xtec.cat\/montsia\/wp-content\/uploads\/usu1125\/2019\/07\/practiques-educatives-referencia.jpg\" alt=\"\" width=\"649\" height=\"865\" srcset=\"https:\/\/serveiseducatius.xtec.cat\/montsia\/wp-content\/uploads\/usu1125\/2019\/07\/practiques-educatives-referencia.jpg 649w, https:\/\/serveiseducatius.xtec.cat\/montsia\/wp-content\/uploads\/usu1125\/2019\/07\/practiques-educatives-referencia-225x300.jpg 225w\" sizes=\"auto, (max-width: 649px) 100vw, 649px\" \/><\/p>\n<p><strong>Marc normatiu<\/strong><\/p>\n<ul>\n<li><a title=\"Obre finestra nova (Ves al DOGC)\" href=\"https:\/\/dogc.gencat.cat\/ca\/pdogc_canals_interns\/pdogc_resultats_fitxa\/?action=fitxa&amp;documentId=704108&amp;language=ca_ES\" target=\"_blank\" rel=\"noopener noreferrer\">Ordre ENS\/303\/2015<\/a>, de 21 de setembre, sobre el reconeixement de la innovaci\u00f3 pedag\u00f2gica.<\/li>\n<li><a href=\"https:\/\/dogc.gencat.cat\/ca\/pdogc_canals_interns\/pdogc_resultats_fitxa\/?action=fitxa&amp;documentId=852795&amp;language=ca_ES\" target=\"_blank\" rel=\"noopener noreferrer\">RESOLUCI\u00d3 EDU\/1720\/2019<\/a>, de 20 de juny, per la qual s&#8217;obre convocat\u00f2ria per al reconeixement de pr\u00e0ctiques educatives de refer\u00e8ncia d&#8217;innovaci\u00f3 pedag\u00f2gica.<\/li>\n<\/ul>\n<p><strong>Pr\u00e0ctiques de refer\u00e8ncia reconegudes al territori<br \/>\n<\/strong><\/p>\n<p><em><strong>Nota:<\/strong> S&#8217;adjunta el nom de la pr\u00e0ctica de refer\u00e8ncia reconeguda com a innovaci\u00f3 i el centre on es va dur a terme.<\/em><\/p>\n<ul>\n<li><strong>Les TIC com eina de col\u00b7laboraci\u00f3 i inclusi\u00f3.<\/strong> INS La S\u00e9nia. <em>(Convocat\u00f2ria participaci\u00f3: Resoluci\u00f3 EDU\/1720\/2019)<\/em><\/li>\n<li><strong>Apadrinem l&#8217;esgl\u00e9sia rom\u00e0nica de la Palma d&#8217;Ebre.<\/strong> ESC 1 d&#8217;Abril (ZER Ebre). <em>(Convocat\u00f2ria participaci\u00f3: Resoluci\u00f3 EDU\/1720\/2019)<\/em><\/li>\n<\/ul>\n<p><strong>Requisits<\/strong><\/p>\n<p>Poden participar en la convocat\u00f2ria els professors o grups de professors del Servei d\u2019Educaci\u00f3 de Catalunya compleixin amb el requisits seg\u00fcents:<\/p>\n<ul>\n<li>Que la pr\u00e0ctica estigui emmarcada en un o m\u00e9s dels tres\u00a0<strong>\u00e0mbits d\u2019innovaci\u00f3<\/strong>\u00a0definits per l\u2019ordre ENS\/303\/2015, del 21 de setembre, sobre el reconeixement de la innovaci\u00f3 pedag\u00f2gica:<br \/>\n\u00c0mbit 1: Metodologies i recursos per a la millora de l\u2019ensenyament i aprenentatge.<br \/>\n\u00c0mbit 2: Organitzaci\u00f3 i gesti\u00f3 educativa.<br \/>\n\u00c0mbit 3: Relaci\u00f3 i cooperaci\u00f3 amb la comunitat educativa i l\u2019entorn.<\/li>\n<li>Presentar una mem\u00f2ria de la pr\u00e0ctica educativa de refer\u00e8ncia d\u2019innovaci\u00f3 pedag\u00f2gica amb evid\u00e8ncies concretes de les millores generades en el centre educatiu on s\u2019ha implementat la pr\u00e0ctica educativa de refer\u00e8ncia. El document per elaborar la mem\u00f2ria es troba al portal de centres.<\/li>\n<li>Presentar la fitxa resum de la pr\u00e0ctica educativa de refer\u00e8ncia d\u2019innovaci\u00f3 pedag\u00f2gica. El document per elaborar la fitxa es troba al portal de centres.<\/li>\n<li>Que la pr\u00e0ctica no hagi estat certificada d\u2019innovaci\u00f3 amb anterioritat en el mateix centre.<\/li>\n<li>Que la pr\u00e0ctica consolidada sigui coherent amb el projecte educatiu de centre i compti amb el vistiplau de la direcci\u00f3 centre on s\u2019ha implementat la pr\u00e0ctica educativa de refer\u00e8ncia d\u2019innovaci\u00f3 pedag\u00f2gica amb evid\u00e8ncies de millora.<\/li>\n<li>Haver desenvolupat la pr\u00e0ctica en un m\u00ednim de 3 cursos els darrers 5 cursos escolars.<\/li>\n<li>Totes les pr\u00e0ctiques educatives de refer\u00e8ncia han de contemplar de forma clara i visible la llic\u00e8ncia de Creative commons m\u00ednima de: Reconeixement-NoComercial-CompartirIgual (CC BY-NC-SA)<\/li>\n<\/ul>\n<\/div>\n","protected":false},"excerpt":{"rendered":"<p>Consisteixen en iniciatives del professorat vinculades al projecte educatiu del centre que evidencien una millora educativa, aix\u00ed com els materials [&hellip;]<\/p>\n","protected":false},"author":1,"featured_media":0,"parent":14952,"menu_order":5,"comment_status":"closed","ping_status":"closed","template":"page-templates\/side-menu.php","meta":{"_bbp_topic_count":0,"_bbp_reply_count":0,"_bbp_total_topic_count":0,"_bbp_total_reply_count":0,"_bbp_voice_count":0,"_bbp_anonymous_reply_count":0,"_bbp_topic_count_hidden":0,"_bbp_reply_count_hidden":0,"_bbp_forum_subforum_count":0,"site-sidebar-layout":"default","site-content-layout":"","ast-site-content-layout":"","site-content-style":"default","site-sidebar-style":"default","ast-global-header-display":"","ast-banner-title-visibility":"","ast-main-header-display":"","ast-hfb-above-header-display":"","ast-hfb-below-header-display":"","ast-hfb-mobile-header-display":"","site-post-title":"","ast-breadcrumbs-content":"","ast-featured-img":"","footer-sml-layout":"","theme-transparent-header-meta":"","adv-header-id-meta":"","stick-header-meta":"","header-above-stick-meta":"","header-main-stick-meta":"","header-below-stick-meta":"","astra-migrate-meta-layouts":"default","ast-page-background-enabled":"default","ast-page-background-meta":{"desktop":{"background-color":"var(--ast-global-color-4)","background-image":"","background-repeat":"repeat","background-position":"center center","background-size":"auto","background-attachment":"scroll","background-type":"","background-media":"","overlay-type":"","overlay-color":"","overlay-opacity":"","overlay-gradient":""},"tablet":{"background-color":"","background-image":"","background-repeat":"repeat","background-position":"center center","background-size":"auto","background-attachment":"scroll","background-type":"","background-media":"","overlay-type":"","overlay-color":"","overlay-opacity":"","overlay-gradient":""},"mobile":{"background-color":"","background-image":"","background-repeat":"repeat","background-position":"center center","background-size":"auto","background-attachment":"scroll","background-type":"","background-media":"","overlay-type":"","overlay-color":"","overlay-opacity":"","overlay-gradient":""}},"ast-content-background-meta":{"desktop":{"background-color":"var(--ast-global-color-5)","background-image":"","background-repeat":"repeat","background-position":"center center","background-size":"auto","background-attachment":"scroll","background-type":"","background-media":"","overlay-type":"","overlay-color":"","overlay-opacity":"","overlay-gradient":""},"tablet":{"background-color":"var(--ast-global-color-5)","background-image":"","background-repeat":"repeat","background-position":"center center","background-size":"auto","background-attachment":"scroll","background-type":"","background-media":"","overlay-type":"","overlay-color":"","overlay-opacity":"","overlay-gradient":""},"mobile":{"background-color":"var(--ast-global-color-5)","background-image":"","background-repeat":"repeat","background-position":"center center","background-size":"auto","background-attachment":"scroll","background-type":"","background-media":"","overlay-type":"","overlay-color":"","overlay-opacity":"","overlay-gradient":""}},"footnotes":""},"class_list":["post-8443","page","type-page","status-publish","hentry"],"post_mailing_queue_ids":[],"_links":{"self":[{"href":"https:\/\/serveiseducatius.xtec.cat\/montsia\/wp-json\/wp\/v2\/pages\/8443","targetHints":{"allow":["GET"]}}],"collection":[{"href":"https:\/\/serveiseducatius.xtec.cat\/montsia\/wp-json\/wp\/v2\/pages"}],"about":[{"href":"https:\/\/serveiseducatius.xtec.cat\/montsia\/wp-json\/wp\/v2\/types\/page"}],"author":[{"embeddable":true,"href":"https:\/\/serveiseducatius.xtec.cat\/montsia\/wp-json\/wp\/v2\/users\/1"}],"replies":[{"embeddable":true,"href":"https:\/\/serveiseducatius.xtec.cat\/montsia\/wp-json\/wp\/v2\/comments?post=8443"}],"version-history":[{"count":2,"href":"https:\/\/serveiseducatius.xtec.cat\/montsia\/wp-json\/wp\/v2\/pages\/8443\/revisions"}],"predecessor-version":[{"id":12228,"href":"https:\/\/serveiseducatius.xtec.cat\/montsia\/wp-json\/wp\/v2\/pages\/8443\/revisions\/12228"}],"up":[{"embeddable":true,"href":"https:\/\/serveiseducatius.xtec.cat\/montsia\/wp-json\/wp\/v2\/pages\/14952"}],"wp:attachment":[{"href":"https:\/\/serveiseducatius.xtec.cat\/montsia\/wp-json\/wp\/v2\/media?parent=8443"}],"curies":[{"name":"wp","href":"https:\/\/api.w.org\/{rel}","templated":true}]}}