{"id":8414,"date":"2016-05-17T14:20:39","date_gmt":"2016-05-17T13:20:39","guid":{"rendered":"http:\/\/serveiseducatius.xtec.cat\/montsia\/?page_id=8414"},"modified":"2017-05-02T17:54:14","modified_gmt":"2017-05-02T15:54:14","slug":"butlletins-dels-sstt-a-les-ttee","status":"publish","type":"page","link":"https:\/\/serveiseducatius.xtec.cat\/montsia\/butlletins-dels-sstt-a-les-ttee\/","title":{"rendered":"Butlletins dels SSTT a les TTEE"},"content":{"rendered":"<p>Recull de not\u00edcies positives dels <b><span style=\"color: #444444;\">Serveis Territorials a les Terres de l&#8217;Ebre<\/span><\/b>.<\/p>\n<ul style=\"list-style-type: circle;\">\n<li><a href=\"https:\/\/drive.google.com\/file\/d\/0B7l3OPrnByqPeWFyQnRLb3k0WW8\/view?usp=sharing\" target=\"_blank\">Edici\u00f3 abril 2017<\/a><\/li>\n<li><a href=\"https:\/\/drive.google.com\/file\/d\/0B7l3OPrnByqPeFZ0cGdGdGNhb28\/view?usp=sharing\" target=\"_blank\">Edici\u00f3 juny 2016<\/a><\/li>\n<li><a href=\"https:\/\/drive.google.com\/file\/d\/0B7l3OPrnByqPMGQ1bTg2S3NIc3c\/view?usp=sharing\" target=\"_blank\">Edici\u00f3 maig 2016<\/a><\/li>\n<li><a href=\"http:\/\/serveiseducatius.xtec.cat\/montsia\/wp-content\/uploads\/usu1125\/2016\/05\/gener-febrer-2016.pdf\">Edici\u00f3 gener 2016<\/a><\/li>\n<li><a href=\"http:\/\/serveiseducatius.xtec.cat\/montsia\/wp-content\/uploads\/usu1125\/2016\/05\/desembre-2015.pdf\">Edici\u00f3 desembre 2015<\/a><\/li>\n<li><a href=\"http:\/\/serveiseducatius.xtec.cat\/montsia\/wp-content\/uploads\/usu1125\/2016\/05\/novembre-2015.pdf\">Edici\u00f3 novembre 2015<\/a><\/li>\n<li><a href=\"http:\/\/serveiseducatius.xtec.cat\/montsia\/wp-content\/uploads\/usu1125\/2016\/05\/octubre-2015.pdf\">Edici\u00f3 octubre 2015<\/a><\/li>\n<li><a href=\"http:\/\/serveiseducatius.xtec.cat\/montsia\/wp-content\/uploads\/usu1125\/2016\/05\/octubre-novembre14.pdf\">Edici\u00f3 octubre 2014<\/a><\/li>\n<li><a href=\"http:\/\/serveiseducatius.xtec.cat\/montsia\/wp-content\/uploads\/usu1125\/2016\/05\/setembre-octubre14.pdf\">Edici\u00f3 setembre 2014<\/a><\/li>\n<\/ul>\n<p>&nbsp;<\/p>\n","protected":false},"excerpt":{"rendered":"<p>Recull de not\u00edcies positives dels Serveis Territorials a les Terres de l&#8217;Ebre. Edici\u00f3 abril 2017 Edici\u00f3 juny 2016 Edici\u00f3 maig [&hellip;]<\/p>\n","protected":false},"author":1,"featured_media":0,"parent":0,"menu_order":0,"comment_status":"closed","ping_status":"closed","template":"page-templates\/side-menu.php","meta":{"_bbp_topic_count":0,"_bbp_reply_count":0,"_bbp_total_topic_count":0,"_bbp_total_reply_count":0,"_bbp_voice_count":0,"_bbp_anonymous_reply_count":0,"_bbp_topic_count_hidden":0,"_bbp_reply_count_hidden":0,"_bbp_forum_subforum_count":0,"site-sidebar-layout":"default","site-content-layout":"","ast-site-content-layout":"","site-content-style":"default","site-sidebar-style":"default","ast-global-header-display":"","ast-banner-title-visibility":"","ast-main-header-display":"","ast-hfb-above-header-display":"","ast-hfb-below-header-display":"","ast-hfb-mobile-header-display":"","site-post-title":"","ast-breadcrumbs-content":"","ast-featured-img":"","footer-sml-layout":"","theme-transparent-header-meta":"","adv-header-id-meta":"","stick-header-meta":"","header-above-stick-meta":"","header-main-stick-meta":"","header-below-stick-meta":"","astra-migrate-meta-layouts":"default","ast-page-background-enabled":"default","ast-page-background-meta":{"desktop":{"background-color":"var(--ast-global-color-4)","background-image":"","background-repeat":"repeat","background-position":"center center","background-size":"auto","background-attachment":"scroll","background-type":"","background-media":"","overlay-type":"","overlay-color":"","overlay-opacity":"","overlay-gradient":""},"tablet":{"background-color":"","background-image":"","background-repeat":"repeat","background-position":"center center","background-size":"auto","background-attachment":"scroll","background-type":"","background-media":"","overlay-type":"","overlay-color":"","overlay-opacity":"","overlay-gradient":""},"mobile":{"background-color":"","background-image":"","background-repeat":"repeat","background-position":"center center","background-size":"auto","background-attachment":"scroll","background-type":"","background-media":"","overlay-type":"","overlay-color":"","overlay-opacity":"","overlay-gradient":""}},"ast-content-background-meta":{"desktop":{"background-color":"var(--ast-global-color-5)","background-image":"","background-repeat":"repeat","background-position":"center center","background-size":"auto","background-attachment":"scroll","background-type":"","background-media":"","overlay-type":"","overlay-color":"","overlay-opacity":"","overlay-gradient":""},"tablet":{"background-color":"var(--ast-global-color-5)","background-image":"","background-repeat":"repeat","background-position":"center center","background-size":"auto","background-attachment":"scroll","background-type":"","background-media":"","overlay-type":"","overlay-color":"","overlay-opacity":"","overlay-gradient":""},"mobile":{"background-color":"var(--ast-global-color-5)","background-image":"","background-repeat":"repeat","background-position":"center center","background-size":"auto","background-attachment":"scroll","background-type":"","background-media":"","overlay-type":"","overlay-color":"","overlay-opacity":"","overlay-gradient":""}},"footnotes":""},"class_list":["post-8414","page","type-page","status-publish","hentry"],"post_mailing_queue_ids":[],"_links":{"self":[{"href":"https:\/\/serveiseducatius.xtec.cat\/montsia\/wp-json\/wp\/v2\/pages\/8414","targetHints":{"allow":["GET"]}}],"collection":[{"href":"https:\/\/serveiseducatius.xtec.cat\/montsia\/wp-json\/wp\/v2\/pages"}],"about":[{"href":"https:\/\/serveiseducatius.xtec.cat\/montsia\/wp-json\/wp\/v2\/types\/page"}],"author":[{"embeddable":true,"href":"https:\/\/serveiseducatius.xtec.cat\/montsia\/wp-json\/wp\/v2\/users\/1"}],"replies":[{"embeddable":true,"href":"https:\/\/serveiseducatius.xtec.cat\/montsia\/wp-json\/wp\/v2\/comments?post=8414"}],"version-history":[{"count":4,"href":"https:\/\/serveiseducatius.xtec.cat\/montsia\/wp-json\/wp\/v2\/pages\/8414\/revisions"}],"predecessor-version":[{"id":9452,"href":"https:\/\/serveiseducatius.xtec.cat\/montsia\/wp-json\/wp\/v2\/pages\/8414\/revisions\/9452"}],"wp:attachment":[{"href":"https:\/\/serveiseducatius.xtec.cat\/montsia\/wp-json\/wp\/v2\/media?parent=8414"}],"curies":[{"name":"wp","href":"https:\/\/api.w.org\/{rel}","templated":true}]}}