{"id":8127,"date":"2016-04-22T12:10:16","date_gmt":"2016-04-22T11:10:16","guid":{"rendered":"http:\/\/serveiseducatius.xtec.cat\/montsia\/?page_id=8127"},"modified":"2025-01-08T14:54:47","modified_gmt":"2025-01-08T13:54:47","slug":"legislacio","status":"publish","type":"page","link":"https:\/\/serveiseducatius.xtec.cat\/montsia\/elserveieducatiu\/legislacio\/","title":{"rendered":"Marc normatiu"},"content":{"rendered":"<ul>\n<li><a href=\"https:\/\/documents.espai.educacio.gencat.cat\/IPCNormativa\/DOIGC\/ORG_Serveis_educatius.pdf\" target=\"_blank\" rel=\"noopener\"><strong>Directrius per a l\u2019organitzaci\u00f3 i gesti\u00f3 dels serveis educatius.<\/strong><\/a><\/li>\n<li><strong><a href=\"http:\/\/educacio.gencat.net\/extranet\/dogc\/decret_155_1994.html\" target=\"_blank\" rel=\"noopener noreferrer\">DECRET 155\/1994<\/a><\/strong>, de 28 de juny, pel qual es regulen els serveis educatius del Departament d&#8217;Ensenyament.<\/li>\n<li><strong><a title=\"Obre finestra nova (V\u00e9s al Portal jur\u00eddic)\" href=\"http:\/\/portaljuridic.gencat.cat\/ca\/pjur_ocults\/pjur_resultats_fitxa\/?action=fitxa&amp;mode=single&amp;documentId=373891&amp;language=ca_ES\" target=\"_blank\" rel=\"noopener noreferrer\">Decret 180\/2005<\/a><\/strong>, de 30 d&#8217;agost, de modificaci\u00f3 del Decret 155\/1994, de 28 de juny, pel qual es regulen els serveis educatius (DOGC n\u00fam. 4460, de 1.9.2005).<\/li>\n<li><strong><a title=\"Obre finestra nova (V\u00e9s al DOGC)\" href=\"http:\/\/dogc.gencat.cat\/ca\/pdogc_canals_interns\/pdogc_resultats_fitxa\/?action=fitxa&amp;mode=single&amp;documentId=684659&amp;language=ca_ES\" target=\"_blank\" rel=\"noopener noreferrer\">Ordre ENS\/16\/2002<\/a><\/strong>, de 16 de gener, pel qual es regula el r\u00e8gim d&#8217;autonomia de gesti\u00f3 econ\u00f2mica dels serveis educatius del Departament d&#8217;Ensenyament (DOGC n\u00fam. 3563, de 29.1.2002).<\/li>\n<li><strong><a title=\"Obre finestra nova (V\u00e9s al DOGC)\" href=\"http:\/\/dogc.gencat.cat\/ca\/pdogc_canals_interns\/pdogc_resultats_fitxa\/?action=fitxa&amp;mode=single&amp;documentId=684659&amp;language=ca_ES\" target=\"_blank\" rel=\"noopener noreferrer\">Ordre ENS\/440\/2003<\/a><\/strong>, de 29 d&#8217;octubre, de modificaci\u00f3 de l&#8217;Ordre ENS\/16\/2002, de 16 de gener, per la qual es regula el r\u00e8gim d&#8217;autonomia de gesti\u00f3 econ\u00f2mica dels serveis educatius del Departament d&#8217;Ensenyament.(DOGC n\u00fam. 4008, de 12.11.2003).<\/li>\n<li><strong><a href=\"https:\/\/dogc.gencat.cat\/ca\/pdogc_canals_interns\/pdogc_resultats_fitxa\/?action=fitxa&amp;documentId=869483&amp;language=ca_ES\">Resoluci\u00f3 EDU\/523\/2020, de 24 de febrer, \u200b<\/a><\/strong>per la qual s&#8217;aproven les bases generals per a la participaci\u00f3 en programes d&#8217;innovaci\u00f3 pedag\u00f2gica.<\/li>\n<\/ul>\n","protected":false},"excerpt":{"rendered":"<p>Directrius per a l\u2019organitzaci\u00f3 i gesti\u00f3 dels serveis educatius. DECRET 155\/1994, de 28 de juny, pel qual es regulen els [&hellip;]<\/p>\n","protected":false},"author":1,"featured_media":0,"parent":797,"menu_order":30,"comment_status":"closed","ping_status":"closed","template":"","meta":{"_bbp_topic_count":0,"_bbp_reply_count":0,"_bbp_total_topic_count":0,"_bbp_total_reply_count":0,"_bbp_voice_count":0,"_bbp_anonymous_reply_count":0,"_bbp_topic_count_hidden":0,"_bbp_reply_count_hidden":0,"_bbp_forum_subforum_count":0,"site-sidebar-layout":"default","site-content-layout":"","ast-site-content-layout":"default","site-content-style":"default","site-sidebar-style":"default","ast-global-header-display":"","ast-banner-title-visibility":"","ast-main-header-display":"","ast-hfb-above-header-display":"","ast-hfb-below-header-display":"","ast-hfb-mobile-header-display":"","site-post-title":"","ast-breadcrumbs-content":"","ast-featured-img":"","footer-sml-layout":"","theme-transparent-header-meta":"","adv-header-id-meta":"","stick-header-meta":"","header-above-stick-meta":"","header-main-stick-meta":"","header-below-stick-meta":"","astra-migrate-meta-layouts":"set","ast-page-background-enabled":"default","ast-page-background-meta":{"desktop":{"background-color":"var(--ast-global-color-4)","background-image":"","background-repeat":"repeat","background-position":"center center","background-size":"auto","background-attachment":"scroll","background-type":"","background-media":"","overlay-type":"","overlay-color":"","overlay-opacity":"","overlay-gradient":""},"tablet":{"background-color":"","background-image":"","background-repeat":"repeat","background-position":"center center","background-size":"auto","background-attachment":"scroll","background-type":"","background-media":"","overlay-type":"","overlay-color":"","overlay-opacity":"","overlay-gradient":""},"mobile":{"background-color":"","background-image":"","background-repeat":"repeat","background-position":"center center","background-size":"auto","background-attachment":"scroll","background-type":"","background-media":"","overlay-type":"","overlay-color":"","overlay-opacity":"","overlay-gradient":""}},"ast-content-background-meta":{"desktop":{"background-color":"var(--ast-global-color-5)","background-image":"","background-repeat":"repeat","background-position":"center center","background-size":"auto","background-attachment":"scroll","background-type":"","background-media":"","overlay-type":"","overlay-color":"","overlay-opacity":"","overlay-gradient":""},"tablet":{"background-color":"var(--ast-global-color-5)","background-image":"","background-repeat":"repeat","background-position":"center center","background-size":"auto","background-attachment":"scroll","background-type":"","background-media":"","overlay-type":"","overlay-color":"","overlay-opacity":"","overlay-gradient":""},"mobile":{"background-color":"var(--ast-global-color-5)","background-image":"","background-repeat":"repeat","background-position":"center center","background-size":"auto","background-attachment":"scroll","background-type":"","background-media":"","overlay-type":"","overlay-color":"","overlay-opacity":"","overlay-gradient":""}},"footnotes":""},"class_list":["post-8127","page","type-page","status-publish","hentry"],"post_mailing_queue_ids":[],"_links":{"self":[{"href":"https:\/\/serveiseducatius.xtec.cat\/montsia\/wp-json\/wp\/v2\/pages\/8127","targetHints":{"allow":["GET"]}}],"collection":[{"href":"https:\/\/serveiseducatius.xtec.cat\/montsia\/wp-json\/wp\/v2\/pages"}],"about":[{"href":"https:\/\/serveiseducatius.xtec.cat\/montsia\/wp-json\/wp\/v2\/types\/page"}],"author":[{"embeddable":true,"href":"https:\/\/serveiseducatius.xtec.cat\/montsia\/wp-json\/wp\/v2\/users\/1"}],"replies":[{"embeddable":true,"href":"https:\/\/serveiseducatius.xtec.cat\/montsia\/wp-json\/wp\/v2\/comments?post=8127"}],"version-history":[{"count":4,"href":"https:\/\/serveiseducatius.xtec.cat\/montsia\/wp-json\/wp\/v2\/pages\/8127\/revisions"}],"predecessor-version":[{"id":15585,"href":"https:\/\/serveiseducatius.xtec.cat\/montsia\/wp-json\/wp\/v2\/pages\/8127\/revisions\/15585"}],"up":[{"embeddable":true,"href":"https:\/\/serveiseducatius.xtec.cat\/montsia\/wp-json\/wp\/v2\/pages\/797"}],"wp:attachment":[{"href":"https:\/\/serveiseducatius.xtec.cat\/montsia\/wp-json\/wp\/v2\/media?parent=8127"}],"curies":[{"name":"wp","href":"https:\/\/api.w.org\/{rel}","templated":true}]}}