{"id":318,"date":"2015-11-24T18:18:24","date_gmt":"2015-11-24T17:18:24","guid":{"rendered":"http:\/\/serveiseducatius.xtec.cat\/montsia\/?page_id=318"},"modified":"2025-01-08T14:53:56","modified_gmt":"2025-01-08T13:53:56","slug":"on-som","status":"publish","type":"page","link":"https:\/\/serveiseducatius.xtec.cat\/montsia\/elserveieducatiu\/on-som\/","title":{"rendered":"On som"},"content":{"rendered":"<p><strong>Servei Educatiu del Montsi\u00e0<\/strong><br \/>\nMas de Barberans, 31 43870 Amposta<\/p>\n<hr \/>\n<p><strong>CRP:<\/strong> 977 70 44 20 (extensi\u00f3 1) \u00a0 |\u00a0\u00a0 crp-montsia@xtec.cat@xtec.cat<\/p>\n<p><strong>EAP:<\/strong> 977 70 44 20 (extensi\u00f3 2) \u00a0 |\u00a0\u00a0 eap-montsia<span class=\"\">@xtec.ca<\/span>t<span class=\"\"><span class=\"\">@<\/span>xtec.cat<\/span><\/p>\n<p><strong>ELIC:<\/strong> 977 70 44 20 (extensi\u00f3 3) \u00a0 |<\/p>\n<p><strong>SE Montsi\u00e0:<\/strong> \u00a0\u00a0\u00a0\u00a0 977 70 44 20 \u00a0 \u00a0 \u00a0 |\u00a0\u00a0 se-montsia@xtec.cat<\/p>\n<hr \/>\n<p><strong>Enlla\u00e7 a la ubicaci\u00f3:<\/strong> <a href=\"https:\/\/goo.gl\/maps\/VSrJboaWfLvoAc9v8\" target=\"_blank\" rel=\"noopener noreferrer\">https:\/\/goo.gl\/maps\/VSrJboaWfLvoAc9v8<\/a><\/p>\n<p><strong>Coordenades GD:<\/strong> 40.7018071,\u00a0 0.5826107<\/p>\n<p><strong>Coordenades GMS:<\/strong> 40\u00b0 42&#8242; 6.506&#8243; N\u00a0 &#8211; \u00a0 0\u00b0 34&#8242; 57.399&#8243; E<\/p>\n<p><iframe loading=\"lazy\" src=\"https:\/\/www.google.com\/maps\/d\/embed?mid=zzS_cr3yR7lU.kcqNvI_CE0kI&amp;hl=ca\" width=\"640\" height=\"480\"><\/iframe><\/p>\n<p><strong>Com arribar-hi segons el mitj\u00e0 de transport:<br \/>\n<\/strong><\/p>\n<ul>\n<li><strong>En cas de venir amb cotxe (vegeu el mapa anterior):<\/strong>\n<ul>\n<li><span style=\"color: #0000ff;\">Venint des de Val\u00e8ncia (AP-7 en direcci\u00f3 nord)<br \/>\n<\/span><\/li>\n<li><span style=\"color: #008000;\">Venint desde Barcelona (AP-7 en direcci\u00f3 sud)<\/span><\/li>\n<li><span style=\"color: #ff0000;\">Des de la sortida de l&#8217;autopista fins a la seu del Servei Educatiu Montsi\u00e0<br \/>\n<\/span><\/li>\n<\/ul>\n<\/li>\n<li><strong>En cas de venir amb bus:<\/strong> l&#8217;operador d&#8217;autobosus de la xarxa de transort p\u00fablic a Terres de l&#8217;Ebre \u00e9s la companyia HIFE. Disposa de serveis de transport directe i semidirecte des de Barcelona, Tarragona, Saragossa, Val\u00e8ncia, Castell\u00f3, &#8230; fins a Amposta. Consultar horaris i tarifes al <a href=\"https:\/\/www.hife.es\/ca-ES\" target=\"_blank\" rel=\"noopener noreferrer\">web de la companyia HIFE.<\/a><\/li>\n<li><strong>En cas de venir amb tren:<\/strong> cal baixar a l&#8217;estaci\u00f3 de l&#8217;Aldea-Amposta-Tortosa (veure horaris de trens a <a href=\"http:\/\/www.renfe.com\" target=\"_blank\" rel=\"noopener noreferrer\">RENFE<\/a>). Una vegada all\u00ed, hi ha previst transport p\u00fablic amb la companyia HIFE fins a Amposta. Consultar horaris i tarifes al <a href=\"https:\/\/www.hife.es\/ca-ES\" target=\"_blank\" rel=\"noopener noreferrer\">web de la companyia HIFE.<\/a><\/li>\n<\/ul>\n","protected":false},"excerpt":{"rendered":"<p>Servei Educatiu del Montsi\u00e0 Mas de Barberans, 31 43870 Amposta CRP: 977 70 44 20 (extensi\u00f3 1) \u00a0 |\u00a0\u00a0 crp-montsia@xtec.cat@xtec.cat [&hellip;]<\/p>\n","protected":false},"author":1,"featured_media":0,"parent":797,"menu_order":10,"comment_status":"closed","ping_status":"closed","template":"","meta":{"_bbp_topic_count":0,"_bbp_reply_count":0,"_bbp_total_topic_count":0,"_bbp_total_reply_count":0,"_bbp_voice_count":0,"_bbp_anonymous_reply_count":0,"_bbp_topic_count_hidden":0,"_bbp_reply_count_hidden":0,"_bbp_forum_subforum_count":0,"site-sidebar-layout":"default","site-content-layout":"","ast-site-content-layout":"default","site-content-style":"default","site-sidebar-style":"default","ast-global-header-display":"","ast-banner-title-visibility":"","ast-main-header-display":"","ast-hfb-above-header-display":"","ast-hfb-below-header-display":"","ast-hfb-mobile-header-display":"","site-post-title":"","ast-breadcrumbs-content":"","ast-featured-img":"","footer-sml-layout":"","theme-transparent-header-meta":"","adv-header-id-meta":"","stick-header-meta":"","header-above-stick-meta":"","header-main-stick-meta":"","header-below-stick-meta":"","astra-migrate-meta-layouts":"set","ast-page-background-enabled":"default","ast-page-background-meta":{"desktop":{"background-color":"var(--ast-global-color-4)","background-image":"","background-repeat":"repeat","background-position":"center center","background-size":"auto","background-attachment":"scroll","background-type":"","background-media":"","overlay-type":"","overlay-color":"","overlay-opacity":"","overlay-gradient":""},"tablet":{"background-color":"","background-image":"","background-repeat":"repeat","background-position":"center center","background-size":"auto","background-attachment":"scroll","background-type":"","background-media":"","overlay-type":"","overlay-color":"","overlay-opacity":"","overlay-gradient":""},"mobile":{"background-color":"","background-image":"","background-repeat":"repeat","background-position":"center center","background-size":"auto","background-attachment":"scroll","background-type":"","background-media":"","overlay-type":"","overlay-color":"","overlay-opacity":"","overlay-gradient":""}},"ast-content-background-meta":{"desktop":{"background-color":"var(--ast-global-color-5)","background-image":"","background-repeat":"repeat","background-position":"center center","background-size":"auto","background-attachment":"scroll","background-type":"","background-media":"","overlay-type":"","overlay-color":"","overlay-opacity":"","overlay-gradient":""},"tablet":{"background-color":"var(--ast-global-color-5)","background-image":"","background-repeat":"repeat","background-position":"center center","background-size":"auto","background-attachment":"scroll","background-type":"","background-media":"","overlay-type":"","overlay-color":"","overlay-opacity":"","overlay-gradient":""},"mobile":{"background-color":"var(--ast-global-color-5)","background-image":"","background-repeat":"repeat","background-position":"center center","background-size":"auto","background-attachment":"scroll","background-type":"","background-media":"","overlay-type":"","overlay-color":"","overlay-opacity":"","overlay-gradient":""}},"footnotes":""},"class_list":["post-318","page","type-page","status-publish","hentry"],"post_mailing_queue_ids":[],"_links":{"self":[{"href":"https:\/\/serveiseducatius.xtec.cat\/montsia\/wp-json\/wp\/v2\/pages\/318","targetHints":{"allow":["GET"]}}],"collection":[{"href":"https:\/\/serveiseducatius.xtec.cat\/montsia\/wp-json\/wp\/v2\/pages"}],"about":[{"href":"https:\/\/serveiseducatius.xtec.cat\/montsia\/wp-json\/wp\/v2\/types\/page"}],"author":[{"embeddable":true,"href":"https:\/\/serveiseducatius.xtec.cat\/montsia\/wp-json\/wp\/v2\/users\/1"}],"replies":[{"embeddable":true,"href":"https:\/\/serveiseducatius.xtec.cat\/montsia\/wp-json\/wp\/v2\/comments?post=318"}],"version-history":[{"count":4,"href":"https:\/\/serveiseducatius.xtec.cat\/montsia\/wp-json\/wp\/v2\/pages\/318\/revisions"}],"predecessor-version":[{"id":15593,"href":"https:\/\/serveiseducatius.xtec.cat\/montsia\/wp-json\/wp\/v2\/pages\/318\/revisions\/15593"}],"up":[{"embeddable":true,"href":"https:\/\/serveiseducatius.xtec.cat\/montsia\/wp-json\/wp\/v2\/pages\/797"}],"wp:attachment":[{"href":"https:\/\/serveiseducatius.xtec.cat\/montsia\/wp-json\/wp\/v2\/media?parent=318"}],"curies":[{"name":"wp","href":"https:\/\/api.w.org\/{rel}","templated":true}]}}