{"id":16990,"date":"2026-01-23T13:39:52","date_gmt":"2026-01-23T12:39:52","guid":{"rendered":"https:\/\/serveiseducatius.xtec.cat\/montsia\/?page_id=16990"},"modified":"2026-01-30T14:07:36","modified_gmt":"2026-01-30T13:07:36","slug":"xarxa-descoles-dels-parcs-naturals","status":"publish","type":"page","link":"https:\/\/serveiseducatius.xtec.cat\/montsia\/xarxes\/xarxa-descoles-dels-parcs-naturals\/","title":{"rendered":"Xarxa d&#8217;Escoles dels Parcs Naturals"},"content":{"rendered":"\n        <div class=\"wp-block-getwid-post-carousel custom-post-type-post has-slides-gap-small is-carousel has-arrows-inside has-dots-outside\">\n            <div data-slider-option=\"{&quot;sliderSlidesToShowDesktop&quot;:&quot;2&quot;,&quot;getwid_slidesToShowLaptop&quot;:&quot;1&quot;,&quot;getwid_slidesToShowTablet&quot;:&quot;1&quot;,&quot;getwid_slidesToShowMobile&quot;:&quot;1&quot;,&quot;getwid_autoplay_speed&quot;:6000,&quot;getwid_animation_speed&quot;:800,&quot;getwid_slidesToScroll&quot;:&quot;1&quot;,&quot;getwid_autoplay&quot;:false,&quot;getwid_pause_on_hover&quot;:false,&quot;getwid_infinite&quot;:true,&quot;getwid_center_mode&quot;:false,&quot;getwid_arrows&quot;:&quot;inside&quot;,&quot;getwid_dots&quot;:&quot;outside&quot;}\" class=\"wp-block-getwid-post-carousel__wrapper\">\n                \t\t\t\t\t\t\t<div class=\"wp-block-getwid-post-carousel__slide\">\n\t\t\t\t\t\t\t\t\n<div class=\"wp-block-getwid-post-carousel__post\">\n            <div class=\"wp-block-getwid-post-carousel__post-thumbnail\">\n            <a href=\"https:\/\/serveiseducatius.xtec.cat\/montsia\/general\/reunio-coordinacio-amb-els-ports-naturals\/\"><img loading=\"lazy\" decoding=\"async\" width=\"1585\" height=\"865\" src=\"https:\/\/serveiseducatius.xtec.cat\/montsia\/wp-content\/uploads\/usu1125\/2026\/01\/Captura-de-pantalla-2026-01-27-091115-1.png\" class=\"attachment-post-thumbnail size-post-thumbnail wp-post-image\" alt=\"\" srcset=\"https:\/\/serveiseducatius.xtec.cat\/montsia\/wp-content\/uploads\/usu1125\/2026\/01\/Captura-de-pantalla-2026-01-27-091115-1.png 1585w, https:\/\/serveiseducatius.xtec.cat\/montsia\/wp-content\/uploads\/usu1125\/2026\/01\/Captura-de-pantalla-2026-01-27-091115-1-300x164.png 300w, https:\/\/serveiseducatius.xtec.cat\/montsia\/wp-content\/uploads\/usu1125\/2026\/01\/Captura-de-pantalla-2026-01-27-091115-1-1024x559.png 1024w, https:\/\/serveiseducatius.xtec.cat\/montsia\/wp-content\/uploads\/usu1125\/2026\/01\/Captura-de-pantalla-2026-01-27-091115-1-768x419.png 768w, https:\/\/serveiseducatius.xtec.cat\/montsia\/wp-content\/uploads\/usu1125\/2026\/01\/Captura-de-pantalla-2026-01-27-091115-1-1536x838.png 1536w\" sizes=\"auto, (max-width: 1585px) 100vw, 1585px\" \/><\/a>\n        <\/div>\n        <div class=\"wp-block-getwid-post-carousel__post-content-wrapper\">\n        <div class=\"wp-block-getwid-post-carousel__post-header\">\n            <h3 class=\"wp-block-getwid-post-carousel__post-title\"><a href=\"https:\/\/serveiseducatius.xtec.cat\/montsia\/general\/reunio-coordinacio-amb-els-ports-naturals\/\">Reuni\u00f3 coordinaci\u00f3 amb els Ports Naturals<\/a><\/h3>        <\/div>\n        <div class=\"wp-block-getwid-post-carousel__post-excerpt\"><p>El CRP del Montsi\u00e0 ha mantingut una primera reuni\u00f3 amb l&#8217;educadora ambiental vinculada al Parc Natural dels Ports, Natalia Jim\u00e9nez, [&hellip;]<\/p>\n<\/div>\n    <\/div>\n<\/div>\n\n\t\t\t\t\t\t\t<\/div>\n\t\t\t\t\t\t            <\/div>\n        <\/div>\n        \n\n\n<div class=\"wp-block-columns is-layout-flex wp-container-core-columns-is-layout-1 wp-block-columns-is-layout-flex\">\n<div class=\"wp-block-column is-layout-flow wp-block-column-is-layout-flow\">\n<figure class=\"wp-block-image size-full is-resized\"><a href=\"https:\/\/parcsnaturals.gencat.cat\/ca\/xarxa-de-parcs\/ports\/inici\/index.html\"><img loading=\"lazy\" decoding=\"async\" width=\"472\" height=\"107\" src=\"https:\/\/serveiseducatius.xtec.cat\/montsia\/wp-content\/uploads\/usu1125\/2026\/01\/parc-natural-ports.png\" alt=\"\" class=\"wp-image-17001\" style=\"width:375px;height:auto\" srcset=\"https:\/\/serveiseducatius.xtec.cat\/montsia\/wp-content\/uploads\/usu1125\/2026\/01\/parc-natural-ports.png 472w, https:\/\/serveiseducatius.xtec.cat\/montsia\/wp-content\/uploads\/usu1125\/2026\/01\/parc-natural-ports-300x68.png 300w\" sizes=\"auto, (max-width: 472px) 100vw, 472px\" \/><\/a><\/figure>\n<\/div>\n\n\n\n<div class=\"wp-block-column is-layout-flow wp-block-column-is-layout-flow\">\n<figure class=\"wp-block-image size-full is-resized\"><a href=\"https:\/\/parcsnaturals.gencat.cat\/ca\/xarxa-de-parcs\/delta-ebre\/inici\/index.html\"><img loading=\"lazy\" decoding=\"async\" width=\"475\" height=\"95\" src=\"https:\/\/serveiseducatius.xtec.cat\/montsia\/wp-content\/uploads\/usu1125\/2026\/01\/parc-natural-delta-ebre.png\" alt=\"\" class=\"wp-image-17002\" style=\"width:465px;height:auto\" srcset=\"https:\/\/serveiseducatius.xtec.cat\/montsia\/wp-content\/uploads\/usu1125\/2026\/01\/parc-natural-delta-ebre.png 475w, https:\/\/serveiseducatius.xtec.cat\/montsia\/wp-content\/uploads\/usu1125\/2026\/01\/parc-natural-delta-ebre-300x60.png 300w\" sizes=\"auto, (max-width: 475px) 100vw, 475px\" \/><\/a><\/figure>\n<\/div>\n<\/div>\n\n\n\n<figure class=\"wp-block-image size-large\"><a href=\"https:\/\/serveiseducatius.xtec.cat\/montsia\/wp-content\/uploads\/usu1125\/2026\/01\/els-ports.png\"><img loading=\"lazy\" decoding=\"async\" width=\"1024\" height=\"220\" src=\"https:\/\/serveiseducatius.xtec.cat\/montsia\/wp-content\/uploads\/usu1125\/2026\/01\/els-ports-1024x220.png\" alt=\"\" class=\"wp-image-16999\" srcset=\"https:\/\/serveiseducatius.xtec.cat\/montsia\/wp-content\/uploads\/usu1125\/2026\/01\/els-ports-1024x220.png 1024w, https:\/\/serveiseducatius.xtec.cat\/montsia\/wp-content\/uploads\/usu1125\/2026\/01\/els-ports-300x64.png 300w, https:\/\/serveiseducatius.xtec.cat\/montsia\/wp-content\/uploads\/usu1125\/2026\/01\/els-ports-768x165.png 768w, https:\/\/serveiseducatius.xtec.cat\/montsia\/wp-content\/uploads\/usu1125\/2026\/01\/els-ports-1536x330.png 1536w, https:\/\/serveiseducatius.xtec.cat\/montsia\/wp-content\/uploads\/usu1125\/2026\/01\/els-ports.png 1841w\" sizes=\"auto, (max-width: 1024px) 100vw, 1024px\" \/><\/a><\/figure>\n\n\n<ul class=\"has-dates has-authors has-excerpts wp-block-rss\"><li class='wp-block-rss__item'><div class='wp-block-rss__item-title'><a href='https:\/\/parcsnaturals.gencat.cat\/ca\/detalls\/Noticia\/260407-CETS'>Turisme responsable que suma natura i territori<\/a><\/div><time datetime=\"2026-04-07T07:40:45+02:00\" class=\"wp-block-rss__item-publish-date\">07\/04\/2026<\/time> <div class=\"wp-block-rss__item-excerpt\">La Carta Europea de Turisme Sostenible connecta espais naturals i empreses compromeses amb un turisme responsable, respectu\u00f3s amb l\u2019entorn i arrelat al territori.<\/div><\/li><li class='wp-block-rss__item'><div class='wp-block-rss__item-title'><a href='https:\/\/parcsnaturals.gencat.cat\/ca\/detalls\/Noticia\/2026N01-Cingles14'>Disponible el Cingles n\u00famero 14 del Parc Natural dels Ports<\/a><\/div><time datetime=\"2026-03-28T18:31:00+01:00\" class=\"wp-block-rss__item-publish-date\">28\/03\/2026<\/time> <div class=\"wp-block-rss__item-excerpt\">Editorial, projecte LIFE RedBosques_Clima, geologia, malacologia, pol\u00b7linitzadors i altres novetats. El n\u00famero 14 del butllet\u00ed informatiu del Parc Natural dels Ports ja es pot consultar en l\u00ednia i aviat arribar\u00e0 als punts de distribuci\u00f3 habituals.<\/div><\/li><li class='wp-block-rss__item'><div class='wp-block-rss__item-title'><a href='https:\/\/interior.gencat.cat\/ca\/arees_dactuacio\/proteccio_civil\/consells_autoproteccio_emergencia\/riscos_naturals\/ventades\/'>Alerta VENTCAT: aquest dijous Catalunya afronta un episodi de vent excepcional<\/a><\/div><time datetime=\"2026-02-12T06:00:00+01:00\" class=\"wp-block-rss__item-publish-date\">12\/02\/2026<\/time> <div class=\"wp-block-rss__item-excerpt\"><\/div><\/li><li class='wp-block-rss__item'><div class='wp-block-rss__item-title'><a href='https:\/\/parcsnaturals.gencat.cat\/ca\/detalls\/Noticia\/2025N14-Alliberament-voltor-negre-al-pnports'>El Parc Natural dels Ports allibera els primers exemplars de voltor negre<\/a><\/div><time datetime=\"2025-12-29T07:30:00+01:00\" class=\"wp-block-rss__item-publish-date\">29\/12\/2025<\/time> <div class=\"wp-block-rss__item-excerpt\">La seva reintroducci\u00f3 als Ports permetr\u00e0 crear un corredor biol\u00f2gic entre les col\u00f2nies ib\u00e8riques i les de la resta d\u2019Europa i \u00c0sia. A banda dels vuit exemplars alliberats, cinc nous exemplars s\u2019han instal\u00b7lat a la g\u00e0bia d\u2019aclimataci\u00f3 i seran alliberats m\u00e9s endavant.\u00a0A trav\u00e9s del projecte de reintroducci\u00f3 es preveu alliberar al Parc Natural dels Ports [&hellip;]<\/div><\/li><li class='wp-block-rss__item'><div class='wp-block-rss__item-title'><a href='https:\/\/parcsnaturals.gencat.cat\/ca\/detalls\/Noticia\/251218-memos-repositori'>Disponibles les dades dels Parcs en Xarxa de la Generalitat de Catalunya des de 2023<\/a><\/div><time datetime=\"2025-12-18T13:40:09+01:00\" class=\"wp-block-rss__item-publish-date\">18\/12\/2025<\/time> <div class=\"wp-block-rss__item-excerpt\">Ja podeu consultar al repositori de medi ambient el recull de les dades, actuacions i activitats m\u00e9s destacades dels Parcs en Xarxa de la Generalitat de Catalunya des de 2023. Trobareu dades sobre pressupost, visitants, actuacions de la brigada i les activitats que organitzen.<\/div><\/li><\/ul>\n\n\n<figure class=\"wp-block-image size-large\"><a href=\"https:\/\/serveiseducatius.xtec.cat\/montsia\/wp-content\/uploads\/usu1125\/2026\/01\/delta-ebre-2.png\"><img loading=\"lazy\" decoding=\"async\" width=\"1024\" height=\"220\" src=\"https:\/\/serveiseducatius.xtec.cat\/montsia\/wp-content\/uploads\/usu1125\/2026\/01\/delta-ebre-2-1024x220.png\" alt=\"\" class=\"wp-image-17000\" srcset=\"https:\/\/serveiseducatius.xtec.cat\/montsia\/wp-content\/uploads\/usu1125\/2026\/01\/delta-ebre-2-1024x220.png 1024w, https:\/\/serveiseducatius.xtec.cat\/montsia\/wp-content\/uploads\/usu1125\/2026\/01\/delta-ebre-2-300x65.png 300w, https:\/\/serveiseducatius.xtec.cat\/montsia\/wp-content\/uploads\/usu1125\/2026\/01\/delta-ebre-2-768x165.png 768w, https:\/\/serveiseducatius.xtec.cat\/montsia\/wp-content\/uploads\/usu1125\/2026\/01\/delta-ebre-2-1536x331.png 1536w, https:\/\/serveiseducatius.xtec.cat\/montsia\/wp-content\/uploads\/usu1125\/2026\/01\/delta-ebre-2.png 1840w\" sizes=\"auto, (max-width: 1024px) 100vw, 1024px\" \/><\/a><\/figure>\n\n\n<ul class=\"has-dates has-authors has-excerpts wp-block-rss\"><li class='wp-block-rss__item'><div class='wp-block-rss__item-title'><a href='https:\/\/parcsnaturals.gencat.cat\/ca\/detalls\/Noticia\/260407-CETS'>Turisme responsable que suma natura i territori<\/a><\/div><time datetime=\"2026-04-07T07:40:45+02:00\" class=\"wp-block-rss__item-publish-date\">07\/04\/2026<\/time> <div class=\"wp-block-rss__item-excerpt\">La Carta Europea de Turisme Sostenible connecta espais naturals i empreses compromeses amb un turisme responsable, respectu\u00f3s amb l\u2019entorn i arrelat al territori.<\/div><\/li><li class='wp-block-rss__item'><div class='wp-block-rss__item-title'><a href='https:\/\/interior.gencat.cat\/ca\/arees_dactuacio\/proteccio_civil\/consells_autoproteccio_emergencia\/riscos_naturals\/ventades\/'>Alerta VENTCAT: aquest dijous Catalunya afronta un episodi de vent excepcional<\/a><\/div><time datetime=\"2026-02-12T06:00:00+01:00\" class=\"wp-block-rss__item-publish-date\">12\/02\/2026<\/time> <div class=\"wp-block-rss__item-excerpt\"><\/div><\/li><li class='wp-block-rss__item'><div class='wp-block-rss__item-title'><a href='https:\/\/parcsnaturals.gencat.cat\/ca\/detalls\/Noticia\/251218-memos-repositori'>Disponibles les dades dels Parcs en Xarxa de la Generalitat de Catalunya des de 2023<\/a><\/div><time datetime=\"2025-12-18T13:40:09+01:00\" class=\"wp-block-rss__item-publish-date\">18\/12\/2025<\/time> <div class=\"wp-block-rss__item-excerpt\">Ja podeu consultar al repositori de medi ambient el recull de les dades, actuacions i activitats m\u00e9s destacades dels Parcs en Xarxa de la Generalitat de Catalunya des de 2023. Trobareu dades sobre pressupost, visitants, actuacions de la brigada i les activitats que organitzen.<\/div><\/li><li class='wp-block-rss__item'><div class='wp-block-rss__item-title'><a href='https:\/\/mediambient.gencat.cat\/ca\/detalls\/Noticies\/202501101-taules-voluntariat-novembre-pirineu-oriental-i-terres-ebre'>Disponibles les activitats de novembre que organitza les Taules de Voluntariat Ambiental de les Terres de l&#039;Ebre, l&#039;Empord\u00e0 i el Pirineu Oriental<\/a><\/div><time datetime=\"2025-11-06T07:00:00+01:00\" class=\"wp-block-rss__item-publish-date\">06\/11\/2025<\/time> <div class=\"wp-block-rss__item-excerpt\"><\/div><\/li><li class='wp-block-rss__item'><div class='wp-block-rss__item-title'><a href='https:\/\/mediambient.gencat.cat\/ca\/detalls\/Noticies\/20251113-jornada-parcs-i-museus-00001'>VIII Jornada Parcs Naturals i Museus: mem\u00f2ria oral i patrimoni als espais naturals protegits<\/a><\/div><time datetime=\"2025-10-24T10:00:00+02:00\" class=\"wp-block-rss__item-publish-date\">24\/10\/2025<\/time> <div class=\"wp-block-rss__item-excerpt\"><\/div><\/li><\/ul>\n\n\n<p><\/p>\n","protected":false},"excerpt":{"rendered":"","protected":false},"author":1,"featured_media":0,"parent":16753,"menu_order":0,"comment_status":"closed","ping_status":"close","template":"","meta":{"_bbp_topic_count":0,"_bbp_reply_count":0,"_bbp_total_topic_count":0,"_bbp_total_reply_count":0,"_bbp_voice_count":0,"_bbp_anonymous_reply_count":0,"_bbp_topic_count_hidden":0,"_bbp_reply_count_hidden":0,"_bbp_forum_subforum_count":0,"site-sidebar-layout":"default","site-content-layout":"","ast-site-content-layout":"default","site-content-style":"default","site-sidebar-style":"default","ast-global-header-display":"","ast-banner-title-visibility":"","ast-main-header-display":"","ast-hfb-above-header-display":"","ast-hfb-below-header-display":"","ast-hfb-mobile-header-display":"","site-post-title":"","ast-breadcrumbs-content":"","ast-featured-img":"","footer-sml-layout":"","theme-transparent-header-meta":"","adv-header-id-meta":"","stick-header-meta":"","header-above-stick-meta":"","header-main-stick-meta":"","header-below-stick-meta":"","astra-migrate-meta-layouts":"set","ast-page-background-enabled":"default","ast-page-background-meta":{"desktop":{"background-color":"var(--ast-global-color-4)","background-image":"","background-repeat":"repeat","background-position":"center center","background-size":"auto","background-attachment":"scroll","background-type":"","background-media":"","overlay-type":"","overlay-color":"","overlay-opacity":"","overlay-gradient":""},"tablet":{"background-color":"","background-image":"","background-repeat":"repeat","background-position":"center center","background-size":"auto","background-attachment":"scroll","background-type":"","background-media":"","overlay-type":"","overlay-color":"","overlay-opacity":"","overlay-gradient":""},"mobile":{"background-color":"","background-image":"","background-repeat":"repeat","background-position":"center center","background-size":"auto","background-attachment":"scroll","background-type":"","background-media":"","overlay-type":"","overlay-color":"","overlay-opacity":"","overlay-gradient":""}},"ast-content-background-meta":{"desktop":{"background-color":"var(--ast-global-color-5)","background-image":"","background-repeat":"repeat","background-position":"center center","background-size":"auto","background-attachment":"scroll","background-type":"","background-media":"","overlay-type":"","overlay-color":"","overlay-opacity":"","overlay-gradient":""},"tablet":{"background-color":"var(--ast-global-color-5)","background-image":"","background-repeat":"repeat","background-position":"center center","background-size":"auto","background-attachment":"scroll","background-type":"","background-media":"","overlay-type":"","overlay-color":"","overlay-opacity":"","overlay-gradient":""},"mobile":{"background-color":"var(--ast-global-color-5)","background-image":"","background-repeat":"repeat","background-position":"center center","background-size":"auto","background-attachment":"scroll","background-type":"","background-media":"","overlay-type":"","overlay-color":"","overlay-opacity":"","overlay-gradient":""}},"footnotes":""},"class_list":["post-16990","page","type-page","status-publish","hentry"],"post_mailing_queue_ids":[],"_links":{"self":[{"href":"https:\/\/serveiseducatius.xtec.cat\/montsia\/wp-json\/wp\/v2\/pages\/16990","targetHints":{"allow":["GET"]}}],"collection":[{"href":"https:\/\/serveiseducatius.xtec.cat\/montsia\/wp-json\/wp\/v2\/pages"}],"about":[{"href":"https:\/\/serveiseducatius.xtec.cat\/montsia\/wp-json\/wp\/v2\/types\/page"}],"author":[{"embeddable":true,"href":"https:\/\/serveiseducatius.xtec.cat\/montsia\/wp-json\/wp\/v2\/users\/1"}],"replies":[{"embeddable":true,"href":"https:\/\/serveiseducatius.xtec.cat\/montsia\/wp-json\/wp\/v2\/comments?post=16990"}],"version-history":[{"count":5,"href":"https:\/\/serveiseducatius.xtec.cat\/montsia\/wp-json\/wp\/v2\/pages\/16990\/revisions"}],"predecessor-version":[{"id":17039,"href":"https:\/\/serveiseducatius.xtec.cat\/montsia\/wp-json\/wp\/v2\/pages\/16990\/revisions\/17039"}],"up":[{"embeddable":true,"href":"https:\/\/serveiseducatius.xtec.cat\/montsia\/wp-json\/wp\/v2\/pages\/16753"}],"wp:attachment":[{"href":"https:\/\/serveiseducatius.xtec.cat\/montsia\/wp-json\/wp\/v2\/media?parent=16990"}],"curies":[{"name":"wp","href":"https:\/\/api.w.org\/{rel}","templated":true}]}}