{"id":16790,"date":"2025-11-22T11:32:36","date_gmt":"2025-11-22T10:32:36","guid":{"rendered":"https:\/\/serveiseducatius.xtec.cat\/montsia\/?page_id=16790"},"modified":"2025-11-25T17:33:42","modified_gmt":"2025-11-25T16:33:42","slug":"xarxes-digitals-i-steam","status":"publish","type":"page","link":"https:\/\/serveiseducatius.xtec.cat\/montsia\/xarxes\/xarxes-digitals-i-steam\/","title":{"rendered":"Xarxes Digitals i STEAM"},"content":{"rendered":"\n        <div class=\"wp-block-getwid-post-carousel custom-post-type-post has-slides-gap-small is-carousel has-arrows-inside has-dots-outside\">\n            <div data-slider-option=\"{&quot;sliderSlidesToShowDesktop&quot;:&quot;2&quot;,&quot;getwid_slidesToShowLaptop&quot;:&quot;1&quot;,&quot;getwid_slidesToShowTablet&quot;:&quot;1&quot;,&quot;getwid_slidesToShowMobile&quot;:&quot;1&quot;,&quot;getwid_autoplay_speed&quot;:3000,&quot;getwid_animation_speed&quot;:800,&quot;getwid_slidesToScroll&quot;:&quot;1&quot;,&quot;getwid_autoplay&quot;:true,&quot;getwid_pause_on_hover&quot;:false,&quot;getwid_infinite&quot;:true,&quot;getwid_center_mode&quot;:false,&quot;getwid_arrows&quot;:&quot;inside&quot;,&quot;getwid_dots&quot;:&quot;outside&quot;}\" class=\"wp-block-getwid-post-carousel__wrapper\">\n                \t\t\t\t\t\t\t<div class=\"wp-block-getwid-post-carousel__slide\">\n\t\t\t\t\t\t\t\t\n<div class=\"wp-block-getwid-post-carousel__post\">\n            <div class=\"wp-block-getwid-post-carousel__post-thumbnail\">\n            <a href=\"https:\/\/serveiseducatius.xtec.cat\/montsia\/general\/cientifiques-8a-edicio\/\"><img loading=\"lazy\" decoding=\"async\" width=\"1620\" height=\"571\" src=\"https:\/\/serveiseducatius.xtec.cat\/montsia\/wp-content\/uploads\/usu1125\/2025\/12\/cientifiques-2026.png\" class=\"attachment-post-thumbnail size-post-thumbnail wp-post-image\" alt=\"\" srcset=\"https:\/\/serveiseducatius.xtec.cat\/montsia\/wp-content\/uploads\/usu1125\/2025\/12\/cientifiques-2026.png 1620w, https:\/\/serveiseducatius.xtec.cat\/montsia\/wp-content\/uploads\/usu1125\/2025\/12\/cientifiques-2026-300x106.png 300w, https:\/\/serveiseducatius.xtec.cat\/montsia\/wp-content\/uploads\/usu1125\/2025\/12\/cientifiques-2026-1024x361.png 1024w, https:\/\/serveiseducatius.xtec.cat\/montsia\/wp-content\/uploads\/usu1125\/2025\/12\/cientifiques-2026-768x271.png 768w, https:\/\/serveiseducatius.xtec.cat\/montsia\/wp-content\/uploads\/usu1125\/2025\/12\/cientifiques-2026-1536x541.png 1536w\" sizes=\"auto, (max-width: 1620px) 100vw, 1620px\" \/><\/a>\n        <\/div>\n        <div class=\"wp-block-getwid-post-carousel__post-content-wrapper\">\n        <div class=\"wp-block-getwid-post-carousel__post-header\">\n            <h3 class=\"wp-block-getwid-post-carousel__post-title\"><a href=\"https:\/\/serveiseducatius.xtec.cat\/montsia\/general\/cientifiques-8a-edicio\/\">#cient\u00edfiques (8a edici\u00f3)<\/a><\/h3>        <\/div>\n        <div class=\"wp-block-getwid-post-carousel__post-excerpt\"><p>En el marc del 11 de febrer de 2025, Dia de la Dona i la Nena en la Ci\u00e8ncia, hem [&hellip;]<\/p>\n<\/div>\n    <\/div>\n<\/div>\n\n\t\t\t\t\t\t\t<\/div>\n\t\t\t\t\t\t\t\t\t\t\t\t\t<div class=\"wp-block-getwid-post-carousel__slide\">\n\t\t\t\t\t\t\t\t\n<div class=\"wp-block-getwid-post-carousel__post\">\n            <div class=\"wp-block-getwid-post-carousel__post-thumbnail\">\n            <a href=\"https:\/\/serveiseducatius.xtec.cat\/montsia\/general\/2a-edicio-edusat-challenge\/\"><img loading=\"lazy\" decoding=\"async\" width=\"768\" height=\"641\" src=\"https:\/\/serveiseducatius.xtec.cat\/montsia\/wp-content\/uploads\/usu1125\/2025\/10\/edusat-challenge.webp\" class=\"attachment-post-thumbnail size-post-thumbnail wp-post-image\" alt=\"\" srcset=\"https:\/\/serveiseducatius.xtec.cat\/montsia\/wp-content\/uploads\/usu1125\/2025\/10\/edusat-challenge.webp 768w, https:\/\/serveiseducatius.xtec.cat\/montsia\/wp-content\/uploads\/usu1125\/2025\/10\/edusat-challenge-300x250.webp 300w\" sizes=\"auto, (max-width: 768px) 100vw, 768px\" \/><\/a>\n        <\/div>\n        <div class=\"wp-block-getwid-post-carousel__post-content-wrapper\">\n        <div class=\"wp-block-getwid-post-carousel__post-header\">\n            <h3 class=\"wp-block-getwid-post-carousel__post-title\"><a href=\"https:\/\/serveiseducatius.xtec.cat\/montsia\/general\/2a-edicio-edusat-challenge\/\">2a edici\u00f3 Edusat Challenge<\/a><\/h3>        <\/div>\n        <div class=\"wp-block-getwid-post-carousel__post-excerpt\"><p>Edusat Challenge&nbsp;\u00e9s un programa educatiu que pret\u00e9n introduir l\u2019observaci\u00f3 de la Terra a les escoles i els instituts. La disponibilitat [&hellip;]<\/p>\n<\/div>\n    <\/div>\n<\/div>\n\n\t\t\t\t\t\t\t<\/div>\n\t\t\t\t\t\t\t\t\t\t\t\t\t<div class=\"wp-block-getwid-post-carousel__slide\">\n\t\t\t\t\t\t\t\t\n<div class=\"wp-block-getwid-post-carousel__post\">\n            <div class=\"wp-block-getwid-post-carousel__post-thumbnail\">\n            <a href=\"https:\/\/serveiseducatius.xtec.cat\/montsia\/general\/guia-per-acompanyar-les-families-en-lus-dels-mobils-en-infants-i-joves\/\"><img loading=\"lazy\" decoding=\"async\" width=\"1735\" height=\"922\" src=\"https:\/\/serveiseducatius.xtec.cat\/montsia\/wp-content\/uploads\/usu1125\/2025\/09\/menys-pantalla-mes-vida.png\" class=\"attachment-post-thumbnail size-post-thumbnail wp-post-image\" alt=\"\" srcset=\"https:\/\/serveiseducatius.xtec.cat\/montsia\/wp-content\/uploads\/usu1125\/2025\/09\/menys-pantalla-mes-vida.png 1735w, https:\/\/serveiseducatius.xtec.cat\/montsia\/wp-content\/uploads\/usu1125\/2025\/09\/menys-pantalla-mes-vida-300x159.png 300w, https:\/\/serveiseducatius.xtec.cat\/montsia\/wp-content\/uploads\/usu1125\/2025\/09\/menys-pantalla-mes-vida-1024x544.png 1024w, https:\/\/serveiseducatius.xtec.cat\/montsia\/wp-content\/uploads\/usu1125\/2025\/09\/menys-pantalla-mes-vida-768x408.png 768w, https:\/\/serveiseducatius.xtec.cat\/montsia\/wp-content\/uploads\/usu1125\/2025\/09\/menys-pantalla-mes-vida-1536x816.png 1536w\" sizes=\"auto, (max-width: 1735px) 100vw, 1735px\" \/><\/a>\n        <\/div>\n        <div class=\"wp-block-getwid-post-carousel__post-content-wrapper\">\n        <div class=\"wp-block-getwid-post-carousel__post-header\">\n            <h3 class=\"wp-block-getwid-post-carousel__post-title\"><a href=\"https:\/\/serveiseducatius.xtec.cat\/montsia\/general\/guia-per-acompanyar-les-families-en-lus-dels-mobils-en-infants-i-joves\/\">Guia per acompanyar les fam\u00edlies en l\u2019\u00fas dels m\u00f2bils en infants i joves<\/a><\/h3>        <\/div>\n        <div class=\"wp-block-getwid-post-carousel__post-excerpt\"><p>Aquesta guia \u00e9s una de les mesures del\u00a0Pla de digitalitzaci\u00f3 responsable\u00a0,\u00a0una eina \u00fatil per donar suport a les fam\u00edlies a [&hellip;]<\/p>\n<\/div>\n    <\/div>\n<\/div>\n\n\t\t\t\t\t\t\t<\/div>\n\t\t\t\t\t\t\t\t\t\t\t\t\t<div class=\"wp-block-getwid-post-carousel__slide\">\n\t\t\t\t\t\t\t\t\n<div class=\"wp-block-getwid-post-carousel__post\">\n            <div class=\"wp-block-getwid-post-carousel__post-thumbnail\">\n            <a href=\"https:\/\/serveiseducatius.xtec.cat\/montsia\/general\/programa-temporal-de-suport-intensiu-a-les-matematiques-sollicitud-fins-1-doctubre-de-2025\/\"><img loading=\"lazy\" decoding=\"async\" width=\"678\" height=\"226\" src=\"https:\/\/serveiseducatius.xtec.cat\/montsia\/wp-content\/uploads\/usu1125\/2025\/09\/PSIM2.png\" class=\"attachment-post-thumbnail size-post-thumbnail wp-post-image\" alt=\"\" srcset=\"https:\/\/serveiseducatius.xtec.cat\/montsia\/wp-content\/uploads\/usu1125\/2025\/09\/PSIM2.png 678w, https:\/\/serveiseducatius.xtec.cat\/montsia\/wp-content\/uploads\/usu1125\/2025\/09\/PSIM2-300x100.png 300w\" sizes=\"auto, (max-width: 678px) 100vw, 678px\" \/><\/a>\n        <\/div>\n        <div class=\"wp-block-getwid-post-carousel__post-content-wrapper\">\n        <div class=\"wp-block-getwid-post-carousel__post-header\">\n            <h3 class=\"wp-block-getwid-post-carousel__post-title\"><a href=\"https:\/\/serveiseducatius.xtec.cat\/montsia\/general\/programa-temporal-de-suport-intensiu-a-les-matematiques-sollicitud-fins-1-doctubre-de-2025\/\">Programa temporal de suport intensiu a les matem\u00e0tiques \u2013 sol\u00b7licitud fins 1 d&#8217;octubre de 2025<\/a><\/h3>        <\/div>\n        <div class=\"wp-block-getwid-post-carousel__post-excerpt\"><p>Programa temporal de suport intensiu a les matem\u00e0tiques, amb la finalitat de millorar la compet\u00e8ncia matem\u00e0tica en centres d\u2019educaci\u00f3 prim\u00e0ria [&hellip;]<\/p>\n<\/div>\n    <\/div>\n<\/div>\n\n\t\t\t\t\t\t\t<\/div>\n\t\t\t\t\t\t\t\t\t\t\t\t\t<div class=\"wp-block-getwid-post-carousel__slide\">\n\t\t\t\t\t\t\t\t\n<div class=\"wp-block-getwid-post-carousel__post\">\n            <div class=\"wp-block-getwid-post-carousel__post-thumbnail\">\n            <a href=\"https:\/\/serveiseducatius.xtec.cat\/montsia\/general\/programes-de-millora-de-resultats-en-matematiques\/\"><img loading=\"lazy\" decoding=\"async\" width=\"763\" height=\"174\" src=\"https:\/\/serveiseducatius.xtec.cat\/montsia\/wp-content\/uploads\/usu1125\/2025\/09\/programes-millora-resultats-matematiques.png\" class=\"attachment-post-thumbnail size-post-thumbnail wp-post-image\" alt=\"\" srcset=\"https:\/\/serveiseducatius.xtec.cat\/montsia\/wp-content\/uploads\/usu1125\/2025\/09\/programes-millora-resultats-matematiques.png 763w, https:\/\/serveiseducatius.xtec.cat\/montsia\/wp-content\/uploads\/usu1125\/2025\/09\/programes-millora-resultats-matematiques-300x68.png 300w\" sizes=\"auto, (max-width: 763px) 100vw, 763px\" \/><\/a>\n        <\/div>\n        <div class=\"wp-block-getwid-post-carousel__post-content-wrapper\">\n        <div class=\"wp-block-getwid-post-carousel__post-header\">\n            <h3 class=\"wp-block-getwid-post-carousel__post-title\"><a href=\"https:\/\/serveiseducatius.xtec.cat\/montsia\/general\/programes-de-millora-de-resultats-en-matematiques\/\">Programes de millora de resultats en Matem\u00e0tiques<\/a><\/h3>        <\/div>\n        <div class=\"wp-block-getwid-post-carousel__post-excerpt\"><p>Infografia amb els diversos programes de millora dels resultats en Matem\u00e0tiques.<\/p>\n<\/div>\n    <\/div>\n<\/div>\n\n\t\t\t\t\t\t\t<\/div>\n\t\t\t\t\t\t            <\/div>\n        <\/div>\n        \n\n\n<p>En aquest apartat es mostren not\u00edcies i recursos relacionats amb&nbsp;<a href=\"https:\/\/govern.cat\/salapremsa\/notes-premsa\/459642\/educacio-activa-paquet-mesures-impulsar-digitalitzacio-steam-al-servei-lequitat-del-sistema-educatiu\" target=\"_blank\" rel=\"noreferrer noopener\">l\u2019estrat\u00e8gia d\u2019impuls digital i STEAM<\/a>, un paquet de mesures per a impulsar la digitalitzaci\u00f3 i les STEAM al servei de l\u2019equitat del sistema educatiu catal\u00e0. Tot el conjunt d\u2019accions que s\u2019impulsaran es troben encabides dins dels \u00e0mbits seg\u00fcents:<\/p>\n\n\n\n<ul class=\"wp-block-list\">\n<li>compet\u00e8ncia digital;<\/li>\n\n\n\n<li>equipaments tecnol\u00f2gics,<\/li>\n\n\n\n<li>el projecte FAIG,<\/li>\n\n\n\n<li>capacitaci\u00f3 de centres i docents de la m\u00e0 de l\u2019ecosistema digital i STEAM del pa\u00eds, i<\/li>\n\n\n\n<li>acompanyament en l\u2019\u00fas de l\u2019equipament tecnol\u00f2gic.<\/li>\n<\/ul>\n\n\n\n<figure class=\"wp-block-image\"><img loading=\"lazy\" decoding=\"async\" width=\"1024\" height=\"577\" src=\"https:\/\/serveiseducatius.xtec.cat\/montsia\/wp-content\/uploads\/usu1125\/2025\/10\/acreditacio-CDD-1024x577.png\" alt=\"\" class=\"wp-image-16676\" srcset=\"https:\/\/serveiseducatius.xtec.cat\/montsia\/wp-content\/uploads\/usu1125\/2025\/10\/acreditacio-CDD-1024x577.png 1024w, https:\/\/serveiseducatius.xtec.cat\/montsia\/wp-content\/uploads\/usu1125\/2025\/10\/acreditacio-CDD-300x169.png 300w, https:\/\/serveiseducatius.xtec.cat\/montsia\/wp-content\/uploads\/usu1125\/2025\/10\/acreditacio-CDD-768x433.png 768w, https:\/\/serveiseducatius.xtec.cat\/montsia\/wp-content\/uploads\/usu1125\/2025\/10\/acreditacio-CDD.png 1165w\" sizes=\"auto, (max-width: 1024px) 100vw, 1024px\" \/><\/figure>\n\n\n\n<figure class=\"wp-block-image\"><img loading=\"lazy\" decoding=\"async\" width=\"1024\" height=\"619\" src=\"https:\/\/serveiseducatius.xtec.cat\/montsia\/wp-content\/uploads\/usu1125\/2025\/10\/acreditacio-CDD-ofici-1024x619.png\" alt=\"\" class=\"wp-image-16675\" srcset=\"https:\/\/serveiseducatius.xtec.cat\/montsia\/wp-content\/uploads\/usu1125\/2025\/10\/acreditacio-CDD-ofici-1024x619.png 1024w, https:\/\/serveiseducatius.xtec.cat\/montsia\/wp-content\/uploads\/usu1125\/2025\/10\/acreditacio-CDD-ofici-300x181.png 300w, https:\/\/serveiseducatius.xtec.cat\/montsia\/wp-content\/uploads\/usu1125\/2025\/10\/acreditacio-CDD-ofici-768x464.png 768w, https:\/\/serveiseducatius.xtec.cat\/montsia\/wp-content\/uploads\/usu1125\/2025\/10\/acreditacio-CDD-ofici.png 1164w\" sizes=\"auto, (max-width: 1024px) 100vw, 1024px\" \/><\/figure>\n\n\n\n<p>Espais on consultar la informaci\u00f3 referent a aquest tema:<\/p>\n\n\n\n<p><strong><a href=\"https:\/\/projectes.xtec.cat\/digital\/competencia-digital\/competencia-digital-docent\/#acreditacio\" target=\"_blank\" rel=\"noreferrer noopener\">https:\/\/projectes.xtec.cat\/digital\/competencia-digital\/competencia-digital-docent\/#acreditacio<\/a><\/strong><\/p>\n\n\n\n<p><strong><a href=\"https:\/\/educacio.gencat.cat\/ca\/arees-actuacio\/professors\/acreditacions\/competencia-digital-docent\/index.html\">https:\/\/educacio.gencat.cat\/ca\/arees-actuacio\/professors\/acreditacions\/competencia-digital-docent\/index.html<\/a><\/strong><\/p>\n","protected":false},"excerpt":{"rendered":"<p>En aquest apartat es mostren not\u00edcies i recursos relacionats amb&nbsp;l\u2019estrat\u00e8gia d\u2019impuls digital i STEAM, un paquet de mesures per a [&hellip;]<\/p>\n","protected":false},"author":1,"featured_media":0,"parent":16753,"menu_order":0,"comment_status":"closed","ping_status":"close","template":"","meta":{"_bbp_topic_count":0,"_bbp_reply_count":0,"_bbp_total_topic_count":0,"_bbp_total_reply_count":0,"_bbp_voice_count":0,"_bbp_anonymous_reply_count":0,"_bbp_topic_count_hidden":0,"_bbp_reply_count_hidden":0,"_bbp_forum_subforum_count":0,"site-sidebar-layout":"default","site-content-layout":"","ast-site-content-layout":"default","site-content-style":"default","site-sidebar-style":"default","ast-global-header-display":"","ast-banner-title-visibility":"","ast-main-header-display":"","ast-hfb-above-header-display":"","ast-hfb-below-header-display":"","ast-hfb-mobile-header-display":"","site-post-title":"","ast-breadcrumbs-content":"","ast-featured-img":"","footer-sml-layout":"","theme-transparent-header-meta":"","adv-header-id-meta":"","stick-header-meta":"","header-above-stick-meta":"","header-main-stick-meta":"","header-below-stick-meta":"","astra-migrate-meta-layouts":"set","ast-page-background-enabled":"default","ast-page-background-meta":{"desktop":{"background-color":"var(--ast-global-color-4)","background-image":"","background-repeat":"repeat","background-position":"center center","background-size":"auto","background-attachment":"scroll","background-type":"","background-media":"","overlay-type":"","overlay-color":"","overlay-opacity":"","overlay-gradient":""},"tablet":{"background-color":"","background-image":"","background-repeat":"repeat","background-position":"center center","background-size":"auto","background-attachment":"scroll","background-type":"","background-media":"","overlay-type":"","overlay-color":"","overlay-opacity":"","overlay-gradient":""},"mobile":{"background-color":"","background-image":"","background-repeat":"repeat","background-position":"center center","background-size":"auto","background-attachment":"scroll","background-type":"","background-media":"","overlay-type":"","overlay-color":"","overlay-opacity":"","overlay-gradient":""}},"ast-content-background-meta":{"desktop":{"background-color":"var(--ast-global-color-5)","background-image":"","background-repeat":"repeat","background-position":"center center","background-size":"auto","background-attachment":"scroll","background-type":"","background-media":"","overlay-type":"","overlay-color":"","overlay-opacity":"","overlay-gradient":""},"tablet":{"background-color":"var(--ast-global-color-5)","background-image":"","background-repeat":"repeat","background-position":"center center","background-size":"auto","background-attachment":"scroll","background-type":"","background-media":"","overlay-type":"","overlay-color":"","overlay-opacity":"","overlay-gradient":""},"mobile":{"background-color":"var(--ast-global-color-5)","background-image":"","background-repeat":"repeat","background-position":"center center","background-size":"auto","background-attachment":"scroll","background-type":"","background-media":"","overlay-type":"","overlay-color":"","overlay-opacity":"","overlay-gradient":""}},"footnotes":""},"class_list":["post-16790","page","type-page","status-publish","hentry"],"post_mailing_queue_ids":[],"_links":{"self":[{"href":"https:\/\/serveiseducatius.xtec.cat\/montsia\/wp-json\/wp\/v2\/pages\/16790","targetHints":{"allow":["GET"]}}],"collection":[{"href":"https:\/\/serveiseducatius.xtec.cat\/montsia\/wp-json\/wp\/v2\/pages"}],"about":[{"href":"https:\/\/serveiseducatius.xtec.cat\/montsia\/wp-json\/wp\/v2\/types\/page"}],"author":[{"embeddable":true,"href":"https:\/\/serveiseducatius.xtec.cat\/montsia\/wp-json\/wp\/v2\/users\/1"}],"replies":[{"embeddable":true,"href":"https:\/\/serveiseducatius.xtec.cat\/montsia\/wp-json\/wp\/v2\/comments?post=16790"}],"version-history":[{"count":2,"href":"https:\/\/serveiseducatius.xtec.cat\/montsia\/wp-json\/wp\/v2\/pages\/16790\/revisions"}],"predecessor-version":[{"id":16883,"href":"https:\/\/serveiseducatius.xtec.cat\/montsia\/wp-json\/wp\/v2\/pages\/16790\/revisions\/16883"}],"up":[{"embeddable":true,"href":"https:\/\/serveiseducatius.xtec.cat\/montsia\/wp-json\/wp\/v2\/pages\/16753"}],"wp:attachment":[{"href":"https:\/\/serveiseducatius.xtec.cat\/montsia\/wp-json\/wp\/v2\/media?parent=16790"}],"curies":[{"name":"wp","href":"https:\/\/api.w.org\/{rel}","templated":true}]}}