{"id":16788,"date":"2025-11-22T11:31:55","date_gmt":"2025-11-22T10:31:55","guid":{"rendered":"https:\/\/serveiseducatius.xtec.cat\/montsia\/?page_id=16788"},"modified":"2025-11-24T13:24:13","modified_gmt":"2025-11-24T12:24:13","slug":"xarxa-de-caps-destudi-i-coord-pedag","status":"publish","type":"page","link":"https:\/\/serveiseducatius.xtec.cat\/montsia\/xarxes\/xarxa-de-caps-destudi-i-coord-pedag\/","title":{"rendered":"Xarxa de Caps d&#8217;estudi i Coord. Pedag."},"content":{"rendered":"\n        <div class=\"wp-block-getwid-post-carousel custom-post-type-post has-slides-gap-small is-carousel has-arrows-inside has-dots-outside\">\n            <div data-slider-option=\"{&quot;sliderSlidesToShowDesktop&quot;:&quot;2&quot;,&quot;getwid_slidesToShowLaptop&quot;:&quot;1&quot;,&quot;getwid_slidesToShowTablet&quot;:&quot;1&quot;,&quot;getwid_slidesToShowMobile&quot;:&quot;1&quot;,&quot;getwid_autoplay_speed&quot;:3000,&quot;getwid_animation_speed&quot;:800,&quot;getwid_slidesToScroll&quot;:&quot;1&quot;,&quot;getwid_autoplay&quot;:true,&quot;getwid_pause_on_hover&quot;:false,&quot;getwid_infinite&quot;:true,&quot;getwid_center_mode&quot;:false,&quot;getwid_arrows&quot;:&quot;inside&quot;,&quot;getwid_dots&quot;:&quot;outside&quot;}\" class=\"wp-block-getwid-post-carousel__wrapper\">\n                \t\t\t\t\t\t\t<div class=\"wp-block-getwid-post-carousel__slide\">\n\t\t\t\t\t\t\t\t\n<div class=\"wp-block-getwid-post-carousel__post\">\n            <div class=\"wp-block-getwid-post-carousel__post-thumbnail\">\n            <a href=\"https:\/\/serveiseducatius.xtec.cat\/montsia\/general\/primera-sessio-del-curs-25-26\/\"><img loading=\"lazy\" decoding=\"async\" width=\"807\" height=\"459\" src=\"https:\/\/serveiseducatius.xtec.cat\/montsia\/wp-content\/uploads\/usu1125\/2025\/11\/xarxa-caps-estudi.png\" class=\"attachment-post-thumbnail size-post-thumbnail wp-post-image\" alt=\"\" srcset=\"https:\/\/serveiseducatius.xtec.cat\/montsia\/wp-content\/uploads\/usu1125\/2025\/11\/xarxa-caps-estudi.png 807w, https:\/\/serveiseducatius.xtec.cat\/montsia\/wp-content\/uploads\/usu1125\/2025\/11\/xarxa-caps-estudi-300x171.png 300w, https:\/\/serveiseducatius.xtec.cat\/montsia\/wp-content\/uploads\/usu1125\/2025\/11\/xarxa-caps-estudi-768x437.png 768w\" sizes=\"auto, (max-width: 807px) 100vw, 807px\" \/><\/a>\n        <\/div>\n        <div class=\"wp-block-getwid-post-carousel__post-content-wrapper\">\n        <div class=\"wp-block-getwid-post-carousel__post-header\">\n            <h3 class=\"wp-block-getwid-post-carousel__post-title\"><a href=\"https:\/\/serveiseducatius.xtec.cat\/montsia\/general\/primera-sessio-del-curs-25-26\/\">Primera sessi\u00f3 del curs 25-26<\/a><\/h3>        <\/div>\n        <div class=\"wp-block-getwid-post-carousel__post-excerpt\"><p>La primera sessi\u00f3 de la xarxa de Caps d&#8217;Estudi i Coord. Pedag. del Montsi\u00e0 d&#8217;aquest curs 2025-2026 ha fet una [&hellip;]<\/p>\n<\/div>\n    <\/div>\n<\/div>\n\n\t\t\t\t\t\t\t<\/div>\n\t\t\t\t\t\t\t\t\t\t\t\t\t<div class=\"wp-block-getwid-post-carousel__slide\">\n\t\t\t\t\t\t\t\t\n<div class=\"wp-block-getwid-post-carousel__post\">\n            <div class=\"wp-block-getwid-post-carousel__post-thumbnail\">\n            <a href=\"https:\/\/serveiseducatius.xtec.cat\/montsia\/general\/traspas-dinformacio-de-primaria-a-secundaria-al-municipi\/\"><img loading=\"lazy\" decoding=\"async\" width=\"1041\" height=\"696\" src=\"https:\/\/serveiseducatius.xtec.cat\/montsia\/wp-content\/uploads\/usu1125\/2025\/11\/sessio-coordinacio-primaria-secundaria.png\" class=\"attachment-post-thumbnail size-post-thumbnail wp-post-image\" alt=\"\" srcset=\"https:\/\/serveiseducatius.xtec.cat\/montsia\/wp-content\/uploads\/usu1125\/2025\/11\/sessio-coordinacio-primaria-secundaria.png 1041w, https:\/\/serveiseducatius.xtec.cat\/montsia\/wp-content\/uploads\/usu1125\/2025\/11\/sessio-coordinacio-primaria-secundaria-300x201.png 300w, https:\/\/serveiseducatius.xtec.cat\/montsia\/wp-content\/uploads\/usu1125\/2025\/11\/sessio-coordinacio-primaria-secundaria-1024x685.png 1024w, https:\/\/serveiseducatius.xtec.cat\/montsia\/wp-content\/uploads\/usu1125\/2025\/11\/sessio-coordinacio-primaria-secundaria-768x513.png 768w\" sizes=\"auto, (max-width: 1041px) 100vw, 1041px\" \/><\/a>\n        <\/div>\n        <div class=\"wp-block-getwid-post-carousel__post-content-wrapper\">\n        <div class=\"wp-block-getwid-post-carousel__post-header\">\n            <h3 class=\"wp-block-getwid-post-carousel__post-title\"><a href=\"https:\/\/serveiseducatius.xtec.cat\/montsia\/general\/traspas-dinformacio-de-primaria-a-secundaria-al-municipi\/\">Trasp\u00e0s d&#8217;informaci\u00f3 de Prim\u00e0ria a Secund\u00e0ria al municipi<\/a><\/h3>        <\/div>\n        <div class=\"wp-block-getwid-post-carousel__post-excerpt\"><p>Una part important del les sessions ha girat al voltant de com es fa el trasp\u00e0s d&#8217;informaci\u00f3 entre les etapes [&hellip;]<\/p>\n<\/div>\n    <\/div>\n<\/div>\n\n\t\t\t\t\t\t\t<\/div>\n\t\t\t\t\t\t\t\t\t\t\t\t\t<div class=\"wp-block-getwid-post-carousel__slide\">\n\t\t\t\t\t\t\t\t\n<div class=\"wp-block-getwid-post-carousel__post\">\n            <div class=\"wp-block-getwid-post-carousel__post-thumbnail\">\n            <a href=\"https:\/\/serveiseducatius.xtec.cat\/montsia\/general\/com-treballar-la-reflexio-i-la-meditacio-a-laula\/\"><img loading=\"lazy\" decoding=\"async\" width=\"868\" height=\"735\" src=\"https:\/\/serveiseducatius.xtec.cat\/montsia\/wp-content\/uploads\/usu1125\/2025\/11\/sessio-meditacio.png\" class=\"attachment-post-thumbnail size-post-thumbnail wp-post-image\" alt=\"\" srcset=\"https:\/\/serveiseducatius.xtec.cat\/montsia\/wp-content\/uploads\/usu1125\/2025\/11\/sessio-meditacio.png 868w, https:\/\/serveiseducatius.xtec.cat\/montsia\/wp-content\/uploads\/usu1125\/2025\/11\/sessio-meditacio-300x254.png 300w, https:\/\/serveiseducatius.xtec.cat\/montsia\/wp-content\/uploads\/usu1125\/2025\/11\/sessio-meditacio-768x650.png 768w\" sizes=\"auto, (max-width: 868px) 100vw, 868px\" \/><\/a>\n        <\/div>\n        <div class=\"wp-block-getwid-post-carousel__post-content-wrapper\">\n        <div class=\"wp-block-getwid-post-carousel__post-header\">\n            <h3 class=\"wp-block-getwid-post-carousel__post-title\"><a href=\"https:\/\/serveiseducatius.xtec.cat\/montsia\/general\/com-treballar-la-reflexio-i-la-meditacio-a-laula\/\">Com treballar la reflexi\u00f3 i la meditaci\u00f3 a l&#8217;aula?<\/a><\/h3>        <\/div>\n        <div class=\"wp-block-getwid-post-carousel__post-excerpt\"><p>Una part de la sessi\u00f3, dedicada a compartir pr\u00e0ctiques d&#8217;aula, ha anat a c\u00e0rrec de Maria Jos\u00e9 Garcia, docent de [&hellip;]<\/p>\n<\/div>\n    <\/div>\n<\/div>\n\n\t\t\t\t\t\t\t<\/div>\n\t\t\t\t\t\t            <\/div>\n        <\/div>\n        \n\n\n<p>La Xarxa de Caps d&#8217;Estudi i Coord. Pedag. del Montsi\u00e0 es va iniciar el curs 2022-2023. Alguns dels temes que es van treballant en aquest grup de professionals s\u00f3n:<\/p>\n\n\n\n<ul class=\"wp-block-list\">\n<li>Models d&#8217;informes d&#8217;avaluaci\u00f3.<\/li>\n\n\n\n<li>Elaboraci\u00f3 de Plans Individualitzats.<\/li>\n\n\n\n<li>Benestar emocional del claustre.<\/li>\n\n\n\n<li>Trasp\u00e0s d&#8217;informaci\u00f3 entre etapes educatives.<\/li>\n\n\n\n<li>Com millorar el proc\u00e9s d&#8217;acollida.<\/li>\n\n\n\n<li>&#8230;<\/li>\n<\/ul>\n","protected":false},"excerpt":{"rendered":"<p>La Xarxa de Caps d&#8217;Estudi i Coord. Pedag. del Montsi\u00e0 es va iniciar el curs 2022-2023. Alguns dels temes que [&hellip;]<\/p>\n","protected":false},"author":1,"featured_media":0,"parent":16753,"menu_order":0,"comment_status":"closed","ping_status":"close","template":"","meta":{"_bbp_topic_count":0,"_bbp_reply_count":0,"_bbp_total_topic_count":0,"_bbp_total_reply_count":0,"_bbp_voice_count":0,"_bbp_anonymous_reply_count":0,"_bbp_topic_count_hidden":0,"_bbp_reply_count_hidden":0,"_bbp_forum_subforum_count":0,"site-sidebar-layout":"default","site-content-layout":"","ast-site-content-layout":"default","site-content-style":"default","site-sidebar-style":"default","ast-global-header-display":"","ast-banner-title-visibility":"","ast-main-header-display":"","ast-hfb-above-header-display":"","ast-hfb-below-header-display":"","ast-hfb-mobile-header-display":"","site-post-title":"","ast-breadcrumbs-content":"","ast-featured-img":"","footer-sml-layout":"","theme-transparent-header-meta":"","adv-header-id-meta":"","stick-header-meta":"","header-above-stick-meta":"","header-main-stick-meta":"","header-below-stick-meta":"","astra-migrate-meta-layouts":"set","ast-page-background-enabled":"default","ast-page-background-meta":{"desktop":{"background-color":"var(--ast-global-color-4)","background-image":"","background-repeat":"repeat","background-position":"center center","background-size":"auto","background-attachment":"scroll","background-type":"","background-media":"","overlay-type":"","overlay-color":"","overlay-opacity":"","overlay-gradient":""},"tablet":{"background-color":"","background-image":"","background-repeat":"repeat","background-position":"center center","background-size":"auto","background-attachment":"scroll","background-type":"","background-media":"","overlay-type":"","overlay-color":"","overlay-opacity":"","overlay-gradient":""},"mobile":{"background-color":"","background-image":"","background-repeat":"repeat","background-position":"center center","background-size":"auto","background-attachment":"scroll","background-type":"","background-media":"","overlay-type":"","overlay-color":"","overlay-opacity":"","overlay-gradient":""}},"ast-content-background-meta":{"desktop":{"background-color":"var(--ast-global-color-5)","background-image":"","background-repeat":"repeat","background-position":"center center","background-size":"auto","background-attachment":"scroll","background-type":"","background-media":"","overlay-type":"","overlay-color":"","overlay-opacity":"","overlay-gradient":""},"tablet":{"background-color":"var(--ast-global-color-5)","background-image":"","background-repeat":"repeat","background-position":"center center","background-size":"auto","background-attachment":"scroll","background-type":"","background-media":"","overlay-type":"","overlay-color":"","overlay-opacity":"","overlay-gradient":""},"mobile":{"background-color":"var(--ast-global-color-5)","background-image":"","background-repeat":"repeat","background-position":"center center","background-size":"auto","background-attachment":"scroll","background-type":"","background-media":"","overlay-type":"","overlay-color":"","overlay-opacity":"","overlay-gradient":""}},"footnotes":""},"class_list":["post-16788","page","type-page","status-publish","hentry"],"post_mailing_queue_ids":[],"_links":{"self":[{"href":"https:\/\/serveiseducatius.xtec.cat\/montsia\/wp-json\/wp\/v2\/pages\/16788","targetHints":{"allow":["GET"]}}],"collection":[{"href":"https:\/\/serveiseducatius.xtec.cat\/montsia\/wp-json\/wp\/v2\/pages"}],"about":[{"href":"https:\/\/serveiseducatius.xtec.cat\/montsia\/wp-json\/wp\/v2\/types\/page"}],"author":[{"embeddable":true,"href":"https:\/\/serveiseducatius.xtec.cat\/montsia\/wp-json\/wp\/v2\/users\/1"}],"replies":[{"embeddable":true,"href":"https:\/\/serveiseducatius.xtec.cat\/montsia\/wp-json\/wp\/v2\/comments?post=16788"}],"version-history":[{"count":3,"href":"https:\/\/serveiseducatius.xtec.cat\/montsia\/wp-json\/wp\/v2\/pages\/16788\/revisions"}],"predecessor-version":[{"id":16824,"href":"https:\/\/serveiseducatius.xtec.cat\/montsia\/wp-json\/wp\/v2\/pages\/16788\/revisions\/16824"}],"up":[{"embeddable":true,"href":"https:\/\/serveiseducatius.xtec.cat\/montsia\/wp-json\/wp\/v2\/pages\/16753"}],"wp:attachment":[{"href":"https:\/\/serveiseducatius.xtec.cat\/montsia\/wp-json\/wp\/v2\/media?parent=16788"}],"curies":[{"name":"wp","href":"https:\/\/api.w.org\/{rel}","templated":true}]}}