{"id":16783,"date":"2025-11-22T11:30:19","date_gmt":"2025-11-22T10:30:19","guid":{"rendered":"https:\/\/serveiseducatius.xtec.cat\/montsia\/?page_id=16783"},"modified":"2025-11-25T17:28:13","modified_gmt":"2025-11-25T16:28:13","slug":"seminari-descoles-de-musica-i-dansa","status":"publish","type":"page","link":"https:\/\/serveiseducatius.xtec.cat\/montsia\/xarxes\/seminari-descoles-de-musica-i-dansa\/","title":{"rendered":"Seminari d&#8217;Escoles de M\u00fasica i Dansa"},"content":{"rendered":"\n        <div class=\"wp-block-getwid-post-carousel custom-post-type-post has-slides-gap-small is-carousel has-arrows-inside has-dots-outside\">\n            <div data-slider-option=\"{&quot;sliderSlidesToShowDesktop&quot;:&quot;2&quot;,&quot;getwid_slidesToShowLaptop&quot;:&quot;1&quot;,&quot;getwid_slidesToShowTablet&quot;:&quot;1&quot;,&quot;getwid_slidesToShowMobile&quot;:&quot;1&quot;,&quot;getwid_autoplay_speed&quot;:3000,&quot;getwid_animation_speed&quot;:800,&quot;getwid_slidesToScroll&quot;:&quot;1&quot;,&quot;getwid_autoplay&quot;:true,&quot;getwid_pause_on_hover&quot;:false,&quot;getwid_infinite&quot;:true,&quot;getwid_center_mode&quot;:false,&quot;getwid_arrows&quot;:&quot;inside&quot;,&quot;getwid_dots&quot;:&quot;outside&quot;}\" class=\"wp-block-getwid-post-carousel__wrapper\">\n                \t\t\t\t\t\t\t<div class=\"wp-block-getwid-post-carousel__slide\">\n\t\t\t\t\t\t\t\t\n<div class=\"wp-block-getwid-post-carousel__post\">\n            <div class=\"wp-block-getwid-post-carousel__post-thumbnail\">\n            <a href=\"https:\/\/serveiseducatius.xtec.cat\/montsia\/general\/inici-de-la-xarxa-semdic\/\"><img loading=\"lazy\" decoding=\"async\" width=\"761\" height=\"387\" src=\"https:\/\/serveiseducatius.xtec.cat\/montsia\/wp-content\/uploads\/usu1125\/2025\/11\/semdic-1.png\" class=\"attachment-post-thumbnail size-post-thumbnail wp-post-image\" alt=\"\" srcset=\"https:\/\/serveiseducatius.xtec.cat\/montsia\/wp-content\/uploads\/usu1125\/2025\/11\/semdic-1.png 761w, https:\/\/serveiseducatius.xtec.cat\/montsia\/wp-content\/uploads\/usu1125\/2025\/11\/semdic-1-300x153.png 300w\" sizes=\"auto, (max-width: 761px) 100vw, 761px\" \/><\/a>\n        <\/div>\n        <div class=\"wp-block-getwid-post-carousel__post-content-wrapper\">\n        <div class=\"wp-block-getwid-post-carousel__post-header\">\n            <h3 class=\"wp-block-getwid-post-carousel__post-title\"><a href=\"https:\/\/serveiseducatius.xtec.cat\/montsia\/general\/inici-de-la-xarxa-semdic\/\">Inici de la Xarxa SEMDIC<\/a><\/h3>        <\/div>\n        <div class=\"wp-block-getwid-post-carousel__post-excerpt\"><p>El Seminari d&#8217;Escoles de M\u00fasica i Dansa, i CRP (SEMDIC) s&#8217;ha creat per tal de millorar la coordinaci\u00f3 entre els [&hellip;]<\/p>\n<\/div>\n    <\/div>\n<\/div>\n\n\t\t\t\t\t\t\t<\/div>\n\t\t\t\t\t\t            <\/div>\n        <\/div>\n        \n\n\n<p>El <strong>SEMDIC<\/strong> \u00e9s una iniciativa col\u00b7laborativa que reuneix professionals dels instituts d&#8217;educaci\u00f3 secund\u00e0ria i de les escoles de m\u00fasica i dansa del municipi d&#8217;Amposta. L&#8217;objectiu principal \u00e9s fomentar la coordinaci\u00f3 entre aquests centres per enriquir l&#8217;oferta educativa i cultural, promovent activitats conjuntes que integrin les arts esc\u00e8niques en el curr\u00edculum escolar i en la vida comunit\u00e0ria.<\/p>\n\n\n\n<p><strong>Objectius de la xarxa:<\/strong><\/p>\n\n\n\n<ul class=\"wp-block-list\">\n<li>Analitzar les problem\u00e0tiques organitzatives de l\u2019alumnat que les escoles de m\u00fasica i dansa que comparteixen amb els instituts del municipi a fi de trobar solucions adequades a tothom.<\/li>\n\n\n\n<li>Integrar les arts en l&#8217;educaci\u00f3 formal i informal, especialment dins del PEE.<\/li>\n\n\n\n<li>Millorar la coordinaci\u00f3 de tots els agents, especialment pel que fa al seguiment i progr\u00e9s de l\u2019alumnat compartit.<\/li>\n\n\n\n<li>Establir mecanismes d&#8217;avaluaci\u00f3 per analitzar l&#8217;impacte dels projectes compartits i identificar \u00e0rees de millora per a futures iniciatives.<\/li>\n<\/ul>\n\n\n\n<p><strong>Continguts que es treballen:<\/strong><\/p>\n\n\n\n<ul class=\"wp-block-list\">\n<li>Coordinaci\u00f3 hor\u00e0ria<\/li>\n\n\n\n<li>Gesti\u00f3 de convalidacions<\/li>\n\n\n\n<li>Integraci\u00f3 en el Pla Educatiu d&#8217;Entorn (PEE)<\/li>\n\n\n\n<li>Foment de la participaci\u00f3 del professorat d&#8217;arts en la formaci\u00f3 cont\u00ednua (PFZ)<\/li>\n<\/ul>\n","protected":false},"excerpt":{"rendered":"<p>El SEMDIC \u00e9s una iniciativa col\u00b7laborativa que reuneix professionals dels instituts d&#8217;educaci\u00f3 secund\u00e0ria i de les escoles de m\u00fasica i [&hellip;]<\/p>\n","protected":false},"author":1,"featured_media":0,"parent":16753,"menu_order":0,"comment_status":"closed","ping_status":"close","template":"","meta":{"_bbp_topic_count":0,"_bbp_reply_count":0,"_bbp_total_topic_count":0,"_bbp_total_reply_count":0,"_bbp_voice_count":0,"_bbp_anonymous_reply_count":0,"_bbp_topic_count_hidden":0,"_bbp_reply_count_hidden":0,"_bbp_forum_subforum_count":0,"site-sidebar-layout":"default","site-content-layout":"","ast-site-content-layout":"default","site-content-style":"default","site-sidebar-style":"default","ast-global-header-display":"","ast-banner-title-visibility":"","ast-main-header-display":"","ast-hfb-above-header-display":"","ast-hfb-below-header-display":"","ast-hfb-mobile-header-display":"","site-post-title":"","ast-breadcrumbs-content":"","ast-featured-img":"","footer-sml-layout":"","theme-transparent-header-meta":"","adv-header-id-meta":"","stick-header-meta":"","header-above-stick-meta":"","header-main-stick-meta":"","header-below-stick-meta":"","astra-migrate-meta-layouts":"set","ast-page-background-enabled":"default","ast-page-background-meta":{"desktop":{"background-color":"var(--ast-global-color-4)","background-image":"","background-repeat":"repeat","background-position":"center center","background-size":"auto","background-attachment":"scroll","background-type":"","background-media":"","overlay-type":"","overlay-color":"","overlay-opacity":"","overlay-gradient":""},"tablet":{"background-color":"","background-image":"","background-repeat":"repeat","background-position":"center center","background-size":"auto","background-attachment":"scroll","background-type":"","background-media":"","overlay-type":"","overlay-color":"","overlay-opacity":"","overlay-gradient":""},"mobile":{"background-color":"","background-image":"","background-repeat":"repeat","background-position":"center center","background-size":"auto","background-attachment":"scroll","background-type":"","background-media":"","overlay-type":"","overlay-color":"","overlay-opacity":"","overlay-gradient":""}},"ast-content-background-meta":{"desktop":{"background-color":"var(--ast-global-color-5)","background-image":"","background-repeat":"repeat","background-position":"center center","background-size":"auto","background-attachment":"scroll","background-type":"","background-media":"","overlay-type":"","overlay-color":"","overlay-opacity":"","overlay-gradient":""},"tablet":{"background-color":"var(--ast-global-color-5)","background-image":"","background-repeat":"repeat","background-position":"center center","background-size":"auto","background-attachment":"scroll","background-type":"","background-media":"","overlay-type":"","overlay-color":"","overlay-opacity":"","overlay-gradient":""},"mobile":{"background-color":"var(--ast-global-color-5)","background-image":"","background-repeat":"repeat","background-position":"center center","background-size":"auto","background-attachment":"scroll","background-type":"","background-media":"","overlay-type":"","overlay-color":"","overlay-opacity":"","overlay-gradient":""}},"footnotes":""},"class_list":["post-16783","page","type-page","status-publish","hentry"],"post_mailing_queue_ids":[],"_links":{"self":[{"href":"https:\/\/serveiseducatius.xtec.cat\/montsia\/wp-json\/wp\/v2\/pages\/16783","targetHints":{"allow":["GET"]}}],"collection":[{"href":"https:\/\/serveiseducatius.xtec.cat\/montsia\/wp-json\/wp\/v2\/pages"}],"about":[{"href":"https:\/\/serveiseducatius.xtec.cat\/montsia\/wp-json\/wp\/v2\/types\/page"}],"author":[{"embeddable":true,"href":"https:\/\/serveiseducatius.xtec.cat\/montsia\/wp-json\/wp\/v2\/users\/1"}],"replies":[{"embeddable":true,"href":"https:\/\/serveiseducatius.xtec.cat\/montsia\/wp-json\/wp\/v2\/comments?post=16783"}],"version-history":[{"count":5,"href":"https:\/\/serveiseducatius.xtec.cat\/montsia\/wp-json\/wp\/v2\/pages\/16783\/revisions"}],"predecessor-version":[{"id":16882,"href":"https:\/\/serveiseducatius.xtec.cat\/montsia\/wp-json\/wp\/v2\/pages\/16783\/revisions\/16882"}],"up":[{"embeddable":true,"href":"https:\/\/serveiseducatius.xtec.cat\/montsia\/wp-json\/wp\/v2\/pages\/16753"}],"wp:attachment":[{"href":"https:\/\/serveiseducatius.xtec.cat\/montsia\/wp-json\/wp\/v2\/media?parent=16783"}],"curies":[{"name":"wp","href":"https:\/\/api.w.org\/{rel}","templated":true}]}}