{"id":16764,"date":"2025-11-21T21:00:24","date_gmt":"2025-11-21T20:00:24","guid":{"rendered":"https:\/\/serveiseducatius.xtec.cat\/montsia\/?page_id=16764"},"modified":"2026-02-04T09:15:50","modified_gmt":"2026-02-04T08:15:50","slug":"xarxa-0-6-de-terres-de-lebre","status":"publish","type":"page","link":"https:\/\/serveiseducatius.xtec.cat\/montsia\/xarxes\/xarxa-0-6-de-terres-de-lebre\/","title":{"rendered":"Xarxa 0-6 de Terres de l&#8217;Ebre (XEITE)"},"content":{"rendered":"\n        <div class=\"wp-block-getwid-post-carousel custom-post-type-post has-slides-gap-small is-carousel has-arrows-inside has-dots-outside\">\n            <div data-slider-option=\"{&quot;sliderSlidesToShowDesktop&quot;:&quot;2&quot;,&quot;getwid_slidesToShowLaptop&quot;:&quot;1&quot;,&quot;getwid_slidesToShowTablet&quot;:&quot;1&quot;,&quot;getwid_slidesToShowMobile&quot;:&quot;1&quot;,&quot;getwid_autoplay_speed&quot;:3000,&quot;getwid_animation_speed&quot;:800,&quot;getwid_slidesToScroll&quot;:&quot;1&quot;,&quot;getwid_autoplay&quot;:true,&quot;getwid_pause_on_hover&quot;:false,&quot;getwid_infinite&quot;:true,&quot;getwid_center_mode&quot;:false,&quot;getwid_arrows&quot;:&quot;inside&quot;,&quot;getwid_dots&quot;:&quot;outside&quot;}\" class=\"wp-block-getwid-post-carousel__wrapper\">\n                \t\t\t\t\t\t\t<div class=\"wp-block-getwid-post-carousel__slide\">\n\t\t\t\t\t\t\t\t\n<div class=\"wp-block-getwid-post-carousel__post\">\n            <div class=\"wp-block-getwid-post-carousel__post-thumbnail\">\n            <a href=\"https:\/\/serveiseducatius.xtec.cat\/montsia\/general\/presentacio-de-la-xarxa-deducacio-infantil-0-6-a-les-terres-de-lebre-xeite\/\"><img loading=\"lazy\" decoding=\"async\" width=\"2040\" height=\"1530\" src=\"https:\/\/serveiseducatius.xtec.cat\/montsia\/wp-content\/uploads\/usu1125\/2025\/12\/jornada-presentacio-XEITE.jpeg\" class=\"attachment-post-thumbnail size-post-thumbnail wp-post-image\" alt=\"\" srcset=\"https:\/\/serveiseducatius.xtec.cat\/montsia\/wp-content\/uploads\/usu1125\/2025\/12\/jornada-presentacio-XEITE.jpeg 2040w, https:\/\/serveiseducatius.xtec.cat\/montsia\/wp-content\/uploads\/usu1125\/2025\/12\/jornada-presentacio-XEITE-300x225.jpeg 300w, https:\/\/serveiseducatius.xtec.cat\/montsia\/wp-content\/uploads\/usu1125\/2025\/12\/jornada-presentacio-XEITE-1024x768.jpeg 1024w, https:\/\/serveiseducatius.xtec.cat\/montsia\/wp-content\/uploads\/usu1125\/2025\/12\/jornada-presentacio-XEITE-768x576.jpeg 768w, https:\/\/serveiseducatius.xtec.cat\/montsia\/wp-content\/uploads\/usu1125\/2025\/12\/jornada-presentacio-XEITE-1536x1152.jpeg 1536w\" sizes=\"auto, (max-width: 2040px) 100vw, 2040px\" \/><\/a>\n        <\/div>\n        <div class=\"wp-block-getwid-post-carousel__post-content-wrapper\">\n        <div class=\"wp-block-getwid-post-carousel__post-header\">\n            <h3 class=\"wp-block-getwid-post-carousel__post-title\"><a href=\"https:\/\/serveiseducatius.xtec.cat\/montsia\/general\/presentacio-de-la-xarxa-deducacio-infantil-0-6-a-les-terres-de-lebre-xeite\/\">Presentaci\u00f3 de la Xarxa d&#8217;Educaci\u00f3 Infantil 0-6 a les Terres de l&#8217;Ebre (XEITE)<\/a><\/h3>        <\/div>\n        <div class=\"wp-block-getwid-post-carousel__post-excerpt\"><p>Jornada de presentaci\u00f3 de la Xarxa de Centres d&#8217;Educaci\u00f3 Infantil 0-6 de les Terres de l&#8217;Ebre (11 de desembre de [&hellip;]<\/p>\n<\/div>\n    <\/div>\n<\/div>\n\n\t\t\t\t\t\t\t<\/div>\n\t\t\t\t\t\t\t\t\t\t\t\t\t<div class=\"wp-block-getwid-post-carousel__slide\">\n\t\t\t\t\t\t\t\t\n<div class=\"wp-block-getwid-post-carousel__post\">\n            <div class=\"wp-block-getwid-post-carousel__post-thumbnail\">\n            <a href=\"https:\/\/serveiseducatius.xtec.cat\/montsia\/general\/sessio-de-treball-del-grup-arrels-xarxa-0-6-de-terres-de-lebre\/\"><img loading=\"lazy\" decoding=\"async\" width=\"1059\" height=\"568\" src=\"https:\/\/serveiseducatius.xtec.cat\/montsia\/wp-content\/uploads\/usu1125\/2025\/12\/grup-arrels-xeite.png\" class=\"attachment-post-thumbnail size-post-thumbnail wp-post-image\" alt=\"\" srcset=\"https:\/\/serveiseducatius.xtec.cat\/montsia\/wp-content\/uploads\/usu1125\/2025\/12\/grup-arrels-xeite.png 1059w, https:\/\/serveiseducatius.xtec.cat\/montsia\/wp-content\/uploads\/usu1125\/2025\/12\/grup-arrels-xeite-300x161.png 300w, https:\/\/serveiseducatius.xtec.cat\/montsia\/wp-content\/uploads\/usu1125\/2025\/12\/grup-arrels-xeite-1024x549.png 1024w, https:\/\/serveiseducatius.xtec.cat\/montsia\/wp-content\/uploads\/usu1125\/2025\/12\/grup-arrels-xeite-768x412.png 768w\" sizes=\"auto, (max-width: 1059px) 100vw, 1059px\" \/><\/a>\n        <\/div>\n        <div class=\"wp-block-getwid-post-carousel__post-content-wrapper\">\n        <div class=\"wp-block-getwid-post-carousel__post-header\">\n            <h3 class=\"wp-block-getwid-post-carousel__post-title\"><a href=\"https:\/\/serveiseducatius.xtec.cat\/montsia\/general\/sessio-de-treball-del-grup-arrels-xarxa-0-6-de-terres-de-lebre\/\">Sessi\u00f3 de treball del Grup Arrels (Xarxa 0-6 de Terres de l&#8217;Ebre)<\/a><\/h3>        <\/div>\n        <div class=\"wp-block-getwid-post-carousel__post-excerpt\"><p>La Xarxa 0-6 de Terres de l&#8217;Ebre est\u00e0 formada per diversos Nodes (grup arrels, grup troncal, grup ramal, grup fullam, [&hellip;]<\/p>\n<\/div>\n    <\/div>\n<\/div>\n\n\t\t\t\t\t\t\t<\/div>\n\t\t\t\t\t\t\t\t\t\t\t\t\t<div class=\"wp-block-getwid-post-carousel__slide\">\n\t\t\t\t\t\t\t\t\n<div class=\"wp-block-getwid-post-carousel__post\">\n            <div class=\"wp-block-getwid-post-carousel__post-thumbnail\">\n            <a href=\"https:\/\/serveiseducatius.xtec.cat\/montsia\/general\/xvii-jornada-deducacio-infantil-de-les-terres-de-lebre\/\"><img loading=\"lazy\" decoding=\"async\" width=\"1600\" height=\"1067\" src=\"https:\/\/serveiseducatius.xtec.cat\/montsia\/wp-content\/uploads\/usu1125\/2025\/02\/jornada-primaria-terres-ebre-2025-edited.jpg\" class=\"attachment-post-thumbnail size-post-thumbnail wp-post-image\" alt=\"\" srcset=\"https:\/\/serveiseducatius.xtec.cat\/montsia\/wp-content\/uploads\/usu1125\/2025\/02\/jornada-primaria-terres-ebre-2025-edited.jpg 1600w, https:\/\/serveiseducatius.xtec.cat\/montsia\/wp-content\/uploads\/usu1125\/2025\/02\/jornada-primaria-terres-ebre-2025-edited-300x200.jpg 300w, https:\/\/serveiseducatius.xtec.cat\/montsia\/wp-content\/uploads\/usu1125\/2025\/02\/jornada-primaria-terres-ebre-2025-edited-1024x683.jpg 1024w, https:\/\/serveiseducatius.xtec.cat\/montsia\/wp-content\/uploads\/usu1125\/2025\/02\/jornada-primaria-terres-ebre-2025-edited-768x512.jpg 768w, https:\/\/serveiseducatius.xtec.cat\/montsia\/wp-content\/uploads\/usu1125\/2025\/02\/jornada-primaria-terres-ebre-2025-edited-1536x1024.jpg 1536w\" sizes=\"auto, (max-width: 1600px) 100vw, 1600px\" \/><\/a>\n        <\/div>\n        <div class=\"wp-block-getwid-post-carousel__post-content-wrapper\">\n        <div class=\"wp-block-getwid-post-carousel__post-header\">\n            <h3 class=\"wp-block-getwid-post-carousel__post-title\"><a href=\"https:\/\/serveiseducatius.xtec.cat\/montsia\/general\/xvii-jornada-deducacio-infantil-de-les-terres-de-lebre\/\">XVII Jornada d&#8217;Educaci\u00f3 Infantil de les Terres de l&#8217;Ebre<\/a><\/h3>        <\/div>\n        <div class=\"wp-block-getwid-post-carousel__post-excerpt\"><p>Sota el t\u00edtol &#8220;Mirada Atenta a l&#8217;educaci\u00f3 infantil. la Ci\u00e8ncia des d&#8217;una mirada cr\u00edtica i indagadora&#8221;, el dissabte 15 de [&hellip;]<\/p>\n<\/div>\n    <\/div>\n<\/div>\n\n\t\t\t\t\t\t\t<\/div>\n\t\t\t\t\t\t            <\/div>\n        <\/div>\n        \n\n\n<p class=\"has-large-font-size\"><strong>Xarxa 0-6<\/strong> <strong>a les Terres de l&#8217;Ebre<\/strong> (XEITE)<\/p>\n\n\n\n<p>La Xarxa de Centres d\u2019Educaci\u00f3 Infantil de les Terres de l\u2019Ebre va sorgir arran de la necessitat d\u2019oferir formaci\u00f3 de qualitat per a les educadores de les llars d\u2019infants del nostre territori, aix\u00ed com teixir vincles entre elles per compartir experi\u00e8ncies i aprendre entre iguals i posar en valor el primer cicle d\u2019educaci\u00f3 infantil.<\/p>\n\n\n\n<p>El curs 2021-22, encara en post-pand\u00e8mica, es va organitzar un seminari de coordinaci\u00f3 telem\u00e0tic i una jornada presencial a final de curs. \u00c9s en aquesta darrera jornada quan es creu convenient formar una Xarxa que aglutini els centres que imparteixen el 1r cicle d\u2019educaci\u00f3 infantil.<\/p>\n\n\n\n<p>La Xarxa es crea oficialment el curs 22-23. Durant el 1r trimestre es constitueixen diferents grups de coordinaci\u00f3 (grup troncal i grup arrels) i es presenta la Xarxa a les direccions de llars d\u2019infants, escoles bressol, col\u00b7legis i escoles rurals que imparteixen educaci\u00f3 0-3. Aquest mateix curs s\u2019ofereix formaci\u00f3 sobre cultura d\u2019inf\u00e0ncia i curr\u00edculum amb una formadora referent a nivell de Catalunya, adre\u00e7ada a totes les educadores de llars i escoles.<\/p>\n\n\n\n<figure class=\"wp-block-gallery has-nested-images columns-default is-cropped wp-block-gallery-1 is-layout-flex wp-block-gallery-is-layout-flex\">\n<figure class=\"wp-block-image size-large\"><a href=\"https:\/\/serveiseducatius.xtec.cat\/montsia\/wp-content\/uploads\/usu1125\/2025\/12\/xeite-1.png\"><img loading=\"lazy\" decoding=\"async\" width=\"538\" height=\"217\" data-id=\"16936\" src=\"https:\/\/serveiseducatius.xtec.cat\/montsia\/wp-content\/uploads\/usu1125\/2025\/12\/xeite-1.png\" alt=\"\" class=\"wp-image-16936\" srcset=\"https:\/\/serveiseducatius.xtec.cat\/montsia\/wp-content\/uploads\/usu1125\/2025\/12\/xeite-1.png 538w, https:\/\/serveiseducatius.xtec.cat\/montsia\/wp-content\/uploads\/usu1125\/2025\/12\/xeite-1-300x121.png 300w\" sizes=\"auto, (max-width: 538px) 100vw, 538px\" \/><\/a><\/figure>\n\n\n\n<figure class=\"wp-block-image size-large\"><a href=\"https:\/\/serveiseducatius.xtec.cat\/montsia\/wp-content\/uploads\/usu1125\/2025\/12\/xeite-2.png\"><img loading=\"lazy\" decoding=\"async\" width=\"437\" height=\"178\" data-id=\"16937\" src=\"https:\/\/serveiseducatius.xtec.cat\/montsia\/wp-content\/uploads\/usu1125\/2025\/12\/xeite-2.png\" alt=\"\" class=\"wp-image-16937\" srcset=\"https:\/\/serveiseducatius.xtec.cat\/montsia\/wp-content\/uploads\/usu1125\/2025\/12\/xeite-2.png 437w, https:\/\/serveiseducatius.xtec.cat\/montsia\/wp-content\/uploads\/usu1125\/2025\/12\/xeite-2-300x122.png 300w\" sizes=\"auto, (max-width: 437px) 100vw, 437px\" \/><\/a><\/figure>\n\n\n\n<figure class=\"wp-block-image size-large\"><a href=\"https:\/\/serveiseducatius.xtec.cat\/montsia\/wp-content\/uploads\/usu1125\/2025\/12\/xeite-3.png\"><img loading=\"lazy\" decoding=\"async\" width=\"453\" height=\"256\" data-id=\"16938\" src=\"https:\/\/serveiseducatius.xtec.cat\/montsia\/wp-content\/uploads\/usu1125\/2025\/12\/xeite-3.png\" alt=\"\" class=\"wp-image-16938\" srcset=\"https:\/\/serveiseducatius.xtec.cat\/montsia\/wp-content\/uploads\/usu1125\/2025\/12\/xeite-3.png 453w, https:\/\/serveiseducatius.xtec.cat\/montsia\/wp-content\/uploads\/usu1125\/2025\/12\/xeite-3-300x170.png 300w\" sizes=\"auto, (max-width: 453px) 100vw, 453px\" \/><\/a><\/figure>\n\n\n\n<figure class=\"wp-block-image size-large\"><a href=\"https:\/\/serveiseducatius.xtec.cat\/montsia\/wp-content\/uploads\/usu1125\/2025\/12\/xeite-4.png\"><img loading=\"lazy\" decoding=\"async\" width=\"542\" height=\"276\" data-id=\"16940\" src=\"https:\/\/serveiseducatius.xtec.cat\/montsia\/wp-content\/uploads\/usu1125\/2025\/12\/xeite-4.png\" alt=\"\" class=\"wp-image-16940\" srcset=\"https:\/\/serveiseducatius.xtec.cat\/montsia\/wp-content\/uploads\/usu1125\/2025\/12\/xeite-4.png 542w, https:\/\/serveiseducatius.xtec.cat\/montsia\/wp-content\/uploads\/usu1125\/2025\/12\/xeite-4-300x153.png 300w\" sizes=\"auto, (max-width: 542px) 100vw, 542px\" \/><\/a><\/figure>\n\n\n\n<figure class=\"wp-block-image size-large\"><a href=\"https:\/\/serveiseducatius.xtec.cat\/montsia\/wp-content\/uploads\/usu1125\/2025\/12\/xeite-5.png\"><img loading=\"lazy\" decoding=\"async\" width=\"577\" height=\"319\" data-id=\"16939\" src=\"https:\/\/serveiseducatius.xtec.cat\/montsia\/wp-content\/uploads\/usu1125\/2025\/12\/xeite-5.png\" alt=\"\" class=\"wp-image-16939\" srcset=\"https:\/\/serveiseducatius.xtec.cat\/montsia\/wp-content\/uploads\/usu1125\/2025\/12\/xeite-5.png 577w, https:\/\/serveiseducatius.xtec.cat\/montsia\/wp-content\/uploads\/usu1125\/2025\/12\/xeite-5-300x166.png 300w\" sizes=\"auto, (max-width: 577px) 100vw, 577px\" \/><\/a><\/figure>\n<\/figure>\n\n\n\n<p>Durant el 2n i 3r any de la Xarxa comptem amb l\u2019acompanyament d\u2019una persona experta que ens orienta cap a on hem d\u2019anar quant a prioritats de formaci\u00f3 i transformaci\u00f3 de centres. Organitzem formacions amb aquesta referent , aix\u00ed com visites a llars d\u2019infants de diversos llocs de Catalunya. Aquests dos cursos tamb\u00e9 visitem centres educatius del nostre territori, per posar en valor el que fem i afavorir espais d\u2019intercanvi entre les professionals del primer cicle d\u2019educaci\u00f3 infantil.<\/p>\n\n\n\n<p>Un cop consolidada la Xarxa 0-3, a finals del curs 24-25, es veu la necessitat d\u2019ampliar-la a centres que imparteixen el 2n cicle d\u2019EI per garantir una continu\u00eftat pedag\u00f2gica i crear vincles entre els centres que imparteixen els primer cicle d\u2019EI i tenint molt present que hi ha un \u00fanic decret que regula a tota l\u2019EI.<\/p>\n\n\n\n<p>\u00c9s aix\u00ed com s\u2019expandeix la Xarxa de Centres d\u2019Educaci\u00f3 Infantil 0-3 de les Terres de l\u2019Ebre i aquest curs 2025-26 donem el tret de sortida a la Xarxa 0-6.<\/p>\n\n\n\n<figure class=\"wp-block-image aligncenter size-full is-resized\"><a href=\"https:\/\/serveiseducatius.xtec.cat\/montsia\/wp-content\/uploads\/usu1125\/2025\/12\/Logo-XEITE.jpg\"><img loading=\"lazy\" decoding=\"async\" width=\"831\" height=\"779\" src=\"https:\/\/serveiseducatius.xtec.cat\/montsia\/wp-content\/uploads\/usu1125\/2025\/12\/Logo-XEITE.jpg\" alt=\"\" class=\"wp-image-16946\" style=\"width:325px;height:auto\" srcset=\"https:\/\/serveiseducatius.xtec.cat\/montsia\/wp-content\/uploads\/usu1125\/2025\/12\/Logo-XEITE.jpg 831w, https:\/\/serveiseducatius.xtec.cat\/montsia\/wp-content\/uploads\/usu1125\/2025\/12\/Logo-XEITE-300x281.jpg 300w, https:\/\/serveiseducatius.xtec.cat\/montsia\/wp-content\/uploads\/usu1125\/2025\/12\/Logo-XEITE-768x720.jpg 768w\" sizes=\"auto, (max-width: 831px) 100vw, 831px\" \/><\/a><\/figure>\n\n\n\n<p>La xarxa 0-6 e Terres de l&#8217;Ebre implica a 70 centres educatius de tot el territori. Pel que fa al Montsi\u00e0, els centres participants s\u00f3n:<\/p>\n\n\n\n<ul class=\"wp-block-list\">\n<li>EB Ferrer i Gu\u00e0rdia<\/li>\n\n\n\n<li>LI Mare de D\u00e9u del Roser<\/li>\n\n\n\n<li>LI de La S\u00e9nia<\/li>\n\n\n\n<li>LI Xip-Xap<\/li>\n\n\n\n<li>LI La Gruneta<\/li>\n\n\n\n<li>LI La Sequieta<\/li>\n\n\n\n<li>ESC Soriano Montagut<\/li>\n\n\n\n<li>ESC Carles III<\/li>\n\n\n\n<li>ZER Montsi\u00e0<\/li>\n\n\n\n<li>ESC Maria Jes\u00fas Ort\u00ed i Abella<\/li>\n\n\n\n<li>ESC Setze de Febrer<\/li>\n\n\n\n<li>ESC Consol Ferr\u00e9<\/li>\n\n\n\n<li>ESC Sant Jaume<\/li>\n\n\n\n<li>IE Agust\u00ed Barber\u00e0<\/li>\n\n\n\n<li>CRP del Montsi\u00e0<\/li>\n<\/ul>\n","protected":false},"excerpt":{"rendered":"<p>Xarxa 0-6 a les Terres de l&#8217;Ebre (XEITE) La Xarxa de Centres d\u2019Educaci\u00f3 Infantil de les Terres de l\u2019Ebre va [&hellip;]<\/p>\n","protected":false},"author":1,"featured_media":0,"parent":16753,"menu_order":0,"comment_status":"closed","ping_status":"close","template":"","meta":{"_bbp_topic_count":0,"_bbp_reply_count":0,"_bbp_total_topic_count":0,"_bbp_total_reply_count":0,"_bbp_voice_count":0,"_bbp_anonymous_reply_count":0,"_bbp_topic_count_hidden":0,"_bbp_reply_count_hidden":0,"_bbp_forum_subforum_count":0,"site-sidebar-layout":"default","site-content-layout":"","ast-site-content-layout":"default","site-content-style":"default","site-sidebar-style":"default","ast-global-header-display":"","ast-banner-title-visibility":"","ast-main-header-display":"","ast-hfb-above-header-display":"","ast-hfb-below-header-display":"","ast-hfb-mobile-header-display":"","site-post-title":"","ast-breadcrumbs-content":"","ast-featured-img":"","footer-sml-layout":"","theme-transparent-header-meta":"","adv-header-id-meta":"","stick-header-meta":"","header-above-stick-meta":"","header-main-stick-meta":"","header-below-stick-meta":"","astra-migrate-meta-layouts":"set","ast-page-background-enabled":"default","ast-page-background-meta":{"desktop":{"background-color":"var(--ast-global-color-4)","background-image":"","background-repeat":"repeat","background-position":"center center","background-size":"auto","background-attachment":"scroll","background-type":"","background-media":"","overlay-type":"","overlay-color":"","overlay-opacity":"","overlay-gradient":""},"tablet":{"background-color":"","background-image":"","background-repeat":"repeat","background-position":"center center","background-size":"auto","background-attachment":"scroll","background-type":"","background-media":"","overlay-type":"","overlay-color":"","overlay-opacity":"","overlay-gradient":""},"mobile":{"background-color":"","background-image":"","background-repeat":"repeat","background-position":"center center","background-size":"auto","background-attachment":"scroll","background-type":"","background-media":"","overlay-type":"","overlay-color":"","overlay-opacity":"","overlay-gradient":""}},"ast-content-background-meta":{"desktop":{"background-color":"var(--ast-global-color-5)","background-image":"","background-repeat":"repeat","background-position":"center center","background-size":"auto","background-attachment":"scroll","background-type":"","background-media":"","overlay-type":"","overlay-color":"","overlay-opacity":"","overlay-gradient":""},"tablet":{"background-color":"var(--ast-global-color-5)","background-image":"","background-repeat":"repeat","background-position":"center center","background-size":"auto","background-attachment":"scroll","background-type":"","background-media":"","overlay-type":"","overlay-color":"","overlay-opacity":"","overlay-gradient":""},"mobile":{"background-color":"var(--ast-global-color-5)","background-image":"","background-repeat":"repeat","background-position":"center center","background-size":"auto","background-attachment":"scroll","background-type":"","background-media":"","overlay-type":"","overlay-color":"","overlay-opacity":"","overlay-gradient":""}},"footnotes":""},"class_list":["post-16764","page","type-page","status-publish","hentry"],"post_mailing_queue_ids":[],"_links":{"self":[{"href":"https:\/\/serveiseducatius.xtec.cat\/montsia\/wp-json\/wp\/v2\/pages\/16764","targetHints":{"allow":["GET"]}}],"collection":[{"href":"https:\/\/serveiseducatius.xtec.cat\/montsia\/wp-json\/wp\/v2\/pages"}],"about":[{"href":"https:\/\/serveiseducatius.xtec.cat\/montsia\/wp-json\/wp\/v2\/types\/page"}],"author":[{"embeddable":true,"href":"https:\/\/serveiseducatius.xtec.cat\/montsia\/wp-json\/wp\/v2\/users\/1"}],"replies":[{"embeddable":true,"href":"https:\/\/serveiseducatius.xtec.cat\/montsia\/wp-json\/wp\/v2\/comments?post=16764"}],"version-history":[{"count":5,"href":"https:\/\/serveiseducatius.xtec.cat\/montsia\/wp-json\/wp\/v2\/pages\/16764\/revisions"}],"predecessor-version":[{"id":17046,"href":"https:\/\/serveiseducatius.xtec.cat\/montsia\/wp-json\/wp\/v2\/pages\/16764\/revisions\/17046"}],"up":[{"embeddable":true,"href":"https:\/\/serveiseducatius.xtec.cat\/montsia\/wp-json\/wp\/v2\/pages\/16753"}],"wp:attachment":[{"href":"https:\/\/serveiseducatius.xtec.cat\/montsia\/wp-json\/wp\/v2\/media?parent=16764"}],"curies":[{"name":"wp","href":"https:\/\/api.w.org\/{rel}","templated":true}]}}