{"id":16756,"date":"2025-11-21T20:47:40","date_gmt":"2025-11-21T19:47:40","guid":{"rendered":"https:\/\/serveiseducatius.xtec.cat\/montsia\/?page_id=16756"},"modified":"2025-11-24T13:49:32","modified_gmt":"2025-11-24T12:49:32","slug":"xarxa-seez-del-montsia","status":"publish","type":"page","link":"https:\/\/serveiseducatius.xtec.cat\/montsia\/xarxes\/xarxa-seez-del-montsia\/","title":{"rendered":"Xarxa SEEZ del Montsi\u00e0"},"content":{"rendered":"\n        <div class=\"wp-block-getwid-post-carousel custom-post-type-post has-slides-gap-small is-carousel has-arrows-inside has-dots-outside\">\n            <div data-slider-option=\"{&quot;sliderSlidesToShowDesktop&quot;:&quot;2&quot;,&quot;getwid_slidesToShowLaptop&quot;:&quot;1&quot;,&quot;getwid_slidesToShowTablet&quot;:&quot;1&quot;,&quot;getwid_slidesToShowMobile&quot;:&quot;1&quot;,&quot;getwid_autoplay_speed&quot;:3000,&quot;getwid_animation_speed&quot;:800,&quot;getwid_slidesToScroll&quot;:&quot;1&quot;,&quot;getwid_autoplay&quot;:true,&quot;getwid_pause_on_hover&quot;:false,&quot;getwid_infinite&quot;:true,&quot;getwid_center_mode&quot;:false,&quot;getwid_arrows&quot;:&quot;inside&quot;,&quot;getwid_dots&quot;:&quot;outside&quot;}\" class=\"wp-block-getwid-post-carousel__wrapper\">\n                \t\t\t\t\t\t\t<div class=\"wp-block-getwid-post-carousel__slide\">\n\t\t\t\t\t\t\t\t\n<div class=\"wp-block-getwid-post-carousel__post\">\n            <div class=\"wp-block-getwid-post-carousel__post-thumbnail\">\n            <a href=\"https:\/\/serveiseducatius.xtec.cat\/montsia\/general\/cinquena-sessio-formacio-seez-curs-2024-2025\/\"><img loading=\"lazy\" decoding=\"async\" width=\"470\" height=\"472\" src=\"https:\/\/serveiseducatius.xtec.cat\/montsia\/wp-content\/uploads\/usu1125\/2025\/04\/5a-sessio-SEEZ-24-25.png\" class=\"attachment-post-thumbnail size-post-thumbnail wp-post-image\" alt=\"\" srcset=\"https:\/\/serveiseducatius.xtec.cat\/montsia\/wp-content\/uploads\/usu1125\/2025\/04\/5a-sessio-SEEZ-24-25.png 470w, https:\/\/serveiseducatius.xtec.cat\/montsia\/wp-content\/uploads\/usu1125\/2025\/04\/5a-sessio-SEEZ-24-25-300x300.png 300w, https:\/\/serveiseducatius.xtec.cat\/montsia\/wp-content\/uploads\/usu1125\/2025\/04\/5a-sessio-SEEZ-24-25-150x150.png 150w\" sizes=\"auto, (max-width: 470px) 100vw, 470px\" \/><\/a>\n        <\/div>\n        <div class=\"wp-block-getwid-post-carousel__post-content-wrapper\">\n        <div class=\"wp-block-getwid-post-carousel__post-header\">\n            <h3 class=\"wp-block-getwid-post-carousel__post-title\"><a href=\"https:\/\/serveiseducatius.xtec.cat\/montsia\/general\/cinquena-sessio-formacio-seez-curs-2024-2025\/\">Cinquena sessi\u00f3 Formaci\u00f3 SEEZ curs 2024 -2025<\/a><\/h3>        <\/div>\n        <div class=\"wp-block-getwid-post-carousel__post-excerpt\"><p>En el marc del Seminari de professionals que fan suport a la inclusi\u00f3: Despertant els sentits per a l\u2019aprenentatge, el [&hellip;]<\/p>\n<\/div>\n    <\/div>\n<\/div>\n\n\t\t\t\t\t\t\t<\/div>\n\t\t\t\t\t\t\t\t\t\t\t\t\t<div class=\"wp-block-getwid-post-carousel__slide\">\n\t\t\t\t\t\t\t\t\n<div class=\"wp-block-getwid-post-carousel__post\">\n            <div class=\"wp-block-getwid-post-carousel__post-thumbnail\">\n            <a href=\"https:\/\/serveiseducatius.xtec.cat\/montsia\/general\/quarta-sessio-formacio-seez-curs-2024-2025\/\"><img loading=\"lazy\" decoding=\"async\" width=\"597\" height=\"356\" src=\"https:\/\/serveiseducatius.xtec.cat\/montsia\/wp-content\/uploads\/usu1125\/2025\/04\/4a-sessio-SEEZ-24-25.png\" class=\"attachment-post-thumbnail size-post-thumbnail wp-post-image\" alt=\"\" srcset=\"https:\/\/serveiseducatius.xtec.cat\/montsia\/wp-content\/uploads\/usu1125\/2025\/04\/4a-sessio-SEEZ-24-25.png 597w, https:\/\/serveiseducatius.xtec.cat\/montsia\/wp-content\/uploads\/usu1125\/2025\/04\/4a-sessio-SEEZ-24-25-300x179.png 300w\" sizes=\"auto, (max-width: 597px) 100vw, 597px\" \/><\/a>\n        <\/div>\n        <div class=\"wp-block-getwid-post-carousel__post-content-wrapper\">\n        <div class=\"wp-block-getwid-post-carousel__post-header\">\n            <h3 class=\"wp-block-getwid-post-carousel__post-title\"><a href=\"https:\/\/serveiseducatius.xtec.cat\/montsia\/general\/quarta-sessio-formacio-seez-curs-2024-2025\/\">Quarta sessi\u00f3 Formaci\u00f3 SEEZ curs 2024 -2025<\/a><\/h3>        <\/div>\n        <div class=\"wp-block-getwid-post-carousel__post-excerpt\"><p>En el marc del Seminari de professionals que fan suport a la inclusi\u00f3: Despertant els sentits per a l\u2019aprenentatge, el [&hellip;]<\/p>\n<\/div>\n    <\/div>\n<\/div>\n\n\t\t\t\t\t\t\t<\/div>\n\t\t\t\t\t\t\t\t\t\t\t\t\t<div class=\"wp-block-getwid-post-carousel__slide\">\n\t\t\t\t\t\t\t\t\n<div class=\"wp-block-getwid-post-carousel__post\">\n            <div class=\"wp-block-getwid-post-carousel__post-thumbnail\">\n            <a href=\"https:\/\/serveiseducatius.xtec.cat\/montsia\/general\/tercera-sessio-formacio-seez-curs-2024-2025\/\"><img loading=\"lazy\" decoding=\"async\" width=\"553\" height=\"314\" src=\"https:\/\/serveiseducatius.xtec.cat\/montsia\/wp-content\/uploads\/usu1125\/2025\/03\/3a-sessio-SEEZ-24-25.png\" class=\"attachment-post-thumbnail size-post-thumbnail wp-post-image\" alt=\"\" srcset=\"https:\/\/serveiseducatius.xtec.cat\/montsia\/wp-content\/uploads\/usu1125\/2025\/03\/3a-sessio-SEEZ-24-25.png 553w, https:\/\/serveiseducatius.xtec.cat\/montsia\/wp-content\/uploads\/usu1125\/2025\/03\/3a-sessio-SEEZ-24-25-300x170.png 300w\" sizes=\"auto, (max-width: 553px) 100vw, 553px\" \/><\/a>\n        <\/div>\n        <div class=\"wp-block-getwid-post-carousel__post-content-wrapper\">\n        <div class=\"wp-block-getwid-post-carousel__post-header\">\n            <h3 class=\"wp-block-getwid-post-carousel__post-title\"><a href=\"https:\/\/serveiseducatius.xtec.cat\/montsia\/general\/tercera-sessio-formacio-seez-curs-2024-2025\/\">Tercera sessi\u00f3 Formaci\u00f3 SEEZ curs 2024 -2025<\/a><\/h3>        <\/div>\n        <div class=\"wp-block-getwid-post-carousel__post-excerpt\"><p>En el marc del Seminari de professionals que fan suport a la inclusi\u00f3: Despertant els sentits per a l\u2019aprenentatge, el [&hellip;]<\/p>\n<\/div>\n    <\/div>\n<\/div>\n\n\t\t\t\t\t\t\t<\/div>\n\t\t\t\t\t\t\t\t\t\t\t\t\t<div class=\"wp-block-getwid-post-carousel__slide\">\n\t\t\t\t\t\t\t\t\n<div class=\"wp-block-getwid-post-carousel__post\">\n            <div class=\"wp-block-getwid-post-carousel__post-thumbnail\">\n            <a href=\"https:\/\/serveiseducatius.xtec.cat\/montsia\/general\/segona-sessio-formacio-seez-curs-2024-2025\/\"><img loading=\"lazy\" decoding=\"async\" width=\"379\" height=\"370\" src=\"https:\/\/serveiseducatius.xtec.cat\/montsia\/wp-content\/uploads\/usu1125\/2025\/03\/SEEZ-2025-sessio2.png\" class=\"attachment-post-thumbnail size-post-thumbnail wp-post-image\" alt=\"\" srcset=\"https:\/\/serveiseducatius.xtec.cat\/montsia\/wp-content\/uploads\/usu1125\/2025\/03\/SEEZ-2025-sessio2.png 379w, https:\/\/serveiseducatius.xtec.cat\/montsia\/wp-content\/uploads\/usu1125\/2025\/03\/SEEZ-2025-sessio2-300x293.png 300w\" sizes=\"auto, (max-width: 379px) 100vw, 379px\" \/><\/a>\n        <\/div>\n        <div class=\"wp-block-getwid-post-carousel__post-content-wrapper\">\n        <div class=\"wp-block-getwid-post-carousel__post-header\">\n            <h3 class=\"wp-block-getwid-post-carousel__post-title\"><a href=\"https:\/\/serveiseducatius.xtec.cat\/montsia\/general\/segona-sessio-formacio-seez-curs-2024-2025\/\">Segona sessi\u00f3 Formaci\u00f3 SEEZ curs 2024 -2025<\/a><\/h3>        <\/div>\n        <div class=\"wp-block-getwid-post-carousel__post-excerpt\"><p>En el marc del Seminari de professionals que fan suport a la inclusi\u00f3: Despertant els sentits per a l\u2019aprenentatge, el [&hellip;]<\/p>\n<\/div>\n    <\/div>\n<\/div>\n\n\t\t\t\t\t\t\t<\/div>\n\t\t\t\t\t\t\t\t\t\t\t\t\t<div class=\"wp-block-getwid-post-carousel__slide\">\n\t\t\t\t\t\t\t\t\n<div class=\"wp-block-getwid-post-carousel__post\">\n            <div class=\"wp-block-getwid-post-carousel__post-thumbnail\">\n            <a href=\"https:\/\/serveiseducatius.xtec.cat\/montsia\/general\/primera-sessio-de-la-xarxa-seez-del-montsia-24-25\/\"><img loading=\"lazy\" decoding=\"async\" width=\"557\" height=\"347\" src=\"https:\/\/serveiseducatius.xtec.cat\/montsia\/wp-content\/uploads\/usu1125\/2025\/03\/SEEZ-2025-sessio1.png\" class=\"attachment-post-thumbnail size-post-thumbnail wp-post-image\" alt=\"\" srcset=\"https:\/\/serveiseducatius.xtec.cat\/montsia\/wp-content\/uploads\/usu1125\/2025\/03\/SEEZ-2025-sessio1.png 557w, https:\/\/serveiseducatius.xtec.cat\/montsia\/wp-content\/uploads\/usu1125\/2025\/03\/SEEZ-2025-sessio1-300x187.png 300w\" sizes=\"auto, (max-width: 557px) 100vw, 557px\" \/><\/a>\n        <\/div>\n        <div class=\"wp-block-getwid-post-carousel__post-content-wrapper\">\n        <div class=\"wp-block-getwid-post-carousel__post-header\">\n            <h3 class=\"wp-block-getwid-post-carousel__post-title\"><a href=\"https:\/\/serveiseducatius.xtec.cat\/montsia\/general\/primera-sessio-de-la-xarxa-seez-del-montsia-24-25\/\">Primera sessi\u00f3 de la Xarxa SEEZ del Montsi\u00e0 24-25<\/a><\/h3>        <\/div>\n        <div class=\"wp-block-getwid-post-carousel__post-excerpt\"><p>En el marc del Seminari de professionals que fan suport a la inclusi\u00f3: Despertant els sentits per a l\u2019aprenentatge, el [&hellip;]<\/p>\n<\/div>\n    <\/div>\n<\/div>\n\n\t\t\t\t\t\t\t<\/div>\n\t\t\t\t\t\t            <\/div>\n        <\/div>\n        \n\n\n<p>El Seminari de professionals que fan suport a la inclusi\u00f3 (SEEZ) \u00e9s una proposta flexible adaptada a les necessitats de cada zona. Pot preveure sessions obertes a tot el professorat, equips directius,\u2026 en temes d\u0092&#8217;atenci\u00f3 a la diversitat, intercanvi d\u0092&#8217;experi\u00e8ncies, xerrades de sensibilitzaci\u00f3\u2026 i potenciar la col\u00b7laboraci\u00f3 amb altres assessors\/es o seminaris que es realitzen a la zona.<\/p>\n\n\n\n<p>Alguns dels objectius que es treballen s\u00f3n:<\/p>\n\n\n\n<ul class=\"wp-block-list\">\n<li>Compartir objectius i criteris per implementar i desenvolupar mesures i suports inclusius en els centres i a la zona.<\/li>\n\n\n\n<li>Disposar d\u0092&#8217;un espai formatiu per intercanviar experi\u00e8ncies entre els centres per a millorar i compartir les estrat\u00e8gies de suport a l\u0092alumnat m\u00e9s vulnerable o amb necessitats educatives especials.<\/li>\n\n\n\n<li>Potenciar la coordinaci\u00f3 i la col\u00b7laboraci\u00f3 entre centres ordinaris i centres d&#8217;\u0092educaci\u00f3 especial per avan\u00e7ar en la inclusi\u00f3.<\/li>\n\n\n\n<li>Proposar activitats a la comunitat educativa per avan\u00e7ar en la inclusi\u00f3 i promoure millores en els models de suport.<\/li>\n<\/ul>\n\n\n\n<p>Continguts que es treballen:<\/p>\n\n\n\n<ul class=\"wp-block-list\">\n<li>El rol dels professionals de suport, estrat\u00e8gies i recursos.<\/li>\n\n\n\n<li>Metodologies per a atendre la diversitat a l\u0092&#8217;aula.<\/li>\n\n\n\n<li>Orientacions, materials i recursos per a la inclusi\u00f3.<\/li>\n\n\n\n<li>Criteris per afavorir la bona gesti\u00f3 dels recursos del centre. \u00das inclusiu dels recursos.<\/li>\n\n\n\n<li>Estrat\u00e8gies, criteris i instruments per a l\u0092atenci\u00f3 a tot l&#8217;alumnat sense excepci\u00f3.<\/li>\n\n\n\n<li>Metodologies i intercanvi d&#8217;\u0092experi\u00e8ncies en relaci\u00f3 a pr\u00e0ctiques educatives que afavoreixen la inclusi\u00f3.<\/li>\n\n\n\n<li>Inclusi\u00f3 digital.<\/li>\n<\/ul>\n","protected":false},"excerpt":{"rendered":"<p>El Seminari de professionals que fan suport a la inclusi\u00f3 (SEEZ) \u00e9s una proposta flexible adaptada a les necessitats de [&hellip;]<\/p>\n","protected":false},"author":1,"featured_media":0,"parent":16753,"menu_order":0,"comment_status":"closed","ping_status":"close","template":"","meta":{"_bbp_topic_count":0,"_bbp_reply_count":0,"_bbp_total_topic_count":0,"_bbp_total_reply_count":0,"_bbp_voice_count":0,"_bbp_anonymous_reply_count":0,"_bbp_topic_count_hidden":0,"_bbp_reply_count_hidden":0,"_bbp_forum_subforum_count":0,"site-sidebar-layout":"default","site-content-layout":"","ast-site-content-layout":"default","site-content-style":"default","site-sidebar-style":"default","ast-global-header-display":"","ast-banner-title-visibility":"","ast-main-header-display":"","ast-hfb-above-header-display":"","ast-hfb-below-header-display":"","ast-hfb-mobile-header-display":"","site-post-title":"","ast-breadcrumbs-content":"","ast-featured-img":"","footer-sml-layout":"","theme-transparent-header-meta":"","adv-header-id-meta":"","stick-header-meta":"","header-above-stick-meta":"","header-main-stick-meta":"","header-below-stick-meta":"","astra-migrate-meta-layouts":"set","ast-page-background-enabled":"default","ast-page-background-meta":{"desktop":{"background-color":"var(--ast-global-color-4)","background-image":"","background-repeat":"repeat","background-position":"center center","background-size":"auto","background-attachment":"scroll","background-type":"","background-media":"","overlay-type":"","overlay-color":"","overlay-opacity":"","overlay-gradient":""},"tablet":{"background-color":"","background-image":"","background-repeat":"repeat","background-position":"center center","background-size":"auto","background-attachment":"scroll","background-type":"","background-media":"","overlay-type":"","overlay-color":"","overlay-opacity":"","overlay-gradient":""},"mobile":{"background-color":"","background-image":"","background-repeat":"repeat","background-position":"center center","background-size":"auto","background-attachment":"scroll","background-type":"","background-media":"","overlay-type":"","overlay-color":"","overlay-opacity":"","overlay-gradient":""}},"ast-content-background-meta":{"desktop":{"background-color":"var(--ast-global-color-5)","background-image":"","background-repeat":"repeat","background-position":"center center","background-size":"auto","background-attachment":"scroll","background-type":"","background-media":"","overlay-type":"","overlay-color":"","overlay-opacity":"","overlay-gradient":""},"tablet":{"background-color":"var(--ast-global-color-5)","background-image":"","background-repeat":"repeat","background-position":"center center","background-size":"auto","background-attachment":"scroll","background-type":"","background-media":"","overlay-type":"","overlay-color":"","overlay-opacity":"","overlay-gradient":""},"mobile":{"background-color":"var(--ast-global-color-5)","background-image":"","background-repeat":"repeat","background-position":"center center","background-size":"auto","background-attachment":"scroll","background-type":"","background-media":"","overlay-type":"","overlay-color":"","overlay-opacity":"","overlay-gradient":""}},"footnotes":""},"class_list":["post-16756","page","type-page","status-publish","hentry"],"post_mailing_queue_ids":[],"_links":{"self":[{"href":"https:\/\/serveiseducatius.xtec.cat\/montsia\/wp-json\/wp\/v2\/pages\/16756","targetHints":{"allow":["GET"]}}],"collection":[{"href":"https:\/\/serveiseducatius.xtec.cat\/montsia\/wp-json\/wp\/v2\/pages"}],"about":[{"href":"https:\/\/serveiseducatius.xtec.cat\/montsia\/wp-json\/wp\/v2\/types\/page"}],"author":[{"embeddable":true,"href":"https:\/\/serveiseducatius.xtec.cat\/montsia\/wp-json\/wp\/v2\/users\/1"}],"replies":[{"embeddable":true,"href":"https:\/\/serveiseducatius.xtec.cat\/montsia\/wp-json\/wp\/v2\/comments?post=16756"}],"version-history":[{"count":4,"href":"https:\/\/serveiseducatius.xtec.cat\/montsia\/wp-json\/wp\/v2\/pages\/16756\/revisions"}],"predecessor-version":[{"id":16835,"href":"https:\/\/serveiseducatius.xtec.cat\/montsia\/wp-json\/wp\/v2\/pages\/16756\/revisions\/16835"}],"up":[{"embeddable":true,"href":"https:\/\/serveiseducatius.xtec.cat\/montsia\/wp-json\/wp\/v2\/pages\/16753"}],"wp:attachment":[{"href":"https:\/\/serveiseducatius.xtec.cat\/montsia\/wp-json\/wp\/v2\/media?parent=16756"}],"curies":[{"name":"wp","href":"https:\/\/api.w.org\/{rel}","templated":true}]}}