{"id":16221,"date":"2025-03-06T16:51:38","date_gmt":"2025-03-06T15:51:38","guid":{"rendered":"https:\/\/serveiseducatius.xtec.cat\/montsia\/?page_id=16221"},"modified":"2025-12-02T14:21:21","modified_gmt":"2025-12-02T13:21:21","slug":"revistes-radios-i-videos-en-linia","status":"publish","type":"page","link":"https:\/\/serveiseducatius.xtec.cat\/montsia\/revistes-radios-i-videos-en-linia\/","title":{"rendered":"Revistes, r\u00e0dios i v\u00eddeos en l\u00ednia"},"content":{"rendered":"\n<div class=\"wp-block-columns\">\n<table class=\" aligncenter\" style=\"width: 100%; border-collapse: collapse;\">\n<tbody>\n<tr>\n<td style=\"width: 25%;\">INS Manuel Sales i Ferr\u00e9<\/td>\n<td style=\"width: 25%;\"><a href=\"https:\/\/agora.xtec.cat\/ies-manuel-sales\/serveis\/revista\/\" target=\"_blank\" rel=\"noopener\"><img loading=\"lazy\" decoding=\"async\" class=\"wp-image-16222 aligncenter\" src=\"https:\/\/serveiseducatius.xtec.cat\/montsia\/wp-content\/uploads\/usu1125\/2025\/03\/revista-2.png\" alt=\"\" width=\"75\" height=\"75\" srcset=\"https:\/\/serveiseducatius.xtec.cat\/montsia\/wp-content\/uploads\/usu1125\/2025\/03\/revista-2.png 512w, https:\/\/serveiseducatius.xtec.cat\/montsia\/wp-content\/uploads\/usu1125\/2025\/03\/revista-2-300x300.png 300w, https:\/\/serveiseducatius.xtec.cat\/montsia\/wp-content\/uploads\/usu1125\/2025\/03\/revista-2-150x150.png 150w\" sizes=\"auto, (max-width: 75px) 100vw, 75px\" \/><\/a><\/td>\n<td style=\"width: 25%;\">\u00a0<\/td>\n<td style=\"width: 25%;\">\u00a0<\/td>\n<\/tr>\n<tr>\n<td style=\"width: 25%;\">ESC Joan Baptista Serra<\/td>\n<td style=\"width: 25%;\">\u00a0<\/td>\n<td style=\"width: 25%; text-align: center; vertical-align: middle;\"><a href=\"https:\/\/agora.xtec.cat\/ceip-jbserra-alcanar\/radio-jbserra\/\" target=\"_blank\" rel=\"noopener\"><img loading=\"lazy\" decoding=\"async\" class=\"wp-image-16224 aligncenter\" src=\"https:\/\/serveiseducatius.xtec.cat\/montsia\/wp-content\/uploads\/usu1125\/2025\/03\/microfono.png\" alt=\"\" width=\"65\" height=\"65\" srcset=\"https:\/\/serveiseducatius.xtec.cat\/montsia\/wp-content\/uploads\/usu1125\/2025\/03\/microfono.png 512w, https:\/\/serveiseducatius.xtec.cat\/montsia\/wp-content\/uploads\/usu1125\/2025\/03\/microfono-300x300.png 300w, https:\/\/serveiseducatius.xtec.cat\/montsia\/wp-content\/uploads\/usu1125\/2025\/03\/microfono-150x150.png 150w\" sizes=\"auto, (max-width: 65px) 100vw, 65px\" \/><\/a><\/td>\n<td style=\"width: 25%;\"><a href=\"https:\/\/www.youtube.com\/@escolajbserra6912\/videos\" target=\"_blank\" rel=\"noopener\"><img loading=\"lazy\" decoding=\"async\" class=\"wp-image-16225 aligncenter\" src=\"https:\/\/serveiseducatius.xtec.cat\/montsia\/wp-content\/uploads\/usu1125\/2025\/03\/camara-de-video.png\" alt=\"\" width=\"65\" height=\"65\" srcset=\"https:\/\/serveiseducatius.xtec.cat\/montsia\/wp-content\/uploads\/usu1125\/2025\/03\/camara-de-video.png 512w, https:\/\/serveiseducatius.xtec.cat\/montsia\/wp-content\/uploads\/usu1125\/2025\/03\/camara-de-video-300x300.png 300w, https:\/\/serveiseducatius.xtec.cat\/montsia\/wp-content\/uploads\/usu1125\/2025\/03\/camara-de-video-150x150.png 150w\" sizes=\"auto, (max-width: 65px) 100vw, 65px\" \/><\/a><\/td>\n<\/tr>\n<tr>\n<td style=\"width: 25%;\">ESC Ram\u00f3n y Cajal<\/td>\n<td style=\"width: 25%;\">\u00a0<\/td>\n<td style=\"width: 25%;\"><a href=\"https:\/\/agora.xtec.cat\/ceipulldecona\/tag\/radio\/\" target=\"_blank\" rel=\"noopener\"><img loading=\"lazy\" decoding=\"async\" class=\"wp-image-16224 aligncenter\" src=\"https:\/\/serveiseducatius.xtec.cat\/montsia\/wp-content\/uploads\/usu1125\/2025\/03\/microfono.png\" alt=\"\" width=\"65\" height=\"65\" srcset=\"https:\/\/serveiseducatius.xtec.cat\/montsia\/wp-content\/uploads\/usu1125\/2025\/03\/microfono.png 512w, https:\/\/serveiseducatius.xtec.cat\/montsia\/wp-content\/uploads\/usu1125\/2025\/03\/microfono-300x300.png 300w, https:\/\/serveiseducatius.xtec.cat\/montsia\/wp-content\/uploads\/usu1125\/2025\/03\/microfono-150x150.png 150w\" sizes=\"auto, (max-width: 65px) 100vw, 65px\" \/><\/a><\/td>\n<td style=\"width: 25%;\">\u00a0<\/td>\n<\/tr>\n<tr>\n<td style=\"width: 25%;\">ESC Setze de Febrer &#8211; ZER Mediterr\u00e0nia<\/td>\n<td style=\"width: 25%;\"><a href=\"https:\/\/agora.xtec.cat\/zer-mediterrania\/portada\/revista-zer-curs-23-24\/\" target=\"_blank\" rel=\"noopener\"><img loading=\"lazy\" decoding=\"async\" class=\"wp-image-16237 aligncenter\" src=\"https:\/\/serveiseducatius.xtec.cat\/montsia\/wp-content\/uploads\/usu1125\/2025\/03\/revista-3.png\" alt=\"\" width=\"75\" height=\"75\" srcset=\"https:\/\/serveiseducatius.xtec.cat\/montsia\/wp-content\/uploads\/usu1125\/2025\/03\/revista-3.png 512w, https:\/\/serveiseducatius.xtec.cat\/montsia\/wp-content\/uploads\/usu1125\/2025\/03\/revista-3-300x300.png 300w, https:\/\/serveiseducatius.xtec.cat\/montsia\/wp-content\/uploads\/usu1125\/2025\/03\/revista-3-150x150.png 150w\" sizes=\"auto, (max-width: 75px) 100vw, 75px\" \/><\/a><\/td>\n<td style=\"width: 25%; vertical-align: middle;\"><a href=\"https:\/\/agora.xtec.cat\/zer-mediterrania\/general\/radio-muntells-1-curs-24-25\/\" target=\"_blank\" rel=\"noopener\"><img loading=\"lazy\" decoding=\"async\" class=\"wp-image-16238 aligncenter\" src=\"https:\/\/serveiseducatius.xtec.cat\/montsia\/wp-content\/uploads\/usu1125\/2025\/03\/microfono-2.png\" alt=\"\" width=\"65\" height=\"65\" srcset=\"https:\/\/serveiseducatius.xtec.cat\/montsia\/wp-content\/uploads\/usu1125\/2025\/03\/microfono-2.png 512w, https:\/\/serveiseducatius.xtec.cat\/montsia\/wp-content\/uploads\/usu1125\/2025\/03\/microfono-2-300x300.png 300w, https:\/\/serveiseducatius.xtec.cat\/montsia\/wp-content\/uploads\/usu1125\/2025\/03\/microfono-2-150x150.png 150w\" sizes=\"auto, (max-width: 65px) 100vw, 65px\" \/><\/a><\/td>\n<td style=\"width: 25%;\"><a href=\"https:\/\/agora.xtec.cat\/zer-mediterrania\/escola-16\/finalistes-territorials-xi-jocs-florals\/\" target=\"_blank\" rel=\"noopener\"><img loading=\"lazy\" decoding=\"async\" class=\"wp-image-16239 aligncenter\" src=\"https:\/\/serveiseducatius.xtec.cat\/montsia\/wp-content\/uploads\/usu1125\/2025\/03\/video.png\" alt=\"\" width=\"65\" height=\"65\" srcset=\"https:\/\/serveiseducatius.xtec.cat\/montsia\/wp-content\/uploads\/usu1125\/2025\/03\/video.png 512w, https:\/\/serveiseducatius.xtec.cat\/montsia\/wp-content\/uploads\/usu1125\/2025\/03\/video-300x300.png 300w, https:\/\/serveiseducatius.xtec.cat\/montsia\/wp-content\/uploads\/usu1125\/2025\/03\/video-150x150.png 150w\" sizes=\"auto, (max-width: 65px) 100vw, 65px\" \/><\/a><\/td>\n<\/tr>\n<tr>\n<td style=\"width: 25%;\">ESC Marjal &#8211; ZER Mediterr\u00e0nia<\/td>\n<td style=\"width: 25%;\"><a href=\"https:\/\/agora.xtec.cat\/zer-mediterrania\/zer\/que-fem\/revista\/\" target=\"_blank\" rel=\"noopener\"><img loading=\"lazy\" decoding=\"async\" class=\"wp-image-16222 aligncenter\" src=\"https:\/\/serveiseducatius.xtec.cat\/montsia\/wp-content\/uploads\/usu1125\/2025\/03\/revista-2.png\" alt=\"\" width=\"75\" height=\"75\" srcset=\"https:\/\/serveiseducatius.xtec.cat\/montsia\/wp-content\/uploads\/usu1125\/2025\/03\/revista-2.png 512w, https:\/\/serveiseducatius.xtec.cat\/montsia\/wp-content\/uploads\/usu1125\/2025\/03\/revista-2-300x300.png 300w, https:\/\/serveiseducatius.xtec.cat\/montsia\/wp-content\/uploads\/usu1125\/2025\/03\/revista-2-150x150.png 150w\" sizes=\"auto, (max-width: 75px) 100vw, 75px\" \/><\/a><\/td>\n<td style=\"width: 25%;\"><a href=\"https:\/\/agora.xtec.cat\/zer-mediterrania\/tag\/radiomarjal\/\" target=\"_blank\" rel=\"noopener\"><img loading=\"lazy\" decoding=\"async\" class=\"wp-image-16224 aligncenter\" src=\"https:\/\/serveiseducatius.xtec.cat\/montsia\/wp-content\/uploads\/usu1125\/2025\/03\/microfono.png\" alt=\"\" width=\"65\" height=\"65\" srcset=\"https:\/\/serveiseducatius.xtec.cat\/montsia\/wp-content\/uploads\/usu1125\/2025\/03\/microfono.png 512w, https:\/\/serveiseducatius.xtec.cat\/montsia\/wp-content\/uploads\/usu1125\/2025\/03\/microfono-300x300.png 300w, https:\/\/serveiseducatius.xtec.cat\/montsia\/wp-content\/uploads\/usu1125\/2025\/03\/microfono-150x150.png 150w\" sizes=\"auto, (max-width: 65px) 100vw, 65px\" \/><\/a><\/td>\n<td style=\"width: 25%;\">\u00a0<\/td>\n<\/tr>\n<tr>\n<td style=\"width: 25%;\">ESC Miquel Granell<\/td>\n<td style=\"width: 25%;\">\u00a0<\/td>\n<td style=\"width: 25%;\"><a href=\"https:\/\/agora.xtec.cat\/ceipmiquelgranell\/miquelets-fm\/\" target=\"_blank\" rel=\"noopener\"><img loading=\"lazy\" decoding=\"async\" class=\"wp-image-16224 aligncenter\" src=\"https:\/\/serveiseducatius.xtec.cat\/montsia\/wp-content\/uploads\/usu1125\/2025\/03\/microfono.png\" alt=\"\" width=\"65\" height=\"65\" srcset=\"https:\/\/serveiseducatius.xtec.cat\/montsia\/wp-content\/uploads\/usu1125\/2025\/03\/microfono.png 512w, https:\/\/serveiseducatius.xtec.cat\/montsia\/wp-content\/uploads\/usu1125\/2025\/03\/microfono-300x300.png 300w, https:\/\/serveiseducatius.xtec.cat\/montsia\/wp-content\/uploads\/usu1125\/2025\/03\/microfono-150x150.png 150w\" sizes=\"auto, (max-width: 65px) 100vw, 65px\" \/><\/a><\/td>\n<td style=\"width: 25%;\">\u00a0<\/td>\n<\/tr>\n<tr>\n<td style=\"width: 25%;\">ESC Maria Jes\u00fas Ort\u00ed i Abella<\/td>\n<td style=\"width: 25%;\">\u00a0<\/td>\n<td style=\"width: 25%;\"><a href=\"https:\/\/agora.xtec.cat\/ceipjaumeilasenia\/general\/podcasts-de-5e-per-a-la-senia-radio\/\" target=\"_blank\" rel=\"noopener\"><img loading=\"lazy\" decoding=\"async\" class=\"wp-image-16224 aligncenter\" src=\"https:\/\/serveiseducatius.xtec.cat\/montsia\/wp-content\/uploads\/usu1125\/2025\/03\/microfono.png\" alt=\"\" width=\"65\" height=\"65\" srcset=\"https:\/\/serveiseducatius.xtec.cat\/montsia\/wp-content\/uploads\/usu1125\/2025\/03\/microfono.png 512w, https:\/\/serveiseducatius.xtec.cat\/montsia\/wp-content\/uploads\/usu1125\/2025\/03\/microfono-300x300.png 300w, https:\/\/serveiseducatius.xtec.cat\/montsia\/wp-content\/uploads\/usu1125\/2025\/03\/microfono-150x150.png 150w\" sizes=\"auto, (max-width: 65px) 100vw, 65px\" \/><\/a><\/td>\n<td style=\"width: 25%;\">\u00a0<\/td>\n<\/tr>\n<tr>\n<td style=\"width: 25%;\">ESC Carles III<\/td>\n<td style=\"width: 25%;\">\u00a0<\/td>\n<td style=\"width: 25%;\"><a href=\"https:\/\/agora.xtec.cat\/ceip-carlesiii\/contes-radiocontats\/\" target=\"_blank\" rel=\"noopener\"><img loading=\"lazy\" decoding=\"async\" class=\"wp-image-16224 aligncenter\" src=\"https:\/\/serveiseducatius.xtec.cat\/montsia\/wp-content\/uploads\/usu1125\/2025\/03\/microfono.png\" alt=\"\" width=\"65\" height=\"65\" srcset=\"https:\/\/serveiseducatius.xtec.cat\/montsia\/wp-content\/uploads\/usu1125\/2025\/03\/microfono.png 512w, https:\/\/serveiseducatius.xtec.cat\/montsia\/wp-content\/uploads\/usu1125\/2025\/03\/microfono-300x300.png 300w, https:\/\/serveiseducatius.xtec.cat\/montsia\/wp-content\/uploads\/usu1125\/2025\/03\/microfono-150x150.png 150w\" sizes=\"auto, (max-width: 65px) 100vw, 65px\" \/><\/a>\u00a0 \u00a0 <a href=\"https:\/\/agora.xtec.cat\/ceip-carlesiii\/dones-rapitenques-el-podcast\/\" target=\"_blank\" rel=\"noopener\"><img loading=\"lazy\" decoding=\"async\" class=\"wp-image-16224 aligncenter\" src=\"https:\/\/serveiseducatius.xtec.cat\/montsia\/wp-content\/uploads\/usu1125\/2025\/03\/microfono.png\" alt=\"\" width=\"65\" height=\"65\" srcset=\"https:\/\/serveiseducatius.xtec.cat\/montsia\/wp-content\/uploads\/usu1125\/2025\/03\/microfono.png 512w, https:\/\/serveiseducatius.xtec.cat\/montsia\/wp-content\/uploads\/usu1125\/2025\/03\/microfono-300x300.png 300w, https:\/\/serveiseducatius.xtec.cat\/montsia\/wp-content\/uploads\/usu1125\/2025\/03\/microfono-150x150.png 150w\" sizes=\"auto, (max-width: 65px) 100vw, 65px\" \/><\/a><\/td>\n<td style=\"width: 25%;\">\u00a0<\/td>\n<\/tr>\n<tr>\n<td style=\"width: 25%;\">ESC Horta Vella<\/td>\n<td style=\"width: 25%;\">\u00a0<\/td>\n<td style=\"width: 25%;\"><a href=\"https:\/\/sites.google.com\/vilamar.cat\/radio-horta-vella\/inici?authuser=0\" target=\"_blank\" rel=\"noopener\"><img loading=\"lazy\" decoding=\"async\" class=\"wp-image-16238 aligncenter\" src=\"https:\/\/serveiseducatius.xtec.cat\/montsia\/wp-content\/uploads\/usu1125\/2025\/03\/microfono-2.png\" alt=\"\" width=\"65\" height=\"65\" srcset=\"https:\/\/serveiseducatius.xtec.cat\/montsia\/wp-content\/uploads\/usu1125\/2025\/03\/microfono-2.png 512w, https:\/\/serveiseducatius.xtec.cat\/montsia\/wp-content\/uploads\/usu1125\/2025\/03\/microfono-2-300x300.png 300w, https:\/\/serveiseducatius.xtec.cat\/montsia\/wp-content\/uploads\/usu1125\/2025\/03\/microfono-2-150x150.png 150w\" sizes=\"auto, (max-width: 65px) 100vw, 65px\" \/><\/a><\/td>\n<td style=\"width: 25%;\">\u00a0<\/td>\n<\/tr>\n<tr>\n<td style=\"width: 25%;\">INS de Tecnificaci\u00f3<\/td>\n<td style=\"width: 25%;\"><a href=\"https:\/\/www.itecnificacio.cat\/revistes\" target=\"_blank\" rel=\"noopener\"><img loading=\"lazy\" decoding=\"async\" class=\"wp-image-16222 aligncenter\" src=\"https:\/\/serveiseducatius.xtec.cat\/montsia\/wp-content\/uploads\/usu1125\/2025\/03\/revista-2.png\" alt=\"\" width=\"75\" height=\"75\" srcset=\"https:\/\/serveiseducatius.xtec.cat\/montsia\/wp-content\/uploads\/usu1125\/2025\/03\/revista-2.png 512w, https:\/\/serveiseducatius.xtec.cat\/montsia\/wp-content\/uploads\/usu1125\/2025\/03\/revista-2-300x300.png 300w, https:\/\/serveiseducatius.xtec.cat\/montsia\/wp-content\/uploads\/usu1125\/2025\/03\/revista-2-150x150.png 150w\" sizes=\"auto, (max-width: 75px) 100vw, 75px\" \/><\/a><\/td>\n<td style=\"width: 25%;\"><a href=\"https:\/\/www.radiojove.cat\/itecradio\" target=\"_blank\" rel=\"noopener\"><img loading=\"lazy\" decoding=\"async\" class=\"wp-image-16238 aligncenter\" src=\"https:\/\/serveiseducatius.xtec.cat\/montsia\/wp-content\/uploads\/usu1125\/2025\/03\/microfono-2.png\" alt=\"\" width=\"65\" height=\"65\" srcset=\"https:\/\/serveiseducatius.xtec.cat\/montsia\/wp-content\/uploads\/usu1125\/2025\/03\/microfono-2.png 512w, https:\/\/serveiseducatius.xtec.cat\/montsia\/wp-content\/uploads\/usu1125\/2025\/03\/microfono-2-300x300.png 300w, https:\/\/serveiseducatius.xtec.cat\/montsia\/wp-content\/uploads\/usu1125\/2025\/03\/microfono-2-150x150.png 150w\" sizes=\"auto, (max-width: 65px) 100vw, 65px\" \/><\/a><\/td>\n<td style=\"width: 25%;\"><a href=\"https:\/\/www.youtube.com\/channel\/UCkixqV8MP46s9iwLnn17oDQ\" target=\"_blank\" rel=\"noopener\"><img loading=\"lazy\" decoding=\"async\" class=\"wp-image-16239 aligncenter\" src=\"https:\/\/serveiseducatius.xtec.cat\/montsia\/wp-content\/uploads\/usu1125\/2025\/03\/video.png\" alt=\"\" width=\"65\" height=\"65\" srcset=\"https:\/\/serveiseducatius.xtec.cat\/montsia\/wp-content\/uploads\/usu1125\/2025\/03\/video.png 512w, https:\/\/serveiseducatius.xtec.cat\/montsia\/wp-content\/uploads\/usu1125\/2025\/03\/video-300x300.png 300w, https:\/\/serveiseducatius.xtec.cat\/montsia\/wp-content\/uploads\/usu1125\/2025\/03\/video-150x150.png 150w\" sizes=\"auto, (max-width: 65px) 100vw, 65px\" \/><\/a><\/td>\n<\/tr>\n<tr>\n<td style=\"width: 25%;\">INS Montsi\u00e0<\/td>\n<td style=\"width: 25%;\">\u00a0<\/td>\n<td style=\"width: 25%;\">\u00a0<\/td>\n<td style=\"width: 25%;\"><a href=\"https:\/\/www.youtube.com\/@insmontsia\" target=\"_blank\" rel=\"noopener\"><img loading=\"lazy\" decoding=\"async\" class=\"wp-image-16239 aligncenter\" src=\"https:\/\/serveiseducatius.xtec.cat\/montsia\/wp-content\/uploads\/usu1125\/2025\/03\/video.png\" alt=\"\" width=\"65\" height=\"65\" srcset=\"https:\/\/serveiseducatius.xtec.cat\/montsia\/wp-content\/uploads\/usu1125\/2025\/03\/video.png 512w, https:\/\/serveiseducatius.xtec.cat\/montsia\/wp-content\/uploads\/usu1125\/2025\/03\/video-300x300.png 300w, https:\/\/serveiseducatius.xtec.cat\/montsia\/wp-content\/uploads\/usu1125\/2025\/03\/video-150x150.png 150w\" sizes=\"auto, (max-width: 65px) 100vw, 65px\" \/><\/a><\/td>\n<\/tr>\n<tr>\n<td style=\"width: 25%;\">IE Agust\u00ed Barber\u00e0<\/td>\n<td style=\"width: 25%;\"><a href=\"https:\/\/agora.xtec.cat\/ieagustibarbera\/categoria\/revista\/\" target=\"_blank\" rel=\"noopener\"><img loading=\"lazy\" decoding=\"async\" class=\"wp-image-16222 aligncenter\" src=\"https:\/\/serveiseducatius.xtec.cat\/montsia\/wp-content\/uploads\/usu1125\/2025\/03\/revista-2.png\" alt=\"\" width=\"75\" height=\"75\" srcset=\"https:\/\/serveiseducatius.xtec.cat\/montsia\/wp-content\/uploads\/usu1125\/2025\/03\/revista-2.png 512w, https:\/\/serveiseducatius.xtec.cat\/montsia\/wp-content\/uploads\/usu1125\/2025\/03\/revista-2-300x300.png 300w, https:\/\/serveiseducatius.xtec.cat\/montsia\/wp-content\/uploads\/usu1125\/2025\/03\/revista-2-150x150.png 150w\" sizes=\"auto, (max-width: 75px) 100vw, 75px\" \/><\/a><\/td>\n<td style=\"width: 25%;\"><a href=\"http:\/\/agustinet.cat\/\" target=\"_blank\" rel=\"noopener\"><img loading=\"lazy\" decoding=\"async\" class=\"wp-image-16238 aligncenter\" src=\"https:\/\/serveiseducatius.xtec.cat\/montsia\/wp-content\/uploads\/usu1125\/2025\/03\/microfono-2.png\" alt=\"\" width=\"65\" height=\"65\" srcset=\"https:\/\/serveiseducatius.xtec.cat\/montsia\/wp-content\/uploads\/usu1125\/2025\/03\/microfono-2.png 512w, https:\/\/serveiseducatius.xtec.cat\/montsia\/wp-content\/uploads\/usu1125\/2025\/03\/microfono-2-300x300.png 300w, https:\/\/serveiseducatius.xtec.cat\/montsia\/wp-content\/uploads\/usu1125\/2025\/03\/microfono-2-150x150.png 150w\" sizes=\"auto, (max-width: 65px) 100vw, 65px\" \/><\/a><\/td>\n<td style=\"width: 25%;\"><a href=\"https:\/\/www.youtube.com\/@ieagustibarbera\" target=\"_blank\" rel=\"noopener\"><img loading=\"lazy\" decoding=\"async\" class=\"wp-image-16239 aligncenter\" src=\"https:\/\/serveiseducatius.xtec.cat\/montsia\/wp-content\/uploads\/usu1125\/2025\/03\/video.png\" alt=\"\" width=\"65\" height=\"65\" srcset=\"https:\/\/serveiseducatius.xtec.cat\/montsia\/wp-content\/uploads\/usu1125\/2025\/03\/video.png 512w, https:\/\/serveiseducatius.xtec.cat\/montsia\/wp-content\/uploads\/usu1125\/2025\/03\/video-300x300.png 300w, https:\/\/serveiseducatius.xtec.cat\/montsia\/wp-content\/uploads\/usu1125\/2025\/03\/video-150x150.png 150w\" sizes=\"auto, (max-width: 65px) 100vw, 65px\" \/><\/a><\/td>\n<\/tr>\n<tr>\n<td style=\"width: 25%;\">ESC Jaume Balmes<\/td>\n<td style=\"width: 25%;\">\u00a0<\/td>\n<td style=\"width: 25%;\"><a href=\"https:\/\/www.laplanaradio.cat\/podcasts\/escola-de-podcast\/\" target=\"_blank\" rel=\"noopener\"><img loading=\"lazy\" decoding=\"async\" class=\"aligncenter wp-image-16238\" src=\"https:\/\/serveiseducatius.xtec.cat\/montsia\/wp-content\/uploads\/usu1125\/2025\/03\/microfono-2.png\" alt=\"\" width=\"65\" height=\"65\" srcset=\"https:\/\/serveiseducatius.xtec.cat\/montsia\/wp-content\/uploads\/usu1125\/2025\/03\/microfono-2.png 512w, https:\/\/serveiseducatius.xtec.cat\/montsia\/wp-content\/uploads\/usu1125\/2025\/03\/microfono-2-300x300.png 300w, https:\/\/serveiseducatius.xtec.cat\/montsia\/wp-content\/uploads\/usu1125\/2025\/03\/microfono-2-150x150.png 150w\" sizes=\"auto, (max-width: 65px) 100vw, 65px\" \/><\/a><\/td>\n<td style=\"width: 25%;\">\u00a0<\/td>\n<\/tr>\n<tr>\n<td style=\"width: 25%;\">\u00a0<\/td>\n<td style=\"width: 25%;\">\u00a0<\/td>\n<td style=\"width: 25%;\">\u00a0<\/td>\n<td style=\"width: 25%;\">\u00a0<\/td>\n<\/tr>\n<\/tbody>\n<\/table>\n<\/div>\n<p>\u00a0<\/p>\n","protected":false},"excerpt":{"rendered":"<p>INS Manuel Sales i Ferr\u00e9 \u00a0 \u00a0 ESC Joan Baptista Serra \u00a0 ESC Ram\u00f3n y Cajal \u00a0 \u00a0 ESC Setze [&hellip;]<\/p>\n","protected":false},"author":1,"featured_media":0,"parent":0,"menu_order":0,"comment_status":"closed","ping_status":"close","template":"","meta":{"_bbp_topic_count":0,"_bbp_reply_count":0,"_bbp_total_topic_count":0,"_bbp_total_reply_count":0,"_bbp_voice_count":0,"_bbp_anonymous_reply_count":0,"_bbp_topic_count_hidden":0,"_bbp_reply_count_hidden":0,"_bbp_forum_subforum_count":0,"site-sidebar-layout":"default","site-content-layout":"","ast-site-content-layout":"default","site-content-style":"default","site-sidebar-style":"default","ast-global-header-display":"","ast-banner-title-visibility":"","ast-main-header-display":"","ast-hfb-above-header-display":"","ast-hfb-below-header-display":"","ast-hfb-mobile-header-display":"","site-post-title":"","ast-breadcrumbs-content":"","ast-featured-img":"","footer-sml-layout":"","theme-transparent-header-meta":"","adv-header-id-meta":"","stick-header-meta":"","header-above-stick-meta":"","header-main-stick-meta":"","header-below-stick-meta":"","astra-migrate-meta-layouts":"set","ast-page-background-enabled":"default","ast-page-background-meta":{"desktop":{"background-color":"var(--ast-global-color-4)","background-image":"","background-repeat":"repeat","background-position":"center center","background-size":"auto","background-attachment":"scroll","background-type":"","background-media":"","overlay-type":"","overlay-color":"","overlay-opacity":"","overlay-gradient":""},"tablet":{"background-color":"","background-image":"","background-repeat":"repeat","background-position":"center center","background-size":"auto","background-attachment":"scroll","background-type":"","background-media":"","overlay-type":"","overlay-color":"","overlay-opacity":"","overlay-gradient":""},"mobile":{"background-color":"","background-image":"","background-repeat":"repeat","background-position":"center center","background-size":"auto","background-attachment":"scroll","background-type":"","background-media":"","overlay-type":"","overlay-color":"","overlay-opacity":"","overlay-gradient":""}},"ast-content-background-meta":{"desktop":{"background-color":"var(--ast-global-color-5)","background-image":"","background-repeat":"repeat","background-position":"center center","background-size":"auto","background-attachment":"scroll","background-type":"","background-media":"","overlay-type":"","overlay-color":"","overlay-opacity":"","overlay-gradient":""},"tablet":{"background-color":"var(--ast-global-color-5)","background-image":"","background-repeat":"repeat","background-position":"center center","background-size":"auto","background-attachment":"scroll","background-type":"","background-media":"","overlay-type":"","overlay-color":"","overlay-opacity":"","overlay-gradient":""},"mobile":{"background-color":"var(--ast-global-color-5)","background-image":"","background-repeat":"repeat","background-position":"center center","background-size":"auto","background-attachment":"scroll","background-type":"","background-media":"","overlay-type":"","overlay-color":"","overlay-opacity":"","overlay-gradient":""}},"footnotes":""},"class_list":["post-16221","page","type-page","status-publish","hentry"],"post_mailing_queue_ids":[],"_links":{"self":[{"href":"https:\/\/serveiseducatius.xtec.cat\/montsia\/wp-json\/wp\/v2\/pages\/16221","targetHints":{"allow":["GET"]}}],"collection":[{"href":"https:\/\/serveiseducatius.xtec.cat\/montsia\/wp-json\/wp\/v2\/pages"}],"about":[{"href":"https:\/\/serveiseducatius.xtec.cat\/montsia\/wp-json\/wp\/v2\/types\/page"}],"author":[{"embeddable":true,"href":"https:\/\/serveiseducatius.xtec.cat\/montsia\/wp-json\/wp\/v2\/users\/1"}],"replies":[{"embeddable":true,"href":"https:\/\/serveiseducatius.xtec.cat\/montsia\/wp-json\/wp\/v2\/comments?post=16221"}],"version-history":[{"count":6,"href":"https:\/\/serveiseducatius.xtec.cat\/montsia\/wp-json\/wp\/v2\/pages\/16221\/revisions"}],"predecessor-version":[{"id":16922,"href":"https:\/\/serveiseducatius.xtec.cat\/montsia\/wp-json\/wp\/v2\/pages\/16221\/revisions\/16922"}],"wp:attachment":[{"href":"https:\/\/serveiseducatius.xtec.cat\/montsia\/wp-json\/wp\/v2\/media?parent=16221"}],"curies":[{"name":"wp","href":"https:\/\/api.w.org\/{rel}","templated":true}]}}