{"id":14952,"date":"2024-11-04T23:48:19","date_gmt":"2024-11-04T22:48:19","guid":{"rendered":"https:\/\/serveiseducatius.xtec.cat\/montsia\/?page_id=14952"},"modified":"2025-11-21T20:18:39","modified_gmt":"2025-11-21T19:18:39","slug":"innovacio-2","status":"publish","type":"page","link":"https:\/\/serveiseducatius.xtec.cat\/montsia\/innovacio-2\/","title":{"rendered":"Innovaci\u00f3"},"content":{"rendered":"\n<p>Els programes d\u2019innovaci\u00f3 consisteixen en plans d\u2019acci\u00f3 que el Departament d\u2019Educaci\u00f3 prioritza i impulsa; i que tenen com a finalitat millorar els resultats del sistema educatiu adequant-lo al canvi i a l\u2019evoluci\u00f3 social. Amb la mateixa finalitat tamb\u00e9 s\u2019inclouen les iniciatives d\u2019altres institucions amb les quals el Departament col\u00b7labora mitjan\u00e7ant acords o convenis.<\/p>\n\n\n\n<p><a href=\"https:\/\/dogc.gencat.cat\/ca\/document-del-dogc\/?documentId=1012336\" target=\"_blank\" rel=\"noreferrer noopener\">Ordre EDF\/60\/2025, de 15 d&#8217;abril, per la qual s&#8217;estableix el reconeixement de centres, personal docent i personal d&#8217;atenci\u00f3 educativa que participen en programes d&#8217;innovaci\u00f3 educativa i s&#8217;aproven les bases generals reguladores de la convocat\u00f2ria unificada d&#8217;aquests programes corresponent al curs 2025-2026<\/a><\/p>\n","protected":false},"excerpt":{"rendered":"<p>Els programes d\u2019innovaci\u00f3 consisteixen en plans d\u2019acci\u00f3 que el Departament d\u2019Educaci\u00f3 prioritza i impulsa; i que tenen com a finalitat [&hellip;]<\/p>\n","protected":false},"author":1,"featured_media":0,"parent":0,"menu_order":0,"comment_status":"closed","ping_status":"close","template":"","meta":{"_bbp_topic_count":0,"_bbp_reply_count":0,"_bbp_total_topic_count":0,"_bbp_total_reply_count":0,"_bbp_voice_count":0,"_bbp_anonymous_reply_count":0,"_bbp_topic_count_hidden":0,"_bbp_reply_count_hidden":0,"_bbp_forum_subforum_count":0,"site-sidebar-layout":"default","site-content-layout":"","ast-site-content-layout":"default","site-content-style":"default","site-sidebar-style":"default","ast-global-header-display":"","ast-banner-title-visibility":"","ast-main-header-display":"","ast-hfb-above-header-display":"","ast-hfb-below-header-display":"","ast-hfb-mobile-header-display":"","site-post-title":"","ast-breadcrumbs-content":"","ast-featured-img":"","footer-sml-layout":"","theme-transparent-header-meta":"","adv-header-id-meta":"","stick-header-meta":"","header-above-stick-meta":"","header-main-stick-meta":"","header-below-stick-meta":"","astra-migrate-meta-layouts":"set","ast-page-background-enabled":"default","ast-page-background-meta":{"desktop":{"background-color":"var(--ast-global-color-4)","background-image":"","background-repeat":"repeat","background-position":"center center","background-size":"auto","background-attachment":"scroll","background-type":"","background-media":"","overlay-type":"","overlay-color":"","overlay-opacity":"","overlay-gradient":""},"tablet":{"background-color":"","background-image":"","background-repeat":"repeat","background-position":"center center","background-size":"auto","background-attachment":"scroll","background-type":"","background-media":"","overlay-type":"","overlay-color":"","overlay-opacity":"","overlay-gradient":""},"mobile":{"background-color":"","background-image":"","background-repeat":"repeat","background-position":"center center","background-size":"auto","background-attachment":"scroll","background-type":"","background-media":"","overlay-type":"","overlay-color":"","overlay-opacity":"","overlay-gradient":""}},"ast-content-background-meta":{"desktop":{"background-color":"var(--ast-global-color-5)","background-image":"","background-repeat":"repeat","background-position":"center center","background-size":"auto","background-attachment":"scroll","background-type":"","background-media":"","overlay-type":"","overlay-color":"","overlay-opacity":"","overlay-gradient":""},"tablet":{"background-color":"var(--ast-global-color-5)","background-image":"","background-repeat":"repeat","background-position":"center center","background-size":"auto","background-attachment":"scroll","background-type":"","background-media":"","overlay-type":"","overlay-color":"","overlay-opacity":"","overlay-gradient":""},"mobile":{"background-color":"var(--ast-global-color-5)","background-image":"","background-repeat":"repeat","background-position":"center center","background-size":"auto","background-attachment":"scroll","background-type":"","background-media":"","overlay-type":"","overlay-color":"","overlay-opacity":"","overlay-gradient":""}},"footnotes":""},"class_list":["post-14952","page","type-page","status-publish","hentry"],"post_mailing_queue_ids":[],"_links":{"self":[{"href":"https:\/\/serveiseducatius.xtec.cat\/montsia\/wp-json\/wp\/v2\/pages\/14952","targetHints":{"allow":["GET"]}}],"collection":[{"href":"https:\/\/serveiseducatius.xtec.cat\/montsia\/wp-json\/wp\/v2\/pages"}],"about":[{"href":"https:\/\/serveiseducatius.xtec.cat\/montsia\/wp-json\/wp\/v2\/types\/page"}],"author":[{"embeddable":true,"href":"https:\/\/serveiseducatius.xtec.cat\/montsia\/wp-json\/wp\/v2\/users\/1"}],"replies":[{"embeddable":true,"href":"https:\/\/serveiseducatius.xtec.cat\/montsia\/wp-json\/wp\/v2\/comments?post=14952"}],"version-history":[{"count":4,"href":"https:\/\/serveiseducatius.xtec.cat\/montsia\/wp-json\/wp\/v2\/pages\/14952\/revisions"}],"predecessor-version":[{"id":16751,"href":"https:\/\/serveiseducatius.xtec.cat\/montsia\/wp-json\/wp\/v2\/pages\/14952\/revisions\/16751"}],"wp:attachment":[{"href":"https:\/\/serveiseducatius.xtec.cat\/montsia\/wp-json\/wp\/v2\/media?parent=14952"}],"curies":[{"name":"wp","href":"https:\/\/api.w.org\/{rel}","templated":true}]}}