{"id":14431,"date":"2024-01-23T13:59:26","date_gmt":"2024-01-23T12:59:26","guid":{"rendered":"https:\/\/serveiseducatius.xtec.cat\/montsia\/?page_id=14431"},"modified":"2025-03-06T09:35:57","modified_gmt":"2025-03-06T08:35:57","slug":"proves-cb-4t-secundaria","status":"publish","type":"page","link":"https:\/\/serveiseducatius.xtec.cat\/montsia\/proves-cb-4t-secundaria\/","title":{"rendered":"Proves CB 4t Secund\u00e0ria"},"content":{"rendered":"<p><img loading=\"lazy\" decoding=\"async\" class=\"size-full wp-image-14435 aligncenter\" src=\"https:\/\/serveiseducatius.xtec.cat\/montsia\/wp-content\/uploads\/usu1125\/2024\/01\/imatge_2024-01-23_150454750.png\" alt=\"\" width=\"613\" height=\"263\" srcset=\"https:\/\/serveiseducatius.xtec.cat\/montsia\/wp-content\/uploads\/usu1125\/2024\/01\/imatge_2024-01-23_150454750.png 613w, https:\/\/serveiseducatius.xtec.cat\/montsia\/wp-content\/uploads\/usu1125\/2024\/01\/imatge_2024-01-23_150454750-300x129.png 300w\" sizes=\"auto, (max-width: 613px) 100vw, 613px\" \/><\/p>\n<hr \/>\n<ul>\n<li style=\"list-style-type: none; text-align: center;\"><strong>ESPAIS DE GESTI\u00d3<\/strong><\/li>\n<\/ul>\n<table align=\"center\">\n<tbody>\n<tr>\n<td style=\"width: 200px; text-align: center;\"><strong><a href=\"https:\/\/aplicacions.gestioeducativa.gencat.cat\/pls\/apex\/f?p=A4S\" target=\"_blank\" rel=\"noopener noreferrer\">Acc\u00e9s a l\u2019aplicaci\u00f3 A4S<\/a><\/strong><\/td>\n<td style=\"width: 200px; text-align: center;\"><strong><a href=\"https:\/\/espai.educacio.gencat.cat\/Alumnes\/Avaluacions-censals\/Pagines\/default.aspx\" target=\"_blank\" rel=\"noopener noreferrer\">Portal de centre<\/a><\/strong><\/td>\n<td style=\"width: 200px; text-align: center;\"><strong><a href=\"http:\/\/csda.gencat.cat\/ca\/arees-actuacio\/avaluacions-consell\/avaluacio-quart-eso\/\" target=\"_blank\" rel=\"noopener noreferrer\">CSASE<\/a><\/strong><\/td>\n<\/tr>\n<\/tbody>\n<\/table>\n<hr \/>\n<div class=\"CjVfdc\">\n<h3 style=\"text-align: center;\"><span style=\"color: var(--ast-global-color-2); font-size: 1.44444rem; background-color: var(--ast-global-color-5);\">Les proves s\u2019aplicaran els dies 10 i 11 d\u2019abril de 2025<\/span><\/h3>\n<\/div>\n<hr \/>\n<table style=\"width: 956px;\">\n<tbody>\n<tr class=\"ms-rteTableOddRow-2\">\n<th class=\"ms-rteTableFirstCol-2\" style=\"width: 249px;\">Del 22 al 29 de gener<\/th>\n<td class=\"ms-rteTableOddCol-2\" style=\"width: 707px;\">\n<ul>\n<li>Verificar la c\u00e0rrega d&#8217;alumnes que s&#8217;ha fet des de la base de dades del Departament.<\/li>\n<li>Fer l&#8217;assignaci\u00f3 d&#8217;alumnes a grups.<\/li>\n<li>Fer la proposta d&#8217;aplicadors.<\/li>\n<\/ul>\n<\/td>\n<\/tr>\n<tr class=\"ms-rteTableEvenRow-2\">\n<th class=\"ms-rteTableFirstCol-2\" style=\"width: 249px;\">Del 3 de mar\u00e7 a l\u201911 d\u2019abril<\/th>\n<td class=\"ms-rteTableOddCol-2\" style=\"width: 707px;\">Recepci\u00f3 i cust\u00f2dia del material.<\/td>\n<\/tr>\n<tr class=\"ms-rteTableOddRow-2\">\n<th class=\"ms-rteTableFirstCol-2\" style=\"width: 249px;\">A partir del 31 de mar\u00e7<\/th>\n<td class=\"ms-rteTableOddCol-2\" style=\"width: 707px;\">Extreure les llistes de control dels alumnes per a la realitzaci\u00f3 de les proves.<\/td>\n<\/tr>\n<tr class=\"ms-rteTableEvenRow-2\">\n<th class=\"ms-rteTableFirstCol-2\" style=\"width: 249px;\">10 i 11 d&#8217;abril<\/th>\n<td class=\"ms-rteTableOddCol-2\" style=\"width: 707px;\">Introduir les possibles incid\u00e8ncies referides a l&#8217;assignaci\u00f3 de codis contingents i abs\u00e8ncies.<\/td>\n<\/tr>\n<tr class=\"ms-rteTableOddRow-2\">\n<th class=\"ms-rteTableFirstCol-2\" style=\"width: 249px;\">10 i 11\u00a0d&#8217;abril<\/th>\n<td class=\"ms-rteTableOddCol-2\" style=\"width: 707px;\">Realitzaci\u00f3 de\u00a0les proves:<\/p>\n<ul>\n<li>10\u00a0d&#8217;abril: llengua castellana,\u00a0matem\u00e0tiques\u200b\u00a0i llengua catalana<\/li>\n<li>11\u00a0d&#8217;abril: llengua estrangera (angl\u00e8s, franc\u00e8s i\/o alemany);\u00a0c\u200bi\u00e8ncia, tecnologia i enginyeria\u200b\u00a0i, si s&#8217;escau, aran\u00e8s<\/li>\n<\/ul>\n<\/td>\n<\/tr>\n<tr class=\"ms-rteTableEvenRow-2\">\n<th class=\"ms-rteTableFirstCol-2\" style=\"width: 249px;\">A partir del 9 de juny<\/th>\n<td class=\"ms-rteTableOddCol-2\" style=\"width: 707px;\">Desc\u00e0rrega d&#8217;informes.<\/td>\n<\/tr>\n<tr class=\"ms-rteTableOddRow-2\">\n<th class=\"ms-rteTableFirstCol-2\" style=\"width: 249px;\">A partir de la segona quinzena d&#8217;octubre<\/th>\n<td class=\"ms-rteTableOddCol-2\" style=\"width: 707px;\">Extracci\u00f3 de les respostes de l&#8217;alumnat per \u00edtems.\u200b<\/td>\n<\/tr>\n<\/tbody>\n<\/table>\n<hr \/>\n<h3 style=\"text-align: center;\"><a href=\"https:\/\/drive.google.com\/drive\/folders\/1eeS33ZOMV4_XDvOS_FMoTYKIVCOlBukT?usp=sharing\" target=\"_blank\" rel=\"noopener\">Repositori de proves en cursos anteriors<\/a><\/h3>\n","protected":false},"excerpt":{"rendered":"<p>ESPAIS DE GESTI\u00d3 Acc\u00e9s a l\u2019aplicaci\u00f3 A4S Portal de centre CSASE Les proves s\u2019aplicaran els dies 10 i 11 d\u2019abril [&hellip;]<\/p>\n","protected":false},"author":1,"featured_media":0,"parent":0,"menu_order":0,"comment_status":"closed","ping_status":"closed","template":"","meta":{"_bbp_topic_count":0,"_bbp_reply_count":0,"_bbp_total_topic_count":0,"_bbp_total_reply_count":0,"_bbp_voice_count":0,"_bbp_anonymous_reply_count":0,"_bbp_topic_count_hidden":0,"_bbp_reply_count_hidden":0,"_bbp_forum_subforum_count":0,"site-sidebar-layout":"default","site-content-layout":"","ast-site-content-layout":"default","site-content-style":"default","site-sidebar-style":"default","ast-global-header-display":"","ast-banner-title-visibility":"","ast-main-header-display":"","ast-hfb-above-header-display":"","ast-hfb-below-header-display":"","ast-hfb-mobile-header-display":"","site-post-title":"","ast-breadcrumbs-content":"","ast-featured-img":"","footer-sml-layout":"","theme-transparent-header-meta":"","adv-header-id-meta":"","stick-header-meta":"","header-above-stick-meta":"","header-main-stick-meta":"","header-below-stick-meta":"","astra-migrate-meta-layouts":"set","ast-page-background-enabled":"default","ast-page-background-meta":{"desktop":{"background-color":"var(--ast-global-color-4)","background-image":"","background-repeat":"repeat","background-position":"center center","background-size":"auto","background-attachment":"scroll","background-type":"","background-media":"","overlay-type":"","overlay-color":"","overlay-opacity":"","overlay-gradient":""},"tablet":{"background-color":"","background-image":"","background-repeat":"repeat","background-position":"center center","background-size":"auto","background-attachment":"scroll","background-type":"","background-media":"","overlay-type":"","overlay-color":"","overlay-opacity":"","overlay-gradient":""},"mobile":{"background-color":"","background-image":"","background-repeat":"repeat","background-position":"center center","background-size":"auto","background-attachment":"scroll","background-type":"","background-media":"","overlay-type":"","overlay-color":"","overlay-opacity":"","overlay-gradient":""}},"ast-content-background-meta":{"desktop":{"background-color":"var(--ast-global-color-5)","background-image":"","background-repeat":"repeat","background-position":"center center","background-size":"auto","background-attachment":"scroll","background-type":"","background-media":"","overlay-type":"","overlay-color":"","overlay-opacity":"","overlay-gradient":""},"tablet":{"background-color":"var(--ast-global-color-5)","background-image":"","background-repeat":"repeat","background-position":"center center","background-size":"auto","background-attachment":"scroll","background-type":"","background-media":"","overlay-type":"","overlay-color":"","overlay-opacity":"","overlay-gradient":""},"mobile":{"background-color":"var(--ast-global-color-5)","background-image":"","background-repeat":"repeat","background-position":"center center","background-size":"auto","background-attachment":"scroll","background-type":"","background-media":"","overlay-type":"","overlay-color":"","overlay-opacity":"","overlay-gradient":""}},"footnotes":""},"class_list":["post-14431","page","type-page","status-publish","hentry"],"post_mailing_queue_ids":[],"_links":{"self":[{"href":"https:\/\/serveiseducatius.xtec.cat\/montsia\/wp-json\/wp\/v2\/pages\/14431","targetHints":{"allow":["GET"]}}],"collection":[{"href":"https:\/\/serveiseducatius.xtec.cat\/montsia\/wp-json\/wp\/v2\/pages"}],"about":[{"href":"https:\/\/serveiseducatius.xtec.cat\/montsia\/wp-json\/wp\/v2\/types\/page"}],"author":[{"embeddable":true,"href":"https:\/\/serveiseducatius.xtec.cat\/montsia\/wp-json\/wp\/v2\/users\/1"}],"replies":[{"embeddable":true,"href":"https:\/\/serveiseducatius.xtec.cat\/montsia\/wp-json\/wp\/v2\/comments?post=14431"}],"version-history":[{"count":4,"href":"https:\/\/serveiseducatius.xtec.cat\/montsia\/wp-json\/wp\/v2\/pages\/14431\/revisions"}],"predecessor-version":[{"id":16200,"href":"https:\/\/serveiseducatius.xtec.cat\/montsia\/wp-json\/wp\/v2\/pages\/14431\/revisions\/16200"}],"wp:attachment":[{"href":"https:\/\/serveiseducatius.xtec.cat\/montsia\/wp-json\/wp\/v2\/media?parent=14431"}],"curies":[{"name":"wp","href":"https:\/\/api.w.org\/{rel}","templated":true}]}}