{"id":13868,"date":"2023-02-20T13:08:37","date_gmt":"2023-02-20T12:08:37","guid":{"rendered":"https:\/\/serveiseducatius.xtec.cat\/montsia\/?page_id=13868"},"modified":"2023-02-20T13:08:49","modified_gmt":"2023-02-20T12:08:49","slug":"higiene-de-mans-2022","status":"publish","type":"page","link":"https:\/\/serveiseducatius.xtec.cat\/montsia\/higiene-de-mans\/higiene-de-mans-2022\/","title":{"rendered":"Higiene de mans 2022"},"content":{"rendered":"<p><img loading=\"lazy\" decoding=\"async\" class=\"size-full wp-image-12704 aligncenter\" src=\"https:\/\/serveiseducatius.xtec.cat\/montsia\/wp-content\/uploads\/usu1125\/2021\/06\/CHM21-Mural.png\" alt=\"\" width=\"388\" height=\"320\" srcset=\"https:\/\/serveiseducatius.xtec.cat\/montsia\/wp-content\/uploads\/usu1125\/2021\/06\/CHM21-Mural.png 388w, https:\/\/serveiseducatius.xtec.cat\/montsia\/wp-content\/uploads\/usu1125\/2021\/06\/CHM21-Mural-300x247.png 300w\" sizes=\"auto, (max-width: 388px) 100vw, 388px\" \/><\/p>\n<p>El passat dia 5 de maig es va commemorar el <a href=\"https:\/\/serveiseducatius.xtec.cat\/riberadebre\/general\/5-de-maig-dia-mundial-higiene-de-mans-proposta-dactivitats\/\"><b>Dia Mundial de la Higiene de Mans<\/b><\/a>. Vuit centres educatius del Montsi\u00e0 es van afegir a la commemoraci\u00f3 i van realitzar activitats amb el seu alumnat, entre les quals volem destacar la realitzaci\u00f3 de murals de forma col.laborativa.<\/p>\n<p>Us presentem un recull de les imatges i us animem a visitar les seues webs per poder gaudir de tota l\u2019experi\u00e8ncia!<\/p>\n<table>\n<tbody>\n<tr>\n<td><img loading=\"lazy\" decoding=\"async\" class=\"wp-image-12701 aligncenter\" src=\"https:\/\/serveiseducatius.xtec.cat\/montsia\/wp-content\/uploads\/usu1125\/2021\/06\/CHM21-ESCMiquelGranell1-1024x757.png\" alt=\"\" width=\"555\" height=\"410\" srcset=\"https:\/\/serveiseducatius.xtec.cat\/montsia\/wp-content\/uploads\/usu1125\/2021\/06\/CHM21-ESCMiquelGranell1-1024x757.png 1024w, https:\/\/serveiseducatius.xtec.cat\/montsia\/wp-content\/uploads\/usu1125\/2021\/06\/CHM21-ESCMiquelGranell1-300x222.png 300w, https:\/\/serveiseducatius.xtec.cat\/montsia\/wp-content\/uploads\/usu1125\/2021\/06\/CHM21-ESCMiquelGranell1-768x567.png 768w, https:\/\/serveiseducatius.xtec.cat\/montsia\/wp-content\/uploads\/usu1125\/2021\/06\/CHM21-ESCMiquelGranell1.png 1076w\" sizes=\"auto, (max-width: 555px) 100vw, 555px\" \/><\/p>\n<p style=\"text-align: center;\">1r &#8211; ESC Miquel Granell (Amposta)<\/p>\n<\/td>\n<td><img loading=\"lazy\" decoding=\"async\" class=\"wp-image-12696 aligncenter\" src=\"https:\/\/serveiseducatius.xtec.cat\/montsia\/wp-content\/uploads\/usu1125\/2021\/06\/CHM21-ESCSantJaume1-1024x642.png\" alt=\"\" width=\"553\" height=\"347\" srcset=\"https:\/\/serveiseducatius.xtec.cat\/montsia\/wp-content\/uploads\/usu1125\/2021\/06\/CHM21-ESCSantJaume1-1024x642.png 1024w, https:\/\/serveiseducatius.xtec.cat\/montsia\/wp-content\/uploads\/usu1125\/2021\/06\/CHM21-ESCSantJaume1-300x188.png 300w, https:\/\/serveiseducatius.xtec.cat\/montsia\/wp-content\/uploads\/usu1125\/2021\/06\/CHM21-ESCSantJaume1-768x482.png 768w, https:\/\/serveiseducatius.xtec.cat\/montsia\/wp-content\/uploads\/usu1125\/2021\/06\/CHM21-ESCSantJaume1.png 1309w\" sizes=\"auto, (max-width: 553px) 100vw, 553px\" \/><\/p>\n<p style=\"text-align: center;\">1r A &#8211; ESC Sant Jaume (Sant Jaume d&#8217;Enveja)<\/p>\n<\/td>\n<\/tr>\n<tr>\n<td><img loading=\"lazy\" decoding=\"async\" class=\"wp-image-12700 aligncenter\" src=\"https:\/\/serveiseducatius.xtec.cat\/montsia\/wp-content\/uploads\/usu1125\/2021\/06\/CHM21-ESCAgustiBarbera1-1024x706.png\" alt=\"\" width=\"559\" height=\"385\" srcset=\"https:\/\/serveiseducatius.xtec.cat\/montsia\/wp-content\/uploads\/usu1125\/2021\/06\/CHM21-ESCAgustiBarbera1-1024x706.png 1024w, https:\/\/serveiseducatius.xtec.cat\/montsia\/wp-content\/uploads\/usu1125\/2021\/06\/CHM21-ESCAgustiBarbera1-300x207.png 300w, https:\/\/serveiseducatius.xtec.cat\/montsia\/wp-content\/uploads\/usu1125\/2021\/06\/CHM21-ESCAgustiBarbera1-768x530.png 768w, https:\/\/serveiseducatius.xtec.cat\/montsia\/wp-content\/uploads\/usu1125\/2021\/06\/CHM21-ESCAgustiBarbera1.png 1195w\" sizes=\"auto, (max-width: 559px) 100vw, 559px\" \/><\/p>\n<p style=\"text-align: center;\">1r A &#8211; IE Agust\u00ed Barber\u00e0 (Amposta)<\/p>\n<\/td>\n<td><img loading=\"lazy\" decoding=\"async\" class=\"wp-image-12703 aligncenter\" src=\"https:\/\/serveiseducatius.xtec.cat\/montsia\/wp-content\/uploads\/usu1125\/2021\/06\/CHM21-ESCConsolFerre1-1024x793.png\" alt=\"\" width=\"508\" height=\"394\" srcset=\"https:\/\/serveiseducatius.xtec.cat\/montsia\/wp-content\/uploads\/usu1125\/2021\/06\/CHM21-ESCConsolFerre1-1024x793.png 1024w, https:\/\/serveiseducatius.xtec.cat\/montsia\/wp-content\/uploads\/usu1125\/2021\/06\/CHM21-ESCConsolFerre1-300x232.png 300w, https:\/\/serveiseducatius.xtec.cat\/montsia\/wp-content\/uploads\/usu1125\/2021\/06\/CHM21-ESCConsolFerre1-768x595.png 768w, https:\/\/serveiseducatius.xtec.cat\/montsia\/wp-content\/uploads\/usu1125\/2021\/06\/CHM21-ESCConsolFerre1.png 1060w\" sizes=\"auto, (max-width: 508px) 100vw, 508px\" \/><\/p>\n<p style=\"text-align: center;\">1r A &#8211; ESC Consol Ferr\u00e9 (Amposta)<\/p>\n<\/td>\n<\/tr>\n<tr>\n<td><img loading=\"lazy\" decoding=\"async\" class=\"wp-image-12693 alignnone\" src=\"https:\/\/serveiseducatius.xtec.cat\/montsia\/wp-content\/uploads\/usu1125\/2021\/06\/CHM21-ESCSorianoMontagut2-1024x576.png\" alt=\"\" width=\"558\" height=\"314\" srcset=\"https:\/\/serveiseducatius.xtec.cat\/montsia\/wp-content\/uploads\/usu1125\/2021\/06\/CHM21-ESCSorianoMontagut2-1024x576.png 1024w, https:\/\/serveiseducatius.xtec.cat\/montsia\/wp-content\/uploads\/usu1125\/2021\/06\/CHM21-ESCSorianoMontagut2-300x169.png 300w, https:\/\/serveiseducatius.xtec.cat\/montsia\/wp-content\/uploads\/usu1125\/2021\/06\/CHM21-ESCSorianoMontagut2-768x432.png 768w, https:\/\/serveiseducatius.xtec.cat\/montsia\/wp-content\/uploads\/usu1125\/2021\/06\/CHM21-ESCSorianoMontagut2.png 1463w\" sizes=\"auto, (max-width: 558px) 100vw, 558px\" \/><\/p>\n<p style=\"text-align: center;\">1r A &#8211; ESC Soriano Montagut (Amposta)<\/p>\n<\/td>\n<td><img loading=\"lazy\" decoding=\"async\" class=\"wp-image-12694 aligncenter\" src=\"https:\/\/serveiseducatius.xtec.cat\/montsia\/wp-content\/uploads\/usu1125\/2021\/06\/CHM21-ESCSorianoMontagut1-1024x575.png\" alt=\"\" width=\"525\" height=\"295\" srcset=\"https:\/\/serveiseducatius.xtec.cat\/montsia\/wp-content\/uploads\/usu1125\/2021\/06\/CHM21-ESCSorianoMontagut1-1024x575.png 1024w, https:\/\/serveiseducatius.xtec.cat\/montsia\/wp-content\/uploads\/usu1125\/2021\/06\/CHM21-ESCSorianoMontagut1-300x169.png 300w, https:\/\/serveiseducatius.xtec.cat\/montsia\/wp-content\/uploads\/usu1125\/2021\/06\/CHM21-ESCSorianoMontagut1-768x431.png 768w, https:\/\/serveiseducatius.xtec.cat\/montsia\/wp-content\/uploads\/usu1125\/2021\/06\/CHM21-ESCSorianoMontagut1.png 1465w\" sizes=\"auto, (max-width: 525px) 100vw, 525px\" \/><\/p>\n<p style=\"text-align: center;\">1r A &#8211; ESC Soriano Montagut (Amposta)<\/p>\n<\/td>\n<\/tr>\n<tr>\n<td><img loading=\"lazy\" decoding=\"async\" class=\"size-large wp-image-12702 aligncenter\" src=\"https:\/\/serveiseducatius.xtec.cat\/montsia\/wp-content\/uploads\/usu1125\/2021\/06\/CHM21-COLlAngel1.png\" alt=\"\" width=\"551\" height=\"823\" srcset=\"https:\/\/serveiseducatius.xtec.cat\/montsia\/wp-content\/uploads\/usu1125\/2021\/06\/CHM21-COLlAngel1.png 551w, https:\/\/serveiseducatius.xtec.cat\/montsia\/wp-content\/uploads\/usu1125\/2021\/06\/CHM21-COLlAngel1-201x300.png 201w\" sizes=\"auto, (max-width: 551px) 100vw, 551px\" \/><\/p>\n<p style=\"text-align: center;\">CEE l&#8217;\u00c0ngel (Amposta)<\/p>\n<\/td>\n<td><img loading=\"lazy\" decoding=\"async\" class=\"wp-image-12692 aligncenter\" src=\"https:\/\/serveiseducatius.xtec.cat\/montsia\/wp-content\/uploads\/usu1125\/2021\/06\/CHM21-ESCSorianoMontagut3.png\" alt=\"\" width=\"479\" height=\"701\" srcset=\"https:\/\/serveiseducatius.xtec.cat\/montsia\/wp-content\/uploads\/usu1125\/2021\/06\/CHM21-ESCSorianoMontagut3.png 563w, https:\/\/serveiseducatius.xtec.cat\/montsia\/wp-content\/uploads\/usu1125\/2021\/06\/CHM21-ESCSorianoMontagut3-205x300.png 205w\" sizes=\"auto, (max-width: 479px) 100vw, 479px\" \/><\/p>\n<p style=\"text-align: center;\">1r B &#8211; ESC Soriano Montagut (Amposta)<\/p>\n<\/td>\n<\/tr>\n<tr>\n<td><img loading=\"lazy\" decoding=\"async\" class=\"wp-image-12699 aligncenter\" src=\"https:\/\/serveiseducatius.xtec.cat\/montsia\/wp-content\/uploads\/usu1125\/2021\/06\/CHM21-ESCRamonyCajal1.png\" alt=\"\" width=\"514\" height=\"691\" srcset=\"https:\/\/serveiseducatius.xtec.cat\/montsia\/wp-content\/uploads\/usu1125\/2021\/06\/CHM21-ESCRamonyCajal1.png 614w, https:\/\/serveiseducatius.xtec.cat\/montsia\/wp-content\/uploads\/usu1125\/2021\/06\/CHM21-ESCRamonyCajal1-223x300.png 223w\" sizes=\"auto, (max-width: 514px) 100vw, 514px\" \/><\/p>\n<p style=\"text-align: center;\">1r A &#8211; ESC Ram\u00f3n y Cajal (Ulldecona)<\/p>\n<\/td>\n<td><img loading=\"lazy\" decoding=\"async\" class=\"wp-image-12698 aligncenter\" src=\"https:\/\/serveiseducatius.xtec.cat\/montsia\/wp-content\/uploads\/usu1125\/2021\/06\/CHM21-ESCRamonyCajal2.png\" alt=\"\" width=\"508\" height=\"678\" srcset=\"https:\/\/serveiseducatius.xtec.cat\/montsia\/wp-content\/uploads\/usu1125\/2021\/06\/CHM21-ESCRamonyCajal2.png 616w, https:\/\/serveiseducatius.xtec.cat\/montsia\/wp-content\/uploads\/usu1125\/2021\/06\/CHM21-ESCRamonyCajal2-225x300.png 225w\" sizes=\"auto, (max-width: 508px) 100vw, 508px\" \/><\/p>\n<p style=\"text-align: center;\">1r B &#8211; ESC Ram\u00f3n y Cajal (Ulldecona)<\/p>\n<\/td>\n<\/tr>\n<tr>\n<td><img loading=\"lazy\" decoding=\"async\" class=\"wp-image-12695 aligncenter\" src=\"https:\/\/serveiseducatius.xtec.cat\/montsia\/wp-content\/uploads\/usu1125\/2021\/06\/CHM21-ESCSantJaume2-1024x767.png\" alt=\"\" width=\"516\" height=\"386\" srcset=\"https:\/\/serveiseducatius.xtec.cat\/montsia\/wp-content\/uploads\/usu1125\/2021\/06\/CHM21-ESCSantJaume2-1024x767.png 1024w, https:\/\/serveiseducatius.xtec.cat\/montsia\/wp-content\/uploads\/usu1125\/2021\/06\/CHM21-ESCSantJaume2-300x225.png 300w, https:\/\/serveiseducatius.xtec.cat\/montsia\/wp-content\/uploads\/usu1125\/2021\/06\/CHM21-ESCSantJaume2-768x575.png 768w, https:\/\/serveiseducatius.xtec.cat\/montsia\/wp-content\/uploads\/usu1125\/2021\/06\/CHM21-ESCSantJaume2-200x150.png 200w, https:\/\/serveiseducatius.xtec.cat\/montsia\/wp-content\/uploads\/usu1125\/2021\/06\/CHM21-ESCSantJaume2.png 1095w\" sizes=\"auto, (max-width: 516px) 100vw, 516px\" \/><\/p>\n<p style=\"text-align: center;\">1r B &#8211; ESC Sant Jaume (Sant Jaume d&#8217;Enveja)<\/p>\n<\/td>\n<td><img loading=\"lazy\" decoding=\"async\" class=\"wp-image-12705 aligncenter\" src=\"https:\/\/serveiseducatius.xtec.cat\/montsia\/wp-content\/uploads\/usu1125\/2021\/06\/CHM21-COLSagradaFamilia1.png\" alt=\"\" width=\"504\" height=\"377\" srcset=\"https:\/\/serveiseducatius.xtec.cat\/montsia\/wp-content\/uploads\/usu1125\/2021\/06\/CHM21-COLSagradaFamilia1.png 800w, https:\/\/serveiseducatius.xtec.cat\/montsia\/wp-content\/uploads\/usu1125\/2021\/06\/CHM21-COLSagradaFamilia1-300x225.png 300w, https:\/\/serveiseducatius.xtec.cat\/montsia\/wp-content\/uploads\/usu1125\/2021\/06\/CHM21-COLSagradaFamilia1-768x575.png 768w, https:\/\/serveiseducatius.xtec.cat\/montsia\/wp-content\/uploads\/usu1125\/2021\/06\/CHM21-COLSagradaFamilia1-200x150.png 200w\" sizes=\"auto, (max-width: 504px) 100vw, 504px\" \/><\/p>\n<p style=\"text-align: center;\">COL Sagrada Fam\u00edlia (Amposta)<\/p>\n<\/td>\n<\/tr>\n<tr>\n<td><img loading=\"lazy\" decoding=\"async\" class=\"wp-image-12706 aligncenter\" src=\"https:\/\/serveiseducatius.xtec.cat\/montsia\/wp-content\/uploads\/usu1125\/2021\/06\/CHM21-ESCAgustiBarbera2.png\" alt=\"\" width=\"505\" height=\"264\" srcset=\"https:\/\/serveiseducatius.xtec.cat\/montsia\/wp-content\/uploads\/usu1125\/2021\/06\/CHM21-ESCAgustiBarbera2.png 800w, https:\/\/serveiseducatius.xtec.cat\/montsia\/wp-content\/uploads\/usu1125\/2021\/06\/CHM21-ESCAgustiBarbera2-300x157.png 300w, https:\/\/serveiseducatius.xtec.cat\/montsia\/wp-content\/uploads\/usu1125\/2021\/06\/CHM21-ESCAgustiBarbera2-768x401.png 768w\" sizes=\"auto, (max-width: 505px) 100vw, 505px\" \/><\/p>\n<p style=\"text-align: center;\">1r B &#8211; IE Agust\u00ed Barber\u00e0 (Amposta)<\/p>\n<\/td>\n<td><img loading=\"lazy\" decoding=\"async\" class=\"wp-image-12707 aligncenter\" src=\"https:\/\/serveiseducatius.xtec.cat\/montsia\/wp-content\/uploads\/usu1125\/2021\/06\/CHM21-COLSagradaFamilia2-1.png\" alt=\"\" width=\"477\" height=\"357\" srcset=\"https:\/\/serveiseducatius.xtec.cat\/montsia\/wp-content\/uploads\/usu1125\/2021\/06\/CHM21-COLSagradaFamilia2-1.png 824w, https:\/\/serveiseducatius.xtec.cat\/montsia\/wp-content\/uploads\/usu1125\/2021\/06\/CHM21-COLSagradaFamilia2-1-300x225.png 300w, https:\/\/serveiseducatius.xtec.cat\/montsia\/wp-content\/uploads\/usu1125\/2021\/06\/CHM21-COLSagradaFamilia2-1-768x575.png 768w, https:\/\/serveiseducatius.xtec.cat\/montsia\/wp-content\/uploads\/usu1125\/2021\/06\/CHM21-COLSagradaFamilia2-1-200x150.png 200w\" sizes=\"auto, (max-width: 477px) 100vw, 477px\" \/><\/p>\n<p style=\"text-align: center;\">COL Sagrada Fam\u00edlia (Amposta)<\/p>\n<\/td>\n<\/tr>\n<\/tbody>\n<\/table>\n<p>&nbsp;<\/p>\n","protected":false},"excerpt":{"rendered":"<p>El passat dia 5 de maig es va commemorar el Dia Mundial de la Higiene de Mans. Vuit centres educatius [&hellip;]<\/p>\n","protected":false},"author":1,"featured_media":0,"parent":12691,"menu_order":1,"comment_status":"closed","ping_status":"closed","template":"page-templates\/side-menu.php","meta":{"_bbp_topic_count":0,"_bbp_reply_count":0,"_bbp_total_topic_count":0,"_bbp_total_reply_count":0,"_bbp_voice_count":0,"_bbp_anonymous_reply_count":0,"_bbp_topic_count_hidden":0,"_bbp_reply_count_hidden":0,"_bbp_forum_subforum_count":0,"site-sidebar-layout":"default","site-content-layout":"","ast-site-content-layout":"","site-content-style":"default","site-sidebar-style":"default","ast-global-header-display":"","ast-banner-title-visibility":"","ast-main-header-display":"","ast-hfb-above-header-display":"","ast-hfb-below-header-display":"","ast-hfb-mobile-header-display":"","site-post-title":"","ast-breadcrumbs-content":"","ast-featured-img":"","footer-sml-layout":"","theme-transparent-header-meta":"","adv-header-id-meta":"","stick-header-meta":"","header-above-stick-meta":"","header-main-stick-meta":"","header-below-stick-meta":"","astra-migrate-meta-layouts":"default","ast-page-background-enabled":"default","ast-page-background-meta":{"desktop":{"background-color":"var(--ast-global-color-4)","background-image":"","background-repeat":"repeat","background-position":"center center","background-size":"auto","background-attachment":"scroll","background-type":"","background-media":"","overlay-type":"","overlay-color":"","overlay-opacity":"","overlay-gradient":""},"tablet":{"background-color":"","background-image":"","background-repeat":"repeat","background-position":"center center","background-size":"auto","background-attachment":"scroll","background-type":"","background-media":"","overlay-type":"","overlay-color":"","overlay-opacity":"","overlay-gradient":""},"mobile":{"background-color":"","background-image":"","background-repeat":"repeat","background-position":"center center","background-size":"auto","background-attachment":"scroll","background-type":"","background-media":"","overlay-type":"","overlay-color":"","overlay-opacity":"","overlay-gradient":""}},"ast-content-background-meta":{"desktop":{"background-color":"var(--ast-global-color-5)","background-image":"","background-repeat":"repeat","background-position":"center center","background-size":"auto","background-attachment":"scroll","background-type":"","background-media":"","overlay-type":"","overlay-color":"","overlay-opacity":"","overlay-gradient":""},"tablet":{"background-color":"var(--ast-global-color-5)","background-image":"","background-repeat":"repeat","background-position":"center center","background-size":"auto","background-attachment":"scroll","background-type":"","background-media":"","overlay-type":"","overlay-color":"","overlay-opacity":"","overlay-gradient":""},"mobile":{"background-color":"var(--ast-global-color-5)","background-image":"","background-repeat":"repeat","background-position":"center center","background-size":"auto","background-attachment":"scroll","background-type":"","background-media":"","overlay-type":"","overlay-color":"","overlay-opacity":"","overlay-gradient":""}},"footnotes":""},"class_list":["post-13868","page","type-page","status-publish","hentry"],"post_mailing_queue_ids":[],"_links":{"self":[{"href":"https:\/\/serveiseducatius.xtec.cat\/montsia\/wp-json\/wp\/v2\/pages\/13868","targetHints":{"allow":["GET"]}}],"collection":[{"href":"https:\/\/serveiseducatius.xtec.cat\/montsia\/wp-json\/wp\/v2\/pages"}],"about":[{"href":"https:\/\/serveiseducatius.xtec.cat\/montsia\/wp-json\/wp\/v2\/types\/page"}],"author":[{"embeddable":true,"href":"https:\/\/serveiseducatius.xtec.cat\/montsia\/wp-json\/wp\/v2\/users\/1"}],"replies":[{"embeddable":true,"href":"https:\/\/serveiseducatius.xtec.cat\/montsia\/wp-json\/wp\/v2\/comments?post=13868"}],"version-history":[{"count":1,"href":"https:\/\/serveiseducatius.xtec.cat\/montsia\/wp-json\/wp\/v2\/pages\/13868\/revisions"}],"predecessor-version":[{"id":13869,"href":"https:\/\/serveiseducatius.xtec.cat\/montsia\/wp-json\/wp\/v2\/pages\/13868\/revisions\/13869"}],"up":[{"embeddable":true,"href":"https:\/\/serveiseducatius.xtec.cat\/montsia\/wp-json\/wp\/v2\/pages\/12691"}],"wp:attachment":[{"href":"https:\/\/serveiseducatius.xtec.cat\/montsia\/wp-json\/wp\/v2\/media?parent=13868"}],"curies":[{"name":"wp","href":"https:\/\/api.w.org\/{rel}","templated":true}]}}