{"id":12691,"date":"2021-06-08T13:28:26","date_gmt":"2021-06-08T11:28:26","guid":{"rendered":"http:\/\/serveiseducatius.xtec.cat\/montsia\/?page_id=12691"},"modified":"2026-04-07T08:58:35","modified_gmt":"2026-04-07T06:58:35","slug":"higiene-de-mans","status":"publish","type":"page","link":"https:\/\/serveiseducatius.xtec.cat\/montsia\/higiene-de-mans\/","title":{"rendered":"Higiene de mans 2023"},"content":{"rendered":"\n        <div class=\"wp-block-getwid-post-carousel custom-post-type-post has-slides-gap-small is-carousel has-arrows-inside has-dots-outside\">\n            <div data-slider-option=\"{&quot;sliderSlidesToShowDesktop&quot;:&quot;2&quot;,&quot;getwid_slidesToShowLaptop&quot;:&quot;1&quot;,&quot;getwid_slidesToShowTablet&quot;:&quot;1&quot;,&quot;getwid_slidesToShowMobile&quot;:&quot;1&quot;,&quot;getwid_autoplay_speed&quot;:6000,&quot;getwid_animation_speed&quot;:800,&quot;getwid_slidesToScroll&quot;:&quot;1&quot;,&quot;getwid_autoplay&quot;:false,&quot;getwid_pause_on_hover&quot;:false,&quot;getwid_infinite&quot;:true,&quot;getwid_center_mode&quot;:false,&quot;getwid_arrows&quot;:&quot;inside&quot;,&quot;getwid_dots&quot;:&quot;outside&quot;}\" class=\"wp-block-getwid-post-carousel__wrapper\">\n                \t\t\t\t\t\t\t<div class=\"wp-block-getwid-post-carousel__slide\">\n\t\t\t\t\t\t\t\t\n<div class=\"wp-block-getwid-post-carousel__post\">\n            <div class=\"wp-block-getwid-post-carousel__post-thumbnail\">\n            <a href=\"https:\/\/serveiseducatius.xtec.cat\/montsia\/general\/higiene-de-mans-2024\/\"><img loading=\"lazy\" decoding=\"async\" width=\"1185\" height=\"496\" src=\"https:\/\/serveiseducatius.xtec.cat\/montsia\/wp-content\/uploads\/usu1125\/2024\/11\/higiene-6.png\" class=\"attachment-post-thumbnail size-post-thumbnail wp-post-image\" alt=\"\" srcset=\"https:\/\/serveiseducatius.xtec.cat\/montsia\/wp-content\/uploads\/usu1125\/2024\/11\/higiene-6.png 1185w, https:\/\/serveiseducatius.xtec.cat\/montsia\/wp-content\/uploads\/usu1125\/2024\/11\/higiene-6-300x126.png 300w, https:\/\/serveiseducatius.xtec.cat\/montsia\/wp-content\/uploads\/usu1125\/2024\/11\/higiene-6-1024x429.png 1024w, https:\/\/serveiseducatius.xtec.cat\/montsia\/wp-content\/uploads\/usu1125\/2024\/11\/higiene-6-768x321.png 768w\" sizes=\"auto, (max-width: 1185px) 100vw, 1185px\" \/><\/a>\n        <\/div>\n        <div class=\"wp-block-getwid-post-carousel__post-content-wrapper\">\n        <div class=\"wp-block-getwid-post-carousel__post-header\">\n            <h3 class=\"wp-block-getwid-post-carousel__post-title\"><a href=\"https:\/\/serveiseducatius.xtec.cat\/montsia\/general\/higiene-de-mans-2024\/\">Higiene de mans 2024<\/a><\/h3>        <\/div>\n        <div class=\"wp-block-getwid-post-carousel__post-excerpt\"><p>Una bona higiene de mans \u00e9s la mesura m\u00e9s senzilla, econ\u00f2mica i efica\u00e7 per a prevenir la transmissi\u00f3 d&#8217;infeccions. Aquest [&hellip;]<\/p>\n<\/div>\n    <\/div>\n<\/div>\n\n\t\t\t\t\t\t\t<\/div>\n\t\t\t\t\t\t\t\t\t\t\t\t\t<div class=\"wp-block-getwid-post-carousel__slide\">\n\t\t\t\t\t\t\t\t\n<div class=\"wp-block-getwid-post-carousel__post\">\n            <div class=\"wp-block-getwid-post-carousel__post-thumbnail\">\n            <a href=\"https:\/\/serveiseducatius.xtec.cat\/montsia\/higiene-de-mans\/higiene-de-mans-2023\/\"><img loading=\"lazy\" decoding=\"async\" width=\"508\" height=\"215\" src=\"https:\/\/serveiseducatius.xtec.cat\/montsia\/wp-content\/uploads\/usu1125\/2022\/03\/higiene-de-mans-2022.png\" class=\"attachment-post-thumbnail size-post-thumbnail wp-post-image\" alt=\"\" srcset=\"https:\/\/serveiseducatius.xtec.cat\/montsia\/wp-content\/uploads\/usu1125\/2022\/03\/higiene-de-mans-2022.png 508w, https:\/\/serveiseducatius.xtec.cat\/montsia\/wp-content\/uploads\/usu1125\/2022\/03\/higiene-de-mans-2022-300x127.png 300w\" sizes=\"auto, (max-width: 508px) 100vw, 508px\" \/><\/a>\n        <\/div>\n        <div class=\"wp-block-getwid-post-carousel__post-content-wrapper\">\n        <div class=\"wp-block-getwid-post-carousel__post-header\">\n            <h3 class=\"wp-block-getwid-post-carousel__post-title\"><a href=\"https:\/\/serveiseducatius.xtec.cat\/montsia\/higiene-de-mans\/higiene-de-mans-2023\/\">Higiene de mans 2023<\/a><\/h3>        <\/div>\n        <div class=\"wp-block-getwid-post-carousel__post-excerpt\"><p>En el marc de la celebraci\u00f3 del dia mundial de la higiene de mans us animem a participar en aquests [&hellip;]<\/p>\n<\/div>\n    <\/div>\n<\/div>\n\n\t\t\t\t\t\t\t<\/div>\n\t\t\t\t\t\t\t\t\t\t\t\t\t<div class=\"wp-block-getwid-post-carousel__slide\">\n\t\t\t\t\t\t\t\t\n<div class=\"wp-block-getwid-post-carousel__post\">\n            <div class=\"wp-block-getwid-post-carousel__post-thumbnail\">\n            <a href=\"https:\/\/serveiseducatius.xtec.cat\/montsia\/higiene-de-mans\/higiene-de-mans-2022\/\"><img loading=\"lazy\" decoding=\"async\" width=\"508\" height=\"215\" src=\"https:\/\/serveiseducatius.xtec.cat\/montsia\/wp-content\/uploads\/usu1125\/2022\/03\/higiene-de-mans-2022.png\" class=\"attachment-post-thumbnail size-post-thumbnail wp-post-image\" alt=\"\" srcset=\"https:\/\/serveiseducatius.xtec.cat\/montsia\/wp-content\/uploads\/usu1125\/2022\/03\/higiene-de-mans-2022.png 508w, https:\/\/serveiseducatius.xtec.cat\/montsia\/wp-content\/uploads\/usu1125\/2022\/03\/higiene-de-mans-2022-300x127.png 300w\" sizes=\"auto, (max-width: 508px) 100vw, 508px\" \/><\/a>\n        <\/div>\n        <div class=\"wp-block-getwid-post-carousel__post-content-wrapper\">\n        <div class=\"wp-block-getwid-post-carousel__post-header\">\n            <h3 class=\"wp-block-getwid-post-carousel__post-title\"><a href=\"https:\/\/serveiseducatius.xtec.cat\/montsia\/higiene-de-mans\/higiene-de-mans-2022\/\">Higiene de mans 2022<\/a><\/h3>        <\/div>\n        <div class=\"wp-block-getwid-post-carousel__post-excerpt\"><p>El passat dia 5 de maig es va commemorar el Dia Mundial de la Higiene de Mans. Vuit centres educatius [&hellip;]<\/p>\n<\/div>\n    <\/div>\n<\/div>\n\n\t\t\t\t\t\t\t<\/div>\n\t\t\t\t\t\t            <\/div>\n        <\/div>\n        \n\n<p>Rentar-se les mans \u00e9s, com tots sabem, un procediment senzill i econ\u00f2mic, per\u00f2 a m\u00e9s, \u00e9s el procediment b\u00e0sic m\u00e9s important per afavorir la higiene general i prevenir la transmissi\u00f3 d\u2019infeccions.<\/p>\n<p><b>Introducci\u00f3<\/b><\/p>\n<p>Des del 2009 celebrem el Dia Mundial de la Higiene de Mans, 5 de maig, amb diverses activitats adre\u00e7ades a tots els professionals dels centres i gestors, com a part de l\u2019estrat\u00e8gia de millora de la higiene de mans impulsada per l\u2019OMS per difondre\u2019n la import\u00e0ncia.<\/p>\n<p>At\u00e8s que un del objectius del Pla d\u2019actuaci\u00f3 d\u2019higiene de mans \u00e9s implicar-hi la ciutadania, des de l\u2019any 2012, la Ger\u00e8ncia Territorial de l\u2019ICS juntament amb els Serveis Territorials d\u2019Ensenyament organitzen un taller interactiu amb una invitaci\u00f3 a una activitat creativa a les escoles de prim\u00e0ria que s\u2019exposen als centres de Salut que hi participen.<\/p>\n<p><b>\u00c0mbit:<\/b> Grup de primer de les escoles d\u2019educaci\u00f3 prim\u00e0ria de les Terres de l\u2019Ebre.<\/p>\n<p><b>Material<\/b>: joc interactiu amb escenaris de la vida di\u00e0ria del nens en els que han de decidir si toca o no fer-se una higiene de mans.<\/p>\n<p><b>Activitat presencial:<\/b> taller interactiu amb professionals sanitaris, de 15 minuts de durada a totes les escoles que vulguin participar en el concurs amb suport del joc interactiu. Invitaci\u00f3 a tots els nens a elaborar un mural o escriure una poesia, inventar un joc o fer una escultura, etc., amb el lema: \u201cRentem-nos les mans quan toca\u201d.<\/p>\n<p>Posteriorment, el Dia Mundial de la Higiene de Mans, es fa un acte, on un alumne, representant del grup de 1r nivell de cada centre participant, presenta la creaci\u00f3 realitzada (sol ser un dibuix) i\u00a0 recolleix un regal per a tota la classe. Normalment \u00e9s un llibre donat per Fundaci\u00f3 La Caixa.<\/p>\n<p>En el marc de la celebraci\u00f3 del dia mundial de la higiene de mans us animem a participar en aquests jocs interactius per aprendre, compartir i passar-ho genial. Comencem?<\/p>\n<table>\n<tbody>\n<tr>\n<td><iframe loading=\"lazy\" src=\"https:\/\/wordwall.net\/ca\/embed\/52a502c1ca1743ac991763eef9a6166c?themeId=1&amp;templateId=8&amp;fontStackId=0\" width=\"500\" height=\"380\" frameborder=\"0\" allowfullscreen=\"allowfullscreen\" data-mce-fragment=\"1\"><\/iframe><\/td>\n<td><iframe loading=\"lazy\" src=\"https:\/\/wordwall.net\/ca\/embed\/838973330a6444d091c11054464702b7?themeId=1&amp;templateId=3&amp;fontStackId=0\" width=\"500\" height=\"380\" frameborder=\"0\" allowfullscreen=\"allowfullscreen\" data-mce-fragment=\"1\"><\/iframe><\/td>\n<td><iframe loading=\"lazy\" src=\"https:\/\/wordwall.net\/ca\/embed\/07af0350e9044b6297207532f3c3ac95?themeId=1&amp;templateId=35&amp;fontStackId=0\" width=\"500\" height=\"380\" frameborder=\"0\" allowfullscreen=\"allowfullscreen\" data-mce-fragment=\"1\"><\/iframe><\/td>\n<\/tr>\n<tr>\n<td><iframe loading=\"lazy\" src=\"https:\/\/wordwall.net\/ca\/embed\/9a85ceabaefb4430b13b5d6fec21cad5?themeId=22&amp;templateId=45&amp;fontStackId=0\" width=\"500\" height=\"380\" frameborder=\"0\" allowfullscreen=\"allowfullscreen\" data-mce-fragment=\"1\"><\/iframe><\/td>\n<td><iframe loading=\"lazy\" src=\"https:\/\/wordwall.net\/es\/embed\/27a86fda24d84ffd86c044e0a751c395?themeId=46&amp;templateId=48&amp;fontStackId=0\" width=\"500\" height=\"380\" frameborder=\"0\" allowfullscreen=\"allowfullscreen\" data-mce-fragment=\"1\"><\/iframe><\/td>\n<td><iframe loading=\"lazy\" src=\"https:\/\/wordwall.net\/es\/embed\/9db1abc8c7164e6aa4d83d11181a725c?themeId=23&amp;templateId=36&amp;fontStackId=0\" width=\"500\" height=\"380\" frameborder=\"0\" allowfullscreen=\"allowfullscreen\" data-mce-fragment=\"1\"><\/iframe><\/td>\n<\/tr>\n<\/tbody>\n<\/table>\n<p>\u00a0<\/p>\n<p><img loading=\"lazy\" decoding=\"async\" class=\"\" src=\"https:\/\/www.icsebre.cat\/jite2022\/images\/gerencia.png\" alt=\"XI Jornades d'Infermeria Terres de l'Ebre\" width=\"397\" height=\"51\" \/><\/p>\n\n\n<figure class=\"wp-block-embed is-type-video is-provider-youtube wp-block-embed-youtube wp-embed-aspect-16-9 wp-has-aspect-ratio\"><div class=\"wp-block-embed__wrapper\">\n<div class=\"ast-oembed-container \" style=\"height: 100%;\"><iframe loading=\"lazy\" title=\"Higiene de Mans 2023\ud83d\ude4c\" width=\"500\" height=\"281\" src=\"https:\/\/www.youtube.com\/embed\/QsjMzIWZpr8?feature=oembed\" frameborder=\"0\" allow=\"accelerometer; autoplay; clipboard-write; encrypted-media; gyroscope; picture-in-picture; web-share\" referrerpolicy=\"strict-origin-when-cross-origin\" allowfullscreen><\/iframe><\/div>\n<\/div><\/figure>\n\n\n\n<p><\/p>\n","protected":false},"excerpt":{"rendered":"<p>Rentar-se les mans \u00e9s, com tots sabem, un procediment senzill i econ\u00f2mic, per\u00f2 a m\u00e9s, \u00e9s el procediment b\u00e0sic m\u00e9s [&hellip;]<\/p>\n","protected":false},"author":1,"featured_media":0,"parent":0,"menu_order":0,"comment_status":"closed","ping_status":"closed","template":"","meta":{"_bbp_topic_count":0,"_bbp_reply_count":0,"_bbp_total_topic_count":0,"_bbp_total_reply_count":0,"_bbp_voice_count":0,"_bbp_anonymous_reply_count":0,"_bbp_topic_count_hidden":0,"_bbp_reply_count_hidden":0,"_bbp_forum_subforum_count":0,"site-sidebar-layout":"default","site-content-layout":"","ast-site-content-layout":"default","site-content-style":"default","site-sidebar-style":"default","ast-global-header-display":"","ast-banner-title-visibility":"","ast-main-header-display":"","ast-hfb-above-header-display":"","ast-hfb-below-header-display":"","ast-hfb-mobile-header-display":"","site-post-title":"","ast-breadcrumbs-content":"","ast-featured-img":"","footer-sml-layout":"","theme-transparent-header-meta":"","adv-header-id-meta":"","stick-header-meta":"","header-above-stick-meta":"","header-main-stick-meta":"","header-below-stick-meta":"","astra-migrate-meta-layouts":"set","ast-page-background-enabled":"default","ast-page-background-meta":{"desktop":{"background-color":"var(--ast-global-color-4)","background-image":"","background-repeat":"repeat","background-position":"center center","background-size":"auto","background-attachment":"scroll","background-type":"","background-media":"","overlay-type":"","overlay-color":"","overlay-opacity":"","overlay-gradient":""},"tablet":{"background-color":"","background-image":"","background-repeat":"repeat","background-position":"center center","background-size":"auto","background-attachment":"scroll","background-type":"","background-media":"","overlay-type":"","overlay-color":"","overlay-opacity":"","overlay-gradient":""},"mobile":{"background-color":"","background-image":"","background-repeat":"repeat","background-position":"center center","background-size":"auto","background-attachment":"scroll","background-type":"","background-media":"","overlay-type":"","overlay-color":"","overlay-opacity":"","overlay-gradient":""}},"ast-content-background-meta":{"desktop":{"background-color":"var(--ast-global-color-5)","background-image":"","background-repeat":"repeat","background-position":"center center","background-size":"auto","background-attachment":"scroll","background-type":"","background-media":"","overlay-type":"","overlay-color":"","overlay-opacity":"","overlay-gradient":""},"tablet":{"background-color":"var(--ast-global-color-5)","background-image":"","background-repeat":"repeat","background-position":"center center","background-size":"auto","background-attachment":"scroll","background-type":"","background-media":"","overlay-type":"","overlay-color":"","overlay-opacity":"","overlay-gradient":""},"mobile":{"background-color":"var(--ast-global-color-5)","background-image":"","background-repeat":"repeat","background-position":"center center","background-size":"auto","background-attachment":"scroll","background-type":"","background-media":"","overlay-type":"","overlay-color":"","overlay-opacity":"","overlay-gradient":""}},"footnotes":""},"class_list":["post-12691","page","type-page","status-publish","hentry"],"post_mailing_queue_ids":[],"_links":{"self":[{"href":"https:\/\/serveiseducatius.xtec.cat\/montsia\/wp-json\/wp\/v2\/pages\/12691","targetHints":{"allow":["GET"]}}],"collection":[{"href":"https:\/\/serveiseducatius.xtec.cat\/montsia\/wp-json\/wp\/v2\/pages"}],"about":[{"href":"https:\/\/serveiseducatius.xtec.cat\/montsia\/wp-json\/wp\/v2\/types\/page"}],"author":[{"embeddable":true,"href":"https:\/\/serveiseducatius.xtec.cat\/montsia\/wp-json\/wp\/v2\/users\/1"}],"replies":[{"embeddable":true,"href":"https:\/\/serveiseducatius.xtec.cat\/montsia\/wp-json\/wp\/v2\/comments?post=12691"}],"version-history":[{"count":4,"href":"https:\/\/serveiseducatius.xtec.cat\/montsia\/wp-json\/wp\/v2\/pages\/12691\/revisions"}],"predecessor-version":[{"id":17112,"href":"https:\/\/serveiseducatius.xtec.cat\/montsia\/wp-json\/wp\/v2\/pages\/12691\/revisions\/17112"}],"wp:attachment":[{"href":"https:\/\/serveiseducatius.xtec.cat\/montsia\/wp-json\/wp\/v2\/media?parent=12691"}],"curies":[{"name":"wp","href":"https:\/\/api.w.org\/{rel}","templated":true}]}}