{"id":12531,"date":"2021-04-13T16:12:12","date_gmt":"2021-04-13T14:12:12","guid":{"rendered":"http:\/\/serveiseducatius.xtec.cat\/montsia\/?page_id=12531"},"modified":"2024-11-04T23:54:58","modified_gmt":"2024-11-04T22:54:58","slug":"bona-practiques-de-biblioteca-escolar","status":"publish","type":"page","link":"https:\/\/serveiseducatius.xtec.cat\/montsia\/innovacio-2\/bona-practiques-de-biblioteca-escolar\/","title":{"rendered":"Bones pr\u00e0ctiques de biblioteca escolar"},"content":{"rendered":"<p><img loading=\"lazy\" decoding=\"async\" class=\"size-full wp-image-12532 aligncenter\" src=\"https:\/\/serveiseducatius.xtec.cat\/montsia\/wp-content\/uploads\/usu1125\/2021\/04\/segell-bona-practica-biblioteca-escolar.png\" alt=\"\" width=\"319\" height=\"320\" srcset=\"https:\/\/serveiseducatius.xtec.cat\/montsia\/wp-content\/uploads\/usu1125\/2021\/04\/segell-bona-practica-biblioteca-escolar.png 319w, https:\/\/serveiseducatius.xtec.cat\/montsia\/wp-content\/uploads\/usu1125\/2021\/04\/segell-bona-practica-biblioteca-escolar-150x150.png 150w, https:\/\/serveiseducatius.xtec.cat\/montsia\/wp-content\/uploads\/usu1125\/2021\/04\/segell-bona-practica-biblioteca-escolar-300x300.png 300w\" sizes=\"auto, (max-width: 319px) 100vw, 319px\" \/><\/p>\n<p>En el moment de transformaci\u00f3 educativa actual es vol iniciar un proc\u00e9s col\u00b7lectiu de reflexi\u00f3 i intercanvi al voltant de la biblioteca escolar. Amb el segell de bones pr\u00e0ctiques de biblioteca escolar es pret\u00e9n fer emergir bons models de biblioteques de centres educatius que donin respostes a l\u2019escola i a les necessitats del segle XXI, tot afavorint la interacci\u00f3 i l\u2019intercanvi entre centres.Podeu trobar tota la informaci\u00f3 al web de <strong>Biblioteques escolars de Catalunya: <\/strong><a href=\"https:\/\/projectes.xtec.cat\/bescat\/\" target=\"_blank\" rel=\"noopener noreferrer\"><strong>https:\/\/projectes.xtec.cat\/bescat\/<\/strong><\/a><\/p>\n<p>Us animem a fer-nos arribar les vostres bones pr\u00e0ctiques de biblioteca escolar per tal d&#8217;anar-les recollint!!<\/p>\n<hr \/>\n<p style=\"text-align: center;\"><span style=\"text-decoration: underline;\"><strong>Segell de bones pr\u00e0ctiques de biblioteques escolars atorgats a centres del Montsi\u00e0<\/strong><\/span><\/p>\n<ul>\n<li>Institut Escola Agust\u00ed Barber\u00e0 (Amposta): <strong>Dec\u00e0leg per a fomentar l&#8217;h\u00e0bit lector a casa<\/strong> <a href=\"https:\/\/projectes.xtec.cat\/bescat\/portada\/decaleg-habit-lector-casa\/\" target=\"_blank\" rel=\"noopener noreferrer\">(recull)<\/a>. Blog de la biblioteca del centre:<a href=\"https:\/\/agora.xtec.cat\/ieagustibarbera\/categoria\/biblioteca\/\" target=\"_blank\" rel=\"noopener noreferrer\"> https:\/\/agora.xtec.cat\/ieagustibarbera\/categoria\/biblioteca\/<\/a><\/li>\n<\/ul>\n<p><img loading=\"lazy\" decoding=\"async\" class=\"wp-image-12533 aligncenter\" src=\"https:\/\/serveiseducatius.xtec.cat\/montsia\/wp-content\/uploads\/usu1125\/2021\/04\/bona-practica-biblioteca-agusti-barbera-1024x724.png\" alt=\"\" width=\"370\" height=\"262\" srcset=\"https:\/\/serveiseducatius.xtec.cat\/montsia\/wp-content\/uploads\/usu1125\/2021\/04\/bona-practica-biblioteca-agusti-barbera.png 1024w, https:\/\/serveiseducatius.xtec.cat\/montsia\/wp-content\/uploads\/usu1125\/2021\/04\/bona-practica-biblioteca-agusti-barbera-300x212.png 300w, https:\/\/serveiseducatius.xtec.cat\/montsia\/wp-content\/uploads\/usu1125\/2021\/04\/bona-practica-biblioteca-agusti-barbera-768x543.png 768w\" sizes=\"auto, (max-width: 370px) 100vw, 370px\" \/><\/p>\n<ul>\n<li>Institut Ramon Berenguer IV (Amposta). <strong>Presentaci\u00f3 de llibres de coeducaci\u00f3<\/strong> <a href=\"https:\/\/projectes.xtec.cat\/bescat\/portada\/llibres-de-coeducacio\/\" target=\"_blank\" rel=\"noopener noreferrer\">(recull)<\/a>. Blog de la biblioteca del centre: <a href=\"https:\/\/agora.xtec.cat\/iesramonberenguer-amposta\/categoria\/biblioteca-escolar\/\" target=\"_blank\" rel=\"noopener noreferrer\">https:\/\/agora.xtec.cat\/iesramonberenguer-amposta\/categoria\/biblioteca-escolar\/<\/a><\/li>\n<\/ul>\n<p><img loading=\"lazy\" decoding=\"async\" class=\" wp-image-12559 aligncenter\" src=\"https:\/\/serveiseducatius.xtec.cat\/montsia\/wp-content\/uploads\/usu1125\/2021\/04\/presentacio-llibres-coeducacio-IRBIV.jpeg\" alt=\"\" width=\"338\" height=\"253\" srcset=\"https:\/\/serveiseducatius.xtec.cat\/montsia\/wp-content\/uploads\/usu1125\/2021\/04\/presentacio-llibres-coeducacio-IRBIV.jpeg 300w, https:\/\/serveiseducatius.xtec.cat\/montsia\/wp-content\/uploads\/usu1125\/2021\/04\/presentacio-llibres-coeducacio-IRBIV-200x150.jpeg 200w\" sizes=\"auto, (max-width: 338px) 100vw, 338px\" \/><\/p>\n<ul>\n<li>Institut de Tecnificaci\u00f3 (Amposta). <strong>El m\u00f3n del c\u00f2mic<\/strong> <a href=\"https:\/\/projectes.xtec.cat\/bescat\/portada\/mon-del-comic\/\" target=\"_blank\" rel=\"noopener noreferrer\">(recull)<\/a>. Blog de la biblioteca del centre: <a href=\"https:\/\/blocs.xtec.cat\/bibliotec\/\" target=\"_blank\" rel=\"noopener noreferrer\">https:\/\/blocs.xtec.cat\/bibliotec\/<\/a><\/li>\n<\/ul>\n<p><img loading=\"lazy\" decoding=\"async\" class=\"wp-image-12719 aligncenter\" src=\"https:\/\/serveiseducatius.xtec.cat\/montsia\/wp-content\/uploads\/usu1125\/2021\/06\/Cartells-exposicio\u0301-comic-ins-tecnificacio-1024x768.jpeg\" alt=\"\" width=\"341\" height=\"256\" srcset=\"https:\/\/serveiseducatius.xtec.cat\/montsia\/wp-content\/uploads\/usu1125\/2021\/06\/Cartells-exposicio\u0301-comic-ins-tecnificacio.jpeg 1024w, https:\/\/serveiseducatius.xtec.cat\/montsia\/wp-content\/uploads\/usu1125\/2021\/06\/Cartells-exposicio\u0301-comic-ins-tecnificacio-300x225.jpeg 300w, https:\/\/serveiseducatius.xtec.cat\/montsia\/wp-content\/uploads\/usu1125\/2021\/06\/Cartells-exposicio\u0301-comic-ins-tecnificacio-768x576.jpeg 768w, https:\/\/serveiseducatius.xtec.cat\/montsia\/wp-content\/uploads\/usu1125\/2021\/06\/Cartells-exposicio\u0301-comic-ins-tecnificacio-200x150.jpeg 200w\" sizes=\"auto, (max-width: 341px) 100vw, 341px\" \/><\/p>\n","protected":false},"excerpt":{"rendered":"<p>En el moment de transformaci\u00f3 educativa actual es vol iniciar un proc\u00e9s col\u00b7lectiu de reflexi\u00f3 i intercanvi al voltant de [&hellip;]<\/p>\n","protected":false},"author":1,"featured_media":0,"parent":14952,"menu_order":6,"comment_status":"closed","ping_status":"closed","template":"page-templates\/side-menu.php","meta":{"_bbp_topic_count":0,"_bbp_reply_count":0,"_bbp_total_topic_count":0,"_bbp_total_reply_count":0,"_bbp_voice_count":0,"_bbp_anonymous_reply_count":0,"_bbp_topic_count_hidden":0,"_bbp_reply_count_hidden":0,"_bbp_forum_subforum_count":0,"site-sidebar-layout":"default","site-content-layout":"","ast-site-content-layout":"","site-content-style":"default","site-sidebar-style":"default","ast-global-header-display":"","ast-banner-title-visibility":"","ast-main-header-display":"","ast-hfb-above-header-display":"","ast-hfb-below-header-display":"","ast-hfb-mobile-header-display":"","site-post-title":"","ast-breadcrumbs-content":"","ast-featured-img":"","footer-sml-layout":"","theme-transparent-header-meta":"","adv-header-id-meta":"","stick-header-meta":"","header-above-stick-meta":"","header-main-stick-meta":"","header-below-stick-meta":"","astra-migrate-meta-layouts":"default","ast-page-background-enabled":"default","ast-page-background-meta":{"desktop":{"background-color":"var(--ast-global-color-4)","background-image":"","background-repeat":"repeat","background-position":"center center","background-size":"auto","background-attachment":"scroll","background-type":"","background-media":"","overlay-type":"","overlay-color":"","overlay-opacity":"","overlay-gradient":""},"tablet":{"background-color":"","background-image":"","background-repeat":"repeat","background-position":"center center","background-size":"auto","background-attachment":"scroll","background-type":"","background-media":"","overlay-type":"","overlay-color":"","overlay-opacity":"","overlay-gradient":""},"mobile":{"background-color":"","background-image":"","background-repeat":"repeat","background-position":"center center","background-size":"auto","background-attachment":"scroll","background-type":"","background-media":"","overlay-type":"","overlay-color":"","overlay-opacity":"","overlay-gradient":""}},"ast-content-background-meta":{"desktop":{"background-color":"var(--ast-global-color-5)","background-image":"","background-repeat":"repeat","background-position":"center center","background-size":"auto","background-attachment":"scroll","background-type":"","background-media":"","overlay-type":"","overlay-color":"","overlay-opacity":"","overlay-gradient":""},"tablet":{"background-color":"var(--ast-global-color-5)","background-image":"","background-repeat":"repeat","background-position":"center center","background-size":"auto","background-attachment":"scroll","background-type":"","background-media":"","overlay-type":"","overlay-color":"","overlay-opacity":"","overlay-gradient":""},"mobile":{"background-color":"var(--ast-global-color-5)","background-image":"","background-repeat":"repeat","background-position":"center center","background-size":"auto","background-attachment":"scroll","background-type":"","background-media":"","overlay-type":"","overlay-color":"","overlay-opacity":"","overlay-gradient":""}},"footnotes":""},"class_list":["post-12531","page","type-page","status-publish","hentry"],"post_mailing_queue_ids":[],"_links":{"self":[{"href":"https:\/\/serveiseducatius.xtec.cat\/montsia\/wp-json\/wp\/v2\/pages\/12531","targetHints":{"allow":["GET"]}}],"collection":[{"href":"https:\/\/serveiseducatius.xtec.cat\/montsia\/wp-json\/wp\/v2\/pages"}],"about":[{"href":"https:\/\/serveiseducatius.xtec.cat\/montsia\/wp-json\/wp\/v2\/types\/page"}],"author":[{"embeddable":true,"href":"https:\/\/serveiseducatius.xtec.cat\/montsia\/wp-json\/wp\/v2\/users\/1"}],"replies":[{"embeddable":true,"href":"https:\/\/serveiseducatius.xtec.cat\/montsia\/wp-json\/wp\/v2\/comments?post=12531"}],"version-history":[{"count":3,"href":"https:\/\/serveiseducatius.xtec.cat\/montsia\/wp-json\/wp\/v2\/pages\/12531\/revisions"}],"predecessor-version":[{"id":12721,"href":"https:\/\/serveiseducatius.xtec.cat\/montsia\/wp-json\/wp\/v2\/pages\/12531\/revisions\/12721"}],"up":[{"embeddable":true,"href":"https:\/\/serveiseducatius.xtec.cat\/montsia\/wp-json\/wp\/v2\/pages\/14952"}],"wp:attachment":[{"href":"https:\/\/serveiseducatius.xtec.cat\/montsia\/wp-json\/wp\/v2\/media?parent=12531"}],"curies":[{"name":"wp","href":"https:\/\/api.w.org\/{rel}","templated":true}]}}