{"id":12414,"date":"2021-03-09T17:24:26","date_gmt":"2021-03-09T16:24:26","guid":{"rendered":"http:\/\/serveiseducatius.xtec.cat\/montsia\/?page_id=12414"},"modified":"2025-11-22T11:41:42","modified_gmt":"2025-11-22T10:41:42","slug":"biblioteca-escolar","status":"publish","type":"page","link":"https:\/\/serveiseducatius.xtec.cat\/montsia\/xarxes\/biblioteca-escolar\/","title":{"rendered":"Xarxa de Biblioteques Escolars"},"content":{"rendered":"\n        <div class=\"wp-block-getwid-post-carousel custom-post-type-post has-slides-gap-small is-carousel has-arrows-inside has-dots-outside\">\n            <div data-slider-option=\"{&quot;sliderSlidesToShowDesktop&quot;:&quot;2&quot;,&quot;getwid_slidesToShowLaptop&quot;:&quot;1&quot;,&quot;getwid_slidesToShowTablet&quot;:&quot;1&quot;,&quot;getwid_slidesToShowMobile&quot;:&quot;1&quot;,&quot;getwid_autoplay_speed&quot;:3000,&quot;getwid_animation_speed&quot;:800,&quot;getwid_slidesToScroll&quot;:&quot;1&quot;,&quot;getwid_autoplay&quot;:true,&quot;getwid_pause_on_hover&quot;:false,&quot;getwid_infinite&quot;:true,&quot;getwid_center_mode&quot;:false,&quot;getwid_arrows&quot;:&quot;inside&quot;,&quot;getwid_dots&quot;:&quot;outside&quot;}\" class=\"wp-block-getwid-post-carousel__wrapper\">\n                \t\t\t\t\t\t\t<div class=\"wp-block-getwid-post-carousel__slide\">\n\t\t\t\t\t\t\t\t\n<div class=\"wp-block-getwid-post-carousel__post\">\n            <div class=\"wp-block-getwid-post-carousel__post-thumbnail\">\n            <a href=\"https:\/\/serveiseducatius.xtec.cat\/montsia\/general\/1a-sessio-seminari-biblioteques-escolars-baix-ebre-montsia\/\"><img loading=\"lazy\" decoding=\"async\" width=\"1338\" height=\"763\" src=\"https:\/\/serveiseducatius.xtec.cat\/montsia\/wp-content\/uploads\/usu1125\/2026\/01\/Captura-de-pantalla-2026-01-22-130314.png\" class=\"attachment-post-thumbnail size-post-thumbnail wp-post-image\" alt=\"\" srcset=\"https:\/\/serveiseducatius.xtec.cat\/montsia\/wp-content\/uploads\/usu1125\/2026\/01\/Captura-de-pantalla-2026-01-22-130314.png 1338w, https:\/\/serveiseducatius.xtec.cat\/montsia\/wp-content\/uploads\/usu1125\/2026\/01\/Captura-de-pantalla-2026-01-22-130314-300x171.png 300w, https:\/\/serveiseducatius.xtec.cat\/montsia\/wp-content\/uploads\/usu1125\/2026\/01\/Captura-de-pantalla-2026-01-22-130314-1024x584.png 1024w, https:\/\/serveiseducatius.xtec.cat\/montsia\/wp-content\/uploads\/usu1125\/2026\/01\/Captura-de-pantalla-2026-01-22-130314-768x438.png 768w\" sizes=\"auto, (max-width: 1338px) 100vw, 1338px\" \/><\/a>\n        <\/div>\n        <div class=\"wp-block-getwid-post-carousel__post-content-wrapper\">\n        <div class=\"wp-block-getwid-post-carousel__post-header\">\n            <h3 class=\"wp-block-getwid-post-carousel__post-title\"><a href=\"https:\/\/serveiseducatius.xtec.cat\/montsia\/general\/1a-sessio-seminari-biblioteques-escolars-baix-ebre-montsia\/\">1a sessi\u00f3 Seminari Biblioteques Escolars Baix Ebre &#8211; Montsi\u00e0<\/a><\/h3>        <\/div>\n        <div class=\"wp-block-getwid-post-carousel__post-excerpt\"><p>Dimarts va comen\u00e7ar el Seminari de Biblioteques Escolars compartit entre les comarques del Baix Ebre i Montsi\u00e0. Els vint-i-cinc integrants [&hellip;]<\/p>\n<\/div>\n    <\/div>\n<\/div>\n\n\t\t\t\t\t\t\t<\/div>\n\t\t\t\t\t\t\t\t\t\t\t\t\t<div class=\"wp-block-getwid-post-carousel__slide\">\n\t\t\t\t\t\t\t\t\n<div class=\"wp-block-getwid-post-carousel__post\">\n            <div class=\"wp-block-getwid-post-carousel__post-thumbnail\">\n            <a href=\"https:\/\/serveiseducatius.xtec.cat\/montsia\/general\/dia-de-les-biblioteques\/\"><img loading=\"lazy\" decoding=\"async\" width=\"621\" height=\"340\" src=\"https:\/\/serveiseducatius.xtec.cat\/montsia\/wp-content\/uploads\/usu1125\/2025\/10\/Captura-de-pantalla-2025-10-23-104026.png\" class=\"attachment-post-thumbnail size-post-thumbnail wp-post-image\" alt=\"\" srcset=\"https:\/\/serveiseducatius.xtec.cat\/montsia\/wp-content\/uploads\/usu1125\/2025\/10\/Captura-de-pantalla-2025-10-23-104026.png 621w, https:\/\/serveiseducatius.xtec.cat\/montsia\/wp-content\/uploads\/usu1125\/2025\/10\/Captura-de-pantalla-2025-10-23-104026-300x164.png 300w\" sizes=\"auto, (max-width: 621px) 100vw, 621px\" \/><\/a>\n        <\/div>\n        <div class=\"wp-block-getwid-post-carousel__post-content-wrapper\">\n        <div class=\"wp-block-getwid-post-carousel__post-header\">\n            <h3 class=\"wp-block-getwid-post-carousel__post-title\"><a href=\"https:\/\/serveiseducatius.xtec.cat\/montsia\/general\/dia-de-les-biblioteques\/\">Dia de les biblioteques<\/a><\/h3>        <\/div>\n        <div class=\"wp-block-getwid-post-carousel__post-excerpt\"><p>Aquest divendres, 24 d&#8217;octubre, \u00e9s el Dia de les Biblioteques. \u00c9s per aix\u00f2 que us presentem un bibliotip nou que [&hellip;]<\/p>\n<\/div>\n    <\/div>\n<\/div>\n\n\t\t\t\t\t\t\t<\/div>\n\t\t\t\t\t\t\t\t\t\t\t\t\t<div class=\"wp-block-getwid-post-carousel__slide\">\n\t\t\t\t\t\t\t\t\n<div class=\"wp-block-getwid-post-carousel__post\">\n            <div class=\"wp-block-getwid-post-carousel__post-thumbnail\">\n            <a href=\"https:\/\/serveiseducatius.xtec.cat\/montsia\/general\/guia-per-acompanyar-les-converses-literaries\/\"><img loading=\"lazy\" decoding=\"async\" width=\"549\" height=\"640\" src=\"https:\/\/serveiseducatius.xtec.cat\/montsia\/wp-content\/uploads\/usu1125\/2025\/03\/Captura-de-pantalla-2025-03-05-085945.png\" class=\"attachment-post-thumbnail size-post-thumbnail wp-post-image\" alt=\"\" srcset=\"https:\/\/serveiseducatius.xtec.cat\/montsia\/wp-content\/uploads\/usu1125\/2025\/03\/Captura-de-pantalla-2025-03-05-085945.png 549w, https:\/\/serveiseducatius.xtec.cat\/montsia\/wp-content\/uploads\/usu1125\/2025\/03\/Captura-de-pantalla-2025-03-05-085945-257x300.png 257w\" sizes=\"auto, (max-width: 549px) 100vw, 549px\" \/><\/a>\n        <\/div>\n        <div class=\"wp-block-getwid-post-carousel__post-content-wrapper\">\n        <div class=\"wp-block-getwid-post-carousel__post-header\">\n            <h3 class=\"wp-block-getwid-post-carousel__post-title\"><a href=\"https:\/\/serveiseducatius.xtec.cat\/montsia\/general\/guia-per-acompanyar-les-converses-literaries\/\">Guia per acompanyar les converses liter\u00e0ries<\/a><\/h3>        <\/div>\n        <div class=\"wp-block-getwid-post-carousel__post-excerpt\"><p>Us presentem aquest producte creat per l&#8217;Anna Soler per donar resposta a un dels objectius del Pla d&#8217;acci\u00f3 de l&#8217;escola [&hellip;]<\/p>\n<\/div>\n    <\/div>\n<\/div>\n\n\t\t\t\t\t\t\t<\/div>\n\t\t\t\t\t\t\t\t\t\t\t\t\t<div class=\"wp-block-getwid-post-carousel__slide\">\n\t\t\t\t\t\t\t\t\n<div class=\"wp-block-getwid-post-carousel__post\">\n            <div class=\"wp-block-getwid-post-carousel__post-thumbnail\">\n            <a href=\"https:\/\/serveiseducatius.xtec.cat\/montsia\/general\/4a-sessio-seminari-de-biblioteques-escolars\/\"><img loading=\"lazy\" decoding=\"async\" width=\"1536\" height=\"1413\" src=\"https:\/\/serveiseducatius.xtec.cat\/montsia\/wp-content\/uploads\/usu1125\/2025\/03\/WhatsApp-Image-2025-03-18-at-09.51.29.jpeg\" class=\"attachment-post-thumbnail size-post-thumbnail wp-post-image\" alt=\"\" srcset=\"https:\/\/serveiseducatius.xtec.cat\/montsia\/wp-content\/uploads\/usu1125\/2025\/03\/WhatsApp-Image-2025-03-18-at-09.51.29.jpeg 1536w, https:\/\/serveiseducatius.xtec.cat\/montsia\/wp-content\/uploads\/usu1125\/2025\/03\/WhatsApp-Image-2025-03-18-at-09.51.29-300x276.jpeg 300w, https:\/\/serveiseducatius.xtec.cat\/montsia\/wp-content\/uploads\/usu1125\/2025\/03\/WhatsApp-Image-2025-03-18-at-09.51.29-1024x942.jpeg 1024w, https:\/\/serveiseducatius.xtec.cat\/montsia\/wp-content\/uploads\/usu1125\/2025\/03\/WhatsApp-Image-2025-03-18-at-09.51.29-768x707.jpeg 768w\" sizes=\"auto, (max-width: 1536px) 100vw, 1536px\" \/><\/a>\n        <\/div>\n        <div class=\"wp-block-getwid-post-carousel__post-content-wrapper\">\n        <div class=\"wp-block-getwid-post-carousel__post-header\">\n            <h3 class=\"wp-block-getwid-post-carousel__post-title\"><a href=\"https:\/\/serveiseducatius.xtec.cat\/montsia\/general\/4a-sessio-seminari-de-biblioteques-escolars\/\">4a sessi\u00f3 seminari de Biblioteques Escolars<\/a><\/h3>        <\/div>\n        <div class=\"wp-block-getwid-post-carousel__post-excerpt\"><p>Ahir 17 de mar\u00e7 i amb la quarta sessi\u00f3 del Seminari de coordinaci\u00f3 de biblioteques escolars, vam donar per finalitzada [&hellip;]<\/p>\n<\/div>\n    <\/div>\n<\/div>\n\n\t\t\t\t\t\t\t<\/div>\n\t\t\t\t\t\t\t\t\t\t\t\t\t<div class=\"wp-block-getwid-post-carousel__slide\">\n\t\t\t\t\t\t\t\t\n<div class=\"wp-block-getwid-post-carousel__post\">\n            <div class=\"wp-block-getwid-post-carousel__post-thumbnail\">\n            <a href=\"https:\/\/serveiseducatius.xtec.cat\/montsia\/general\/3a-sessio-seminari-de-biblioteques-escolars\/\"><img loading=\"lazy\" decoding=\"async\" width=\"634\" height=\"343\" src=\"https:\/\/serveiseducatius.xtec.cat\/montsia\/wp-content\/uploads\/usu1125\/2025\/03\/la-bici-de-la-lola.png\" class=\"attachment-post-thumbnail size-post-thumbnail wp-post-image\" alt=\"\" srcset=\"https:\/\/serveiseducatius.xtec.cat\/montsia\/wp-content\/uploads\/usu1125\/2025\/03\/la-bici-de-la-lola.png 634w, https:\/\/serveiseducatius.xtec.cat\/montsia\/wp-content\/uploads\/usu1125\/2025\/03\/la-bici-de-la-lola-300x162.png 300w\" sizes=\"auto, (max-width: 634px) 100vw, 634px\" \/><\/a>\n        <\/div>\n        <div class=\"wp-block-getwid-post-carousel__post-content-wrapper\">\n        <div class=\"wp-block-getwid-post-carousel__post-header\">\n            <h3 class=\"wp-block-getwid-post-carousel__post-title\"><a href=\"https:\/\/serveiseducatius.xtec.cat\/montsia\/general\/3a-sessio-seminari-de-biblioteques-escolars\/\">3a sessi\u00f3 seminari de Biblioteques Escolars<\/a><\/h3>        <\/div>\n        <div class=\"wp-block-getwid-post-carousel__post-excerpt\"><p>El dilluns 10 de mar\u00e7 va esdevenir la tercera sessi\u00f3 del Seminari de coordinaci\u00f3 de biblioteques escolars. Aquesta sessi\u00f3 va [&hellip;]<\/p>\n<\/div>\n    <\/div>\n<\/div>\n\n\t\t\t\t\t\t\t<\/div>\n\t\t\t\t\t\t\t\t\t\t\t\t\t<div class=\"wp-block-getwid-post-carousel__slide\">\n\t\t\t\t\t\t\t\t\n<div class=\"wp-block-getwid-post-carousel__post\">\n            <div class=\"wp-block-getwid-post-carousel__post-thumbnail\">\n            <a href=\"https:\/\/serveiseducatius.xtec.cat\/montsia\/general\/2a-sessio-seminari-de-biblioteques-escolars\/\"><img loading=\"lazy\" decoding=\"async\" width=\"2048\" height=\"1137\" src=\"https:\/\/serveiseducatius.xtec.cat\/montsia\/wp-content\/uploads\/usu1125\/2025\/02\/Jesus4-1.jpeg\" class=\"attachment-post-thumbnail size-post-thumbnail wp-post-image\" alt=\"\" srcset=\"https:\/\/serveiseducatius.xtec.cat\/montsia\/wp-content\/uploads\/usu1125\/2025\/02\/Jesus4-1.jpeg 2048w, https:\/\/serveiseducatius.xtec.cat\/montsia\/wp-content\/uploads\/usu1125\/2025\/02\/Jesus4-1-300x167.jpeg 300w, https:\/\/serveiseducatius.xtec.cat\/montsia\/wp-content\/uploads\/usu1125\/2025\/02\/Jesus4-1-1024x569.jpeg 1024w, https:\/\/serveiseducatius.xtec.cat\/montsia\/wp-content\/uploads\/usu1125\/2025\/02\/Jesus4-1-768x426.jpeg 768w, https:\/\/serveiseducatius.xtec.cat\/montsia\/wp-content\/uploads\/usu1125\/2025\/02\/Jesus4-1-1536x853.jpeg 1536w\" sizes=\"auto, (max-width: 2048px) 100vw, 2048px\" \/><\/a>\n        <\/div>\n        <div class=\"wp-block-getwid-post-carousel__post-content-wrapper\">\n        <div class=\"wp-block-getwid-post-carousel__post-header\">\n            <h3 class=\"wp-block-getwid-post-carousel__post-title\"><a href=\"https:\/\/serveiseducatius.xtec.cat\/montsia\/general\/2a-sessio-seminari-de-biblioteques-escolars\/\">2a sessi\u00f3 seminari de  Biblioteques Escolars<\/a><\/h3>        <\/div>\n        <div class=\"wp-block-getwid-post-carousel__post-excerpt\"><p>El passat 17 de febrer va tenir lloc la segona sessi\u00f3 del Seminari de coordinaci\u00f3 de Biblioteques escolars. Aquesta va [&hellip;]<\/p>\n<\/div>\n    <\/div>\n<\/div>\n\n\t\t\t\t\t\t\t<\/div>\n\t\t\t\t\t\t            <\/div>\n        <\/div>\n        \n\n<p>Pel que fa a la dinamitzaci\u00f3 de la Biblioteca Escolar,\u00a0 el programa biblioteca escolar \u201cpuntedu\u201d t\u00e9 per objectiu potenciar la biblioteca escolar de tots els centres educatius com un espai de recursos on tant els alumnes com els professors, i tota la comunitat educativa en general puguin trobar informaci\u00f3 en diversos suports.<\/p>\n<p>El programa d\u00f3na suport a les biblioteques escolars amb diverses accions i amb l\u2019elaboraci\u00f3 i difusi\u00f3 de materials i recursos espec\u00edfics que es troben enlla\u00e7ats o referenciats en aquesta secci\u00f3.<\/p>\n<p><b>MARC NORMATIU<\/b><\/p>\n<ul>\n<li><a href=\"http:\/\/portaldogc.gencat.cat\/utilsEADOP\/AppJava\/PdfProviderServlet?documentId=86277&amp;type=01&amp;language=ca_ES\">Llei 4\/1993, de 18 de mar\u00e7, del sistema bibliotecari de Catalunya.<\/a> (DOGC 29\/03\/1993) (Article 44)<\/li>\n<li><a href=\"http:\/\/portaldogc.gencat.cat\/utilsEADOP\/AppJava\/PdfProviderServlet?documentId=480169&amp;type=01&amp;language=ca_ES\">Llei 12\/2009, del 10 de juliol, d\u2019educaci\u00f3<\/a>\u00a0 (LEC). (DOGC\u00a0 16\/07\/2009) (Article 88)<\/li>\n<li><a href=\"http:\/\/dogc.gencat.cat\/ca\/pdogc_canals_interns\/pdogc_resultats_fitxa\/?action=fitxa&amp;mode=single&amp;documentId=545262&amp;language=ca_ES\">DECRET 102\/2010, de 3 d&#8217;agost, d&#8217;autonomia dels centres educatius.<\/a> (Article 4 del cap\u00edtol 1)<\/li>\n<li><a href=\"http:\/\/ateneu.xtec.cat\/wikiform\/wikiexport\/_media\/cmd\/bib\/be1d\/modul_1\/practica1\/decret_continguts_primaria.pdf\">DECRET 119\/2015\u00a0 de 23 de juny, d&#8217;ordenaci\u00f3 dels ensenyaments de l&#8217;educaci\u00f3 prim\u00e0ria<\/a>.<\/li>\n<li><a href=\"http:\/\/dogc.gencat.cat\/ca\/pdogc_canals_interns\/pdogc_resultats_fitxa\/?action=fitxa&amp;mode=single&amp;documentId=701354&amp;language=ca_ES\">DECRET 187\/2015, del 25 d&#8217;agost, d\u2019ordenaci\u00f3 dels ensenyaments de l\u2019educaci\u00f3 secund\u00e0ria obligat\u00f2ria<\/a>. (Annex 3)<\/li>\n<li><a href=\"http:\/\/dogc.gencat.cat\/ca\/pdogc_canals_interns\/pdogc_resultats_fitxa\/?action=fitxa&amp;mode=single&amp;documentId=725394&amp;language=ca_ES\">RESOLUCI\u00d3 ENS\/1128\/2016, de 26 d&#8217;abril dels perfils professionals dels llocs de treball espec\u00edfics en centres educatius p\u00fablics depenents del Departament d&#8217;Enseyament i el procediment de capacitaci\u00f3 professional per ocupar-los.<\/a><\/li>\n<\/ul>\n<p><b>eP\u00e8rgam<\/b><\/p>\n<p>L\u2019eP\u00e8rgam \u00e9s l\u2019aplicaci\u00f3 de gesti\u00f3 de les biblioteques escolars que ofereix el Departament\u00a0 d&#8217;Ensenyament.<\/p>\n<p>\u00c9s una aplicaci\u00f3 en l\u00ednia i es caracteritza per:<\/p>\n<ul>\n<li aria-level=\"1\">Aprofitar els avantatges de la xarxa per fer la catalogaci\u00f3.<\/li>\n<li aria-level=\"1\">Permetre la consulta en l\u00ednia dels cat\u00e0legs de les biblioteques escolars.<\/li>\n<li aria-level=\"1\">Disposar de funcionalitats per incentivar l&#8217;\u00fas de la biblioteca per part de la comunitat escolar.<\/li>\n<li aria-level=\"1\">Facilitar el manteniment t\u00e8cnic de les dades bibliogr\u00e0fiques i d&#8217;usuaris.<\/li>\n<\/ul>\n<p><b>FORMACI\u00d3<\/b><\/p>\n<p>El Programa biblioteca escolar \u201cpuntedu\u201d, del Departament d\u2019Ensenyament, ofereix una formaci\u00f3 espec\u00edfica, adre\u00e7ada al professorat responsable de la biblioteca escolar, com tamb\u00e9 als docents que formin part de la comissi\u00f3 de biblioteca. Aquesta formaci\u00f3 es divideix en b\u00e0sica i d\u2019aprofundiment. Tots els cursos que s\u2019ofereixen representen una transfer\u00e8ncia al centre, de manera que cal un suport de l\u2019equip directiu.<\/p>\n<p><b>XARXA DE BIBLIOTEQUES<\/b><\/p>\n<p>El treball en xarxa de les biblioteques escolars facilita el treball en col\u00b7laboraci\u00f3, de suport i d\u2019assessorament entre els centres educatius i l\u2019entorn i ofereix oportunitats de:<\/p>\n<ul>\n<li aria-level=\"1\">Connectar amb altres perfils semblants i crear noves relacions professionals.<\/li>\n<li aria-level=\"1\">Compartir i millorar projectes de treball.<\/li>\n<li aria-level=\"1\">Millorar l\u2019aprofitament de recursos.<\/li>\n<li aria-level=\"1\">Descobrir noves iniciatives en el m\u00f3n de la biblioteca escolar.<\/li>\n<li aria-level=\"1\">Debatre temes de did\u00e0ctica i d\u2019actualitat de la bibliotec\u00e0ria i escolar.<\/li>\n<li aria-level=\"1\">Con\u00e8ixer professionals d\u2019altres sectors relacionats amb la biblioteca i la lectura.<\/li>\n<\/ul>\n<p>Els principals agents de la xarxa s\u00f3n:<\/p>\n<ul>\n<li aria-level=\"1\">Biblioteques de centres educatius i els seus responsables: es connecten entre ells mitjan\u00e7ant els seminaris i grups de treball.<\/li>\n<li aria-level=\"1\">Centres de Recursos Pedag\u00f2gics: impulsen la creaci\u00f3 i el funcionament de seminaris i grups de treball de biblioteca escolar.<\/li>\n<li aria-level=\"1\">Biblioteca p\u00fablica: es coordinen amb els centres educatius i els serveis educatius per dinamitzar accions conjuntes.<\/li>\n<li aria-level=\"1\">Ajuntament i entitats locals: articulen xarxes municipals, plans municipals de lectura, etc.<\/li>\n<li aria-level=\"1\">Llibreries: donen suport a seminaris i grups de treball.<\/li>\n<\/ul>\n<p>L\u2019objectiu d\u2019aquesta secci\u00f3 \u00e9s donar a con\u00e8ixer les iniciatives territorials de treball en xarxa de les biblioteques escolars i oferir recursos per al treball d\u2019aquesta xarxa.<\/p>\n<p><b>EL GUST PER LA LECTURA<\/b><\/p>\n<p>El programa El Gust per la Lectura t\u00e9 per objectiu la formaci\u00f3 de bons lectors i lectores. Es tracta que, al llarg de la seva formaci\u00f3 educativa, els nostres alumnes esdevinguin lectors competents, cr\u00edtics i capa\u00e7os de gaudir del plaer de la lectura.\u00a0 El programa\u00a0 ofereix material did\u00e0ctic al professorat, i estrat\u00e8gies i recursos per a la dinamitzaci\u00f3 de la lectura, de manera que s\u2019afavoreixi el desenvolupament de les compet\u00e8ncies liter\u00e0ria i social i ciutadana. La dinamitzaci\u00f3 de la lectura es porta a terme relacionant les obres liter\u00e0ries amb altres tipus de discursos, de formats art\u00edstics i d\u2019activitats, amb la intenci\u00f3 que el fet lector, a m\u00e9s de proporcionar sensibilitat est\u00e8tica i contribuir al creixement personal, esdevingui element potenciador del treball compartit i la construcci\u00f3 de la ciutadania.<\/p>\n<p><b>PROJECTE DE BIBLIOTECA<\/b><\/p>\n<p>El Projecte de biblioteca de centre (PB) \u00e9s un document que, a partir del que estableix el projecte educatiu, exposa el model i el funcionament de la biblioteca que el centre vol tenir i els recursos que s\u2019hi aplicaran per fer-lo possible.<\/p>\n<p>En el PB es recullen les caracter\u00edstiques de la biblioteca del centre, es defineixen els objectius i es planifiquen les actuacions que es duran a terme pel que fa als aspectes tant organitzatius com pedag\u00f2gics.<\/p>\n<ul>\n<li><a href=\"http:\/\/xtec.gencat.cat\/ca\/centres\/projeducatiu\/biblioteca\/\">http:\/\/xtec.gencat.cat\/ca\/centres\/projeducatiu\/biblioteca\/<\/a><\/li>\n<li>Esporgar la biblioteca a l\u2019escola i a l\u2019institut: http:\/\/xtec.gencat.cat\/web\/.content\/alfresco\/d\/d\/workspace\/SpacesStore\/0077\/b86cc0fe-bf6b-4081-a8b8-a6a234931f14\/esporgar.pdf<\/li>\n<li>https:\/\/projectes.xtec.cat\/bescat\/<\/li>\n<li>http:\/\/xtec.gencat.cat\/ca\/projectes\/biblioteca\/<\/li>\n<li>http:\/\/xtec.gencat.cat\/ca\/projectes\/biblioteca\/xarxa\/<\/li>\n<li>http:\/\/xtec.gencat.cat\/ca\/projectes\/biblioteca\/puntedu\/<\/li>\n<li>http:\/\/xtec.gencat.cat\/ca\/projectes\/lectura\/pladelectura\/<\/li>\n<\/ul>","protected":false},"excerpt":{"rendered":"<p>Pel que fa a la dinamitzaci\u00f3 de la Biblioteca Escolar,\u00a0 el programa biblioteca escolar \u201cpuntedu\u201d t\u00e9 per objectiu potenciar la [&hellip;]<\/p>\n","protected":false},"author":1,"featured_media":0,"parent":16753,"menu_order":80,"comment_status":"closed","ping_status":"closed","template":"","meta":{"_bbp_topic_count":0,"_bbp_reply_count":0,"_bbp_total_topic_count":0,"_bbp_total_reply_count":0,"_bbp_voice_count":0,"_bbp_anonymous_reply_count":0,"_bbp_topic_count_hidden":0,"_bbp_reply_count_hidden":0,"_bbp_forum_subforum_count":0,"site-sidebar-layout":"default","site-content-layout":"","ast-site-content-layout":"default","site-content-style":"default","site-sidebar-style":"default","ast-global-header-display":"","ast-banner-title-visibility":"","ast-main-header-display":"","ast-hfb-above-header-display":"","ast-hfb-below-header-display":"","ast-hfb-mobile-header-display":"","site-post-title":"","ast-breadcrumbs-content":"","ast-featured-img":"","footer-sml-layout":"","theme-transparent-header-meta":"","adv-header-id-meta":"","stick-header-meta":"","header-above-stick-meta":"","header-main-stick-meta":"","header-below-stick-meta":"","astra-migrate-meta-layouts":"set","ast-page-background-enabled":"default","ast-page-background-meta":{"desktop":{"background-color":"var(--ast-global-color-4)","background-image":"","background-repeat":"repeat","background-position":"center center","background-size":"auto","background-attachment":"scroll","background-type":"","background-media":"","overlay-type":"","overlay-color":"","overlay-opacity":"","overlay-gradient":""},"tablet":{"background-color":"","background-image":"","background-repeat":"repeat","background-position":"center center","background-size":"auto","background-attachment":"scroll","background-type":"","background-media":"","overlay-type":"","overlay-color":"","overlay-opacity":"","overlay-gradient":""},"mobile":{"background-color":"","background-image":"","background-repeat":"repeat","background-position":"center center","background-size":"auto","background-attachment":"scroll","background-type":"","background-media":"","overlay-type":"","overlay-color":"","overlay-opacity":"","overlay-gradient":""}},"ast-content-background-meta":{"desktop":{"background-color":"var(--ast-global-color-5)","background-image":"","background-repeat":"repeat","background-position":"center center","background-size":"auto","background-attachment":"scroll","background-type":"","background-media":"","overlay-type":"","overlay-color":"","overlay-opacity":"","overlay-gradient":""},"tablet":{"background-color":"var(--ast-global-color-5)","background-image":"","background-repeat":"repeat","background-position":"center center","background-size":"auto","background-attachment":"scroll","background-type":"","background-media":"","overlay-type":"","overlay-color":"","overlay-opacity":"","overlay-gradient":""},"mobile":{"background-color":"var(--ast-global-color-5)","background-image":"","background-repeat":"repeat","background-position":"center center","background-size":"auto","background-attachment":"scroll","background-type":"","background-media":"","overlay-type":"","overlay-color":"","overlay-opacity":"","overlay-gradient":""}},"footnotes":""},"class_list":["post-12414","page","type-page","status-publish","hentry"],"post_mailing_queue_ids":[],"_links":{"self":[{"href":"https:\/\/serveiseducatius.xtec.cat\/montsia\/wp-json\/wp\/v2\/pages\/12414","targetHints":{"allow":["GET"]}}],"collection":[{"href":"https:\/\/serveiseducatius.xtec.cat\/montsia\/wp-json\/wp\/v2\/pages"}],"about":[{"href":"https:\/\/serveiseducatius.xtec.cat\/montsia\/wp-json\/wp\/v2\/types\/page"}],"author":[{"embeddable":true,"href":"https:\/\/serveiseducatius.xtec.cat\/montsia\/wp-json\/wp\/v2\/users\/1"}],"replies":[{"embeddable":true,"href":"https:\/\/serveiseducatius.xtec.cat\/montsia\/wp-json\/wp\/v2\/comments?post=12414"}],"version-history":[{"count":6,"href":"https:\/\/serveiseducatius.xtec.cat\/montsia\/wp-json\/wp\/v2\/pages\/12414\/revisions"}],"predecessor-version":[{"id":16781,"href":"https:\/\/serveiseducatius.xtec.cat\/montsia\/wp-json\/wp\/v2\/pages\/12414\/revisions\/16781"}],"up":[{"embeddable":true,"href":"https:\/\/serveiseducatius.xtec.cat\/montsia\/wp-json\/wp\/v2\/pages\/16753"}],"wp:attachment":[{"href":"https:\/\/serveiseducatius.xtec.cat\/montsia\/wp-json\/wp\/v2\/media?parent=12414"}],"curies":[{"name":"wp","href":"https:\/\/api.w.org\/{rel}","templated":true}]}}