{"id":12390,"date":"2021-03-09T11:17:11","date_gmt":"2021-03-09T10:17:11","guid":{"rendered":"http:\/\/serveiseducatius.xtec.cat\/montsia\/?page_id=12390"},"modified":"2025-11-25T16:27:08","modified_gmt":"2025-11-25T15:27:08","slug":"xarxa-de-competencies-basiques","status":"publish","type":"page","link":"https:\/\/serveiseducatius.xtec.cat\/montsia\/xarxes\/xarxa-de-competencies-basiques\/","title":{"rendered":"Xarxa de Compet\u00e8ncies"},"content":{"rendered":"\n        <div class=\"wp-block-getwid-post-carousel custom-post-type-post has-slides-gap-small is-carousel has-arrows-inside has-dots-outside\">\n            <div data-slider-option=\"{&quot;sliderSlidesToShowDesktop&quot;:&quot;2&quot;,&quot;getwid_slidesToShowLaptop&quot;:&quot;1&quot;,&quot;getwid_slidesToShowTablet&quot;:&quot;1&quot;,&quot;getwid_slidesToShowMobile&quot;:&quot;1&quot;,&quot;getwid_autoplay_speed&quot;:2000,&quot;getwid_animation_speed&quot;:800,&quot;getwid_slidesToScroll&quot;:&quot;1&quot;,&quot;getwid_autoplay&quot;:true,&quot;getwid_pause_on_hover&quot;:false,&quot;getwid_infinite&quot;:true,&quot;getwid_center_mode&quot;:false,&quot;getwid_arrows&quot;:&quot;inside&quot;,&quot;getwid_dots&quot;:&quot;outside&quot;}\" class=\"wp-block-getwid-post-carousel__wrapper\">\n                \t\t\t\t\t\t\t<div class=\"wp-block-getwid-post-carousel__slide\">\n\t\t\t\t\t\t\t\t\n<div class=\"wp-block-getwid-post-carousel__post\">\n            <div class=\"wp-block-getwid-post-carousel__post-thumbnail\">\n            <a href=\"https:\/\/serveiseducatius.xtec.cat\/montsia\/general\/tercera-sessio-omega-de-la-xarxa-de-competencies-25-26\/\"><img loading=\"lazy\" decoding=\"async\" width=\"1600\" height=\"1051\" src=\"https:\/\/serveiseducatius.xtec.cat\/montsia\/wp-content\/uploads\/usu1125\/2026\/01\/90de62e8-b141-483c-a0d8-6c6d0c4dde94.jpg\" class=\"attachment-post-thumbnail size-post-thumbnail wp-post-image\" alt=\"\" srcset=\"https:\/\/serveiseducatius.xtec.cat\/montsia\/wp-content\/uploads\/usu1125\/2026\/01\/90de62e8-b141-483c-a0d8-6c6d0c4dde94.jpg 1600w, https:\/\/serveiseducatius.xtec.cat\/montsia\/wp-content\/uploads\/usu1125\/2026\/01\/90de62e8-b141-483c-a0d8-6c6d0c4dde94-300x197.jpg 300w, https:\/\/serveiseducatius.xtec.cat\/montsia\/wp-content\/uploads\/usu1125\/2026\/01\/90de62e8-b141-483c-a0d8-6c6d0c4dde94-1024x673.jpg 1024w, https:\/\/serveiseducatius.xtec.cat\/montsia\/wp-content\/uploads\/usu1125\/2026\/01\/90de62e8-b141-483c-a0d8-6c6d0c4dde94-768x504.jpg 768w, https:\/\/serveiseducatius.xtec.cat\/montsia\/wp-content\/uploads\/usu1125\/2026\/01\/90de62e8-b141-483c-a0d8-6c6d0c4dde94-1536x1009.jpg 1536w\" sizes=\"auto, (max-width: 1600px) 100vw, 1600px\" \/><\/a>\n        <\/div>\n        <div class=\"wp-block-getwid-post-carousel__post-content-wrapper\">\n        <div class=\"wp-block-getwid-post-carousel__post-header\">\n            <h3 class=\"wp-block-getwid-post-carousel__post-title\"><a href=\"https:\/\/serveiseducatius.xtec.cat\/montsia\/general\/tercera-sessio-omega-de-la-xarxa-de-competencies-25-26\/\">TERCERA SESSI\u00d3 OMEGA DE LA\u00a0 XARXA DE COMPET\u00c8NCIES (25-26)<\/a><\/h3>        <\/div>\n        <div class=\"wp-block-getwid-post-carousel__post-excerpt\"><p>DIN\u00c0MICA SOBRE ELS PROCESSOS D&#8217;APRENENTATGE DE LES CI\u00c8NCIES SOCIALS, EXPERIMENTALS I EDUCACI\u00d3 F\u00cdSICA. Des de les \u00e0rees de Ci\u00e8ncies Socials, [&hellip;]<\/p>\n<\/div>\n    <\/div>\n<\/div>\n\n\t\t\t\t\t\t\t<\/div>\n\t\t\t\t\t\t\t\t\t\t\t\t\t<div class=\"wp-block-getwid-post-carousel__slide\">\n\t\t\t\t\t\t\t\t\n<div class=\"wp-block-getwid-post-carousel__post\">\n            <div class=\"wp-block-getwid-post-carousel__post-thumbnail\">\n            <a href=\"https:\/\/serveiseducatius.xtec.cat\/montsia\/general\/segona-sessio-de-la-xdc-territorial-25-26\/\"><img loading=\"lazy\" decoding=\"async\" width=\"1536\" height=\"2048\" src=\"https:\/\/serveiseducatius.xtec.cat\/montsia\/wp-content\/uploads\/usu1125\/2025\/11\/PHOTO-2025-11-26-16-38-18.jpg\" class=\"attachment-post-thumbnail size-post-thumbnail wp-post-image\" alt=\"\" srcset=\"https:\/\/serveiseducatius.xtec.cat\/montsia\/wp-content\/uploads\/usu1125\/2025\/11\/PHOTO-2025-11-26-16-38-18.jpg 1536w, https:\/\/serveiseducatius.xtec.cat\/montsia\/wp-content\/uploads\/usu1125\/2025\/11\/PHOTO-2025-11-26-16-38-18-225x300.jpg 225w, https:\/\/serveiseducatius.xtec.cat\/montsia\/wp-content\/uploads\/usu1125\/2025\/11\/PHOTO-2025-11-26-16-38-18-768x1024.jpg 768w, https:\/\/serveiseducatius.xtec.cat\/montsia\/wp-content\/uploads\/usu1125\/2025\/11\/PHOTO-2025-11-26-16-38-18-1152x1536.jpg 1152w\" sizes=\"auto, (max-width: 1536px) 100vw, 1536px\" \/><\/a>\n        <\/div>\n        <div class=\"wp-block-getwid-post-carousel__post-content-wrapper\">\n        <div class=\"wp-block-getwid-post-carousel__post-header\">\n            <h3 class=\"wp-block-getwid-post-carousel__post-title\"><a href=\"https:\/\/serveiseducatius.xtec.cat\/montsia\/general\/segona-sessio-de-la-xdc-territorial-25-26\/\">Segona sessi\u00f3 de la XdC Territorial 25-26<\/a><\/h3>        <\/div>\n        <div class=\"wp-block-getwid-post-carousel__post-excerpt\"><p>Ahir es va realitzar la segona sessi\u00f3 de la XdC al CRP del Baix Ebre. Encara que ja s&#8217;havia treballat [&hellip;]<\/p>\n<\/div>\n    <\/div>\n<\/div>\n\n\t\t\t\t\t\t\t<\/div>\n\t\t\t\t\t\t\t\t\t\t\t\t\t<div class=\"wp-block-getwid-post-carousel__slide\">\n\t\t\t\t\t\t\t\t\n<div class=\"wp-block-getwid-post-carousel__post\">\n            <div class=\"wp-block-getwid-post-carousel__post-thumbnail\">\n            <a href=\"https:\/\/serveiseducatius.xtec.cat\/montsia\/general\/segona-sessio-omega-de-la-xarxa-de-competencies-25-26\/\"><img loading=\"lazy\" decoding=\"async\" width=\"1600\" height=\"1200\" src=\"https:\/\/serveiseducatius.xtec.cat\/montsia\/wp-content\/uploads\/usu1125\/2025\/11\/PHOTO-2025-11-07-09-45-09.jpg\" class=\"attachment-post-thumbnail size-post-thumbnail wp-post-image\" alt=\"\" srcset=\"https:\/\/serveiseducatius.xtec.cat\/montsia\/wp-content\/uploads\/usu1125\/2025\/11\/PHOTO-2025-11-07-09-45-09.jpg 1600w, https:\/\/serveiseducatius.xtec.cat\/montsia\/wp-content\/uploads\/usu1125\/2025\/11\/PHOTO-2025-11-07-09-45-09-300x225.jpg 300w, https:\/\/serveiseducatius.xtec.cat\/montsia\/wp-content\/uploads\/usu1125\/2025\/11\/PHOTO-2025-11-07-09-45-09-1024x768.jpg 1024w, https:\/\/serveiseducatius.xtec.cat\/montsia\/wp-content\/uploads\/usu1125\/2025\/11\/PHOTO-2025-11-07-09-45-09-768x576.jpg 768w, https:\/\/serveiseducatius.xtec.cat\/montsia\/wp-content\/uploads\/usu1125\/2025\/11\/PHOTO-2025-11-07-09-45-09-1536x1152.jpg 1536w\" sizes=\"auto, (max-width: 1600px) 100vw, 1600px\" \/><\/a>\n        <\/div>\n        <div class=\"wp-block-getwid-post-carousel__post-content-wrapper\">\n        <div class=\"wp-block-getwid-post-carousel__post-header\">\n            <h3 class=\"wp-block-getwid-post-carousel__post-title\"><a href=\"https:\/\/serveiseducatius.xtec.cat\/montsia\/general\/segona-sessio-omega-de-la-xarxa-de-competencies-25-26\/\">Segona Sessi\u00f3 Omega de la Xarxa de Compet\u00e8ncies 25-26<\/a><\/h3>        <\/div>\n        <div class=\"wp-block-getwid-post-carousel__post-excerpt\"><p>Com la revisi\u00f3 dels informes d\u2019avaluaci\u00f3 pot ajudar a repensar l\u2019avaluaci\u00f3 dels centres? Aix\u00ed \u00e9s com va comen\u00e7ar la sessi\u00f3 [&hellip;]<\/p>\n<\/div>\n    <\/div>\n<\/div>\n\n\t\t\t\t\t\t\t<\/div>\n\t\t\t\t\t\t\t\t\t\t\t\t\t<div class=\"wp-block-getwid-post-carousel__slide\">\n\t\t\t\t\t\t\t\t\n<div class=\"wp-block-getwid-post-carousel__post\">\n            <div class=\"wp-block-getwid-post-carousel__post-thumbnail\">\n            <a href=\"https:\/\/serveiseducatius.xtec.cat\/montsia\/general\/primera-sessio-de-la-xarxa-territorial-de-la-xdc-25-26\/\"><img loading=\"lazy\" decoding=\"async\" width=\"1600\" height=\"1200\" src=\"https:\/\/serveiseducatius.xtec.cat\/montsia\/wp-content\/uploads\/usu1125\/2025\/11\/WhatsApp-Image-2025-10-28-at-12.52.27-5.jpeg\" class=\"attachment-post-thumbnail size-post-thumbnail wp-post-image\" alt=\"\" srcset=\"https:\/\/serveiseducatius.xtec.cat\/montsia\/wp-content\/uploads\/usu1125\/2025\/11\/WhatsApp-Image-2025-10-28-at-12.52.27-5.jpeg 1600w, https:\/\/serveiseducatius.xtec.cat\/montsia\/wp-content\/uploads\/usu1125\/2025\/11\/WhatsApp-Image-2025-10-28-at-12.52.27-5-300x225.jpeg 300w, https:\/\/serveiseducatius.xtec.cat\/montsia\/wp-content\/uploads\/usu1125\/2025\/11\/WhatsApp-Image-2025-10-28-at-12.52.27-5-1024x768.jpeg 1024w, https:\/\/serveiseducatius.xtec.cat\/montsia\/wp-content\/uploads\/usu1125\/2025\/11\/WhatsApp-Image-2025-10-28-at-12.52.27-5-768x576.jpeg 768w, https:\/\/serveiseducatius.xtec.cat\/montsia\/wp-content\/uploads\/usu1125\/2025\/11\/WhatsApp-Image-2025-10-28-at-12.52.27-5-1536x1152.jpeg 1536w\" sizes=\"auto, (max-width: 1600px) 100vw, 1600px\" \/><\/a>\n        <\/div>\n        <div class=\"wp-block-getwid-post-carousel__post-content-wrapper\">\n        <div class=\"wp-block-getwid-post-carousel__post-header\">\n            <h3 class=\"wp-block-getwid-post-carousel__post-title\"><a href=\"https:\/\/serveiseducatius.xtec.cat\/montsia\/general\/primera-sessio-de-la-xarxa-territorial-de-la-xdc-25-26\/\">Primera Sessi\u00f3 de la Xarxa Territorial de la XdC 25-26<\/a><\/h3>        <\/div>\n        <div class=\"wp-block-getwid-post-carousel__post-excerpt\"><p>El 22 d&#8217;octubre ens vam reunir als Serveis Educatius del Baix Ebre les persones coordinadores dels centres que participen a [&hellip;]<\/p>\n<\/div>\n    <\/div>\n<\/div>\n\n\t\t\t\t\t\t\t<\/div>\n\t\t\t\t\t\t\t\t\t\t\t\t\t<div class=\"wp-block-getwid-post-carousel__slide\">\n\t\t\t\t\t\t\t\t\n<div class=\"wp-block-getwid-post-carousel__post\">\n            <div class=\"wp-block-getwid-post-carousel__post-thumbnail\">\n            <a href=\"https:\/\/serveiseducatius.xtec.cat\/montsia\/general\/primera-sessio-omega-de-la-xarxa-de-competencies-25-26\/\"><img loading=\"lazy\" decoding=\"async\" width=\"1600\" height=\"1200\" src=\"https:\/\/serveiseducatius.xtec.cat\/montsia\/wp-content\/uploads\/usu1125\/2025\/11\/PHOTO-2025-10-03-19-21-57-1.jpg\" class=\"attachment-post-thumbnail size-post-thumbnail wp-post-image\" alt=\"\" srcset=\"https:\/\/serveiseducatius.xtec.cat\/montsia\/wp-content\/uploads\/usu1125\/2025\/11\/PHOTO-2025-10-03-19-21-57-1.jpg 1600w, https:\/\/serveiseducatius.xtec.cat\/montsia\/wp-content\/uploads\/usu1125\/2025\/11\/PHOTO-2025-10-03-19-21-57-1-300x225.jpg 300w, https:\/\/serveiseducatius.xtec.cat\/montsia\/wp-content\/uploads\/usu1125\/2025\/11\/PHOTO-2025-10-03-19-21-57-1-1024x768.jpg 1024w, https:\/\/serveiseducatius.xtec.cat\/montsia\/wp-content\/uploads\/usu1125\/2025\/11\/PHOTO-2025-10-03-19-21-57-1-768x576.jpg 768w, https:\/\/serveiseducatius.xtec.cat\/montsia\/wp-content\/uploads\/usu1125\/2025\/11\/PHOTO-2025-10-03-19-21-57-1-1536x1152.jpg 1536w\" sizes=\"auto, (max-width: 1600px) 100vw, 1600px\" \/><\/a>\n        <\/div>\n        <div class=\"wp-block-getwid-post-carousel__post-content-wrapper\">\n        <div class=\"wp-block-getwid-post-carousel__post-header\">\n            <h3 class=\"wp-block-getwid-post-carousel__post-title\"><a href=\"https:\/\/serveiseducatius.xtec.cat\/montsia\/general\/primera-sessio-omega-de-la-xarxa-de-competencies-25-26\/\">Primera Sessi\u00f3 Omega de la Xarxa de Compet\u00e8ncies 25-26<\/a><\/h3>        <\/div>\n        <div class=\"wp-block-getwid-post-carousel__post-excerpt\"><p>La primera sessi\u00f3 de la Xarxa va tenir lloc al&nbsp;Consell Comarcal del Baix Llobregat el passat 3 d&#8217;Octubre. Vam comptar [&hellip;]<\/p>\n<\/div>\n    <\/div>\n<\/div>\n\n\t\t\t\t\t\t\t<\/div>\n\t\t\t\t\t\t\t\t\t\t\t\t\t<div class=\"wp-block-getwid-post-carousel__slide\">\n\t\t\t\t\t\t\t\t\n<div class=\"wp-block-getwid-post-carousel__post\">\n            <div class=\"wp-block-getwid-post-carousel__post-thumbnail\">\n            <a href=\"https:\/\/serveiseducatius.xtec.cat\/montsia\/general\/quarta-sessio-de-la-xdc-territorial-24-25\/\"><img loading=\"lazy\" decoding=\"async\" width=\"829\" height=\"474\" src=\"https:\/\/serveiseducatius.xtec.cat\/montsia\/wp-content\/uploads\/usu1125\/2025\/03\/Mates4.png\" class=\"attachment-post-thumbnail size-post-thumbnail wp-post-image\" alt=\"\" srcset=\"https:\/\/serveiseducatius.xtec.cat\/montsia\/wp-content\/uploads\/usu1125\/2025\/03\/Mates4.png 829w, https:\/\/serveiseducatius.xtec.cat\/montsia\/wp-content\/uploads\/usu1125\/2025\/03\/Mates4-300x172.png 300w, https:\/\/serveiseducatius.xtec.cat\/montsia\/wp-content\/uploads\/usu1125\/2025\/03\/Mates4-768x439.png 768w\" sizes=\"auto, (max-width: 829px) 100vw, 829px\" \/><\/a>\n        <\/div>\n        <div class=\"wp-block-getwid-post-carousel__post-content-wrapper\">\n        <div class=\"wp-block-getwid-post-carousel__post-header\">\n            <h3 class=\"wp-block-getwid-post-carousel__post-title\"><a href=\"https:\/\/serveiseducatius.xtec.cat\/montsia\/general\/quarta-sessio-de-la-xdc-territorial-24-25\/\">Quarta sessi\u00f3 de la XdC territorial 24-25<\/a><\/h3>        <\/div>\n        <div class=\"wp-block-getwid-post-carousel__post-excerpt\"><p>La quarta sessi\u00f3 territorial de la Xarxa de Compet\u00e8ncies a Terres de l\u2019Ebre va tenir lloc el passat 5 de [&hellip;]<\/p>\n<\/div>\n    <\/div>\n<\/div>\n\n\t\t\t\t\t\t\t<\/div>\n\t\t\t\t\t\t            <\/div>\n        <\/div>\n        \n\n<table style=\"border-collapse: collapse; width: 100%;\">\n<tbody>\n<tr>\n<td style=\"width: 50%;\"><img loading=\"lazy\" decoding=\"async\" class=\"size-full wp-image-15324 aligncenter\" src=\"https:\/\/serveiseducatius.xtec.cat\/montsia\/wp-content\/uploads\/usu1125\/2024\/12\/xct6-logo-1.png\" alt=\"\" width=\"204\" height=\"174\" \/><\/td>\n<td style=\"width: 50%;\"><img loading=\"lazy\" decoding=\"async\" class=\"size-full wp-image-15303 aligncenter\" src=\"https:\/\/serveiseducatius.xtec.cat\/montsia\/wp-content\/uploads\/usu1125\/2024\/12\/logo-xarxa-de-cpmpetencies.png\" alt=\"\" width=\"432\" height=\"174\" srcset=\"https:\/\/serveiseducatius.xtec.cat\/montsia\/wp-content\/uploads\/usu1125\/2024\/12\/logo-xarxa-de-cpmpetencies.png 432w, https:\/\/serveiseducatius.xtec.cat\/montsia\/wp-content\/uploads\/usu1125\/2024\/12\/logo-xarxa-de-cpmpetencies-300x121.png 300w\" sizes=\"auto, (max-width: 432px) 100vw, 432px\" \/><\/td>\n<\/tr>\n<\/tbody>\n<\/table>\n<p>La Xarxa de Compet\u00e8ncies \u00e9s una modalitat de formaci\u00f3 i desenvolupament professional docent basat en l\u2019aprenentatge entre iguals i en xarxa, promoguda pel Departament d\u2019Educaci\u00f3, dins el seu pla de formaci\u00f3 permanent. La Xarxa de Compet\u00e8ncies est\u00e0 formada per equips docents de centres d\u2019educaci\u00f3 infantil, prim\u00e0ria, secund\u00e0ria i batxillerat que volen iniciar, mantenir o consolidar processos de reflexi\u00f3-acci\u00f3 en equip i en xarxa per transformar l\u2019escola en un espai que afavoreixi l\u2019aprenentatge i ajudi els docents a millorar el seu desenvolupament professional i als centres a constituir-se en organitzacions que aprenen. Actualment est\u00e0 formada per m\u00e9s de 700 centres, tant de prim\u00e0ria com de secund\u00e0ria, organitzats en xarxes territorials, i implica m\u00e9s de 10.000 docents.<\/p>\n<p>El fet de pert\u00e0nyer a una xarxa docent entre iguals, com la Xarxa de Compet\u00e8ncies, empeny a crear\u00a0<b>espais pedag\u00f2gics<\/b>\u00a0en el si de cada centre i a aprendre dels altres centres en un context de\u00a0<b>formaci\u00f3 cont\u00ednua entre iguals<\/b>, que combina l\u2019acci\u00f3 i la reflexi\u00f3, amb la finalitat de consolidar\u00a0<b>projectes educatius transformadors<\/b>\u00a0i basats en el treball en equip de tots els agents de la comunitat educativa.<\/p>\n<p><b>La Xarxa Territorial 6 correspon a les Terres de l\u2019Ebre<\/b>, i es va iniciar el curs 2016-2017. L\u2019actual curs 2025 \u2013 2026 en formen part 55 centres de les les comarques del Montsi\u00e0, Baix Ebre i la Ribera d\u2019Ebre.<\/p>\n<p>Els centres del Montsi\u00e0 que formen part de la Xarxa s\u00f3n els seg\u00fcents:<\/p>\n<p>\n\n\n<\/p>\n<ul class=\"wp-block-list\">\n\n<li>ESC Carles III (La R\u00e0pita)<\/li>\n\n \n\n<li>ESC Miquel Granell (Amposta)<\/li>\n\n \n\n<li>ESC Maria Jes\u00fas Ort\u00ed i Abella (La S\u00e9nia)<\/li>\n\n \n\n<li>ESC Consol Ferr\u00e9 (Amposta)<\/li>\n\n \n\n<li>ESC Jaume Balmes (Santa B\u00e0rbara)<\/li>\n\n \n\n<li>ZER Montsi\u00e0<\/li>\n\n \n\n<li>INS Els Alfacs (Sant Carles de la R\u00e0pita)<\/li>\n\n \n\n<li>INS Ramon Berenguer IV (Amposta)<\/li>\n\n \n\n<li>INS Manuel Sales i Ferr\u00e9 (Ulldecona)<\/li>\n\n \n\n<li>INS S\u00f2l-de-Riu (Alcanar)<\/li>\n\n \n\n<li>INS Tecnificaci\u00f3 (Amposta)<\/li>\n\n \n\n<li>ESC Joan Baptista Serra (Alcanar)<\/li>\n\n<\/ul>\n<p>\n\n\n<p>Una\u00a0<b>s\u00edntesi<\/b>\u00a0del que \u00e9s i del que implica formar part de la XdC la trobareu en aquesta infografia:<\/p>\n<p><img loading=\"lazy\" decoding=\"async\" class=\"size-full wp-image-12393 aligncenter\" src=\"https:\/\/serveiseducatius.xtec.cat\/montsia\/wp-content\/uploads\/usu1125\/2021\/03\/infografia-XCB.png\" alt=\"\" width=\"585\" height=\"841\" srcset=\"https:\/\/serveiseducatius.xtec.cat\/montsia\/wp-content\/uploads\/usu1125\/2021\/03\/infografia-XCB.png 585w, https:\/\/serveiseducatius.xtec.cat\/montsia\/wp-content\/uploads\/usu1125\/2021\/03\/infografia-XCB-209x300.png 209w\" sizes=\"auto, (max-width: 585px) 100vw, 585px\" \/><\/p>\n<p>Amb motiu del\u00a0<b>vint\u00e8 aniversari de la Xarxa<\/b>, es van realitzar aquestes infografies que resumeixen de forma breu el que hem apr\u00e8s treballant junts, compartint experi\u00e8ncies i construint coneixement de manera cooperativa:<\/p>\n<p><img loading=\"lazy\" decoding=\"async\" class=\"size-full wp-image-15308 aligncenter\" src=\"https:\/\/serveiseducatius.xtec.cat\/montsia\/wp-content\/uploads\/usu1125\/2024\/12\/20-coses-que-hem-apres-a-la-xarxa.png\" alt=\"\" width=\"522\" height=\"728\" srcset=\"https:\/\/serveiseducatius.xtec.cat\/montsia\/wp-content\/uploads\/usu1125\/2024\/12\/20-coses-que-hem-apres-a-la-xarxa.png 522w, https:\/\/serveiseducatius.xtec.cat\/montsia\/wp-content\/uploads\/usu1125\/2024\/12\/20-coses-que-hem-apres-a-la-xarxa-215x300.png 215w\" sizes=\"auto, (max-width: 522px) 100vw, 522px\" \/><\/p>\n<p><img loading=\"lazy\" decoding=\"async\" class=\"size-full wp-image-15309 aligncenter\" src=\"https:\/\/serveiseducatius.xtec.cat\/montsia\/wp-content\/uploads\/usu1125\/2024\/12\/infografia-20-anys-xarxa-cb.png\" alt=\"\" width=\"500\" height=\"739\" srcset=\"https:\/\/serveiseducatius.xtec.cat\/montsia\/wp-content\/uploads\/usu1125\/2024\/12\/infografia-20-anys-xarxa-cb.png 500w, https:\/\/serveiseducatius.xtec.cat\/montsia\/wp-content\/uploads\/usu1125\/2024\/12\/infografia-20-anys-xarxa-cb-203x300.png 203w\" sizes=\"auto, (max-width: 500px) 100vw, 500px\" \/><\/p>\n<p><b>Recull d&#8217;activitats elaborades pels centres participants de la Xarxa 6:<\/b><\/p>\n<ul>\n<li><a href=\"https:\/\/blocs.xtec.cat\/xcbprojecte290\/category\/cronologia\/qui-som-cronologia\/\">Curs 2017-2018<\/a><\/li>\n<li><a href=\"https:\/\/blocs.xtec.cat\/xcbprojecte314\">Curs 2018-2019<\/a><\/li>\n<li><a href=\"https:\/\/blocs.xtec.cat\/xcbprojecte26\/\" target=\"_blank\" rel=\"noopener noreferrer\">Geografia i imaginaci\u00f3 (INS Ramon Berenguer IV)<\/a><\/li>\n<li><a href=\"https:\/\/blocs.xtec.cat\/xcbprojecte246\/\" target=\"_blank\" rel=\"noopener noreferrer\">Anem de festa (INS Ramon Berenguer IV)<\/a><\/li>\n<\/ul>\n<p><b>Per a m\u00e9s informaci\u00f3:<\/b><\/p>\n<ul>\n<li><a href=\"http:\/\/xtec.gencat.cat\/ca\/curriculum\/xarxacb\/\">Espai de la Xarxa CB a la XTEC<\/a><\/li>\n<li><a href=\"http:\/\/xtec.gencat.cat\/web\/.content\/curriculum\/xarxacb\/documents\/Lescola-que-volem.pdf\">Document \u201cL\u2019escola que volem. Idees de la XCb per repensar el projecte de centre\u201d<\/a><\/li>\n<li><a href=\"https:\/\/drive.google.com\/file\/d\/1qFVmJVJ9Qgu3v8VytYYsxjgAEPmaFEMb\/view\">Document \u201cFormar per transformar\u201d (el model formatiu de la XCB)<\/a><\/li>\n<li><a href=\"http:\/\/educacio.gencat.cat\/web\/.content\/home\/departament\/publicacions\/colleccions\/competencies-basiques\/eso\/avaluar-aprendre.pdf\">Document \u201cAvaluar \u00e9s aprendre\u201d de Neus Sanmart\u00ed<\/a><\/li>\n<\/ul>\n<p><b>Sinapsi XTEC:<\/b><\/p>\n<ul>\n<li><a href=\"https:\/\/projectes.xtec.cat\/xarxacb\/activitats-compartides-pels-centres\/\">Web de la XCB_1000 projectes<\/a><\/li>\n<li><a href=\"http:\/\/xtec.gencat.cat\/ca\/recursos\/activitats-autoaprenentatge\/models-de-propostes-didactiques\/\">Propostes did\u00e0ctiques per al confinament<\/a><\/li>\n<li><a href=\"https:\/\/projectes.xtec.cat\/xarxacb\/propostes-per-als-ods\/\">Propostes de treball sobre els ODS<\/a><\/li>\n<\/ul>","protected":false},"excerpt":{"rendered":"<p>La Xarxa de Compet\u00e8ncies \u00e9s una modalitat de formaci\u00f3 i desenvolupament professional docent basat en l\u2019aprenentatge entre iguals i en [&hellip;]<\/p>\n","protected":false},"author":1,"featured_media":0,"parent":16753,"menu_order":30,"comment_status":"closed","ping_status":"closed","template":"","meta":{"_bbp_topic_count":0,"_bbp_reply_count":0,"_bbp_total_topic_count":0,"_bbp_total_reply_count":0,"_bbp_voice_count":0,"_bbp_anonymous_reply_count":0,"_bbp_topic_count_hidden":0,"_bbp_reply_count_hidden":0,"_bbp_forum_subforum_count":0,"site-sidebar-layout":"default","site-content-layout":"","ast-site-content-layout":"default","site-content-style":"default","site-sidebar-style":"default","ast-global-header-display":"","ast-banner-title-visibility":"","ast-main-header-display":"","ast-hfb-above-header-display":"","ast-hfb-below-header-display":"","ast-hfb-mobile-header-display":"","site-post-title":"","ast-breadcrumbs-content":"","ast-featured-img":"","footer-sml-layout":"","theme-transparent-header-meta":"","adv-header-id-meta":"","stick-header-meta":"","header-above-stick-meta":"","header-main-stick-meta":"","header-below-stick-meta":"","astra-migrate-meta-layouts":"set","ast-page-background-enabled":"default","ast-page-background-meta":{"desktop":{"background-color":"var(--ast-global-color-4)","background-image":"","background-repeat":"repeat","background-position":"center center","background-size":"auto","background-attachment":"scroll","background-type":"","background-media":"","overlay-type":"","overlay-color":"","overlay-opacity":"","overlay-gradient":""},"tablet":{"background-color":"","background-image":"","background-repeat":"repeat","background-position":"center center","background-size":"auto","background-attachment":"scroll","background-type":"","background-media":"","overlay-type":"","overlay-color":"","overlay-opacity":"","overlay-gradient":""},"mobile":{"background-color":"","background-image":"","background-repeat":"repeat","background-position":"center center","background-size":"auto","background-attachment":"scroll","background-type":"","background-media":"","overlay-type":"","overlay-color":"","overlay-opacity":"","overlay-gradient":""}},"ast-content-background-meta":{"desktop":{"background-color":"var(--ast-global-color-5)","background-image":"","background-repeat":"repeat","background-position":"center center","background-size":"auto","background-attachment":"scroll","background-type":"","background-media":"","overlay-type":"","overlay-color":"","overlay-opacity":"","overlay-gradient":""},"tablet":{"background-color":"var(--ast-global-color-5)","background-image":"","background-repeat":"repeat","background-position":"center center","background-size":"auto","background-attachment":"scroll","background-type":"","background-media":"","overlay-type":"","overlay-color":"","overlay-opacity":"","overlay-gradient":""},"mobile":{"background-color":"var(--ast-global-color-5)","background-image":"","background-repeat":"repeat","background-position":"center center","background-size":"auto","background-attachment":"scroll","background-type":"","background-media":"","overlay-type":"","overlay-color":"","overlay-opacity":"","overlay-gradient":""}},"footnotes":""},"class_list":["post-12390","page","type-page","status-publish","hentry"],"post_mailing_queue_ids":[],"_links":{"self":[{"href":"https:\/\/serveiseducatius.xtec.cat\/montsia\/wp-json\/wp\/v2\/pages\/12390","targetHints":{"allow":["GET"]}}],"collection":[{"href":"https:\/\/serveiseducatius.xtec.cat\/montsia\/wp-json\/wp\/v2\/pages"}],"about":[{"href":"https:\/\/serveiseducatius.xtec.cat\/montsia\/wp-json\/wp\/v2\/types\/page"}],"author":[{"embeddable":true,"href":"https:\/\/serveiseducatius.xtec.cat\/montsia\/wp-json\/wp\/v2\/users\/1"}],"replies":[{"embeddable":true,"href":"https:\/\/serveiseducatius.xtec.cat\/montsia\/wp-json\/wp\/v2\/comments?post=12390"}],"version-history":[{"count":6,"href":"https:\/\/serveiseducatius.xtec.cat\/montsia\/wp-json\/wp\/v2\/pages\/12390\/revisions"}],"predecessor-version":[{"id":16870,"href":"https:\/\/serveiseducatius.xtec.cat\/montsia\/wp-json\/wp\/v2\/pages\/12390\/revisions\/16870"}],"up":[{"embeddable":true,"href":"https:\/\/serveiseducatius.xtec.cat\/montsia\/wp-json\/wp\/v2\/pages\/16753"}],"wp:attachment":[{"href":"https:\/\/serveiseducatius.xtec.cat\/montsia\/wp-json\/wp\/v2\/media?parent=12390"}],"curies":[{"name":"wp","href":"https:\/\/api.w.org\/{rel}","templated":true}]}}