{"id":12214,"date":"2021-02-22T16:17:41","date_gmt":"2021-02-22T15:17:41","guid":{"rendered":"http:\/\/serveiseducatius.xtec.cat\/montsia\/?page_id=12214"},"modified":"2021-02-22T16:17:41","modified_gmt":"2021-02-22T15:17:41","slug":"33-triem-el-nostre-projecte","status":"publish","type":"page","link":"https:\/\/serveiseducatius.xtec.cat\/montsia\/innovacio-2\/bones-practiques\/33-triem-el-nostre-projecte\/","title":{"rendered":"33. Triem el nostre projecte"},"content":{"rendered":"<p style=\"text-align: center;\"><img loading=\"lazy\" decoding=\"async\" class=\"alignnone  wp-image-12215\" src=\"https:\/\/serveiseducatius.xtec.cat\/montsia\/wp-content\/uploads\/usu1125\/2021\/02\/triem-el-nostre-projecte.png\" alt=\"\" width=\"429\" height=\"321\" srcset=\"https:\/\/serveiseducatius.xtec.cat\/montsia\/wp-content\/uploads\/usu1125\/2021\/02\/triem-el-nostre-projecte.png 489w, https:\/\/serveiseducatius.xtec.cat\/montsia\/wp-content\/uploads\/usu1125\/2021\/02\/triem-el-nostre-projecte-300x225.png 300w, https:\/\/serveiseducatius.xtec.cat\/montsia\/wp-content\/uploads\/usu1125\/2021\/02\/triem-el-nostre-projecte-200x150.png 200w\" sizes=\"auto, (max-width: 429px) 100vw, 429px\" \/><\/p>\n<h3><span id=\"Dades_del_centre\">Dades del centre<\/span><\/h3>\n<p><strong>Nom del centre:<\/strong> Escola Joan Baptista Serra<br \/>\n<strong>Adre\u00e7a:<\/strong> Avda. Constituci\u00f3 s\/n<br \/>\n<strong>Codi postal:<\/strong> 43530<br \/>\n<strong>Localitat:\u00a0<\/strong>Alcanar<br \/>\n<strong>Tel\u00e8fon:\u00a0<\/strong>977730254<br \/>\n<strong>Adre\u00e7a electr\u00f2nica:<\/strong> e3000081@xtec.cat<br \/>\n<strong>Servei territorial:<\/strong>\u00a0Terres de l\u2019Ebre<\/p>\n<h3><span id=\"Breu_resum_de_l8217activitat\">Breu resum de l\u2019activitat<\/span><\/h3>\n<p><span style=\"font-weight: 400;\">Cada any, l\u2019alumnat de tots els nivells treballa un projecte per a portar a terme al llarg de tot el curs escolar. A P5 la tria d\u2019este projecte comporta tota una preparaci\u00f3 pr\u00e8via: pensar qu\u00e8 ens interessa, votar entre les molt\u00edssimes propostes, deixar les que han resultat m\u00e9s interessants per a la majoria, defensar davant els companys les diferents \u201ccandidatures\u201d de temes finalistes i fer una votaci\u00f3 formal per a triar definitivament el projecte a treballar.<\/span><\/p>\n<h3><span id=\"Ambits_d8217actuacio\">\u00c0mbits d\u2019actuaci\u00f3<\/span><\/h3>\n<p><span style=\"font-weight: 400;\">Educaci\u00f3 Infantil P5<\/span><\/p>\n<h3><span id=\"AreesMateriesModuls\">\u00c0rees\/Mat\u00e8ries\/M\u00f2duls<\/span><\/h3>\n<ul>\n<li style=\"font-weight: 400;\" aria-level=\"1\"><span style=\"font-weight: 400;\">Descoberta de l\u2019entorn<\/span><\/li>\n<li style=\"font-weight: 400;\" aria-level=\"1\"><span style=\"font-weight: 400;\">Comunicaci\u00f3 i Llenguatges<\/span><\/li>\n<li style=\"font-weight: 400;\" aria-level=\"1\"><span style=\"font-weight: 400;\">Descoberta d\u2019un mateix i dels altres<\/span><\/li>\n<\/ul>\n<h3><span id=\"Capacitats_Competencies\">Capacitats \/ Compet\u00e8ncies<\/span><\/h3>\n<ul>\n<li style=\"font-weight: 400;\" aria-level=\"1\"><span style=\"font-weight: 400;\">Aprendre a ser i actuar de forma cada vegada m\u00e9s aut\u00f3noma<\/span><\/li>\n<li style=\"font-weight: 400;\" aria-level=\"1\"><span style=\"font-weight: 400;\">Aprendre a pensar i a comunicar<\/span><\/li>\n<li style=\"font-weight: 400;\" aria-level=\"1\"><span style=\"font-weight: 400;\">Aprendre a descobrir i tenir iniciativa<\/span><\/li>\n<li style=\"font-weight: 400;\" aria-level=\"1\"><span style=\"font-weight: 400;\">Aprendre a conviure i habitar el m\u00f3n<\/span><\/li>\n<\/ul>\n<h3><span id=\"Descripcio_de_la_bona_practica\">Descripci\u00f3 de la bona pr\u00e0ctica<\/span><\/h3>\n<p><strong>Curs acad\u00e8mic:<\/strong> curs 2018-2019<\/p>\n<p><strong>Punt de partida:\u00a0<\/strong><\/p>\n<p><span style=\"font-weight: 400;\">Esta proposta, que simula un proc\u00e9s participatiu dins d\u2019un model social democr\u00e0tic, es va iniciar durant\u00a0 el curs 2013-2014 tot pensant que la implicaci\u00f3 de l\u2019alumnat augmentaria l\u2019inter\u00e8s pel tema escollit del projecte. En veure uns resultats tan bons, es va decidir d\u2019incorporar-lo cada curs.<\/span><\/p>\n<p><strong>Objectius:<\/strong><\/p>\n<ul>\n<li style=\"font-weight: 400;\" aria-level=\"1\"><span style=\"font-weight: 400;\">Promoure la participaci\u00f3 i la implicaci\u00f3 de l\u2019alumnat en el projecte a desenvolupar durant el curs.<\/span><\/li>\n<li style=\"font-weight: 400;\" aria-level=\"1\"><span style=\"font-weight: 400;\">Argumentar les pr\u00f2pies prefer\u00e8ncies i defensar-les davant els altres.<\/span><\/li>\n<li style=\"font-weight: 400;\" aria-level=\"1\"><span style=\"font-weight: 400;\">Aprendre a respectar opinions diferents.<\/span><\/li>\n<li style=\"font-weight: 400;\" aria-level=\"1\"><span style=\"font-weight: 400;\">Treballar l\u2019expressi\u00f3 oral davant d\u2019un auditori conegut.<\/span><\/li>\n<li style=\"font-weight: 400;\" aria-level=\"1\"><span style=\"font-weight: 400;\">Fer part\u00edcips als alumnes del procediment democr\u00e0tic que se segueix en unes votacions.<\/span><\/li>\n<\/ul>\n<p><strong>Desenvolupament de l\u2019experi\u00e8ncia:<\/strong><\/p>\n<p><span style=\"font-weight: 400;\">El primer que es fa per a triar un projecte que ens interesse treballar durant el curs \u00e9s pensar lliurement, cada grup-classe, sobre qu\u00e8 ens agradaria aprendre i saber coses. Com \u00e9s natural, surten moltes propostes i es procedeix a una primera votaci\u00f3 a m\u00e0 al\u00e7ada, per veure quins de tots resulten m\u00e9s interessants.\u00a0<\/span><\/p>\n<p><span style=\"font-weight: 400;\">Despr\u00e9s de fer el recompte de vots, s\u2019agafen com a propostes finalistes la primera m\u00e9s votada de cada classe i es desestimen les altres. Ens queden aix\u00ed 3 propostes com a m\u00e0xim (som 3 aules de P5).<\/span><\/p>\n<p><span style=\"font-weight: 400;\">A partir d\u2019aqu\u00ed cada grup<\/span> <span style=\"font-weight: 400;\">es prepara els arguments per defensar la seua proposta, tant a nivell d\u2019explicar-ho oralment als companys com a nivell gr\u00e0fic a trav\u00e9s de cartells propagand\u00edstics.<\/span><\/p>\n<p><span style=\"font-weight: 400;\">L\u2019\u00faltim pas \u00e9s votar entre estes 3 propostes, i per aix\u00f2 cal:<\/span><\/p>\n<p><span style=\"font-weight: 400;\">&#8211; fer llistes de l\u2019alumnat que ha de votar<\/span><\/p>\n<p><span style=\"font-weight: 400;\">&#8211; preparar carnets d\u2019identificaci\u00f3<\/span><\/p>\n<p><span style=\"font-weight: 400;\">&#8211; escollir el\u00a0 president, secretari i vocal de la<\/span><\/p>\n<p><span style=\"font-weight: 400;\">\u00a0\u00a0mesa electoral<\/span><\/p>\n<p><span style=\"font-weight: 400;\">&#8211; votar<\/span><\/p>\n<p><span style=\"font-weight: 400;\">&#8211; fer el recompte de vots<\/span><\/p>\n<p><span style=\"font-weight: 400;\">&#8211; acceptar el resultat i&#8230; comen\u00e7ar!<\/span><\/p>\n<p><strong>Temporitzaci\u00f3:\u00a0<\/strong><span style=\"font-weight: 400;\">Primer trimestre del curs escolar (despr\u00e9s ja comen\u00e7a el treball espec\u00edfic del projecte escollit).<\/span><\/p>\n<p><strong>Recursos humans i materials:\u00a0<\/strong><span style=\"font-weight: 400;\">Equip docent de P5 \/ material fungible i urna homologada.<\/span><\/p>\n<p><strong>Valoracions i conclusions:\u00a0<\/strong><span style=\"font-weight: 400;\">Valorem molt positivament esta experi\u00e8ncia, ja que \u00e9s una manera de promoure la implicaci\u00f3 de l\u2019alumnat, aix\u00ed com la motivaci\u00f3, el respecte a les diferents opinions, &#8230; i, en resum, esdev\u00e9 una veritable lli\u00e7\u00f3 de democr\u00e0cia, pel que fa al proc\u00e9s participatiu que implica.<\/span><\/p>\n<p><strong>Documentaci\u00f3 complement\u00e0ria:\u00a0<\/strong><\/p>\n<p><span style=\"font-weight: 400;\">Adjuntem una descripci\u00f3 del desenvolupament de l\u2019activitat amb fotos que il\u00b7lustren el proc\u00e9s.<\/span><\/p>\n<p><a href=\"https:\/\/agora.xtec.cat\/ceip-jbserra-alcanar\/general\/a-p5-ja-hem-triat-el-nostre-projecte\/\"><span style=\"font-weight: 400;\">article p\u00e0gina web del centre<\/span><\/a><\/p>\n<h3><span id=\"Autoria_de_l8217experiencia\">Autoria de l\u2019experi\u00e8ncia<\/span><\/h3>\n<p><strong>Coordinaci\u00f3:\u00a0<\/strong><span style=\"font-weight: 400;\">Equip Docent de P5.<\/span><br \/>\n<strong>Professorat implicat:\u00a0<\/strong><span style=\"font-weight: 400;\">Tutores de P5 i mestres de suport.<\/span><\/p>\n<p>&nbsp;<\/p>\n","protected":false},"excerpt":{"rendered":"<p>Dades del centre Nom del centre: Escola Joan Baptista Serra Adre\u00e7a: Avda. Constituci\u00f3 s\/n Codi postal: 43530 Localitat:\u00a0Alcanar Tel\u00e8fon:\u00a0977730254 Adre\u00e7a [&hellip;]<\/p>\n","protected":false},"author":1,"featured_media":0,"parent":12016,"menu_order":33,"comment_status":"closed","ping_status":"closed","template":"page-templates\/side-menu.php","meta":{"_bbp_topic_count":0,"_bbp_reply_count":0,"_bbp_total_topic_count":0,"_bbp_total_reply_count":0,"_bbp_voice_count":0,"_bbp_anonymous_reply_count":0,"_bbp_topic_count_hidden":0,"_bbp_reply_count_hidden":0,"_bbp_forum_subforum_count":0,"site-sidebar-layout":"default","site-content-layout":"","ast-site-content-layout":"","site-content-style":"default","site-sidebar-style":"default","ast-global-header-display":"","ast-banner-title-visibility":"","ast-main-header-display":"","ast-hfb-above-header-display":"","ast-hfb-below-header-display":"","ast-hfb-mobile-header-display":"","site-post-title":"","ast-breadcrumbs-content":"","ast-featured-img":"","footer-sml-layout":"","theme-transparent-header-meta":"","adv-header-id-meta":"","stick-header-meta":"","header-above-stick-meta":"","header-main-stick-meta":"","header-below-stick-meta":"","astra-migrate-meta-layouts":"default","ast-page-background-enabled":"default","ast-page-background-meta":{"desktop":{"background-color":"var(--ast-global-color-4)","background-image":"","background-repeat":"repeat","background-position":"center center","background-size":"auto","background-attachment":"scroll","background-type":"","background-media":"","overlay-type":"","overlay-color":"","overlay-opacity":"","overlay-gradient":""},"tablet":{"background-color":"","background-image":"","background-repeat":"repeat","background-position":"center center","background-size":"auto","background-attachment":"scroll","background-type":"","background-media":"","overlay-type":"","overlay-color":"","overlay-opacity":"","overlay-gradient":""},"mobile":{"background-color":"","background-image":"","background-repeat":"repeat","background-position":"center center","background-size":"auto","background-attachment":"scroll","background-type":"","background-media":"","overlay-type":"","overlay-color":"","overlay-opacity":"","overlay-gradient":""}},"ast-content-background-meta":{"desktop":{"background-color":"var(--ast-global-color-5)","background-image":"","background-repeat":"repeat","background-position":"center center","background-size":"auto","background-attachment":"scroll","background-type":"","background-media":"","overlay-type":"","overlay-color":"","overlay-opacity":"","overlay-gradient":""},"tablet":{"background-color":"var(--ast-global-color-5)","background-image":"","background-repeat":"repeat","background-position":"center center","background-size":"auto","background-attachment":"scroll","background-type":"","background-media":"","overlay-type":"","overlay-color":"","overlay-opacity":"","overlay-gradient":""},"mobile":{"background-color":"var(--ast-global-color-5)","background-image":"","background-repeat":"repeat","background-position":"center center","background-size":"auto","background-attachment":"scroll","background-type":"","background-media":"","overlay-type":"","overlay-color":"","overlay-opacity":"","overlay-gradient":""}},"footnotes":""},"class_list":["post-12214","page","type-page","status-publish","hentry"],"post_mailing_queue_ids":[],"_links":{"self":[{"href":"https:\/\/serveiseducatius.xtec.cat\/montsia\/wp-json\/wp\/v2\/pages\/12214","targetHints":{"allow":["GET"]}}],"collection":[{"href":"https:\/\/serveiseducatius.xtec.cat\/montsia\/wp-json\/wp\/v2\/pages"}],"about":[{"href":"https:\/\/serveiseducatius.xtec.cat\/montsia\/wp-json\/wp\/v2\/types\/page"}],"author":[{"embeddable":true,"href":"https:\/\/serveiseducatius.xtec.cat\/montsia\/wp-json\/wp\/v2\/users\/1"}],"replies":[{"embeddable":true,"href":"https:\/\/serveiseducatius.xtec.cat\/montsia\/wp-json\/wp\/v2\/comments?post=12214"}],"version-history":[{"count":1,"href":"https:\/\/serveiseducatius.xtec.cat\/montsia\/wp-json\/wp\/v2\/pages\/12214\/revisions"}],"predecessor-version":[{"id":12216,"href":"https:\/\/serveiseducatius.xtec.cat\/montsia\/wp-json\/wp\/v2\/pages\/12214\/revisions\/12216"}],"up":[{"embeddable":true,"href":"https:\/\/serveiseducatius.xtec.cat\/montsia\/wp-json\/wp\/v2\/pages\/12016"}],"wp:attachment":[{"href":"https:\/\/serveiseducatius.xtec.cat\/montsia\/wp-json\/wp\/v2\/media?parent=12214"}],"curies":[{"name":"wp","href":"https:\/\/api.w.org\/{rel}","templated":true}]}}