{"id":12210,"date":"2021-02-22T16:05:28","date_gmt":"2021-02-22T15:05:28","guid":{"rendered":"http:\/\/serveiseducatius.xtec.cat\/montsia\/?page_id=12210"},"modified":"2021-02-22T16:06:06","modified_gmt":"2021-02-22T15:06:06","slug":"32-patis-collaboratius-padrins-de-jocs","status":"publish","type":"page","link":"https:\/\/serveiseducatius.xtec.cat\/montsia\/innovacio-2\/bones-practiques\/32-patis-collaboratius-padrins-de-jocs\/","title":{"rendered":"32. Patis col\u00b7laboratius\/Padrins de jocs"},"content":{"rendered":"<p style=\"text-align: center;\"><img loading=\"lazy\" decoding=\"async\" class=\"alignnone wp-image-12211\" src=\"https:\/\/serveiseducatius.xtec.cat\/montsia\/wp-content\/uploads\/usu1125\/2021\/02\/patis-col\u00b7laboratius.png\" alt=\"\" width=\"475\" height=\"356\" srcset=\"https:\/\/serveiseducatius.xtec.cat\/montsia\/wp-content\/uploads\/usu1125\/2021\/02\/patis-col\u00b7laboratius.png 548w, https:\/\/serveiseducatius.xtec.cat\/montsia\/wp-content\/uploads\/usu1125\/2021\/02\/patis-col\u00b7laboratius-300x225.png 300w, https:\/\/serveiseducatius.xtec.cat\/montsia\/wp-content\/uploads\/usu1125\/2021\/02\/patis-col\u00b7laboratius-200x150.png 200w\" sizes=\"auto, (max-width: 475px) 100vw, 475px\" \/><\/p>\n<h3><span id=\"Dades_del_centre\">Dades del centre<\/span><\/h3>\n<p><strong>Nom del centre:<\/strong> Escola Joan Baptista Serra<br \/>\n<strong>Adre\u00e7a:<\/strong> Avda. Constituci\u00f3 s\/n<br \/>\n<strong>Codi postal:<\/strong> 43530<br \/>\n<strong>Localitat:\u00a0<\/strong>Alcanar<br \/>\n<strong>Tel\u00e8fon:\u00a0<\/strong>977730254<br \/>\n<strong>Adre\u00e7a electr\u00f2nica:<\/strong> e3000081@xtec.cat<br \/>\n<strong>Servei territorial:<\/strong>\u00a0Terres de l\u2019Ebre<\/p>\n<h3><span id=\"Breu_resum_de_l8217activitat\">Breu resum de l\u2019activitat<\/span><\/h3>\n<p><span style=\"font-weight: 400;\">L\u2019alumnat de Cicle Superior ha elaborat de manera cooperativa uns jocs de taula per tal d\u2019oferir-los a l\u2019alumnat de Cicle Inicial, amb la finalitat que ells puguen jugar a l\u2019hora del pati. Als esbarjos, seran els mateixos alumnes de Cicle Superior els qui faran de \u201cPadrins de Joc\u201d<\/span><\/p>\n<h3><span id=\"Ambits_d8217actuacio\">\u00c0mbits d\u2019actuaci\u00f3<\/span><\/h3>\n<p>Centre<\/p>\n<p>Educaci\u00f3 Prim\u00e0ria<\/p>\n<p>Curr\u00edculum\/Gesti\u00f3 i organitzaci\u00f3<\/p>\n<h3><span id=\"AreesMateriesModuls\">\u00c0rees\/Mat\u00e8ries\/M\u00f2duls<\/span><\/h3>\n<p><span style=\"font-weight: 400;\">&#8211; Llengua catalana i literatura<\/span><\/p>\n<p><span style=\"font-weight: 400;\">&#8211; Matem\u00e0tiques<\/span><\/p>\n<p><span style=\"font-weight: 400;\">&#8211; Visual i Pl\u00e0stica<\/span><\/p>\n<h3><span id=\"Capacitats_Competencies\">Capacitats \/ Compet\u00e8ncies<\/span><\/h3>\n<p><b>LLENGUA CATALANA I LITERATURA<\/b><\/p>\n<p><i><span style=\"font-weight: 400;\">Comunicaci\u00f3 Oral:\u00a0<\/span><\/i><\/p>\n<ul>\n<li style=\"list-style-type: none;\">\n<ul>\n<li style=\"font-weight: 400;\" aria-level=\"1\"><span style=\"font-weight: 400;\">Interactuar oralment d\u2019acord amb la situaci\u00f3 comunicativa utilitzant estrat\u00e8gies conversacionals.<\/span><\/li>\n<\/ul>\n<\/li>\n<\/ul>\n<p><i><span style=\"font-weight: 400;\">Comprensi\u00f3 Lectora:<\/span><\/i><\/p>\n<ul>\n<li style=\"list-style-type: none;\">\n<ul>\n<li style=\"font-weight: 400;\" aria-level=\"1\"><span style=\"font-weight: 400;\">Aplicar estrat\u00e8gies de cerca i gesti\u00f3 de la informaci\u00f3 per adquirir coneixement propi.<\/span><\/li>\n<\/ul>\n<\/li>\n<\/ul>\n<p><i><span style=\"font-weight: 400;\">Expressi\u00f3 escrita:<\/span><\/i><\/p>\n<ul>\n<li style=\"list-style-type: none;\">\n<ul>\n<li style=\"font-weight: 400;\" aria-level=\"1\"><span style=\"font-weight: 400;\">Produir textos de tipologies diverses amb un l\u00e8xic i estructura que s\u2019adeq\u00fcen al tipus de text <\/span><b>(en este cas, \u00e9s el text instructiu)<\/b><span style=\"font-weight: 400;\">, a les intencions i al destinatari.<\/span><\/li>\n<\/ul>\n<\/li>\n<\/ul>\n<p><b>MATEM\u00c0TIQUES<\/b><\/p>\n<p><i><span style=\"font-weight: 400;\">Resoluci\u00f3 de problemes:<\/span><\/i><\/p>\n<ul>\n<li style=\"list-style-type: none;\">\n<ul>\n<li style=\"font-weight: 400;\" aria-level=\"1\"><span style=\"font-weight: 400;\">Traduir un problema a una representaci\u00f3 matem\u00e0tica i emprar conceptes, eines i estrat\u00e8gies matem\u00e0tiques per resoldre\u2019l.<\/span><\/li>\n<\/ul>\n<\/li>\n<\/ul>\n<p><i><span style=\"font-weight: 400;\">Raonament i prova:<\/span><\/i><\/p>\n<ul>\n<li style=\"list-style-type: none;\">\n<ul>\n<li style=\"font-weight: 400;\" aria-level=\"1\"><span style=\"font-weight: 400;\">Fer conjectures matem\u00e0tiques adients en situacions quotidianes i comprovar-les.<\/span><\/li>\n<li style=\"font-weight: 400;\" aria-level=\"1\"><span style=\"font-weight: 400;\">Argumentar les afirmacions i els processos matem\u00e0tics realitzats en contextos propers.<\/span><\/li>\n<\/ul>\n<\/li>\n<\/ul>\n<p><i><span style=\"font-weight: 400;\">Connexions :<\/span><\/i><\/p>\n<ul>\n<li style=\"list-style-type: none;\">\n<ul>\n<li style=\"font-weight: 400;\" aria-level=\"1\"><span style=\"font-weight: 400;\">Identificar les matem\u00e0tiques implicades en situacions quotidianes i escolars i cercar situacions que es puguen relacionar amb idees matem\u00e0tiques concretes.<\/span><\/li>\n<\/ul>\n<\/li>\n<\/ul>\n<p><i><span style=\"font-weight: 400;\">Comunicaci\u00f3 i Representaci\u00f3:<\/span><\/i><\/p>\n<ul>\n<li style=\"list-style-type: none;\">\n<ul>\n<li style=\"font-weight: 400;\" aria-level=\"1\"><span style=\"font-weight: 400;\">Expressar idees i processos matem\u00e0tics de manera comprensible tot emprant el llenguatge verbal (oral i escrit).<\/span><\/li>\n<\/ul>\n<\/li>\n<\/ul>\n<p><b>EDUCACI\u00d3 ART\u00cdSTICA: VISUAL I PL\u00c0STICA<\/b><\/p>\n<p><i><span style=\"font-weight: 400;\">Imaginaci\u00f3 i creativitat:<\/span><\/i><\/p>\n<ul>\n<li style=\"list-style-type: none;\">\n<ul>\n<li style=\"font-weight: 400;\" aria-level=\"1\"><span style=\"font-weight: 400;\">Dissenyar i realitzar projectes i produccions art\u00edstiques multidisciplin\u00e0ries<\/span><\/li>\n<\/ul>\n<\/li>\n<\/ul>\n<p><b>COMPET\u00c8NCIA: APRENDRE A APRENDRE<\/b><\/p>\n<p><i><span style=\"font-weight: 400;\">Treball cooperatiu i presa de decisions en grup<\/span><\/i><\/p>\n<p><i><span style=\"font-weight: 400;\">Proc\u00e9s participatiu (votacions)<\/span><\/i><\/p>\n<p><i><span style=\"font-weight: 400;\">Avaluar per aprendre (r\u00fabrica d\u2019avaluaci\u00f3)<\/span><\/i><\/p>\n<h3><span id=\"Descripcio_de_la_bona_practica\">Descripci\u00f3 de la bona pr\u00e0ctica<\/span><\/h3>\n<p><strong>Curs acad\u00e8mic:<\/strong> 2017-2018 \/ 2018-2019<\/p>\n<p><strong>Punt de partida:\u00a0<\/strong><\/p>\n<p><span style=\"font-weight: 400;\">Ens plantegem qu\u00e8 podem fer <\/span><span style=\"font-weight: 400;\">a l\u2019hora de la classe setmanal que tenim<\/span><span style=\"font-weight: 400;\">. Sorgeixen diverses idees i al final s\u2019opta per fer jocs de taula per oferir-los a l\u2019alumnat m\u00e9s menut i poder jugar amb ells.<\/span><\/p>\n<p><span style=\"font-weight: 400;\">La finalitat \u00e9s millorar les din\u00e0miques dels patis. Els patis s\u00f3n un espai educatiu i cal crear un ambient que potencie\u00a0 les relacions entre iguals i l\u2019aprenentatge l\u00fadic.<\/span><\/p>\n<p><span style=\"font-weight: 400;\">Tamb\u00e9 pret\u00e9n que el pati siga un espai m\u00e9s inclusiu i que permeta a tots el seu desenvolupament sense cap tipus de discriminaci\u00f3.<\/span><\/p>\n<p><span style=\"font-weight: 400;\">Aquest projecte s\u2019ha comen\u00e7at el curs 17-18 i tindr\u00e0 continu\u00eftat durant els propers cursos per tal de consolidar-lo dins el projecte educatiu del centre, ampliar-lo i modificar-lo si cal.<\/span><\/p>\n<p><strong>Objectius:<\/strong><\/p>\n<ul>\n<li style=\"font-weight: 400;\" aria-level=\"1\"><span style=\"font-weight: 400;\">Potenciar les possibilitats educatives\/pedag\u00f2giques i de lleure que ofereix el pati.<\/span><\/li>\n<li style=\"font-weight: 400;\" aria-level=\"1\"><span style=\"font-weight: 400;\">Apropar elements naturals a l\u2019espai de joc, introduint l\u2019\u00fas de materials\u00a0 reciclats ( taps de pl\u00e0stic,\u2026).<\/span><\/li>\n<li style=\"font-weight: 400;\" aria-level=\"1\"><span style=\"font-weight: 400;\">Crear espais que fomenten les relacions socials entre els alumnes de diferents edats per tal de promoure el respecte, l\u2019ajuda i la cooperaci\u00f3 des del joc (padrins de joc).<\/span><\/li>\n<li style=\"font-weight: 400;\" aria-level=\"1\"><span style=\"font-weight: 400;\">Promoure la conviv\u00e8ncia i els h\u00e0bits c\u00edvics.<\/span><\/li>\n<li style=\"font-weight: 400;\" aria-level=\"1\"><span style=\"font-weight: 400;\">Fomentar els jocs tradicionals elaborats pels mateixos alumnes amb materials senzills i reciclats (xarranca, birles, gomes, cordes, jocs de taula, &#8230;)<\/span><\/li>\n<li style=\"font-weight: 400;\" aria-level=\"1\"><span style=\"font-weight: 400;\">Promoure la lectura <\/span><span style=\"font-weight: 400;\">com a font de plaer<\/span><span style=\"font-weight: 400;\"> (Bibliopati).<\/span><\/li>\n<li style=\"font-weight: 400;\" aria-level=\"1\"><span style=\"font-weight: 400;\">Potenciar el protagonisme de l\u2019alumnat i animar-lo a participar en les decisions que els afecten en est espai potenciant l\u2019autonomia, la responsabilitat i el respecte al material aix\u00ed com\u00a0 als companys de joc.<\/span><\/li>\n<li style=\"font-weight: 400;\" aria-level=\"1\"><span style=\"font-weight: 400;\">Possibilitar alternatives l\u00fadiques (durant\u00a0 els esbarjos) a les que es donen habitualment: futbol i bous.<\/span><\/li>\n<\/ul>\n<p><strong>Desenvolupament de l\u2019experi\u00e8ncia:<\/strong><\/p>\n<p><span style=\"font-weight: 400;\">Al primer trimestre fem una pluja d\u2019idees i pensem qu\u00e8 podr\u00edem fer durant el segon trimestre. Una vegada estan totes les propostes es voten i es decideix fer jocs per al pati dels menuts.\u00a0<\/span><\/p>\n<p><span style=\"font-weight: 400;\">El treball es fa de manera cooperativa (en parelles o grups de tres alumnes).<\/span><\/p>\n<p><span style=\"font-weight: 400;\">A continuaci\u00f3, pensem com ho farem.<\/span><\/p>\n<p><span style=\"font-weight: 400;\">El procediment ha sigut el seg\u00fcent:<\/span><\/p>\n<ul>\n<li style=\"font-weight: 400;\" aria-level=\"1\"><span style=\"font-weight: 400;\">Pensar quins jocs volien fer.<\/span><\/li>\n<li style=\"font-weight: 400;\" aria-level=\"1\"><span style=\"font-weight: 400;\">Pensar com fer-los i quin material es necessitaria.<\/span><\/li>\n<li style=\"font-weight: 400;\" aria-level=\"1\"><span style=\"font-weight: 400;\">Elaborar les normes.<\/span><\/li>\n<li style=\"font-weight: 400;\" aria-level=\"1\"><span style=\"font-weight: 400;\">Anar a explicar-los i a \u201cobsequiar-los\u201d als alumnes m\u00e9s menuts (Cicle Inicial).<\/span><\/li>\n<li style=\"font-weight: 400;\" aria-level=\"1\"><span style=\"font-weight: 400;\">Fer de \u201cpadrins de joc\u201d al pati dels menuts (Cicle Inicial).<\/span><\/li>\n<\/ul>\n<p><span style=\"font-weight: 400;\">Quan ho tenen acabat es van a presentar i els expliquen a les diferents aules de Cicle Inicial. Se\u2019ls deixa el full amb les normes i es juga amb ells per tal que vegen com es fa.<\/span><\/p>\n<p><span style=\"font-weight: 400;\">Una vegada fet tot aix\u00f2, s\u2019avalua mitjan\u00e7ant una r\u00fabrica.<\/span><\/p>\n<p><span style=\"font-weight: 400;\">Finalment surten al pati de Cicle Inicial segons el calendari previst per fer-los de \u201cPadrins de Jocs\u201d.<\/span><\/p>\n<p><span style=\"font-weight: 400;\">A cada nivell de Cicle Inicial, tenen uns cabassos on guarden els jocs i hi ha uns\/unes encarregats\/ades que els trauen a l\u2019hora del pati.<\/span><\/p>\n<p><strong>Temporitzaci\u00f3:\u00a0<\/strong><span style=\"font-weight: 400;\">Durant el segon trimestre del curs, 1 hora setmanal.<\/span><\/p>\n<p><strong>Recursos humans i materials:\u00a0<\/strong><span style=\"font-weight: 400;\">Alumnat de Cicle Superior, tutors\/es de Cicle Inicial i mestra de C. Superior<\/span><\/p>\n<p><strong>Valoracions i conclusions:\u00a0<\/strong><\/p>\n<p><span style=\"font-weight: 400;\">Este treball ens ha servit per treballar especialment les matem\u00e0tiques d\u2019una manera m\u00e9s l\u00fadica, m\u00e9s creativa i m\u00e9s funcional.<\/span><\/p>\n<p><span style=\"font-weight: 400;\">Ha costat molt per\u00f2 hi hem posat moltes ganes i pensem que est\u00e0 sent\u00a0 una bona experi\u00e8ncia.<\/span><\/p>\n<p><span style=\"font-weight: 400;\">A nivell de conviv\u00e8ncia i dinamitzaci\u00f3 de la din\u00e0mica dels patis,&#8230;..<\/span><\/p>\n<p><strong>Documentaci\u00f3 complement\u00e0ria:\u00a0<\/strong><\/p>\n<p><i><span style=\"font-weight: 400;\">Adjuntem als annexos:<\/span><\/i><\/p>\n<p><span style=\"font-weight: 400;\">\u00a0\u00a0&#8211; Fotos amb tot el proc\u00e9s (realitzant els jocs, <\/span><span style=\"font-weight: 400;\">explicant-los als m\u00e9s menuts i jugant al pati<\/span><span style=\"font-weight: 400;\">\u00a0amb ells),\u00a0<\/span><\/p>\n<p><span style=\"font-weight: 400;\">\u00a0&#8211;\u00a0 R\u00fabrica\u00a0<\/span><\/p>\n<p><span style=\"font-weight: 400;\">\u00a0&#8211;\u00a0 Temporitzaci\u00f3 dels \u201cpadrins de Joc\u201d<\/span><\/p>\n<p><i><span style=\"font-weight: 400;\">\u00a0Podeu veure tamb\u00e9 la p\u00e0gina web de l\u2019escola:<\/span><\/i><\/p>\n<p><span style=\"font-weight: 400;\">\u00a0&#8211; curs 2017\/2018<\/span><\/p>\n<p><a href=\"https:\/\/agora.xtec.cat\/ceip-jbserra-alcanar\/general\/treball-cooperatiu-i-jocs-de-pati\/\"><span style=\"font-weight: 400;\">https:\/\/agora.xtec.cat\/ceip-jbserra-alcanar\/general\/treball-cooperatiu-i-jocs-de-pati\/<\/span><\/a><\/p>\n<p><span style=\"font-weight: 400;\">\u00a0&#8211; curs 2018\/2019\u00a0<\/span><\/p>\n<p><a href=\"https:\/\/agora.xtec.cat\/ceip-jbserra-alcanar\/general\/patis-collaboratius\/\"><span style=\"font-weight: 400;\">https:\/\/agora.xtec.cat\/ceip-jbserra-alcanar\/general\/patis-collaboratius\/<\/span><\/a><\/p>\n<h3><span id=\"Autoria_de_l8217experiencia\">Autoria de l\u2019experi\u00e8ncia<\/span><\/h3>\n<p><strong>Coordinaci\u00f3:\u00a0<\/strong>Sefa Ulldemolins<br \/>\n<strong>Professorat implicat:\u00a0<\/strong>Mestres Cicle Inicial<\/p>\n<p>&nbsp;<\/p>\n","protected":false},"excerpt":{"rendered":"<p>Dades del centre Nom del centre: Escola Joan Baptista Serra Adre\u00e7a: Avda. Constituci\u00f3 s\/n Codi postal: 43530 Localitat:\u00a0Alcanar Tel\u00e8fon:\u00a0977730254 Adre\u00e7a [&hellip;]<\/p>\n","protected":false},"author":1,"featured_media":0,"parent":12016,"menu_order":32,"comment_status":"closed","ping_status":"closed","template":"page-templates\/side-menu.php","meta":{"_bbp_topic_count":0,"_bbp_reply_count":0,"_bbp_total_topic_count":0,"_bbp_total_reply_count":0,"_bbp_voice_count":0,"_bbp_anonymous_reply_count":0,"_bbp_topic_count_hidden":0,"_bbp_reply_count_hidden":0,"_bbp_forum_subforum_count":0,"site-sidebar-layout":"default","site-content-layout":"","ast-site-content-layout":"","site-content-style":"default","site-sidebar-style":"default","ast-global-header-display":"","ast-banner-title-visibility":"","ast-main-header-display":"","ast-hfb-above-header-display":"","ast-hfb-below-header-display":"","ast-hfb-mobile-header-display":"","site-post-title":"","ast-breadcrumbs-content":"","ast-featured-img":"","footer-sml-layout":"","theme-transparent-header-meta":"","adv-header-id-meta":"","stick-header-meta":"","header-above-stick-meta":"","header-main-stick-meta":"","header-below-stick-meta":"","astra-migrate-meta-layouts":"default","ast-page-background-enabled":"default","ast-page-background-meta":{"desktop":{"background-color":"var(--ast-global-color-4)","background-image":"","background-repeat":"repeat","background-position":"center center","background-size":"auto","background-attachment":"scroll","background-type":"","background-media":"","overlay-type":"","overlay-color":"","overlay-opacity":"","overlay-gradient":""},"tablet":{"background-color":"","background-image":"","background-repeat":"repeat","background-position":"center center","background-size":"auto","background-attachment":"scroll","background-type":"","background-media":"","overlay-type":"","overlay-color":"","overlay-opacity":"","overlay-gradient":""},"mobile":{"background-color":"","background-image":"","background-repeat":"repeat","background-position":"center center","background-size":"auto","background-attachment":"scroll","background-type":"","background-media":"","overlay-type":"","overlay-color":"","overlay-opacity":"","overlay-gradient":""}},"ast-content-background-meta":{"desktop":{"background-color":"var(--ast-global-color-5)","background-image":"","background-repeat":"repeat","background-position":"center center","background-size":"auto","background-attachment":"scroll","background-type":"","background-media":"","overlay-type":"","overlay-color":"","overlay-opacity":"","overlay-gradient":""},"tablet":{"background-color":"var(--ast-global-color-5)","background-image":"","background-repeat":"repeat","background-position":"center center","background-size":"auto","background-attachment":"scroll","background-type":"","background-media":"","overlay-type":"","overlay-color":"","overlay-opacity":"","overlay-gradient":""},"mobile":{"background-color":"var(--ast-global-color-5)","background-image":"","background-repeat":"repeat","background-position":"center center","background-size":"auto","background-attachment":"scroll","background-type":"","background-media":"","overlay-type":"","overlay-color":"","overlay-opacity":"","overlay-gradient":""}},"footnotes":""},"class_list":["post-12210","page","type-page","status-publish","hentry"],"post_mailing_queue_ids":[],"_links":{"self":[{"href":"https:\/\/serveiseducatius.xtec.cat\/montsia\/wp-json\/wp\/v2\/pages\/12210","targetHints":{"allow":["GET"]}}],"collection":[{"href":"https:\/\/serveiseducatius.xtec.cat\/montsia\/wp-json\/wp\/v2\/pages"}],"about":[{"href":"https:\/\/serveiseducatius.xtec.cat\/montsia\/wp-json\/wp\/v2\/types\/page"}],"author":[{"embeddable":true,"href":"https:\/\/serveiseducatius.xtec.cat\/montsia\/wp-json\/wp\/v2\/users\/1"}],"replies":[{"embeddable":true,"href":"https:\/\/serveiseducatius.xtec.cat\/montsia\/wp-json\/wp\/v2\/comments?post=12210"}],"version-history":[{"count":2,"href":"https:\/\/serveiseducatius.xtec.cat\/montsia\/wp-json\/wp\/v2\/pages\/12210\/revisions"}],"predecessor-version":[{"id":12213,"href":"https:\/\/serveiseducatius.xtec.cat\/montsia\/wp-json\/wp\/v2\/pages\/12210\/revisions\/12213"}],"up":[{"embeddable":true,"href":"https:\/\/serveiseducatius.xtec.cat\/montsia\/wp-json\/wp\/v2\/pages\/12016"}],"wp:attachment":[{"href":"https:\/\/serveiseducatius.xtec.cat\/montsia\/wp-json\/wp\/v2\/media?parent=12210"}],"curies":[{"name":"wp","href":"https:\/\/api.w.org\/{rel}","templated":true}]}}