{"id":12203,"date":"2021-02-22T15:44:00","date_gmt":"2021-02-22T14:44:00","guid":{"rendered":"http:\/\/serveiseducatius.xtec.cat\/montsia\/?page_id=12203"},"modified":"2021-02-22T15:44:57","modified_gmt":"2021-02-22T14:44:57","slug":"31-quinquenals-a-lescola","status":"publish","type":"page","link":"https:\/\/serveiseducatius.xtec.cat\/montsia\/innovacio-2\/bones-practiques\/31-quinquenals-a-lescola\/","title":{"rendered":"31. Quinquenals a l&#8217;escola"},"content":{"rendered":"<p style=\"text-align: center;\"><img loading=\"lazy\" decoding=\"async\" class=\"alignnone wp-image-12204\" src=\"https:\/\/serveiseducatius.xtec.cat\/montsia\/wp-content\/uploads\/usu1125\/2021\/02\/quinquenals.png\" alt=\"\" width=\"408\" height=\"361\" srcset=\"https:\/\/serveiseducatius.xtec.cat\/montsia\/wp-content\/uploads\/usu1125\/2021\/02\/quinquenals.png 432w, https:\/\/serveiseducatius.xtec.cat\/montsia\/wp-content\/uploads\/usu1125\/2021\/02\/quinquenals-300x265.png 300w\" sizes=\"auto, (max-width: 408px) 100vw, 408px\" \/><\/p>\n<h3><span id=\"Dades_del_centre\">Dades del centre<\/span><\/h3>\n<p><strong>Nom del centre:<\/strong> Escola Joan Baptista Serra<br \/>\n<strong>Adre\u00e7a:<\/strong> Avda. Constituci\u00f3, s\/n<br \/>\n<strong>Codi postal:<\/strong> 43530<br \/>\n<strong>Localitat:\u00a0<\/strong>Alcanar<br \/>\n<strong>Tel\u00e8fon:\u00a0<\/strong>977730254<br \/>\n<strong>Adre\u00e7a electr\u00f2nica:<\/strong> e3000081@xtec.cat<br \/>\n<strong>Servei territorial:<\/strong>\u00a0Terres de l\u2019Ebre<\/p>\n<h3><span id=\"Breu_resum_de_l8217activitat\">Breu resum de l\u2019activitat<\/span><\/h3>\n<p><span style=\"font-weight: 400;\">Amb motiu de les festes Quinquennals en honor a la patrona d\u2019Alcanar, la Verge del Remei, que se celebren cada cinc anys durant el mes d\u2019octubre, l\u2019escola es proposa participar-hi tamb\u00e9.\u00a0\u00a0<\/span><\/p>\n<p><span style=\"font-weight: 400;\">En esta festa, la Verge baixa des de l\u2019Ermita del Remei i es passeja durant nou dies per un dels nou sectors en els que s\u2019ha dividit el poble. Per homenatjar-la, els ve\u00efns i ve\u00efnes engalanen els carrers pels quals passa cadascun d\u2019estos nou dies, i es fan manualment altars, ornaments i catifes amb diferents materials. \u00c9s per este motiu que es planteja la idea que l\u2019escola puga participar activament en les Festes Quinquennals, i treballar conjuntament amb el ve\u00efnat del carrer on hi est\u00e0 ubicada.\u00a0<\/span><\/p>\n<h3><span id=\"Ambits_d8217actuacio\">\u00c0mbits d\u2019actuaci\u00f3<\/span><\/h3>\n<p><span style=\"font-weight: 400;\">Centre i Entorn <\/span><\/p>\n<p><span style=\"font-weight: 400;\">Educaci\u00f3 Infantil i Educaci\u00f3 Prim\u00e0ria<\/span><\/p>\n<p><span style=\"font-weight: 400;\">Curr\u00edculum. Gesti\u00f3 i organitzaci\u00f3<\/span><\/p>\n<h3><span id=\"AreesMateriesModuls\">\u00c0rees\/Mat\u00e8ries\/M\u00f2duls<\/span><\/h3>\n<p><span style=\"font-weight: 400;\">Intercomunicaci\u00f3 i llenguatges. Llenguatge pl\u00e0stic.<\/span><\/p>\n<p><span style=\"font-weight: 400;\">Religi\u00f3\u00a0 <\/span><\/p>\n<h3><span id=\"Capacitats_Competencies\">Capacitats \/ Compet\u00e8ncies<\/span><\/h3>\n<p><span style=\"font-weight: 400;\">\u25baCapacitats (Educaci\u00f3 infantil):<\/span><\/p>\n<ol start=\"6\">\n<li><span style=\"font-weight: 400;\"> Con\u00e8ixer experi\u00e8ncies, hist\u00f2ries i s\u00edmbols de la cultura pr\u00f2pia del pa\u00eds i de la d\u2019altres companys\u00a0 companyes generant actituds de confian\u00e7a i respecte per les difer\u00e8ncies i valorant les relacions socials i afectives que s\u2019hi estableixen.<\/span><\/li>\n<li><span style=\"font-weight: 400;\"> Desenvolupar habilitats de comunicaci\u00f3, expressi\u00f3 i representaci\u00f3 per mitj\u00e0 dels llenguatges corporal, verbal, gr\u00e0fic, musical, audiovisual i pl\u00e0stic.<\/span><\/li>\n<\/ol>\n<p><span style=\"font-weight: 400;\">\u25baCompet\u00e8ncies (Prim\u00e0ria):<\/span><\/p>\n<ol start=\"4\">\n<li><span style=\"font-weight: 400;\"> Compet\u00e8ncia art\u00edstica i cultural &#8211; dimensi\u00f3 percepci\u00f3, comprensi\u00f3 i valoraci\u00f3.\u00a0<\/span><\/li>\n<\/ol>\n<p><span style=\"font-weight: 400;\">C3: comprendre i valorar elements significatius del patrimoni art\u00edstic proper, de Catalunya i d\u2019arreu<\/span><\/p>\n<p><span style=\"font-weight: 400;\">C4: Comprendre i valorar elements significatius de la contemporane\u00eftat art\u00edstica<\/span><\/p>\n<p><i><span style=\"font-weight: 400;\">Contingut clau<\/span><\/i><span style=\"font-weight: 400;\">:\u00a0 relaci\u00f3 entre l\u2019art, la societat, la cultura i la religi\u00f3.\u00a0<\/span><\/p>\n<p><span style=\"font-weight: 400;\">\u25ba Altres compet\u00e8ncies:<\/span><\/p>\n<ul>\n<li style=\"font-weight: 400;\" aria-level=\"1\"><span style=\"font-weight: 400;\">Compet\u00e8ncia d\u2019autonomia, iniciativa personal i emprenedoria<\/span><\/li>\n<li style=\"font-weight: 400;\" aria-level=\"1\"><span style=\"font-weight: 400;\">Compet\u00e8ncia social i ciutadana<\/span><\/li>\n<li style=\"font-weight: 400;\" aria-level=\"1\"><span style=\"font-weight: 400;\">Compet\u00e8ncia en el coneixement i la interacci\u00f3 amb el m\u00f3n f\u00edsic<\/span><\/li>\n<\/ul>\n<h3><span id=\"Descripcio_de_la_bona_practica\">Descripci\u00f3 de la bona pr\u00e0ctica<\/span><\/h3>\n<p><strong>Curs acad\u00e8mic:\u00a0<\/strong>2018-2019 i 2019-2020<\/p>\n<p><strong>Punt de partida:\u00a0<\/strong><\/p>\n<p><span style=\"font-weight: 400;\">Amb motiu de les festes Quinquennals en honor a la patrona d\u2019Alcanar, la Verge del Remei, que se celebren cada cinc anys durant el mes d\u2019octubre, l\u2019escola es proposa participar-hi tamb\u00e9.\u00a0\u00a0<\/span><\/p>\n<p><span style=\"font-weight: 400;\">Es tracta d\u2019una festa religiosa molt arrelada a la poblaci\u00f3 del municipi, de tradici\u00f3 molt antiga.<\/span><\/p>\n<p><strong>Objectius:<\/strong><\/p>\n<ul>\n<li style=\"font-weight: 400;\" aria-level=\"1\"><span style=\"font-weight: 400;\">Tenir consci\u00e8ncia del valor del treball individual i col\u00b7lectiu i desenvolupar h\u00e0bits d\u2019esfor\u00e7 i treball en l\u2019estudi, aix\u00ed com actituds de confian\u00e7a, amb iniciativa personal i emprenedoria, autodisciplina, sentit cr\u00edtic, responsabilitat, curiositat, inter\u00e8s, plaer per aprendre i creativitat en l\u2019aprenentatge.\u00a0<\/span><\/li>\n<li style=\"font-weight: 400;\" aria-level=\"1\"><span style=\"font-weight: 400;\">Con\u00e8ixer, valorar i estimar l\u2019entorn natural, social i cultural m\u00e9s proper, refor\u00e7ant aix\u00ed el sentiment de pertinen\u00e7a i arrelament al pa\u00eds i la capacitat d\u2019extrapolar aquest coneixement a altres entorns i al m\u00f3n en general, comprendre, a partir de l&#8217;observaci\u00f3 de fets i fen\u00f2mens senzill, els principals mecanismes que regeixen aquest entorn per tal de ser capa\u00e7 per mantenir-lo o introduir elements de millora.<\/span><\/li>\n<li style=\"font-weight: 400;\" aria-level=\"1\"><span style=\"font-weight: 400;\">Utilitzar diferents representacions i expressions art\u00edstiques i iniciar-se en la construcci\u00f3 de propostes visuals.\u00a0 <\/span><\/li>\n<\/ul>\n<p><strong>Desenvolupament de l\u2019experi\u00e8ncia:<\/strong><\/p>\n<ol>\n<li><span style=\"font-weight: 400;\"> Coordinaci\u00f3 entre els especialistes (Religi\u00f3 i Pl\u00e0stica) per decidir el treball a realitzar durant les classes de religi\u00f3\/valors i pl\u00e0stica es realitzaran els treballs art\u00edstics.\u00a0<\/span><\/li>\n<li><span style=\"font-weight: 400;\"> Comunicar als cicles la proposta i convidar-los a aportar idees.\u00a0<\/span><\/li>\n<li><span style=\"font-weight: 400;\"> Coordinaci\u00f3 amb els ve\u00efns.<\/span><\/li>\n<li><span style=\"font-weight: 400;\"> Elecci\u00f3 del tema relacionat amb l&#8217;\u00e0mbit escolar. Elaboraci\u00f3 de contes infantils gegants (caixa de cartr\u00f3) i els seus t\u00edtols (catifes amb paper de seda).\u00a0<\/span><\/li>\n<li><span style=\"font-weight: 400;\"> Llistat de material i contes.\u00a0<\/span><\/li>\n<li><span style=\"font-weight: 400;\"> Presentaci\u00f3 de la proposta als alumnes. Explicaci\u00f3 de la celebraci\u00f3 de les festes quinquennals. Treball previ dels contes.<\/span><\/li>\n<li><span style=\"font-weight: 400;\"> Elaboraci\u00f3 de la tasca.<\/span><\/li>\n<\/ol>\n<p><span style=\"font-weight: 400;\">Cada grup-classe elabora un conte (caixa) i el seu t\u00edtol corresponent (catifa).\u00a0<\/span><\/p>\n<p><span style=\"font-weight: 400;\">A m\u00e9s a m\u00e9s, es realitza un taller intercicle: infantil-prim\u00e0ria (CM-CS) per elaborar les catifes dels alumnes d\u2019Educaci\u00f3 Infantil.<\/span><\/p>\n<p><strong>Temporitzaci\u00f3:\u00a0<\/strong><\/p>\n<ul>\n<li style=\"font-weight: 400;\" aria-level=\"1\"><span style=\"font-weight: 400;\">tercer trimestre \u00a0 curs 2018-2019<\/span><\/li>\n<li style=\"font-weight: 400;\" aria-level=\"1\"><span style=\"font-weight: 400;\">primer trimestre\u00a0 curs 2019-2020<\/span><\/li>\n<\/ul>\n<p><strong>Recursos humans i materials:\u00a0<\/strong><\/p>\n<p><span style=\"font-weight: 400;\">materials:<\/span><\/p>\n<ul>\n<li style=\"font-weight: 400;\" aria-level=\"1\"><span style=\"font-weight: 400;\">caixes de cartr\u00f3<\/span><\/li>\n<li style=\"font-weight: 400;\" aria-level=\"1\"><span style=\"font-weight: 400;\">pintura<\/span><\/li>\n<li style=\"font-weight: 400;\" aria-level=\"1\"><span style=\"font-weight: 400;\">paper de seda<\/span><\/li>\n<li style=\"font-weight: 400;\" aria-level=\"1\"><span style=\"font-weight: 400;\">cola<\/span><\/li>\n<li style=\"font-weight: 400;\" aria-level=\"1\"><span style=\"font-weight: 400;\">paper continu<\/span><\/li>\n<\/ul>\n<p><strong>Valoracions i conclusions:\u00a0<\/strong><\/p>\n<p><span style=\"font-weight: 400;\">Creiem que el treball ha sigut molt positiu. Els alumnes estaven motivats i molt participatius. Pensem que el fet que hi haja hagut una relaci\u00f3 m\u00e9s directa entre l\u2019alumnat de segon cicle d\u2019Educaci\u00f3<\/span> <span style=\"font-weight: 400;\">Infantil i el dels diferents cicles de Prim\u00e0ria els ha agradat molt a tots i ha fomentat l\u2019aprenentatge cooperatiu i la conviv\u00e8ncia.<\/span><\/p>\n<p><span style=\"font-weight: 400;\">Tamb\u00e9 creiem que \u00e9s molt important que l\u2019escola \u201ctraspasse\u201d el que \u00e9s merament l\u2019edifici i participe m\u00e9s activament en les festes i la vida del poble.<\/span><\/p>\n<p><strong>Documentaci\u00f3 complement\u00e0ria:\u00a0<\/strong><\/p>\n<p><span style=\"font-weight: 400;\">&#8211; Veure el reportatge fotogr\u00e0fic a continuaci\u00f3<\/span><\/p>\n<p><span style=\"font-weight: 400;\">&#8211; Article p\u00e0gina web:<\/span><\/p>\n<p><a href=\"https:\/\/agora.xtec.cat\/ceip-jbserra-alcanar\/general\/quinquennals-a-lescola-benvinguts-al-mon-dels-contes\/\"><span style=\"font-weight: 400;\">https:\/\/agora.xtec.cat\/ceip-jbserra-alcanar\/general\/quinquennals-a-lescola-benvinguts-al-mon-dels-contes\/<\/span><\/a><\/p>\n<h3><span id=\"Autoria_de_l8217experiencia\">Autoria de l\u2019experi\u00e8ncia<\/span><\/h3>\n<p><strong>Coordinaci\u00f3: <span style=\"font-weight: 400;\">Alicia Amela, Anna Casab\u00f3, Dolors Esteller, Rebeca Garcia, Mireya Miguel<\/span><\/strong><br \/>\n<strong>Professorat implicat:\u00a0<\/strong><span style=\"font-weight: 400;\">Claustre de l\u2019Escola<\/span><\/p>\n<p><img loading=\"lazy\" decoding=\"async\" class=\"size-full wp-image-12205 alignleft\" src=\"https:\/\/serveiseducatius.xtec.cat\/montsia\/wp-content\/uploads\/usu1125\/2021\/02\/quinquenals1.png\" alt=\"\" width=\"622\" height=\"509\" srcset=\"https:\/\/serveiseducatius.xtec.cat\/montsia\/wp-content\/uploads\/usu1125\/2021\/02\/quinquenals1.png 622w, https:\/\/serveiseducatius.xtec.cat\/montsia\/wp-content\/uploads\/usu1125\/2021\/02\/quinquenals1-300x245.png 300w\" sizes=\"auto, (max-width: 622px) 100vw, 622px\" \/> <img loading=\"lazy\" decoding=\"async\" class=\"size-full wp-image-12206 alignleft\" src=\"https:\/\/serveiseducatius.xtec.cat\/montsia\/wp-content\/uploads\/usu1125\/2021\/02\/quinquenals2.png\" alt=\"\" width=\"601\" height=\"637\" srcset=\"https:\/\/serveiseducatius.xtec.cat\/montsia\/wp-content\/uploads\/usu1125\/2021\/02\/quinquenals2.png 601w, https:\/\/serveiseducatius.xtec.cat\/montsia\/wp-content\/uploads\/usu1125\/2021\/02\/quinquenals2-283x300.png 283w\" sizes=\"auto, (max-width: 601px) 100vw, 601px\" \/> <img loading=\"lazy\" decoding=\"async\" class=\"size-full wp-image-12207 alignnone\" src=\"https:\/\/serveiseducatius.xtec.cat\/montsia\/wp-content\/uploads\/usu1125\/2021\/02\/quinquenals3.png\" alt=\"\" width=\"608\" height=\"211\" srcset=\"https:\/\/serveiseducatius.xtec.cat\/montsia\/wp-content\/uploads\/usu1125\/2021\/02\/quinquenals3.png 608w, https:\/\/serveiseducatius.xtec.cat\/montsia\/wp-content\/uploads\/usu1125\/2021\/02\/quinquenals3-300x104.png 300w\" sizes=\"auto, (max-width: 608px) 100vw, 608px\" \/><\/p>\n","protected":false},"excerpt":{"rendered":"<p>Dades del centre Nom del centre: Escola Joan Baptista Serra Adre\u00e7a: Avda. Constituci\u00f3, s\/n Codi postal: 43530 Localitat:\u00a0Alcanar Tel\u00e8fon:\u00a0977730254 Adre\u00e7a [&hellip;]<\/p>\n","protected":false},"author":1,"featured_media":0,"parent":12016,"menu_order":31,"comment_status":"closed","ping_status":"closed","template":"page-templates\/side-menu.php","meta":{"_bbp_topic_count":0,"_bbp_reply_count":0,"_bbp_total_topic_count":0,"_bbp_total_reply_count":0,"_bbp_voice_count":0,"_bbp_anonymous_reply_count":0,"_bbp_topic_count_hidden":0,"_bbp_reply_count_hidden":0,"_bbp_forum_subforum_count":0,"site-sidebar-layout":"default","site-content-layout":"","ast-site-content-layout":"","site-content-style":"default","site-sidebar-style":"default","ast-global-header-display":"","ast-banner-title-visibility":"","ast-main-header-display":"","ast-hfb-above-header-display":"","ast-hfb-below-header-display":"","ast-hfb-mobile-header-display":"","site-post-title":"","ast-breadcrumbs-content":"","ast-featured-img":"","footer-sml-layout":"","theme-transparent-header-meta":"","adv-header-id-meta":"","stick-header-meta":"","header-above-stick-meta":"","header-main-stick-meta":"","header-below-stick-meta":"","astra-migrate-meta-layouts":"default","ast-page-background-enabled":"default","ast-page-background-meta":{"desktop":{"background-color":"var(--ast-global-color-4)","background-image":"","background-repeat":"repeat","background-position":"center center","background-size":"auto","background-attachment":"scroll","background-type":"","background-media":"","overlay-type":"","overlay-color":"","overlay-opacity":"","overlay-gradient":""},"tablet":{"background-color":"","background-image":"","background-repeat":"repeat","background-position":"center center","background-size":"auto","background-attachment":"scroll","background-type":"","background-media":"","overlay-type":"","overlay-color":"","overlay-opacity":"","overlay-gradient":""},"mobile":{"background-color":"","background-image":"","background-repeat":"repeat","background-position":"center center","background-size":"auto","background-attachment":"scroll","background-type":"","background-media":"","overlay-type":"","overlay-color":"","overlay-opacity":"","overlay-gradient":""}},"ast-content-background-meta":{"desktop":{"background-color":"var(--ast-global-color-5)","background-image":"","background-repeat":"repeat","background-position":"center center","background-size":"auto","background-attachment":"scroll","background-type":"","background-media":"","overlay-type":"","overlay-color":"","overlay-opacity":"","overlay-gradient":""},"tablet":{"background-color":"var(--ast-global-color-5)","background-image":"","background-repeat":"repeat","background-position":"center center","background-size":"auto","background-attachment":"scroll","background-type":"","background-media":"","overlay-type":"","overlay-color":"","overlay-opacity":"","overlay-gradient":""},"mobile":{"background-color":"var(--ast-global-color-5)","background-image":"","background-repeat":"repeat","background-position":"center center","background-size":"auto","background-attachment":"scroll","background-type":"","background-media":"","overlay-type":"","overlay-color":"","overlay-opacity":"","overlay-gradient":""}},"footnotes":""},"class_list":["post-12203","page","type-page","status-publish","hentry"],"post_mailing_queue_ids":[],"_links":{"self":[{"href":"https:\/\/serveiseducatius.xtec.cat\/montsia\/wp-json\/wp\/v2\/pages\/12203","targetHints":{"allow":["GET"]}}],"collection":[{"href":"https:\/\/serveiseducatius.xtec.cat\/montsia\/wp-json\/wp\/v2\/pages"}],"about":[{"href":"https:\/\/serveiseducatius.xtec.cat\/montsia\/wp-json\/wp\/v2\/types\/page"}],"author":[{"embeddable":true,"href":"https:\/\/serveiseducatius.xtec.cat\/montsia\/wp-json\/wp\/v2\/users\/1"}],"replies":[{"embeddable":true,"href":"https:\/\/serveiseducatius.xtec.cat\/montsia\/wp-json\/wp\/v2\/comments?post=12203"}],"version-history":[{"count":2,"href":"https:\/\/serveiseducatius.xtec.cat\/montsia\/wp-json\/wp\/v2\/pages\/12203\/revisions"}],"predecessor-version":[{"id":12209,"href":"https:\/\/serveiseducatius.xtec.cat\/montsia\/wp-json\/wp\/v2\/pages\/12203\/revisions\/12209"}],"up":[{"embeddable":true,"href":"https:\/\/serveiseducatius.xtec.cat\/montsia\/wp-json\/wp\/v2\/pages\/12016"}],"wp:attachment":[{"href":"https:\/\/serveiseducatius.xtec.cat\/montsia\/wp-json\/wp\/v2\/media?parent=12203"}],"curies":[{"name":"wp","href":"https:\/\/api.w.org\/{rel}","templated":true}]}}