{"id":12175,"date":"2021-02-18T12:32:05","date_gmt":"2021-02-18T11:32:05","guid":{"rendered":"http:\/\/serveiseducatius.xtec.cat\/montsia\/?page_id=12175"},"modified":"2025-11-28T12:27:44","modified_gmt":"2025-11-28T11:27:44","slug":"transformacio-educativa","status":"publish","type":"page","link":"https:\/\/serveiseducatius.xtec.cat\/montsia\/xarxes\/transformacio-educativa\/","title":{"rendered":"Xarxa de Transformaci\u00f3 i Millora Educativa"},"content":{"rendered":"\n        <div class=\"wp-block-getwid-post-carousel custom-post-type-post has-slides-gap-small is-carousel has-arrows-inside has-dots-outside\">\n            <div data-slider-option=\"{&quot;sliderSlidesToShowDesktop&quot;:&quot;2&quot;,&quot;getwid_slidesToShowLaptop&quot;:&quot;1&quot;,&quot;getwid_slidesToShowTablet&quot;:&quot;1&quot;,&quot;getwid_slidesToShowMobile&quot;:&quot;1&quot;,&quot;getwid_autoplay_speed&quot;:3000,&quot;getwid_animation_speed&quot;:800,&quot;getwid_slidesToScroll&quot;:&quot;1&quot;,&quot;getwid_autoplay&quot;:true,&quot;getwid_pause_on_hover&quot;:false,&quot;getwid_infinite&quot;:true,&quot;getwid_center_mode&quot;:false,&quot;getwid_arrows&quot;:&quot;inside&quot;,&quot;getwid_dots&quot;:&quot;outside&quot;}\" class=\"wp-block-getwid-post-carousel__wrapper\">\n                \t\t\t\t\t\t\t<div class=\"wp-block-getwid-post-carousel__slide\">\n\t\t\t\t\t\t\t\t\n<div class=\"wp-block-getwid-post-carousel__post\">\n            <div class=\"wp-block-getwid-post-carousel__post-thumbnail\">\n            <a href=\"https:\/\/serveiseducatius.xtec.cat\/montsia\/general\/3a-sessio-xatme\/\"><img loading=\"lazy\" decoding=\"async\" width=\"2040\" height=\"1195\" src=\"https:\/\/serveiseducatius.xtec.cat\/montsia\/wp-content\/uploads\/usu1125\/2026\/01\/XATME1-1.jpeg\" class=\"attachment-post-thumbnail size-post-thumbnail wp-post-image\" alt=\"\" srcset=\"https:\/\/serveiseducatius.xtec.cat\/montsia\/wp-content\/uploads\/usu1125\/2026\/01\/XATME1-1.jpeg 2040w, https:\/\/serveiseducatius.xtec.cat\/montsia\/wp-content\/uploads\/usu1125\/2026\/01\/XATME1-1-300x176.jpeg 300w, https:\/\/serveiseducatius.xtec.cat\/montsia\/wp-content\/uploads\/usu1125\/2026\/01\/XATME1-1-1024x600.jpeg 1024w, https:\/\/serveiseducatius.xtec.cat\/montsia\/wp-content\/uploads\/usu1125\/2026\/01\/XATME1-1-768x450.jpeg 768w, https:\/\/serveiseducatius.xtec.cat\/montsia\/wp-content\/uploads\/usu1125\/2026\/01\/XATME1-1-1536x900.jpeg 1536w\" sizes=\"auto, (max-width: 2040px) 100vw, 2040px\" \/><\/a>\n        <\/div>\n        <div class=\"wp-block-getwid-post-carousel__post-content-wrapper\">\n        <div class=\"wp-block-getwid-post-carousel__post-header\">\n            <h3 class=\"wp-block-getwid-post-carousel__post-title\"><a href=\"https:\/\/serveiseducatius.xtec.cat\/montsia\/general\/3a-sessio-xatme\/\">3a sessi\u00f3 XATME<\/a><\/h3>        <\/div>\n        <div class=\"wp-block-getwid-post-carousel__post-excerpt\"><p>La tercera sessi\u00f3 de la XATME va tenir lloc a l&#8217;Esc. La Canaleta de Vilaseca i va estar centrada en [&hellip;]<\/p>\n<\/div>\n    <\/div>\n<\/div>\n\n\t\t\t\t\t\t\t<\/div>\n\t\t\t\t\t\t\t\t\t\t\t\t\t<div class=\"wp-block-getwid-post-carousel__slide\">\n\t\t\t\t\t\t\t\t\n<div class=\"wp-block-getwid-post-carousel__post\">\n            <div class=\"wp-block-getwid-post-carousel__post-thumbnail\">\n            <a href=\"https:\/\/serveiseducatius.xtec.cat\/montsia\/general\/segona-sessio-xatme-al-camp-daprenentatge-de-flix\/\"><img loading=\"lazy\" decoding=\"async\" width=\"1600\" height=\"1200\" src=\"https:\/\/serveiseducatius.xtec.cat\/montsia\/wp-content\/uploads\/usu1125\/2025\/11\/PHOTO-2025-11-24-10-20-57.jpg\" class=\"attachment-post-thumbnail size-post-thumbnail wp-post-image\" alt=\"\" srcset=\"https:\/\/serveiseducatius.xtec.cat\/montsia\/wp-content\/uploads\/usu1125\/2025\/11\/PHOTO-2025-11-24-10-20-57.jpg 1600w, https:\/\/serveiseducatius.xtec.cat\/montsia\/wp-content\/uploads\/usu1125\/2025\/11\/PHOTO-2025-11-24-10-20-57-300x225.jpg 300w, https:\/\/serveiseducatius.xtec.cat\/montsia\/wp-content\/uploads\/usu1125\/2025\/11\/PHOTO-2025-11-24-10-20-57-1024x768.jpg 1024w, https:\/\/serveiseducatius.xtec.cat\/montsia\/wp-content\/uploads\/usu1125\/2025\/11\/PHOTO-2025-11-24-10-20-57-768x576.jpg 768w, https:\/\/serveiseducatius.xtec.cat\/montsia\/wp-content\/uploads\/usu1125\/2025\/11\/PHOTO-2025-11-24-10-20-57-1536x1152.jpg 1536w\" sizes=\"auto, (max-width: 1600px) 100vw, 1600px\" \/><\/a>\n        <\/div>\n        <div class=\"wp-block-getwid-post-carousel__post-content-wrapper\">\n        <div class=\"wp-block-getwid-post-carousel__post-header\">\n            <h3 class=\"wp-block-getwid-post-carousel__post-title\"><a href=\"https:\/\/serveiseducatius.xtec.cat\/montsia\/general\/segona-sessio-xatme-al-camp-daprenentatge-de-flix\/\">Segona Sessi\u00f3 XaTME al Camp d&#8217;Aprenentatge de Flix<\/a><\/h3>        <\/div>\n        <div class=\"wp-block-getwid-post-carousel__post-excerpt\"><p>La segona sessi\u00f3 de la XaTME va tenir lloc en un entorn privilegiat: al Camp d&#8217;Aprenentatge de Flix, dins de [&hellip;]<\/p>\n<\/div>\n    <\/div>\n<\/div>\n\n\t\t\t\t\t\t\t<\/div>\n\t\t\t\t\t\t\t\t\t\t\t\t\t<div class=\"wp-block-getwid-post-carousel__slide\">\n\t\t\t\t\t\t\t\t\n<div class=\"wp-block-getwid-post-carousel__post\">\n            <div class=\"wp-block-getwid-post-carousel__post-thumbnail\">\n            <a href=\"https:\/\/serveiseducatius.xtec.cat\/montsia\/general\/1a-sessio-xatme\/\"><img loading=\"lazy\" decoding=\"async\" width=\"1600\" height=\"833\" src=\"https:\/\/serveiseducatius.xtec.cat\/montsia\/wp-content\/uploads\/usu1125\/2025\/11\/Sessio1.jpeg\" class=\"attachment-post-thumbnail size-post-thumbnail wp-post-image\" alt=\"\" srcset=\"https:\/\/serveiseducatius.xtec.cat\/montsia\/wp-content\/uploads\/usu1125\/2025\/11\/Sessio1.jpeg 1600w, https:\/\/serveiseducatius.xtec.cat\/montsia\/wp-content\/uploads\/usu1125\/2025\/11\/Sessio1-300x156.jpeg 300w, https:\/\/serveiseducatius.xtec.cat\/montsia\/wp-content\/uploads\/usu1125\/2025\/11\/Sessio1-1024x533.jpeg 1024w, https:\/\/serveiseducatius.xtec.cat\/montsia\/wp-content\/uploads\/usu1125\/2025\/11\/Sessio1-768x400.jpeg 768w, https:\/\/serveiseducatius.xtec.cat\/montsia\/wp-content\/uploads\/usu1125\/2025\/11\/Sessio1-1536x800.jpeg 1536w\" sizes=\"auto, (max-width: 1600px) 100vw, 1600px\" \/><\/a>\n        <\/div>\n        <div class=\"wp-block-getwid-post-carousel__post-content-wrapper\">\n        <div class=\"wp-block-getwid-post-carousel__post-header\">\n            <h3 class=\"wp-block-getwid-post-carousel__post-title\"><a href=\"https:\/\/serveiseducatius.xtec.cat\/montsia\/general\/1a-sessio-xatme\/\">1a Sessi\u00f3 XATME<\/a><\/h3>        <\/div>\n        <div class=\"wp-block-getwid-post-carousel__post-excerpt\"><p>El passat dia 6 de novembre va tenir lloc als Serveis Educatius de Tortosa, la primera sessi\u00f3 de la Xarxa [&hellip;]<\/p>\n<\/div>\n    <\/div>\n<\/div>\n\n\t\t\t\t\t\t\t<\/div>\n\t\t\t\t\t\t            <\/div>\n        <\/div>\n        \n\n<p>\u00a0<\/p>\n<p><img loading=\"lazy\" decoding=\"async\" class=\"size-full wp-image-12176 aligncenter\" src=\"https:\/\/serveiseducatius.xtec.cat\/montsia\/wp-content\/uploads\/usu1125\/2021\/02\/logo-transformacio-educativa.jpg\" alt=\"\" width=\"300\" height=\"269\" \/><\/p>\n<p>El Departament d\u2019Educaci\u00f3 crea el Programa d\u2019innovaci\u00f3 pedag\u00f2gica d\u2019Acceleraci\u00f3 de la transformaci\u00f3 educativa amb la finalitat de proporcionar als centres participants els recursos i les eines necess\u00e0ries per impulsar la transformaci\u00f3 del centre a trav\u00e9s de l\u2019actualitzaci\u00f3 del projecte educatiu de centre amb una revisi\u00f3 del prop\u00f2sit institucional, l\u2019organitzaci\u00f3 del centre, les metodologies de treball, la cultura de l\u2019avaluaci\u00f3 i la incorporaci\u00f3 de mesures d\u2019inclusi\u00f3 i equitat educatives, per esdevenir una organitzaci\u00f3 escolar aut\u00f2noma, centrada en l\u2019alumne\/a, amb capacitat de interactuar amb l\u2019entorn.<\/p>\n<p>Els centres que ho estan portant a terme estan assessorats i acompanyats per la referent territorial, Maite Garcia Vizcarro i pels professionals del CRP de la zona.<\/p>\n<p>Els centres del Montsi\u00e0 que formen part del Programa d\u2019Innovaci\u00f3 d\u2019Acceleraci\u00f3 en la Transformaci\u00f3 Educativa:<\/p>\n<ul>\n<li aria-level=\"1\"><b>INS Ramon Berenguer IV (Amposta)<\/b>, en qualitat de centre referent des de setembre de 2020.<\/li>\n<li aria-level=\"1\"><b>ESC Consol Ferr\u00e9 (Amposta)<\/b>, en qualitat de centre referent des de setembre de 2020.<\/li>\n<li aria-level=\"1\"><b>ESC Poble Nou (ZER Mediterr\u00e0nia, Poble Nou del Delta<\/b>), en qualitat de centre referent des de setembre de 2020.<\/li>\n<li aria-level=\"1\"><b>INS Montsi\u00e0 (Amposta)<\/b>, en qualitat de centre facilitat des de setembre de 2020.<\/li>\n<li aria-level=\"1\"><b>I-E Agust\u00ed Barber\u00e0 (Amposta)<\/b>, en qualitat de centre facilitat des de setembre de 2020.<\/li>\n<\/ul>\n<p>Tots aquests centres tamb\u00e9 formen part, des de setembre de 2020, del Laboratori de Transformaci\u00f3 Educativa.<\/p>\n<p style=\"text-align: left;\">Tota la informaci\u00f3 disponible a <a href=\"https:\/\/projectes.xtec.cat\/transformacioenxarxa\/\">https:\/\/projectes.xtec.cat\/transformacioenxarxa\/<\/a><\/p>\n<p style=\"text-align: center;\"><a href=\"https:\/\/projectes.xtec.cat\/transformacioenxarxa\/\" target=\"_blank\" rel=\"noopener noreferrer\"><img loading=\"lazy\" decoding=\"async\" class=\"wp-image-12177 aligncenter\" src=\"https:\/\/serveiseducatius.xtec.cat\/montsia\/wp-content\/uploads\/usu1125\/2021\/02\/nodes-laboratori-transformacio.png\" alt=\"\" width=\"506\" height=\"281\" srcset=\"https:\/\/serveiseducatius.xtec.cat\/montsia\/wp-content\/uploads\/usu1125\/2021\/02\/nodes-laboratori-transformacio.png 1474w, https:\/\/serveiseducatius.xtec.cat\/montsia\/wp-content\/uploads\/usu1125\/2021\/02\/nodes-laboratori-transformacio-300x167.png 300w, https:\/\/serveiseducatius.xtec.cat\/montsia\/wp-content\/uploads\/usu1125\/2021\/02\/nodes-laboratori-transformacio-768x427.png 768w, https:\/\/serveiseducatius.xtec.cat\/montsia\/wp-content\/uploads\/usu1125\/2021\/02\/nodes-laboratori-transformacio-1024x569.png 1024w\" sizes=\"auto, (max-width: 506px) 100vw, 506px\" \/><\/a><\/p>\n<p style=\"text-align: left;\">Canal de Youtube del Laboratori de Transformaci\u00f3 Educativa: <a href=\"https:\/\/www.youtube.com\/channel\/UC2aB7RTWpYuPXVesOWgdngw\/featured\" target=\"_blank\" rel=\"noopener noreferrer\">https:\/\/www.youtube.com\/channel\/UC2aB7RTWpYuPXVesOWgdngw\/featured<\/a><\/p>","protected":false},"excerpt":{"rendered":"<p>\u00a0 El Departament d\u2019Educaci\u00f3 crea el Programa d\u2019innovaci\u00f3 pedag\u00f2gica d\u2019Acceleraci\u00f3 de la transformaci\u00f3 educativa amb la finalitat de proporcionar als [&hellip;]<\/p>\n","protected":false},"author":1,"featured_media":0,"parent":16753,"menu_order":20,"comment_status":"closed","ping_status":"closed","template":"","meta":{"_bbp_topic_count":0,"_bbp_reply_count":0,"_bbp_total_topic_count":0,"_bbp_total_reply_count":0,"_bbp_voice_count":0,"_bbp_anonymous_reply_count":0,"_bbp_topic_count_hidden":0,"_bbp_reply_count_hidden":0,"_bbp_forum_subforum_count":0,"site-sidebar-layout":"default","site-content-layout":"","ast-site-content-layout":"default","site-content-style":"default","site-sidebar-style":"default","ast-global-header-display":"","ast-banner-title-visibility":"","ast-main-header-display":"","ast-hfb-above-header-display":"","ast-hfb-below-header-display":"","ast-hfb-mobile-header-display":"","site-post-title":"","ast-breadcrumbs-content":"","ast-featured-img":"","footer-sml-layout":"","theme-transparent-header-meta":"","adv-header-id-meta":"","stick-header-meta":"","header-above-stick-meta":"","header-main-stick-meta":"","header-below-stick-meta":"","astra-migrate-meta-layouts":"set","ast-page-background-enabled":"default","ast-page-background-meta":{"desktop":{"background-color":"var(--ast-global-color-4)","background-image":"","background-repeat":"repeat","background-position":"center center","background-size":"auto","background-attachment":"scroll","background-type":"","background-media":"","overlay-type":"","overlay-color":"","overlay-opacity":"","overlay-gradient":""},"tablet":{"background-color":"","background-image":"","background-repeat":"repeat","background-position":"center center","background-size":"auto","background-attachment":"scroll","background-type":"","background-media":"","overlay-type":"","overlay-color":"","overlay-opacity":"","overlay-gradient":""},"mobile":{"background-color":"","background-image":"","background-repeat":"repeat","background-position":"center center","background-size":"auto","background-attachment":"scroll","background-type":"","background-media":"","overlay-type":"","overlay-color":"","overlay-opacity":"","overlay-gradient":""}},"ast-content-background-meta":{"desktop":{"background-color":"var(--ast-global-color-5)","background-image":"","background-repeat":"repeat","background-position":"center center","background-size":"auto","background-attachment":"scroll","background-type":"","background-media":"","overlay-type":"","overlay-color":"","overlay-opacity":"","overlay-gradient":""},"tablet":{"background-color":"var(--ast-global-color-5)","background-image":"","background-repeat":"repeat","background-position":"center center","background-size":"auto","background-attachment":"scroll","background-type":"","background-media":"","overlay-type":"","overlay-color":"","overlay-opacity":"","overlay-gradient":""},"mobile":{"background-color":"var(--ast-global-color-5)","background-image":"","background-repeat":"repeat","background-position":"center center","background-size":"auto","background-attachment":"scroll","background-type":"","background-media":"","overlay-type":"","overlay-color":"","overlay-opacity":"","overlay-gradient":""}},"footnotes":""},"class_list":["post-12175","page","type-page","status-publish","hentry"],"post_mailing_queue_ids":[],"_links":{"self":[{"href":"https:\/\/serveiseducatius.xtec.cat\/montsia\/wp-json\/wp\/v2\/pages\/12175","targetHints":{"allow":["GET"]}}],"collection":[{"href":"https:\/\/serveiseducatius.xtec.cat\/montsia\/wp-json\/wp\/v2\/pages"}],"about":[{"href":"https:\/\/serveiseducatius.xtec.cat\/montsia\/wp-json\/wp\/v2\/types\/page"}],"author":[{"embeddable":true,"href":"https:\/\/serveiseducatius.xtec.cat\/montsia\/wp-json\/wp\/v2\/users\/1"}],"replies":[{"embeddable":true,"href":"https:\/\/serveiseducatius.xtec.cat\/montsia\/wp-json\/wp\/v2\/comments?post=12175"}],"version-history":[{"count":4,"href":"https:\/\/serveiseducatius.xtec.cat\/montsia\/wp-json\/wp\/v2\/pages\/12175\/revisions"}],"predecessor-version":[{"id":16920,"href":"https:\/\/serveiseducatius.xtec.cat\/montsia\/wp-json\/wp\/v2\/pages\/12175\/revisions\/16920"}],"up":[{"embeddable":true,"href":"https:\/\/serveiseducatius.xtec.cat\/montsia\/wp-json\/wp\/v2\/pages\/16753"}],"wp:attachment":[{"href":"https:\/\/serveiseducatius.xtec.cat\/montsia\/wp-json\/wp\/v2\/media?parent=12175"}],"curies":[{"name":"wp","href":"https:\/\/api.w.org\/{rel}","templated":true}]}}