{"id":12153,"date":"2021-02-17T18:30:55","date_gmt":"2021-02-17T17:30:55","guid":{"rendered":"http:\/\/serveiseducatius.xtec.cat\/montsia\/?page_id=12153"},"modified":"2021-02-23T18:25:28","modified_gmt":"2021-02-23T17:25:28","slug":"laboratori-de-matematiques","status":"publish","type":"page","link":"https:\/\/serveiseducatius.xtec.cat\/montsia\/laboratori-de-matematiques\/","title":{"rendered":"Laboratori de Matem\u00e0tiques"},"content":{"rendered":"<p><img loading=\"lazy\" decoding=\"async\" class=\"wp-image-12154 aligncenter\" src=\"https:\/\/serveiseducatius.xtec.cat\/montsia\/wp-content\/uploads\/usu1125\/2021\/02\/laboratori-matematiques.png\" alt=\"\" width=\"419\" height=\"315\" srcset=\"https:\/\/serveiseducatius.xtec.cat\/montsia\/wp-content\/uploads\/usu1125\/2021\/02\/laboratori-matematiques.png 1280w, https:\/\/serveiseducatius.xtec.cat\/montsia\/wp-content\/uploads\/usu1125\/2021\/02\/laboratori-matematiques-300x225.png 300w, https:\/\/serveiseducatius.xtec.cat\/montsia\/wp-content\/uploads\/usu1125\/2021\/02\/laboratori-matematiques-768x576.png 768w, https:\/\/serveiseducatius.xtec.cat\/montsia\/wp-content\/uploads\/usu1125\/2021\/02\/laboratori-matematiques-1024x768.png 1024w, https:\/\/serveiseducatius.xtec.cat\/montsia\/wp-content\/uploads\/usu1125\/2021\/02\/laboratori-matematiques-200x150.png 200w\" sizes=\"auto, (max-width: 419px) 100vw, 419px\" \/><\/p>\n<p><span style=\"font-weight: 400;\">El Laboratori de Matem\u00e0tiques \u00e9s un conjunt de materials manipulatius per tal que l\u00b4alumnat aprengui diferents conceptes relacionats amb la mat\u00e8ria a partir de la manipulaci\u00f3 i l&#8217;experimentaci\u00f3. Les propostes s&#8217;adrecen a diferents etapes educatives, des d&#8217;Educaci\u00f3 Infantil a Batxillerat i tenen com fonament una mateixa idea: l&#8217;experimentaci\u00f3 \u00e9s b\u00e0sica en l&#8217;aprenentatge de les matem\u00e0tiques sigui quina sigui l&#8217;edat de l&#8217;aprenent.<\/span><\/p>\n<p>Al Servei Educatiu del Montsi\u00e0 disposem d&#8217;una maleta del Laboratori de Matem\u00e0tiques per tal de poder ser utilitzada en pr\u00e9stec durant tot un curs. Durant el curs, s&#8217; ofereix una formaci\u00f3 d&#8217;acompanyament a tots els centres que n&#8217;estan fent \u00fas, per tal de compartir propostes, activitats d&#8217;aula, recursos, &#8230; Tant el Laboratori de Matem\u00e0tiques com la formaci\u00f3 associada est\u00e0 <span style=\"text-decoration: underline;\">oberta tant a centres de Prim\u00e0ria com de Secund\u00e0ria<\/span>. Aquest curs 2020-2021 est\u00e0 utilitzant-la l&#8217;ESC Consol Ferr\u00e9. <strong>En cas que el vostre centre hi estigui interessat, contacteu-nos i feu-nos-ho saber!!<\/strong><\/p>\n<p><span style=\"font-weight: 400;\">Hi ha un recull de propostes, elaborades pel CESIRE, adre\u00e7ades a diferents etapes educatives: <\/span><a href=\"https:\/\/sites.google.com\/xtec.cat\/cesire-matematiques-campanyes\/laboratori-de-matem%C3%A0tiques\"><span style=\"font-weight: 400;\">https:\/\/sites.google.com\/xtec.cat\/cesire-matematiques-campanyes\/laboratori-de-matem%C3%A0tiques<\/span><\/a><\/p>\n<p><span style=\"font-weight: 400;\">El juliol del 2020, es va realitzar la presentaci\u00f3 dels materials del Laboratori de matem\u00e0tiques. Donat que els continguts s\u00f3n prou generals com per a que siguin d\u2019utilitat per a tothom. Les afegim aqu\u00ed per tal que les pugueu visionar.<\/span><\/p>\n<ul>\n<li style=\"font-weight: 400; text-align: left;\" aria-level=\"1\"><b>1a sessi\u00f3<\/b><span style=\"font-weight: 400;\">. <\/span><i><span style=\"font-weight: 400;\">El laboratori de matem\u00e0tiques<\/span><\/i><span style=\"font-weight: 400;\">, Jordi Font (30\/06\/20) <\/span><span style=\"font-weight: 400;\">(<\/span><a href=\"https:\/\/agora.xtec.cat\/cesire\/wp-content\/uploads\/usu397\/2020\/07\/Presentaci%C3%B3-30-6-20-materials-laboratori.pdf\"><span style=\"font-weight: 400;\">presentaci\u00f3 de la introducci\u00f3<\/span><\/a><span style=\"font-weight: 400;\">) (<\/span><a href=\"https:\/\/agora.xtec.cat\/cesire\/wp-content\/uploads\/usu397\/2020\/07\/Una-maleta-i-un-viatge-JUNY-2020.pdf\"><span style=\"font-weight: 400;\">presentaci\u00f3 de la confer\u00e8ncia<\/span><\/a><span style=\"font-weight: 400;\">)<\/span><\/li>\n<\/ul>\n<p style=\"text-align: center;\"><iframe loading=\"lazy\" src=\"\/\/www.youtube.com\/embed\/2aAeZw6PJ-g\" width=\"560\" height=\"314\"><\/iframe><\/p>\n<ul>\n<li style=\"font-weight: 400; text-align: left;\" aria-level=\"1\"><b>2a sessi\u00f3<\/b><span style=\"font-weight: 400;\">. <\/span><i><span style=\"font-weight: 400;\">Materials manipulatius a l\u2019aula de matem\u00e0tiques<\/span><\/i><span style=\"font-weight: 400;\">. Equip del CESIRE. (02\/07\/2020) <\/span><span style=\"font-weight: 400;\">(<\/span><a href=\"https:\/\/agora.xtec.cat\/cesire\/wp-content\/uploads\/usu397\/2020\/07\/Presentacio%CC%81-2-7-20-materials-laboratori.pdf\"><span style=\"font-weight: 400;\">presentaci\u00f3<\/span><\/a><span style=\"font-weight: 400;\">)<\/span><\/li>\n<\/ul>\n<p style=\"text-align: center;\"><iframe loading=\"lazy\" src=\"\/\/www.youtube.com\/embed\/mDsD1098aIw\" width=\"560\" height=\"314\"><\/iframe><\/p>\n<p style=\"text-align: left;\"><span style=\"font-weight: 400;\">Enlla\u00e7os als espais de formaci\u00f3 de suport:<\/span><\/p>\n<ul>\n<li style=\"font-weight: 400;\" aria-level=\"1\"><a href=\"https:\/\/odissea.xtec.cat\/course\/view.php?id=73402\"><span style=\"font-weight: 400;\">Acompanyament als centre Laboratori de Matem\u00e0tiques<\/span><\/a><span style=\"font-weight: 400;\">: Acompanyament als centres que disposen de la maleta de matem\u00e0tiques durant el curs 2020\/21<\/span><\/li>\n<li style=\"font-weight: 400;\" aria-level=\"1\"><a style=\"font-family: inherit; font-size: 1em;\" href=\"https:\/\/odissea.xtec.cat\/course\/view.php?id=67643\">Laboratori de Matem\u00e0tiques<\/a><span style=\"font-weight: 400;\">: Curs telem\u00e0tic de presentaci\u00f3 de les <\/span><i style=\"font-family: inherit; font-size: 1em;\">maletes matem\u00e0tiques<\/i><span style=\"font-weight: 400;\"> del CESIRE i de l&#8217;\u00fas de materials manipulatius a l&#8217;aula de matem\u00e0tiques.<\/span><\/li>\n<\/ul>\n<p>Per tal de treballar les Matem\u00e0tiques existeixen diverses propostes en les que \u00e9s possible participar. En aquest quadre es recullen de forma orientativa:<\/p>\n<p><img loading=\"lazy\" decoding=\"async\" class=\"size-full wp-image-12229 aligncenter\" src=\"https:\/\/serveiseducatius.xtec.cat\/montsia\/wp-content\/uploads\/usu1125\/2021\/02\/propostes-matematiques.png\" alt=\"\" width=\"680\" height=\"527\" srcset=\"https:\/\/serveiseducatius.xtec.cat\/montsia\/wp-content\/uploads\/usu1125\/2021\/02\/propostes-matematiques.png 680w, https:\/\/serveiseducatius.xtec.cat\/montsia\/wp-content\/uploads\/usu1125\/2021\/02\/propostes-matematiques-300x233.png 300w\" sizes=\"auto, (max-width: 680px) 100vw, 680px\" \/><\/p>\n","protected":false},"excerpt":{"rendered":"<p>El Laboratori de Matem\u00e0tiques \u00e9s un conjunt de materials manipulatius per tal que l\u00b4alumnat aprengui diferents conceptes relacionats amb la [&hellip;]<\/p>\n","protected":false},"author":1,"featured_media":0,"parent":0,"menu_order":0,"comment_status":"closed","ping_status":"closed","template":"","meta":{"_bbp_topic_count":0,"_bbp_reply_count":0,"_bbp_total_topic_count":0,"_bbp_total_reply_count":0,"_bbp_voice_count":0,"_bbp_anonymous_reply_count":0,"_bbp_topic_count_hidden":0,"_bbp_reply_count_hidden":0,"_bbp_forum_subforum_count":0,"site-sidebar-layout":"default","site-content-layout":"","ast-site-content-layout":"","site-content-style":"default","site-sidebar-style":"default","ast-global-header-display":"","ast-banner-title-visibility":"","ast-main-header-display":"","ast-hfb-above-header-display":"","ast-hfb-below-header-display":"","ast-hfb-mobile-header-display":"","site-post-title":"","ast-breadcrumbs-content":"","ast-featured-img":"","footer-sml-layout":"","theme-transparent-header-meta":"","adv-header-id-meta":"","stick-header-meta":"","header-above-stick-meta":"","header-main-stick-meta":"","header-below-stick-meta":"","astra-migrate-meta-layouts":"default","ast-page-background-enabled":"default","ast-page-background-meta":{"desktop":{"background-color":"var(--ast-global-color-4)","background-image":"","background-repeat":"repeat","background-position":"center center","background-size":"auto","background-attachment":"scroll","background-type":"","background-media":"","overlay-type":"","overlay-color":"","overlay-opacity":"","overlay-gradient":""},"tablet":{"background-color":"","background-image":"","background-repeat":"repeat","background-position":"center center","background-size":"auto","background-attachment":"scroll","background-type":"","background-media":"","overlay-type":"","overlay-color":"","overlay-opacity":"","overlay-gradient":""},"mobile":{"background-color":"","background-image":"","background-repeat":"repeat","background-position":"center center","background-size":"auto","background-attachment":"scroll","background-type":"","background-media":"","overlay-type":"","overlay-color":"","overlay-opacity":"","overlay-gradient":""}},"ast-content-background-meta":{"desktop":{"background-color":"var(--ast-global-color-5)","background-image":"","background-repeat":"repeat","background-position":"center center","background-size":"auto","background-attachment":"scroll","background-type":"","background-media":"","overlay-type":"","overlay-color":"","overlay-opacity":"","overlay-gradient":""},"tablet":{"background-color":"var(--ast-global-color-5)","background-image":"","background-repeat":"repeat","background-position":"center center","background-size":"auto","background-attachment":"scroll","background-type":"","background-media":"","overlay-type":"","overlay-color":"","overlay-opacity":"","overlay-gradient":""},"mobile":{"background-color":"var(--ast-global-color-5)","background-image":"","background-repeat":"repeat","background-position":"center center","background-size":"auto","background-attachment":"scroll","background-type":"","background-media":"","overlay-type":"","overlay-color":"","overlay-opacity":"","overlay-gradient":""}},"footnotes":""},"class_list":["post-12153","page","type-page","status-publish","hentry"],"post_mailing_queue_ids":[],"_links":{"self":[{"href":"https:\/\/serveiseducatius.xtec.cat\/montsia\/wp-json\/wp\/v2\/pages\/12153","targetHints":{"allow":["GET"]}}],"collection":[{"href":"https:\/\/serveiseducatius.xtec.cat\/montsia\/wp-json\/wp\/v2\/pages"}],"about":[{"href":"https:\/\/serveiseducatius.xtec.cat\/montsia\/wp-json\/wp\/v2\/types\/page"}],"author":[{"embeddable":true,"href":"https:\/\/serveiseducatius.xtec.cat\/montsia\/wp-json\/wp\/v2\/users\/1"}],"replies":[{"embeddable":true,"href":"https:\/\/serveiseducatius.xtec.cat\/montsia\/wp-json\/wp\/v2\/comments?post=12153"}],"version-history":[{"count":3,"href":"https:\/\/serveiseducatius.xtec.cat\/montsia\/wp-json\/wp\/v2\/pages\/12153\/revisions"}],"predecessor-version":[{"id":12230,"href":"https:\/\/serveiseducatius.xtec.cat\/montsia\/wp-json\/wp\/v2\/pages\/12153\/revisions\/12230"}],"wp:attachment":[{"href":"https:\/\/serveiseducatius.xtec.cat\/montsia\/wp-json\/wp\/v2\/media?parent=12153"}],"curies":[{"name":"wp","href":"https:\/\/api.w.org\/{rel}","templated":true}]}}