{"id":12146,"date":"2021-02-17T13:24:21","date_gmt":"2021-02-17T12:24:21","guid":{"rendered":"http:\/\/serveiseducatius.xtec.cat\/montsia\/?page_id=12146"},"modified":"2021-02-17T13:25:25","modified_gmt":"2021-02-17T12:25:25","slug":"29-paraules-que-pugen-al-cel","status":"publish","type":"page","link":"https:\/\/serveiseducatius.xtec.cat\/montsia\/innovacio-2\/bones-practiques\/29-paraules-que-pugen-al-cel\/","title":{"rendered":"29. Paraules que pugen al cel"},"content":{"rendered":"<p style=\"text-align: center;\"><img loading=\"lazy\" decoding=\"async\" class=\"alignnone wp-image-12147\" src=\"https:\/\/serveiseducatius.xtec.cat\/montsia\/wp-content\/uploads\/usu1125\/2021\/02\/paraules-que-pugen-al-cel.png\" alt=\"\" width=\"416\" height=\"313\" srcset=\"https:\/\/serveiseducatius.xtec.cat\/montsia\/wp-content\/uploads\/usu1125\/2021\/02\/paraules-que-pugen-al-cel.png 553w, https:\/\/serveiseducatius.xtec.cat\/montsia\/wp-content\/uploads\/usu1125\/2021\/02\/paraules-que-pugen-al-cel-300x226.png 300w, https:\/\/serveiseducatius.xtec.cat\/montsia\/wp-content\/uploads\/usu1125\/2021\/02\/paraules-que-pugen-al-cel-200x150.png 200w\" sizes=\"auto, (max-width: 416px) 100vw, 416px\" \/><\/p>\n<h3><span id=\"Dades_del_centre\">Dades del centre<\/span><\/h3>\n<p><strong>Nom del centre:<\/strong> Escola Teresa Subirats i Mestre<br \/>\n<strong>Adre\u00e7a:<\/strong> C\/ Afores, s\/n<br \/>\n<strong>Codi postal:<\/strong> 43514<br \/>\n<strong>Localitat:\u00a0<\/strong>Mas de Barberans<br \/>\n<strong>Tel\u00e8fon:\u00a0<\/strong>977719199<br \/>\n<strong>Adre\u00e7a electr\u00f2nica:<\/strong> e3001395@xtec.cat<br \/>\n<strong>Servei territorial:<\/strong>\u00a0Terres de l\u2019Ebre<\/p>\n<h3><span id=\"Breu_resum_de_l8217activitat\">Breu resum de l\u2019activitat<\/span><\/h3>\n<p>Des de fa tres anys, a la localitat del Mas de Barberans es realitza un aplec po\u00e8tic titulat \u201cEscales que pugen al cel\u201d. Aquest curs escolar 2016\/17, l&#8217;organitzador de l&#8217;aplec Josep Lleix\u00e0 Fern\u00e1ndez va proposar a l&#8217;escola de participar-hi. Aix\u00ed que aprofitant la participaci\u00f3 a l&#8217;aplec po\u00e8tic vam creure convenient seguir treballant la poesia durant tot el curs amb tot l&#8217;alumnat de l&#8217;escola.<\/p>\n<h3><span id=\"Ambits_d8217actuacio\">\u00c0mbits d\u2019actuaci\u00f3<\/span><\/h3>\n<p>Tot el centre escolar i la poblaci\u00f3 del Mas de Barberans.<br \/>\nTot l&#8217;alumnat, Educaci\u00f3 Infantil i Prim\u00e0ria.<br \/>\nCurr\u00edculum\/Gesti\u00f3 i organitzaci\u00f3.<\/p>\n<h3><span id=\"AreesMateriesModuls\">\u00c0rees\/Mat\u00e8ries\/M\u00f2duls<\/span><\/h3>\n<p>Educaci\u00f3 infantil : Comunicaci\u00f3 i llenguatges<br \/>\nEducaci\u00f3 prim\u00e0ria : Llengua catalana i literatura<\/p>\n<h3><span id=\"Capacitats_Competencies\">Capacitats \/ Compet\u00e8ncies<\/span><\/h3>\n<p><strong>Dimensi\u00f3 comunicaci\u00f3 oral<\/strong><br \/>\nCompet\u00e8ncia 1: Comprendre textos orals de la vida quotidiana, dels mitjans de comunicaci\u00f3 i escolars.<br \/>\n<strong>Dimensi\u00f3 comprensi\u00f3 lectora<\/strong><br \/>\nCompet\u00e8ncia 4: Llegir amb flu\u00efdesa per comprendre textos de la vida quotidiana, dels mitjans de comunicaci\u00f3 i escolars en diferents formats i suports.<br \/>\nCompet\u00e8ncia 6. Utilitzar, per comprendre un text, l\u2019estructura i el format de cada g\u00e8nere textual i el component sem\u00e0ntic de les paraules i de les estructures morfosint\u00e0ctiques m\u00e9s habitual.<br \/>\n<strong>Dimensi\u00f3 expressi\u00f3 escrita<\/strong><br \/>\nCompet\u00e8ncia 9. Produir textos de tipologies diverses amb un l\u00e8xic i estructura que s\u2019adeq\u00fcin al tipus de text, a les intencions i al destinatari.<br \/>\n<strong>Dimensi\u00f3 liter\u00e0ria<\/strong><br \/>\nCompet\u00e8ncia 11. Llegir fragments i obres i con\u00e8ixer alguns autors i autores significatius de la literatura catalana, castellana i universal.<br \/>\nCompet\u00e8ncia 12. Crear textos amb recursos literaris per expressar sentiments, realitats i ficcions.<br \/>\n<strong>Dimensi\u00f3 pluriling\u00fce i intercultural<\/strong><br \/>\nCompet\u00e8ncia 13. Ser conscient de la pertinen\u00e7a a la comunitat ling\u00fc\u00edstica i cultural catalana, i mostrar inter\u00e8s per l\u2019\u00fas de la llengua catalana.<br \/>\nCompet\u00e8ncia 14. Con\u00e8ixer i valorar la diversitat ling\u00fc\u00edstica i cultural de Catalunya, l\u2019Estat espanyol, d\u2019Europa i del m\u00f3n.<\/p>\n<h3><span id=\"Descripcio_de_la_bona_practica\">Descripci\u00f3 de la bona pr\u00e0ctica<\/span><\/h3>\n<p><strong>Curs acad\u00e8mic:<\/strong> 2016\/17<\/p>\n<p><strong>Punt de partida: <\/strong>Si b\u00e9 \u00e9s cert que en cursos escolars anteriors s&#8217;ha fet un treball per fomentar l\u2019h\u00e0bit i el gust per la lectura a trav\u00e9s del projecte \u201cpadrins de lectura\u201d, mai la poesia havia ocupat un lloc en la lectura dels padrins. Aix\u00ed que, si b\u00e9 hi ha un recorregut de treball lector, no s\u2019havia dut a terme un treball de poesia com aquest curs escolar<\/p>\n<p><strong>Objectius:<\/strong><\/p>\n<p>&#8211; Transmetre el gust per la poesia a tot l&#8217;alumnat de l&#8217;escola.<br \/>\n&#8211; Participar de manera activa a l&#8217;aplec po\u00e8tic que des de fa tres anys es realitza al poble.<br \/>\n&#8211; Refor\u00e7ar la compet\u00e8ncia comunicativa oral i escrita, entesa com un pilar b\u00e0sic dels aprenentatges.<br \/>\n&#8211; Donar visibilitat a l\u2019aplec po\u00e8tic \u201cEscales que pugen al cel\u201d que cada any es realitza al poble del Mas de Barberans<\/p>\n<p><strong>Desenvolupament de l\u2019experi\u00e8ncia:<\/strong><\/p>\n<p>Hem de distingir tres moments durant el curs que ens han apropat al m\u00f3n po\u00e8tic, tot i que la participaci\u00f3 a l\u2019aplec po\u00e8tic ha estat el motor de treball durant tot el curs escolar.<br \/>\nD\u2019aquesta manera podem diferenciar les tres activitats realitzades:<br \/>\n1. Participaci\u00f3 a l\u2019aplec po\u00e8tic. Com ja s&#8217;ha dit al resum de la pr\u00e0ctica, l&#8217;organitzador de la trobada Josep Lleix\u00e0 va proposar a l&#8217;escola de participar-hi. L&#8217;aplec va ser el divendres 7 d&#8217;octubre de 2016, i hi van participar tot l&#8217;alumnat de l&#8217;escola, tant els d&#8217;educaci\u00f3 infantil com els de prim\u00e0ria. Abans per\u00f2, el senyor Josep Lleix\u00e0 va realitzar una sessi\u00f3 a l\u2019escola on va explicar el motiu de la participaci\u00f3 a l\u2019aplec i va animar a tot l\u2019alumnat a sentir-se part de l\u2019aplec. A m\u00e9s a m\u00e9s, va explicar algunes estrat\u00e8gies a l\u2019hora de recitar una poesia que es van poder posar en pr\u00e0ctica a l\u2019aula, tot recitant les poesies davant del p\u00fablic escolar.<br \/>\nAquesta activitat va permetre a tot l\u2019alumnat fer un assaig previ a l\u2019aplec po\u00e8tic.<br \/>\nFinalment, remarcar que les poesies que es van recitar eren en catal\u00e0 i roman\u00e8s, ja que la nostra escola la integren moltes fam\u00edlies romaneses.<br \/>\n2. Recital de poesia nadalenc. L&#8217;aplec po\u00e8tic ens va servir de motor d&#8217;inici per continuar amb el recital de poesies. Aix\u00ed l&#8217;alumnat es va anar preparant diverses poesies per recitar-les durant l&#8217;activitat de Nadal, una activitat que any rere any es ve celebrant a l&#8217;escola. La preparaci\u00f3 d&#8217;aquest recital de poesia va servir per treballar a l&#8217;aula aspectes del llenguatge (comparaci\u00f3, possibilitats d&#8217;expressi\u00f3, creativitat, etc.) aix\u00ed com la memoritzaci\u00f3 i la declamaci\u00f3.<br \/>\n3. Concurs de poesia de Sant Jordi. Aprofitant l&#8217;embranzida del recital de poesia, vam creure convenient convocar un concurs de poesia. Es van elaborar unes bases de participaci\u00f3 i tots aquells xiquets\/tes que volien participar al concurs havien d&#8217;escriure una poesia sobre la tem\u00e0tica de Sant Jordi. Cal dir que gaireb\u00e9 tot l&#8217;alumnat de l&#8217;escola hi va participar, aix\u00ed que l&#8217;any vinent tornarem a repetir el concurs.<br \/>\nLes bases del concurs es van penjar al bloc de l&#8217;escola i les poesies elaborades es troben al final del document.<br \/>\n<a href=\"https:\/\/blocs.xtec.cat\/masdebarberans\/2017\/03\/12\/concurs-de-poesia-sant-jordi-2017\/\">http:\/\/blocs.xtec.cat\/masdebarberans\/2017\/03\/12\/concursde-poesia-sant-jordi-2017\/<\/a><br \/>\nDe tot el treball realitzat cal destacar el treball sobre la compet\u00e8ncia comunicativa i ling\u00fc\u00edstica amb els seg\u00fcents continguts clau:<br \/>\n&#8211; El gust per la lectura: la poesia<br \/>\n&#8211; Lectura en veu alta (declamaci\u00f3; modelatge)<br \/>\n&#8211; H\u00e0bit lector \/ h\u00e0bit d\u2019escriure<br \/>\n&#8211; Comprensi\u00f3 oral<br \/>\n&#8211; L\u00e8xic; el component sem\u00e0ntic de la llengua (comparacions, derivacions, sentit figurat&#8230;)<br \/>\n&#8211; Presentaci\u00f3 formal: estructura del text po\u00e8tic<br \/>\n&#8211; L\u2019element art\u00edstic de la poesia: creativitat<\/p>\n<p><strong>Temporitzaci\u00f3:\u00a0<\/strong>Tot el curs escolar.<\/p>\n<p><strong>Recursos humans i materials: <\/strong>Tot els tutors de l\u2019escola.<\/p>\n<p><strong>Valoracions i conclusions:<\/strong> L&#8217;acollida per part de l&#8217;alumnat a participar en l&#8217;aplec po\u00e8tic va ser molt entusiasta, i es va valorar la possibilitat de participar-hi tots els cursos, sempre que l&#8217;aplec coincideixi amb el curs escolar. Per exemple, aquest proper curs escolar 2017\/18 no hi podrem participar perqu\u00e8 la cita po\u00e8tica \u00e9s al mes d&#8217;agost.<br \/>\nPer al projecte \u201cpadrins de lectura\u201d, introduir lectures de poesia, ja sigui amb rodolins i endevinalles per als m\u00e9s petits o amb poesies d&#8217;autors reconeguts.<br \/>\nTamb\u00e9 el proper curs, realitzar el 2n. Concurs de poesia \u201cSant Jordi 2018\u201d.<\/p>\n<p><strong>Documentaci\u00f3 complement\u00e0ria: <\/strong>Difusi\u00f3 a la p\u00e0gina web de l&#8217;escola<br \/>\n<a href=\"https:\/\/blocs.xtec.cat\/masdebarberans\/2016\/09\/28\/preparant-lesdeveniment-les-escales-que-pugen-al-cel\/\">http:\/\/blocs.xtec.cat\/masdebarberans\/2016\/09\/28\/preparantlesdeveniment-les-escales-que-pugen-al-cel\/<\/a><\/p>\n<p>&nbsp;<\/p>\n<h3><span id=\"Autoria_de_l8217experiencia\">Autoria de l\u2019experi\u00e8ncia<\/span><\/h3>\n<p><strong>Coordinaci\u00f3:\u00a0<\/strong>Santi Mart\u00ed Herrero<br \/>\n<strong>Professorat implicat:\u00a0<\/strong>Mireia Homedes i Joan Carles Blanch<\/p>\n","protected":false},"excerpt":{"rendered":"<p>Dades del centre Nom del centre: Escola Teresa Subirats i Mestre Adre\u00e7a: C\/ Afores, s\/n Codi postal: 43514 Localitat:\u00a0Mas de [&hellip;]<\/p>\n","protected":false},"author":1,"featured_media":0,"parent":12016,"menu_order":29,"comment_status":"closed","ping_status":"closed","template":"page-templates\/side-menu.php","meta":{"_bbp_topic_count":0,"_bbp_reply_count":0,"_bbp_total_topic_count":0,"_bbp_total_reply_count":0,"_bbp_voice_count":0,"_bbp_anonymous_reply_count":0,"_bbp_topic_count_hidden":0,"_bbp_reply_count_hidden":0,"_bbp_forum_subforum_count":0,"site-sidebar-layout":"default","site-content-layout":"","ast-site-content-layout":"","site-content-style":"default","site-sidebar-style":"default","ast-global-header-display":"","ast-banner-title-visibility":"","ast-main-header-display":"","ast-hfb-above-header-display":"","ast-hfb-below-header-display":"","ast-hfb-mobile-header-display":"","site-post-title":"","ast-breadcrumbs-content":"","ast-featured-img":"","footer-sml-layout":"","theme-transparent-header-meta":"","adv-header-id-meta":"","stick-header-meta":"","header-above-stick-meta":"","header-main-stick-meta":"","header-below-stick-meta":"","astra-migrate-meta-layouts":"default","ast-page-background-enabled":"default","ast-page-background-meta":{"desktop":{"background-color":"var(--ast-global-color-4)","background-image":"","background-repeat":"repeat","background-position":"center center","background-size":"auto","background-attachment":"scroll","background-type":"","background-media":"","overlay-type":"","overlay-color":"","overlay-opacity":"","overlay-gradient":""},"tablet":{"background-color":"","background-image":"","background-repeat":"repeat","background-position":"center center","background-size":"auto","background-attachment":"scroll","background-type":"","background-media":"","overlay-type":"","overlay-color":"","overlay-opacity":"","overlay-gradient":""},"mobile":{"background-color":"","background-image":"","background-repeat":"repeat","background-position":"center center","background-size":"auto","background-attachment":"scroll","background-type":"","background-media":"","overlay-type":"","overlay-color":"","overlay-opacity":"","overlay-gradient":""}},"ast-content-background-meta":{"desktop":{"background-color":"var(--ast-global-color-5)","background-image":"","background-repeat":"repeat","background-position":"center center","background-size":"auto","background-attachment":"scroll","background-type":"","background-media":"","overlay-type":"","overlay-color":"","overlay-opacity":"","overlay-gradient":""},"tablet":{"background-color":"var(--ast-global-color-5)","background-image":"","background-repeat":"repeat","background-position":"center center","background-size":"auto","background-attachment":"scroll","background-type":"","background-media":"","overlay-type":"","overlay-color":"","overlay-opacity":"","overlay-gradient":""},"mobile":{"background-color":"var(--ast-global-color-5)","background-image":"","background-repeat":"repeat","background-position":"center center","background-size":"auto","background-attachment":"scroll","background-type":"","background-media":"","overlay-type":"","overlay-color":"","overlay-opacity":"","overlay-gradient":""}},"footnotes":""},"class_list":["post-12146","page","type-page","status-publish","hentry"],"post_mailing_queue_ids":[],"_links":{"self":[{"href":"https:\/\/serveiseducatius.xtec.cat\/montsia\/wp-json\/wp\/v2\/pages\/12146","targetHints":{"allow":["GET"]}}],"collection":[{"href":"https:\/\/serveiseducatius.xtec.cat\/montsia\/wp-json\/wp\/v2\/pages"}],"about":[{"href":"https:\/\/serveiseducatius.xtec.cat\/montsia\/wp-json\/wp\/v2\/types\/page"}],"author":[{"embeddable":true,"href":"https:\/\/serveiseducatius.xtec.cat\/montsia\/wp-json\/wp\/v2\/users\/1"}],"replies":[{"embeddable":true,"href":"https:\/\/serveiseducatius.xtec.cat\/montsia\/wp-json\/wp\/v2\/comments?post=12146"}],"version-history":[{"count":2,"href":"https:\/\/serveiseducatius.xtec.cat\/montsia\/wp-json\/wp\/v2\/pages\/12146\/revisions"}],"predecessor-version":[{"id":12149,"href":"https:\/\/serveiseducatius.xtec.cat\/montsia\/wp-json\/wp\/v2\/pages\/12146\/revisions\/12149"}],"up":[{"embeddable":true,"href":"https:\/\/serveiseducatius.xtec.cat\/montsia\/wp-json\/wp\/v2\/pages\/12016"}],"wp:attachment":[{"href":"https:\/\/serveiseducatius.xtec.cat\/montsia\/wp-json\/wp\/v2\/media?parent=12146"}],"curies":[{"name":"wp","href":"https:\/\/api.w.org\/{rel}","templated":true}]}}